	{"id":28920,"date":"2024-01-31T10:44:11","date_gmt":"2024-01-31T09:44:11","guid":{"rendered":"https:\/\/www.megastitch.eu\/?post_type=product&#038;p=28920"},"modified":"2025-03-07T16:26:25","modified_gmt":"2025-03-07T15:26:25","slug":"oceansky-zivot","status":"publish","type":"product","link":"https:\/\/www.megastitch.eu\/cs\/obchod\/predlohy-na-vysivanie\/male-predlohy\/oceansky-zivot\/","title":{"rendered":"Oce\u00e1nsky \u017eivot"},"content":{"rendered":"<div class=\"nolwrap\"><p>Zabudnite na starosti v\u0161edn\u00fdch dn\u00ed. Nechajte sa zl\u00e1ka\u0165 idylick\u00fdm prostred\u00edm sveta pln\u00e9ho farieb a tvorov, ktor\u00fdch len tak \u013eahko na s\u00fa\u0161i nestretnete.<\/p>\n<p>Ponorte sa do spenen\u00fdch v\u013an oce\u00e1nu a vychutnajte si pokojn\u00fa atmosf\u00e9ru, ktor\u00e1 tam vl\u00e1dne. Kr\u00ed\u017eik po kr\u00ed\u017eiku si vy\u0161ijete svoj vlastn\u00fd k\u00fasok podmorsk\u00e9ho sveta.<\/p>\n<p>Na drevenom podklade alebo na plastovej Aide ct 14 sa z v\u00fd\u0161ivky stane dokonal\u00e1 dekor\u00e1cia.<\/p>\n<p><br style=\"font-weight: 400\" \/>Autorka predlohy: <strong>M\u00e1ria Erbenov\u00e1\u00a0<\/strong><\/p>\n<h4>Inform\u00e1cie o predlohe:<\/h4>\n<p><strong>Po\u010det kr\u00ed\u017eikov: 35 x 57<br \/>\n<\/strong><\/p>\n<p><strong>Rozmer l\u00e1tky: 6.35 x 10.34 cm<\/strong><br \/>\n<strong>L\u00e1tka<\/strong>: 14 ct\u00a0 aida<br \/>\n<strong>Bavlnky: <\/strong>DMC<br \/>\n<strong>Po\u010det farieb: <\/strong>31 a 3 blendy<br \/>\n<strong>Pou\u017eit\u00e9 techniky:<\/strong> kr\u00ed\u017eiky, ob\u0161\u00edvanie<\/p>\n<h4>S\u00fabory na stiahnutie:<\/h4>\n<ul>\n<li><strong>pdf s\u00fabor<\/strong>\n<ul>\n<li>v \u010dierno-bielej verzii &#8211; s ob\u0161\u00edvan\u00edm a bez ob\u0161\u00edvania,<\/li>\n<li>vo farebnej verzii &#8211; s ob\u0161\u00edvan\u00edm a bez ob\u0161\u00edvania<\/li>\n<\/ul>\n<\/li>\n<li><strong>cssaga s\u00fabor<\/strong><\/li>\n<\/ul>\n<\/div>","protected":false},"excerpt":{"rendered":"<h4><span style=\"font-weight: 400\">Predloha na kr\u00ed\u017eikov\u00e9 vy\u0161\u00edvanie v tvare 8 s mot\u00edvom  \u017eivo\u010d\u00edchov z oce\u00e1nu.<\/span><\/h4>\n<p><strong>Po\u010det kr\u00ed\u017eikov: 35 x 57<\/strong><br \/>\n<strong>Rozmer l\u00e1tky: 6.35 x 10.34 cm<\/strong><br \/>\n<strong>L\u00e1tka<\/strong>: 14 ct\u00a0 Aida<br \/>\n<strong>Bavlnky: <\/strong>DMC<br \/>\n<strong>Po\u010det farieb: <\/strong>31 + 3 blendy<br \/>\n<strong>Pou\u017eit\u00e9 techniky:<\/strong> kr\u00ed\u017eiky, ob\u0161\u00edvanie<\/p>\n","protected":false},"featured_media":28932,"comment_status":"open","ping_status":"closed","template":"","meta":{"_uag_custom_page_level_css":"","ngg_post_thumbnail":0},"product_cat":[243,134,131],"product_tag":[289,319,291,248,378,227,208,151],"aioseo_notices":[],"featured_image_urls":{"full":["https:\/\/www.megastitch.eu\/wp-content\/uploads\/2024\/01\/ocean_life_frame_ss.jpg",1163,1428,false],"thumbnail":["https:\/\/www.megastitch.eu\/wp-content\/uploads\/2024\/01\/ocean_life_frame_ss-150x150.jpg",150,150,true],"medium":["https:\/\/www.megastitch.eu\/wp-content\/uploads\/2024\/01\/ocean_life_frame_ss-244x300.jpg",244,300,true],"medium_large":["https:\/\/www.megastitch.eu\/wp-content\/uploads\/2024\/01\/ocean_life_frame_ss-768x943.jpg",768,943,true],"large":["https:\/\/www.megastitch.eu\/wp-content\/uploads\/2024\/01\/ocean_life_frame_ss-834x1024.jpg",834,1024,true],"1536x1536":["https:\/\/www.megastitch.eu\/wp-content\/uploads\/2024\/01\/ocean_life_frame_ss.jpg",1163,1428,false],"2048x2048":["https:\/\/www.megastitch.eu\/wp-content\/uploads\/2024\/01\/ocean_life_frame_ss.jpg",1163,1428,false],"ultp_layout_landscape_large":["https:\/\/www.megastitch.eu\/wp-content\/uploads\/2024\/01\/ocean_life_frame_ss-1163x800.jpg",1163,800,true],"ultp_layout_landscape":["https:\/\/www.megastitch.eu\/wp-content\/uploads\/2024\/01\/ocean_life_frame_ss-870x570.jpg",870,570,true],"ultp_layout_portrait":["https:\/\/www.megastitch.eu\/wp-content\/uploads\/2024\/01\/ocean_life_frame_ss-600x900.jpg",600,900,true],"ultp_layout_square":["https:\/\/www.megastitch.eu\/wp-content\/uploads\/2024\/01\/ocean_life_frame_ss-600x600.jpg",600,600,true],"molla_post-grid":["https:\/\/www.megastitch.eu\/wp-content\/uploads\/2024\/01\/ocean_life_frame_ss-400x267.jpg",400,267,true],"woocommerce_thumbnail":["https:\/\/www.megastitch.eu\/wp-content\/uploads\/2024\/01\/ocean_life_frame_ss-300x368.jpg",300,368,true],"woocommerce_single":["https:\/\/www.megastitch.eu\/wp-content\/uploads\/2024\/01\/ocean_life_frame_ss-600x737.jpg",600,737,true],"woocommerce_gallery_thumbnail":["https:\/\/www.megastitch.eu\/wp-content\/uploads\/2024\/01\/ocean_life_frame_ss-100x100.jpg",100,100,true]},"post_excerpt_stackable":"<h4><span style=\"font-weight: 400\">Predloha na kr\u00ed\u017eikov\u00e9 vy\u0161\u00edvanie v tvare 8 s mot\u00edvom  \u017eivo\u010d\u00edchov z oce\u00e1nu.<\/span><\/h4>\n<p><strong>Po\u010det kr\u00ed\u017eikov: 35 x 57<\/strong><br \/>\n<strong>Rozmer l\u00e1tky: 6.35 x 10.34 cm<\/strong><br \/>\n<strong>L\u00e1tka<\/strong>: 14 ct\u00a0 Aida<br \/>\n<strong>Bavlnky: <\/strong>DMC<br \/>\n<strong>Po\u010det farieb: <\/strong>31 + 3 blendy<br \/>\n<strong>Pou\u017eit\u00e9 techniky:<\/strong> kr\u00ed\u017eiky, ob\u0161\u00edvanie<\/p>\n","category_list":"","author_info":{"name":"","url":""},"comments_num":"0 comments","featured_image_urls_v2":{"full":["https:\/\/www.megastitch.eu\/wp-content\/uploads\/2024\/01\/ocean_life_frame_ss.jpg",1163,1428,false],"thumbnail":["https:\/\/www.megastitch.eu\/wp-content\/uploads\/2024\/01\/ocean_life_frame_ss-150x150.jpg",150,150,true],"medium":["https:\/\/www.megastitch.eu\/wp-content\/uploads\/2024\/01\/ocean_life_frame_ss-244x300.jpg",244,300,true],"medium_large":["https:\/\/www.megastitch.eu\/wp-content\/uploads\/2024\/01\/ocean_life_frame_ss-768x943.jpg",768,943,true],"large":["https:\/\/www.megastitch.eu\/wp-content\/uploads\/2024\/01\/ocean_life_frame_ss-834x1024.jpg",834,1024,true],"1536x1536":["https:\/\/www.megastitch.eu\/wp-content\/uploads\/2024\/01\/ocean_life_frame_ss.jpg",1163,1428,false],"2048x2048":["https:\/\/www.megastitch.eu\/wp-content\/uploads\/2024\/01\/ocean_life_frame_ss.jpg",1163,1428,false],"ultp_layout_landscape_large":["https:\/\/www.megastitch.eu\/wp-content\/uploads\/2024\/01\/ocean_life_frame_ss-1163x800.jpg",1163,800,true],"ultp_layout_landscape":["https:\/\/www.megastitch.eu\/wp-content\/uploads\/2024\/01\/ocean_life_frame_ss-870x570.jpg",870,570,true],"ultp_layout_portrait":["https:\/\/www.megastitch.eu\/wp-content\/uploads\/2024\/01\/ocean_life_frame_ss-600x900.jpg",600,900,true],"ultp_layout_square":["https:\/\/www.megastitch.eu\/wp-content\/uploads\/2024\/01\/ocean_life_frame_ss-600x600.jpg",600,600,true],"molla_post-grid":["https:\/\/www.megastitch.eu\/wp-content\/uploads\/2024\/01\/ocean_life_frame_ss-400x267.jpg",400,267,true],"woocommerce_thumbnail":["https:\/\/www.megastitch.eu\/wp-content\/uploads\/2024\/01\/ocean_life_frame_ss-300x368.jpg",300,368,true],"woocommerce_single":["https:\/\/www.megastitch.eu\/wp-content\/uploads\/2024\/01\/ocean_life_frame_ss-600x737.jpg",600,737,true],"woocommerce_gallery_thumbnail":["https:\/\/www.megastitch.eu\/wp-content\/uploads\/2024\/01\/ocean_life_frame_ss-100x100.jpg",100,100,true]},"post_excerpt_stackable_v2":"<h4><span style=\"font-weight: 400\">Predloha na kr\u00ed\u017eikov\u00e9 vy\u0161\u00edvanie v tvare 8 s mot\u00edvom  \u017eivo\u010d\u00edchov z oce\u00e1nu.<\/span><\/h4>\n<p><strong>Po\u010det kr\u00ed\u017eikov: 35 x 57<\/strong><br \/>\n<strong>Rozmer l\u00e1tky: 6.35 x 10.34 cm<\/strong><br \/>\n<strong>L\u00e1tka<\/strong>: 14 ct\u00a0 Aida<br \/>\n<strong>Bavlnky: <\/strong>DMC<br \/>\n<strong>Po\u010det farieb: <\/strong>31 + 3 blendy<br \/>\n<strong>Pou\u017eit\u00e9 techniky:<\/strong> kr\u00ed\u017eiky, ob\u0161\u00edvanie<\/p>\n","category_list_v2":"","author_info_v2":{"name":"","url":""},"comments_num_v2":"0 comments","uagb_featured_image_src":{"full":["https:\/\/www.megastitch.eu\/wp-content\/uploads\/2024\/01\/ocean_life_frame_ss.jpg",1163,1428,false],"thumbnail":["https:\/\/www.megastitch.eu\/wp-content\/uploads\/2024\/01\/ocean_life_frame_ss-150x150.jpg",150,150,true],"medium":["https:\/\/www.megastitch.eu\/wp-content\/uploads\/2024\/01\/ocean_life_frame_ss-244x300.jpg",244,300,true],"medium_large":["https:\/\/www.megastitch.eu\/wp-content\/uploads\/2024\/01\/ocean_life_frame_ss-768x943.jpg",768,943,true],"large":["https:\/\/www.megastitch.eu\/wp-content\/uploads\/2024\/01\/ocean_life_frame_ss-834x1024.jpg",834,1024,true],"1536x1536":["https:\/\/www.megastitch.eu\/wp-content\/uploads\/2024\/01\/ocean_life_frame_ss.jpg",1163,1428,false],"2048x2048":["https:\/\/www.megastitch.eu\/wp-content\/uploads\/2024\/01\/ocean_life_frame_ss.jpg",1163,1428,false],"ultp_layout_landscape_large":["https:\/\/www.megastitch.eu\/wp-content\/uploads\/2024\/01\/ocean_life_frame_ss-1163x800.jpg",1163,800,true],"ultp_layout_landscape":["https:\/\/www.megastitch.eu\/wp-content\/uploads\/2024\/01\/ocean_life_frame_ss-870x570.jpg",870,570,true],"ultp_layout_portrait":["https:\/\/www.megastitch.eu\/wp-content\/uploads\/2024\/01\/ocean_life_frame_ss-600x900.jpg",600,900,true],"ultp_layout_square":["https:\/\/www.megastitch.eu\/wp-content\/uploads\/2024\/01\/ocean_life_frame_ss-600x600.jpg",600,600,true],"molla_post-grid":["https:\/\/www.megastitch.eu\/wp-content\/uploads\/2024\/01\/ocean_life_frame_ss-400x267.jpg",400,267,true],"woocommerce_thumbnail":["https:\/\/www.megastitch.eu\/wp-content\/uploads\/2024\/01\/ocean_life_frame_ss-300x368.jpg",300,368,true],"woocommerce_single":["https:\/\/www.megastitch.eu\/wp-content\/uploads\/2024\/01\/ocean_life_frame_ss-600x737.jpg",600,737,true],"woocommerce_gallery_thumbnail":["https:\/\/www.megastitch.eu\/wp-content\/uploads\/2024\/01\/ocean_life_frame_ss-100x100.jpg",100,100,true]},"uagb_author_info":{"display_name":"pagacova","author_link":"https:\/\/www.megastitch.eu\/cs\/author\/"},"uagb_comment_info":2,"uagb_excerpt":"Predloha na kr\u00ed\u017eikov\u00e9 vy\u0161\u00edvanie v tvare 8 s mot\u00edvom \u017eivo\u010d\u00edchov z oce\u00e1nu. Po\u010det kr\u00ed\u017eikov: 35 x 57 Rozmer l\u00e1tky: 6.35 x 10.34 cm L\u00e1tka: 14 ct\u00a0 Aida Bavlnky: DMC Po\u010det farieb: 31 + 3 blendy Pou\u017eit\u00e9 techniky: kr\u00ed\u017eiky, ob\u0161\u00edvanie","_links":{"self":[{"href":"https:\/\/www.megastitch.eu\/cs\/wp-json\/wp\/v2\/product\/28920"}],"collection":[{"href":"https:\/\/www.megastitch.eu\/cs\/wp-json\/wp\/v2\/product"}],"about":[{"href":"https:\/\/www.megastitch.eu\/cs\/wp-json\/wp\/v2\/types\/product"}],"replies":[{"embeddable":true,"href":"https:\/\/www.megastitch.eu\/cs\/wp-json\/wp\/v2\/comments?post=28920"}],"wp:featuredmedia":[{"embeddable":true,"href":"https:\/\/www.megastitch.eu\/cs\/wp-json\/wp\/v2\/media\/28932"}],"wp:attachment":[{"href":"https:\/\/www.megastitch.eu\/cs\/wp-json\/wp\/v2\/media?parent=28920"}],"wp:term":[{"taxonomy":"product_cat","embeddable":true,"href":"https:\/\/www.megastitch.eu\/cs\/wp-json\/wp\/v2\/product_cat?post=28920"},{"taxonomy":"product_tag","embeddable":true,"href":"https:\/\/www.megastitch.eu\/cs\/wp-json\/wp\/v2\/product_tag?post=28920"}],"curies":[{"name":"wp","href":"https:\/\/api.w.org\/{rel}","templated":true}]}}