	{"id":29006,"date":"2024-04-02T07:24:15","date_gmt":"2024-04-02T05:24:15","guid":{"rendered":"https:\/\/www.megastitch.eu\/?post_type=product&#038;p=29006"},"modified":"2024-11-29T21:07:52","modified_gmt":"2024-11-29T20:07:52","slug":"4-rocne-obdobia","status":"publish","type":"product","link":"https:\/\/www.megastitch.eu\/cs\/obchod\/predlohy-na-vysivanie\/male-predlohy\/4-rocne-obdobia\/","title":{"rendered":"4 ro\u010dn\u00e9 obdobia"},"content":{"rendered":"<div class=\"nolwrap\"><p>Ro\u010dn\u00e9 obdobia nie s\u00fa len kapitolami v knihe pr\u00edrody. Funguj\u00fa v dokonalej harm\u00f3nii a odha\u013euj\u00fa n\u00e1m kr\u00e1su premeny \u017eivota. Ka\u017ed\u00e9 z obdob\u00ed m\u00e1 svoju kr\u00e1su a zrkadl\u00ed \u017eivot vo v\u0161etkej jeho rozmanitosti.<\/p>\n<p>Jar je obdobie za\u010diatkov, leto sez\u00f3nou plnosti a osl\u00e1v, jese\u0148 je \u010dasom zberu \u00farody a ukon\u010dovania kapitol, zima uzatv\u00e1ra cyklus a n\u00fati n\u00e1s zamyslie\u0165 sa nad \u017eivotom a pl\u00e1novan\u00edm bud\u00facnosti.<\/p>\n<p>Pomocou ihly vyrozpr\u00e1vaj nikdy nekon\u010diaci pr\u00edbeh o \u017eivote, obnove a transform\u00e1cii. Hotov\u00e1 v\u00fd\u0161ivka bude pripom\u00edna\u0165 vz\u00e1cne dary ka\u017ed\u00e9ho obdobia.<\/p>\n<p>Vy\u0161ite si predlohu na plastov\u00fa Aidu ct 14 a dajte v\u00fd\u0161ivke nov\u00fd rozmer.<\/p>\n<p><br style=\"font-weight: 400;\">Autorka predlohy: <strong>M\u00e1ria Erbenov\u00e1&nbsp;<\/strong><\/p>\n<h4>Inform\u00e1cie o predlohe:<\/h4>\n<p><strong>Po\u010det kr\u00ed\u017eikov: 75 x 75<br \/>\n<\/strong><\/p>\n<p><strong>Rozmer l\u00e1tky: 13.61 x 13.61 cm<\/strong><br \/>\n<strong>L\u00e1tka<\/strong>: 14 ct&nbsp; aida<br \/>\n<strong>Bavlnky: <\/strong>DMC<br \/>\n<strong>Po\u010det farieb: <\/strong>39 a 5 blendov<br \/>\n<strong>Pou\u017eit\u00e9 techniky:<\/strong> kr\u00ed\u017eiky, ob\u0161\u00edvanie, franc\u00fazske uzl\u00edky<\/p>\n<h4>S\u00fabory na stiahnutie:<\/h4>\n<ul>\n<li><strong>pdf s\u00fabor<\/strong>\n<ul>\n<li>v \u010dierno-bielej verzii &#8211; s ob\u0161\u00edvan\u00edm a bez ob\u0161\u00edvania,<\/li>\n<li>vo farebnej verzii &#8211; s ob\u0161\u00edvan\u00edm a bez ob\u0161\u00edvania<\/li>\n<\/ul>\n<\/li>\n<li><strong>cssaga s\u00fabor<\/strong><\/li>\n<\/ul>\n<\/div>","protected":false},"excerpt":{"rendered":"<h4><span style=\"font-weight: 400;\">Predloha na kr\u00ed\u017eikov\u00e9 vy\u0161\u00edvanie v tvare puzzle s mot\u00edvom 4 ro\u010dn\u00fdch obdob\u00ed zachyt\u00e1vaj\u00faca pestros\u0165 pr\u00edrody.<\/span><\/h4>\n<p>&nbsp;<\/p>\n<p><strong>Po\u010det kr\u00ed\u017eikov: 75 x 75<\/strong><br \/>\n<strong>Rozmer l\u00e1tky: 13.61 x 13.61 cm<\/strong><br \/>\n<strong>L\u00e1tka<\/strong>: 14 ct&nbsp; Aida<br \/>\n<strong>Bavlnky: <\/strong>DMC<br \/>\n<strong>Po\u010det farieb: <\/strong>39 + 5 blendy<br \/>\n<strong>Pou\u017eit\u00e9 techniky:<\/strong> kr\u00ed\u017eiky, ob\u0161\u00edvanie, franc\u00fazske uzl\u00edky<\/p>\n","protected":false},"featured_media":29007,"comment_status":"open","ping_status":"closed","template":"","meta":{"_uag_custom_page_level_css":"","ngg_post_thumbnail":0},"product_cat":[257,134,131],"product_tag":[319,256,250,291,48,219,254],"aioseo_notices":[],"featured_image_urls":{"full":["https:\/\/www.megastitch.eu\/wp-content\/uploads\/2024\/04\/4_seasons_frame_ss.jpg",1643,1643,false],"thumbnail":["https:\/\/www.megastitch.eu\/wp-content\/uploads\/2024\/04\/4_seasons_frame_ss-150x150.jpg",150,150,true],"medium":["https:\/\/www.megastitch.eu\/wp-content\/uploads\/2024\/04\/4_seasons_frame_ss-300x300.jpg",300,300,true],"medium_large":["https:\/\/www.megastitch.eu\/wp-content\/uploads\/2024\/04\/4_seasons_frame_ss-768x768.jpg",768,768,true],"large":["https:\/\/www.megastitch.eu\/wp-content\/uploads\/2024\/04\/4_seasons_frame_ss-1024x1024.jpg",1024,1024,true],"1536x1536":["https:\/\/www.megastitch.eu\/wp-content\/uploads\/2024\/04\/4_seasons_frame_ss-1536x1536.jpg",1536,1536,true],"2048x2048":["https:\/\/www.megastitch.eu\/wp-content\/uploads\/2024\/04\/4_seasons_frame_ss.jpg",1643,1643,false],"ultp_layout_landscape_large":["https:\/\/www.megastitch.eu\/wp-content\/uploads\/2024\/04\/4_seasons_frame_ss-1200x800.jpg",1200,800,true],"ultp_layout_landscape":["https:\/\/www.megastitch.eu\/wp-content\/uploads\/2024\/04\/4_seasons_frame_ss-870x570.jpg",870,570,true],"ultp_layout_portrait":["https:\/\/www.megastitch.eu\/wp-content\/uploads\/2024\/04\/4_seasons_frame_ss-600x900.jpg",600,900,true],"ultp_layout_square":["https:\/\/www.megastitch.eu\/wp-content\/uploads\/2024\/04\/4_seasons_frame_ss-600x600.jpg",600,600,true],"molla_post-grid":["https:\/\/www.megastitch.eu\/wp-content\/uploads\/2024\/04\/4_seasons_frame_ss-400x267.jpg",400,267,true],"woocommerce_thumbnail":["https:\/\/www.megastitch.eu\/wp-content\/uploads\/2024\/04\/4_seasons_frame_ss-300x300.jpg",300,300,true],"woocommerce_single":["https:\/\/www.megastitch.eu\/wp-content\/uploads\/2024\/04\/4_seasons_frame_ss-600x600.jpg",600,600,true],"woocommerce_gallery_thumbnail":["https:\/\/www.megastitch.eu\/wp-content\/uploads\/2024\/04\/4_seasons_frame_ss-100x100.jpg",100,100,true]},"post_excerpt_stackable":"<h4><span style=\"font-weight: 400;\">Predloha na kr\u00ed\u017eikov\u00e9 vy\u0161\u00edvanie v tvare puzzle s mot\u00edvom 4 ro\u010dn\u00fdch obdob\u00ed zachyt\u00e1vaj\u00faca pestros\u0165 pr\u00edrody.<\/span><\/h4>\n<p>&nbsp;<\/p>\n<p><strong>Po\u010det kr\u00ed\u017eikov: 75 x 75<\/strong><br \/>\n<strong>Rozmer l\u00e1tky: 13.61 x 13.61 cm<\/strong><br \/>\n<strong>L\u00e1tka<\/strong>: 14 ct&nbsp; Aida<br \/>\n<strong>Bavlnky: <\/strong>DMC<br \/>\n<strong>Po\u010det farieb: <\/strong>39 + 5 blendy<br \/>\n<strong>Pou\u017eit\u00e9 techniky:<\/strong> kr\u00ed\u017eiky, ob\u0161\u00edvanie, franc\u00fazske uzl\u00edky<\/p>\n","category_list":"","author_info":{"name":"","url":""},"comments_num":"0 comments","featured_image_urls_v2":{"full":["https:\/\/www.megastitch.eu\/wp-content\/uploads\/2024\/04\/4_seasons_frame_ss.jpg",1643,1643,false],"thumbnail":["https:\/\/www.megastitch.eu\/wp-content\/uploads\/2024\/04\/4_seasons_frame_ss-150x150.jpg",150,150,true],"medium":["https:\/\/www.megastitch.eu\/wp-content\/uploads\/2024\/04\/4_seasons_frame_ss-300x300.jpg",300,300,true],"medium_large":["https:\/\/www.megastitch.eu\/wp-content\/uploads\/2024\/04\/4_seasons_frame_ss-768x768.jpg",768,768,true],"large":["https:\/\/www.megastitch.eu\/wp-content\/uploads\/2024\/04\/4_seasons_frame_ss-1024x1024.jpg",1024,1024,true],"1536x1536":["https:\/\/www.megastitch.eu\/wp-content\/uploads\/2024\/04\/4_seasons_frame_ss-1536x1536.jpg",1536,1536,true],"2048x2048":["https:\/\/www.megastitch.eu\/wp-content\/uploads\/2024\/04\/4_seasons_frame_ss.jpg",1643,1643,false],"ultp_layout_landscape_large":["https:\/\/www.megastitch.eu\/wp-content\/uploads\/2024\/04\/4_seasons_frame_ss-1200x800.jpg",1200,800,true],"ultp_layout_landscape":["https:\/\/www.megastitch.eu\/wp-content\/uploads\/2024\/04\/4_seasons_frame_ss-870x570.jpg",870,570,true],"ultp_layout_portrait":["https:\/\/www.megastitch.eu\/wp-content\/uploads\/2024\/04\/4_seasons_frame_ss-600x900.jpg",600,900,true],"ultp_layout_square":["https:\/\/www.megastitch.eu\/wp-content\/uploads\/2024\/04\/4_seasons_frame_ss-600x600.jpg",600,600,true],"molla_post-grid":["https:\/\/www.megastitch.eu\/wp-content\/uploads\/2024\/04\/4_seasons_frame_ss-400x267.jpg",400,267,true],"woocommerce_thumbnail":["https:\/\/www.megastitch.eu\/wp-content\/uploads\/2024\/04\/4_seasons_frame_ss-300x300.jpg",300,300,true],"woocommerce_single":["https:\/\/www.megastitch.eu\/wp-content\/uploads\/2024\/04\/4_seasons_frame_ss-600x600.jpg",600,600,true],"woocommerce_gallery_thumbnail":["https:\/\/www.megastitch.eu\/wp-content\/uploads\/2024\/04\/4_seasons_frame_ss-100x100.jpg",100,100,true]},"post_excerpt_stackable_v2":"<h4><span style=\"font-weight: 400;\">Predloha na kr\u00ed\u017eikov\u00e9 vy\u0161\u00edvanie v tvare puzzle s mot\u00edvom 4 ro\u010dn\u00fdch obdob\u00ed zachyt\u00e1vaj\u00faca pestros\u0165 pr\u00edrody.<\/span><\/h4>\n<p>&nbsp;<\/p>\n<p><strong>Po\u010det kr\u00ed\u017eikov: 75 x 75<\/strong><br \/>\n<strong>Rozmer l\u00e1tky: 13.61 x 13.61 cm<\/strong><br \/>\n<strong>L\u00e1tka<\/strong>: 14 ct&nbsp; Aida<br \/>\n<strong>Bavlnky: <\/strong>DMC<br \/>\n<strong>Po\u010det farieb: <\/strong>39 + 5 blendy<br \/>\n<strong>Pou\u017eit\u00e9 techniky:<\/strong> kr\u00ed\u017eiky, ob\u0161\u00edvanie, franc\u00fazske uzl\u00edky<\/p>\n","category_list_v2":"","author_info_v2":{"name":"","url":""},"comments_num_v2":"0 comments","uagb_featured_image_src":{"full":["https:\/\/www.megastitch.eu\/wp-content\/uploads\/2024\/04\/4_seasons_frame_ss.jpg",1643,1643,false],"thumbnail":["https:\/\/www.megastitch.eu\/wp-content\/uploads\/2024\/04\/4_seasons_frame_ss-150x150.jpg",150,150,true],"medium":["https:\/\/www.megastitch.eu\/wp-content\/uploads\/2024\/04\/4_seasons_frame_ss-300x300.jpg",300,300,true],"medium_large":["https:\/\/www.megastitch.eu\/wp-content\/uploads\/2024\/04\/4_seasons_frame_ss-768x768.jpg",768,768,true],"large":["https:\/\/www.megastitch.eu\/wp-content\/uploads\/2024\/04\/4_seasons_frame_ss-1024x1024.jpg",1024,1024,true],"1536x1536":["https:\/\/www.megastitch.eu\/wp-content\/uploads\/2024\/04\/4_seasons_frame_ss-1536x1536.jpg",1536,1536,true],"2048x2048":["https:\/\/www.megastitch.eu\/wp-content\/uploads\/2024\/04\/4_seasons_frame_ss.jpg",1643,1643,false],"ultp_layout_landscape_large":["https:\/\/www.megastitch.eu\/wp-content\/uploads\/2024\/04\/4_seasons_frame_ss-1200x800.jpg",1200,800,true],"ultp_layout_landscape":["https:\/\/www.megastitch.eu\/wp-content\/uploads\/2024\/04\/4_seasons_frame_ss-870x570.jpg",870,570,true],"ultp_layout_portrait":["https:\/\/www.megastitch.eu\/wp-content\/uploads\/2024\/04\/4_seasons_frame_ss-600x900.jpg",600,900,true],"ultp_layout_square":["https:\/\/www.megastitch.eu\/wp-content\/uploads\/2024\/04\/4_seasons_frame_ss-600x600.jpg",600,600,true],"molla_post-grid":["https:\/\/www.megastitch.eu\/wp-content\/uploads\/2024\/04\/4_seasons_frame_ss-400x267.jpg",400,267,true],"woocommerce_thumbnail":["https:\/\/www.megastitch.eu\/wp-content\/uploads\/2024\/04\/4_seasons_frame_ss-300x300.jpg",300,300,true],"woocommerce_single":["https:\/\/www.megastitch.eu\/wp-content\/uploads\/2024\/04\/4_seasons_frame_ss-600x600.jpg",600,600,true],"woocommerce_gallery_thumbnail":["https:\/\/www.megastitch.eu\/wp-content\/uploads\/2024\/04\/4_seasons_frame_ss-100x100.jpg",100,100,true]},"uagb_author_info":{"display_name":"pagacova","author_link":"https:\/\/www.megastitch.eu\/cs\/author\/"},"uagb_comment_info":5,"uagb_excerpt":"Predloha na kr\u00ed\u017eikov\u00e9 vy\u0161\u00edvanie v tvare puzzle s mot\u00edvom 4 ro\u010dn\u00fdch obdob\u00ed zachyt\u00e1vaj\u00faca pestros\u0165 pr\u00edrody. &nbsp; Po\u010det kr\u00ed\u017eikov: 75 x 75 Rozmer l\u00e1tky: 13.61 x 13.61 cm L\u00e1tka: 14 ct&nbsp; Aida Bavlnky: DMC Po\u010det farieb: 39 + 5 blendy Pou\u017eit\u00e9 techniky: kr\u00ed\u017eiky, ob\u0161\u00edvanie, franc\u00fazske uzl\u00edky","_links":{"self":[{"href":"https:\/\/www.megastitch.eu\/cs\/wp-json\/wp\/v2\/product\/29006"}],"collection":[{"href":"https:\/\/www.megastitch.eu\/cs\/wp-json\/wp\/v2\/product"}],"about":[{"href":"https:\/\/www.megastitch.eu\/cs\/wp-json\/wp\/v2\/types\/product"}],"replies":[{"embeddable":true,"href":"https:\/\/www.megastitch.eu\/cs\/wp-json\/wp\/v2\/comments?post=29006"}],"wp:featuredmedia":[{"embeddable":true,"href":"https:\/\/www.megastitch.eu\/cs\/wp-json\/wp\/v2\/media\/29007"}],"wp:attachment":[{"href":"https:\/\/www.megastitch.eu\/cs\/wp-json\/wp\/v2\/media?parent=29006"}],"wp:term":[{"taxonomy":"product_cat","embeddable":true,"href":"https:\/\/www.megastitch.eu\/cs\/wp-json\/wp\/v2\/product_cat?post=29006"},{"taxonomy":"product_tag","embeddable":true,"href":"https:\/\/www.megastitch.eu\/cs\/wp-json\/wp\/v2\/product_tag?post=29006"}],"curies":[{"name":"wp","href":"https:\/\/api.w.org\/{rel}","templated":true}]}}