	{"id":29016,"date":"2024-04-07T03:36:10","date_gmt":"2024-04-07T01:36:10","guid":{"rendered":"https:\/\/www.megastitch.eu\/?post_type=product&#038;p=29016"},"modified":"2024-07-02T17:13:14","modified_gmt":"2024-07-02T15:13:14","slug":"morsky-poklad","status":"publish","type":"product","link":"https:\/\/www.megastitch.eu\/cs\/obchod\/predlohy-na-vysivanie\/male-predlohy\/morsky-poklad\/","title":{"rendered":"Morsk\u00fd poklad"},"content":{"rendered":"<div class=\"nolwrap\"><p>Dok\u00e1\u017eete si predstavi\u0165 ak\u00e9 tajomstv\u00e1 skr\u00fdva morsk\u00e9 dno? Ak v\u00e1s l\u00e1kaj\u00fa, pridajte sa k na\u0161ej vy\u0161\u00edva\u010dskej v\u00fdprave. Tentokr\u00e1t to bude honba za pokladom. Mapou k nemu je predloha na kr\u00ed\u017eikov\u00e9 vy\u0161\u00edvanie, ihla bude kompasom a mulinky vytvoria kr\u00ed\u017eikov\u00fa cestu.<\/p>\n<p>Ke\u010f dovy\u0161\u00edvate, pokladom pre v\u00e1s bude hrav\u00fd \u010dajov\u00fd set. Vy\u0161ite si ho na plastov\u00fa aidu a vystrihnite. V\u00fd\u0161ivka sa razom premen\u00ed na dekor\u00e1ciu do detskej izby, alebo na \u010dajov\u00fd set pre diev\u010datk\u00e1.<\/p>\n<p><br style=\"font-weight: 400\" \/>Autorka predlohy: <strong>M\u00e1ria Erbenov\u00e1\u00a0<\/strong><\/p>\n<h4>Inform\u00e1cie o predlohe:<\/h4>\n<p><strong>Po\u010det kr\u00ed\u017eikov: 78 x 96<\/strong><br \/>\n<strong>Rozmer l\u00e1tky: 14.15 x 17.42 cm<\/strong><br \/>\n<strong>L\u00e1tka<\/strong>: 14 ct\u00a0 aida<br \/>\n<strong>Bavlnky: <\/strong>DMC<br \/>\n<strong>Po\u010det farieb: <\/strong> 40 a 4 blendy<br \/>\n<strong>Pou\u017eit\u00e9 techniky:<\/strong> kr\u00ed\u017eiky, ob\u0161\u00edvanie, franc\u00fazske uzl\u00edky<\/p>\n<h4>S\u00fabory na stiahnutie:<\/h4>\n<ul>\n<li><strong>pdf s\u00fabor<\/strong>\n<ul>\n<li>v \u010dierno-bielej verzii &#8211; s ob\u0161\u00edvan\u00edm a bez ob\u0161\u00edvania,<\/li>\n<li>vo farebnej verzii &#8211; s ob\u0161\u00edvan\u00edm a bez ob\u0161\u00edvania<\/li>\n<\/ul>\n<\/li>\n<li><strong>cssaga s\u00fabor<\/strong><\/li>\n<\/ul>\n<\/div>","protected":false},"excerpt":{"rendered":"<h4><span style=\"font-weight: 400\">Predloha na kr\u00ed\u017eikov\u00e9 vy\u0161\u00edvanie v tvare \u010dajov\u00e9ho setu s mot\u00edvom pokladu na dne mora a morsk\u00fdmi \u017eivo\u010d\u00edchmi.<\/span><\/h4>\n<p>&nbsp;<\/p>\n<p><strong>Po\u010det kr\u00ed\u017eikov: 78 x 96<\/strong><br \/>\n<strong>Rozmer l\u00e1tky: 14.15 x 17.42 cm<\/strong><br \/>\n<strong>L\u00e1tka<\/strong>: 14 ct\u00a0 Aida<br \/>\n<strong>Bavlnky: <\/strong>DMC<br \/>\n<strong>Po\u010det farieb: <\/strong>40 + 4 blendy<br \/>\n<strong>Pou\u017eit\u00e9 techniky:<\/strong> kr\u00ed\u017eiky, ob\u0161\u00edvanie, franc\u00fazske uzl\u00edky<\/p>\n","protected":false},"featured_media":29022,"comment_status":"open","ping_status":"closed","template":"","meta":{"_uag_custom_page_level_css":"","ngg_post_thumbnail":0},"product_cat":[243,134,131],"product_tag":[289,319,336,291,248,151],"aioseo_notices":[],"featured_image_urls":{"full":["https:\/\/www.megastitch.eu\/wp-content\/uploads\/2024\/04\/sea_treasures_frame.jpg",999,1122,false],"thumbnail":["https:\/\/www.megastitch.eu\/wp-content\/uploads\/2024\/04\/sea_treasures_frame-150x150.jpg",150,150,true],"medium":["https:\/\/www.megastitch.eu\/wp-content\/uploads\/2024\/04\/sea_treasures_frame-267x300.jpg",267,300,true],"medium_large":["https:\/\/www.megastitch.eu\/wp-content\/uploads\/2024\/04\/sea_treasures_frame-768x863.jpg",768,863,true],"large":["https:\/\/www.megastitch.eu\/wp-content\/uploads\/2024\/04\/sea_treasures_frame-912x1024.jpg",912,1024,true],"1536x1536":["https:\/\/www.megastitch.eu\/wp-content\/uploads\/2024\/04\/sea_treasures_frame.jpg",999,1122,false],"2048x2048":["https:\/\/www.megastitch.eu\/wp-content\/uploads\/2024\/04\/sea_treasures_frame.jpg",999,1122,false],"ultp_layout_landscape_large":["https:\/\/www.megastitch.eu\/wp-content\/uploads\/2024\/04\/sea_treasures_frame-999x800.jpg",999,800,true],"ultp_layout_landscape":["https:\/\/www.megastitch.eu\/wp-content\/uploads\/2024\/04\/sea_treasures_frame-870x570.jpg",870,570,true],"ultp_layout_portrait":["https:\/\/www.megastitch.eu\/wp-content\/uploads\/2024\/04\/sea_treasures_frame-600x900.jpg",600,900,true],"ultp_layout_square":["https:\/\/www.megastitch.eu\/wp-content\/uploads\/2024\/04\/sea_treasures_frame-600x600.jpg",600,600,true],"molla_post-grid":["https:\/\/www.megastitch.eu\/wp-content\/uploads\/2024\/04\/sea_treasures_frame-400x267.jpg",400,267,true],"woocommerce_thumbnail":["https:\/\/www.megastitch.eu\/wp-content\/uploads\/2024\/04\/sea_treasures_frame-300x337.jpg",300,337,true],"woocommerce_single":["https:\/\/www.megastitch.eu\/wp-content\/uploads\/2024\/04\/sea_treasures_frame-600x674.jpg",600,674,true],"woocommerce_gallery_thumbnail":["https:\/\/www.megastitch.eu\/wp-content\/uploads\/2024\/04\/sea_treasures_frame-100x100.jpg",100,100,true]},"post_excerpt_stackable":"<h4><span style=\"font-weight: 400\">Predloha na kr\u00ed\u017eikov\u00e9 vy\u0161\u00edvanie v tvare \u010dajov\u00e9ho setu s mot\u00edvom pokladu na dne mora a morsk\u00fdmi \u017eivo\u010d\u00edchmi.<\/span><\/h4>\n<p>&nbsp;<\/p>\n<p><strong>Po\u010det kr\u00ed\u017eikov: 78 x 96<\/strong><br \/>\n<strong>Rozmer l\u00e1tky: 14.15 x 17.42 cm<\/strong><br \/>\n<strong>L\u00e1tka<\/strong>: 14 ct\u00a0 Aida<br \/>\n<strong>Bavlnky: <\/strong>DMC<br \/>\n<strong>Po\u010det farieb: <\/strong>40 + 4 blendy<br \/>\n<strong>Pou\u017eit\u00e9 techniky:<\/strong> kr\u00ed\u017eiky, ob\u0161\u00edvanie, franc\u00fazske uzl\u00edky<\/p>\n","category_list":"","author_info":{"name":"","url":""},"comments_num":"0 comments","featured_image_urls_v2":{"full":["https:\/\/www.megastitch.eu\/wp-content\/uploads\/2024\/04\/sea_treasures_frame.jpg",999,1122,false],"thumbnail":["https:\/\/www.megastitch.eu\/wp-content\/uploads\/2024\/04\/sea_treasures_frame-150x150.jpg",150,150,true],"medium":["https:\/\/www.megastitch.eu\/wp-content\/uploads\/2024\/04\/sea_treasures_frame-267x300.jpg",267,300,true],"medium_large":["https:\/\/www.megastitch.eu\/wp-content\/uploads\/2024\/04\/sea_treasures_frame-768x863.jpg",768,863,true],"large":["https:\/\/www.megastitch.eu\/wp-content\/uploads\/2024\/04\/sea_treasures_frame-912x1024.jpg",912,1024,true],"1536x1536":["https:\/\/www.megastitch.eu\/wp-content\/uploads\/2024\/04\/sea_treasures_frame.jpg",999,1122,false],"2048x2048":["https:\/\/www.megastitch.eu\/wp-content\/uploads\/2024\/04\/sea_treasures_frame.jpg",999,1122,false],"ultp_layout_landscape_large":["https:\/\/www.megastitch.eu\/wp-content\/uploads\/2024\/04\/sea_treasures_frame-999x800.jpg",999,800,true],"ultp_layout_landscape":["https:\/\/www.megastitch.eu\/wp-content\/uploads\/2024\/04\/sea_treasures_frame-870x570.jpg",870,570,true],"ultp_layout_portrait":["https:\/\/www.megastitch.eu\/wp-content\/uploads\/2024\/04\/sea_treasures_frame-600x900.jpg",600,900,true],"ultp_layout_square":["https:\/\/www.megastitch.eu\/wp-content\/uploads\/2024\/04\/sea_treasures_frame-600x600.jpg",600,600,true],"molla_post-grid":["https:\/\/www.megastitch.eu\/wp-content\/uploads\/2024\/04\/sea_treasures_frame-400x267.jpg",400,267,true],"woocommerce_thumbnail":["https:\/\/www.megastitch.eu\/wp-content\/uploads\/2024\/04\/sea_treasures_frame-300x337.jpg",300,337,true],"woocommerce_single":["https:\/\/www.megastitch.eu\/wp-content\/uploads\/2024\/04\/sea_treasures_frame-600x674.jpg",600,674,true],"woocommerce_gallery_thumbnail":["https:\/\/www.megastitch.eu\/wp-content\/uploads\/2024\/04\/sea_treasures_frame-100x100.jpg",100,100,true]},"post_excerpt_stackable_v2":"<h4><span style=\"font-weight: 400\">Predloha na kr\u00ed\u017eikov\u00e9 vy\u0161\u00edvanie v tvare \u010dajov\u00e9ho setu s mot\u00edvom pokladu na dne mora a morsk\u00fdmi \u017eivo\u010d\u00edchmi.<\/span><\/h4>\n<p>&nbsp;<\/p>\n<p><strong>Po\u010det kr\u00ed\u017eikov: 78 x 96<\/strong><br \/>\n<strong>Rozmer l\u00e1tky: 14.15 x 17.42 cm<\/strong><br \/>\n<strong>L\u00e1tka<\/strong>: 14 ct\u00a0 Aida<br \/>\n<strong>Bavlnky: <\/strong>DMC<br \/>\n<strong>Po\u010det farieb: <\/strong>40 + 4 blendy<br \/>\n<strong>Pou\u017eit\u00e9 techniky:<\/strong> kr\u00ed\u017eiky, ob\u0161\u00edvanie, franc\u00fazske uzl\u00edky<\/p>\n","category_list_v2":"","author_info_v2":{"name":"","url":""},"comments_num_v2":"0 comments","uagb_featured_image_src":{"full":["https:\/\/www.megastitch.eu\/wp-content\/uploads\/2024\/04\/sea_treasures_frame.jpg",999,1122,false],"thumbnail":["https:\/\/www.megastitch.eu\/wp-content\/uploads\/2024\/04\/sea_treasures_frame-150x150.jpg",150,150,true],"medium":["https:\/\/www.megastitch.eu\/wp-content\/uploads\/2024\/04\/sea_treasures_frame-267x300.jpg",267,300,true],"medium_large":["https:\/\/www.megastitch.eu\/wp-content\/uploads\/2024\/04\/sea_treasures_frame-768x863.jpg",768,863,true],"large":["https:\/\/www.megastitch.eu\/wp-content\/uploads\/2024\/04\/sea_treasures_frame-912x1024.jpg",912,1024,true],"1536x1536":["https:\/\/www.megastitch.eu\/wp-content\/uploads\/2024\/04\/sea_treasures_frame.jpg",999,1122,false],"2048x2048":["https:\/\/www.megastitch.eu\/wp-content\/uploads\/2024\/04\/sea_treasures_frame.jpg",999,1122,false],"ultp_layout_landscape_large":["https:\/\/www.megastitch.eu\/wp-content\/uploads\/2024\/04\/sea_treasures_frame-999x800.jpg",999,800,true],"ultp_layout_landscape":["https:\/\/www.megastitch.eu\/wp-content\/uploads\/2024\/04\/sea_treasures_frame-870x570.jpg",870,570,true],"ultp_layout_portrait":["https:\/\/www.megastitch.eu\/wp-content\/uploads\/2024\/04\/sea_treasures_frame-600x900.jpg",600,900,true],"ultp_layout_square":["https:\/\/www.megastitch.eu\/wp-content\/uploads\/2024\/04\/sea_treasures_frame-600x600.jpg",600,600,true],"molla_post-grid":["https:\/\/www.megastitch.eu\/wp-content\/uploads\/2024\/04\/sea_treasures_frame-400x267.jpg",400,267,true],"woocommerce_thumbnail":["https:\/\/www.megastitch.eu\/wp-content\/uploads\/2024\/04\/sea_treasures_frame-300x337.jpg",300,337,true],"woocommerce_single":["https:\/\/www.megastitch.eu\/wp-content\/uploads\/2024\/04\/sea_treasures_frame-600x674.jpg",600,674,true],"woocommerce_gallery_thumbnail":["https:\/\/www.megastitch.eu\/wp-content\/uploads\/2024\/04\/sea_treasures_frame-100x100.jpg",100,100,true]},"uagb_author_info":{"display_name":"pagacova","author_link":"https:\/\/www.megastitch.eu\/cs\/author\/"},"uagb_comment_info":3,"uagb_excerpt":"Predloha na kr\u00ed\u017eikov\u00e9 vy\u0161\u00edvanie v tvare \u010dajov\u00e9ho setu s mot\u00edvom pokladu na dne mora a morsk\u00fdmi \u017eivo\u010d\u00edchmi. &nbsp; Po\u010det kr\u00ed\u017eikov: 78 x 96 Rozmer l\u00e1tky: 14.15 x 17.42 cm L\u00e1tka: 14 ct\u00a0 Aida Bavlnky: DMC Po\u010det farieb: 40 + 4 blendy Pou\u017eit\u00e9 techniky: kr\u00ed\u017eiky, ob\u0161\u00edvanie, franc\u00fazske uzl\u00edky","_links":{"self":[{"href":"https:\/\/www.megastitch.eu\/cs\/wp-json\/wp\/v2\/product\/29016"}],"collection":[{"href":"https:\/\/www.megastitch.eu\/cs\/wp-json\/wp\/v2\/product"}],"about":[{"href":"https:\/\/www.megastitch.eu\/cs\/wp-json\/wp\/v2\/types\/product"}],"replies":[{"embeddable":true,"href":"https:\/\/www.megastitch.eu\/cs\/wp-json\/wp\/v2\/comments?post=29016"}],"wp:featuredmedia":[{"embeddable":true,"href":"https:\/\/www.megastitch.eu\/cs\/wp-json\/wp\/v2\/media\/29022"}],"wp:attachment":[{"href":"https:\/\/www.megastitch.eu\/cs\/wp-json\/wp\/v2\/media?parent=29016"}],"wp:term":[{"taxonomy":"product_cat","embeddable":true,"href":"https:\/\/www.megastitch.eu\/cs\/wp-json\/wp\/v2\/product_cat?post=29016"},{"taxonomy":"product_tag","embeddable":true,"href":"https:\/\/www.megastitch.eu\/cs\/wp-json\/wp\/v2\/product_tag?post=29016"}],"curies":[{"name":"wp","href":"https:\/\/api.w.org\/{rel}","templated":true}]}}