	{"id":29036,"date":"2024-05-25T16:22:39","date_gmt":"2024-05-25T14:22:39","guid":{"rendered":"https:\/\/www.megastitch.eu\/?post_type=product&#038;p=29036"},"modified":"2025-11-09T08:54:27","modified_gmt":"2025-11-09T07:54:27","slug":"podlozka-na-vysivanie-vzor-puzzle","status":"publish","type":"product","link":"https:\/\/www.megastitch.eu\/cs\/obchod\/podklady-na-vysivanie\/drevene-podklady-na-vysivanie\/podlozka-na-vysivanie-vzor-puzzle\/","title":{"rendered":"Podlo\u017eka na vy\u0161\u00edvanie, vzor Puzzle"},"content":{"rendered":"<div class=\"nolwrap\"><p>Dreven\u00e1 podlo\u017eka na vy\u0161\u00edvanie, vzor Puzzle<\/p>\n<p><strong>Materi\u00e1l:<\/strong> preglejka 3 mm.<br \/>\nZadn\u00e1 strana pre materi\u00e1l: pls\u0165.<\/p>\n<p><strong>Rozmery: <\/strong>13.2 x 13.2 cm<\/p>\n<p><strong>Po\u010det kr\u00ed\u017eikov: <\/strong>75&#215;75<\/p>\n<\/div>","protected":false},"excerpt":{"rendered":"<p><span style=\"font-weight: 400\">Dreven\u00fd podklad dod\u00e1 va\u0161ej v\u00fd\u0161ivke neodolate\u013en\u00fd \u0161arm a re\u00e1lny vzh\u013ead. Vy\u0161ite ob\u013e\u00faben\u00e9 predlohy puzzle 4 ro\u010dn\u00fdch obdob\u00ed na dreven\u00fd podklad a obdarujte t\u00fdmto netradi\u010dn\u00fdm, ru\u010dne vyroben\u00fdm dar\u010dekom niekoho zo svojich bl\u00edzkych.<\/span><\/p>\n<p><strong>Po\u010det kr\u00ed\u017eikov: 75&#215;75<br \/>\n<\/strong><\/p>\n<p><strong>Materi\u00e1l:<\/strong> preglejka 3 mm.<br \/>\n<strong>Rozmery: <\/strong>13.2 x 13.2 cm<\/p>\n<p>Zadn\u00e1 strana pre materi\u00e1l: pls\u0165 v zelenej a bordovej farbe.<\/p>\n<p>&nbsp;<\/p>\n","protected":false},"featured_media":29009,"comment_status":"open","ping_status":"closed","template":"","meta":{"_uag_custom_page_level_css":"","ngg_post_thumbnail":0},"product_cat":[230],"product_tag":[236,276,46],"aioseo_notices":[],"featured_image_urls":{"full":["https:\/\/www.megastitch.eu\/wp-content\/uploads\/2024\/04\/4_seasons_wood_ss.jpg",810,1080,false],"thumbnail":["https:\/\/www.megastitch.eu\/wp-content\/uploads\/2024\/04\/4_seasons_wood_ss-150x150.jpg",150,150,true],"medium":["https:\/\/www.megastitch.eu\/wp-content\/uploads\/2024\/04\/4_seasons_wood_ss-225x300.jpg",225,300,true],"medium_large":["https:\/\/www.megastitch.eu\/wp-content\/uploads\/2024\/04\/4_seasons_wood_ss-768x1024.jpg",768,1024,true],"large":["https:\/\/www.megastitch.eu\/wp-content\/uploads\/2024\/04\/4_seasons_wood_ss-768x1024.jpg",768,1024,true],"1536x1536":["https:\/\/www.megastitch.eu\/wp-content\/uploads\/2024\/04\/4_seasons_wood_ss.jpg",810,1080,false],"2048x2048":["https:\/\/www.megastitch.eu\/wp-content\/uploads\/2024\/04\/4_seasons_wood_ss.jpg",810,1080,false],"ultp_layout_landscape_large":["https:\/\/www.megastitch.eu\/wp-content\/uploads\/2024\/04\/4_seasons_wood_ss-810x800.jpg",810,800,true],"ultp_layout_landscape":["https:\/\/www.megastitch.eu\/wp-content\/uploads\/2024\/04\/4_seasons_wood_ss-810x570.jpg",810,570,true],"ultp_layout_portrait":["https:\/\/www.megastitch.eu\/wp-content\/uploads\/2024\/04\/4_seasons_wood_ss-600x900.jpg",600,900,true],"ultp_layout_square":["https:\/\/www.megastitch.eu\/wp-content\/uploads\/2024\/04\/4_seasons_wood_ss-600x600.jpg",600,600,true],"molla_post-grid":["https:\/\/www.megastitch.eu\/wp-content\/uploads\/2024\/04\/4_seasons_wood_ss-400x267.jpg",400,267,true],"woocommerce_thumbnail":["https:\/\/www.megastitch.eu\/wp-content\/uploads\/2024\/04\/4_seasons_wood_ss-300x400.jpg",300,400,true],"woocommerce_single":["https:\/\/www.megastitch.eu\/wp-content\/uploads\/2024\/04\/4_seasons_wood_ss-600x800.jpg",600,800,true],"woocommerce_gallery_thumbnail":["https:\/\/www.megastitch.eu\/wp-content\/uploads\/2024\/04\/4_seasons_wood_ss-100x100.jpg",100,100,true]},"post_excerpt_stackable":"<p><span style=\"font-weight: 400\">Dreven\u00fd podklad dod\u00e1 va\u0161ej v\u00fd\u0161ivke neodolate\u013en\u00fd \u0161arm a re\u00e1lny vzh\u013ead. Vy\u0161ite ob\u013e\u00faben\u00e9 predlohy puzzle 4 ro\u010dn\u00fdch obdob\u00ed na dreven\u00fd podklad a obdarujte t\u00fdmto netradi\u010dn\u00fdm, ru\u010dne vyroben\u00fdm dar\u010dekom niekoho zo svojich bl\u00edzkych.<\/span><\/p>\n<p><strong>Po\u010det kr\u00ed\u017eikov: 75&#215;75<br \/>\n<\/strong><\/p>\n<p><strong>Materi\u00e1l:<\/strong> preglejka 3 mm.<br \/>\n<strong>Rozmery: <\/strong>13.2 x 13.2 cm<\/p>\n<p>Zadn\u00e1 strana pre materi\u00e1l: pls\u0165 v zelenej a bordovej farbe.<\/p>\n<p>&nbsp;<\/p>\n","category_list":"","author_info":{"name":"","url":""},"comments_num":"0 comments","featured_image_urls_v2":{"full":["https:\/\/www.megastitch.eu\/wp-content\/uploads\/2024\/04\/4_seasons_wood_ss.jpg",810,1080,false],"thumbnail":["https:\/\/www.megastitch.eu\/wp-content\/uploads\/2024\/04\/4_seasons_wood_ss-150x150.jpg",150,150,true],"medium":["https:\/\/www.megastitch.eu\/wp-content\/uploads\/2024\/04\/4_seasons_wood_ss-225x300.jpg",225,300,true],"medium_large":["https:\/\/www.megastitch.eu\/wp-content\/uploads\/2024\/04\/4_seasons_wood_ss-768x1024.jpg",768,1024,true],"large":["https:\/\/www.megastitch.eu\/wp-content\/uploads\/2024\/04\/4_seasons_wood_ss-768x1024.jpg",768,1024,true],"1536x1536":["https:\/\/www.megastitch.eu\/wp-content\/uploads\/2024\/04\/4_seasons_wood_ss.jpg",810,1080,false],"2048x2048":["https:\/\/www.megastitch.eu\/wp-content\/uploads\/2024\/04\/4_seasons_wood_ss.jpg",810,1080,false],"ultp_layout_landscape_large":["https:\/\/www.megastitch.eu\/wp-content\/uploads\/2024\/04\/4_seasons_wood_ss-810x800.jpg",810,800,true],"ultp_layout_landscape":["https:\/\/www.megastitch.eu\/wp-content\/uploads\/2024\/04\/4_seasons_wood_ss-810x570.jpg",810,570,true],"ultp_layout_portrait":["https:\/\/www.megastitch.eu\/wp-content\/uploads\/2024\/04\/4_seasons_wood_ss-600x900.jpg",600,900,true],"ultp_layout_square":["https:\/\/www.megastitch.eu\/wp-content\/uploads\/2024\/04\/4_seasons_wood_ss-600x600.jpg",600,600,true],"molla_post-grid":["https:\/\/www.megastitch.eu\/wp-content\/uploads\/2024\/04\/4_seasons_wood_ss-400x267.jpg",400,267,true],"woocommerce_thumbnail":["https:\/\/www.megastitch.eu\/wp-content\/uploads\/2024\/04\/4_seasons_wood_ss-300x400.jpg",300,400,true],"woocommerce_single":["https:\/\/www.megastitch.eu\/wp-content\/uploads\/2024\/04\/4_seasons_wood_ss-600x800.jpg",600,800,true],"woocommerce_gallery_thumbnail":["https:\/\/www.megastitch.eu\/wp-content\/uploads\/2024\/04\/4_seasons_wood_ss-100x100.jpg",100,100,true]},"post_excerpt_stackable_v2":"<p><span style=\"font-weight: 400\">Dreven\u00fd podklad dod\u00e1 va\u0161ej v\u00fd\u0161ivke neodolate\u013en\u00fd \u0161arm a re\u00e1lny vzh\u013ead. Vy\u0161ite ob\u013e\u00faben\u00e9 predlohy puzzle 4 ro\u010dn\u00fdch obdob\u00ed na dreven\u00fd podklad a obdarujte t\u00fdmto netradi\u010dn\u00fdm, ru\u010dne vyroben\u00fdm dar\u010dekom niekoho zo svojich bl\u00edzkych.<\/span><\/p>\n<p><strong>Po\u010det kr\u00ed\u017eikov: 75&#215;75<br \/>\n<\/strong><\/p>\n<p><strong>Materi\u00e1l:<\/strong> preglejka 3 mm.<br \/>\n<strong>Rozmery: <\/strong>13.2 x 13.2 cm<\/p>\n<p>Zadn\u00e1 strana pre materi\u00e1l: pls\u0165 v zelenej a bordovej farbe.<\/p>\n<p>&nbsp;<\/p>\n","category_list_v2":"","author_info_v2":{"name":"","url":""},"comments_num_v2":"0 comments","uagb_featured_image_src":{"full":["https:\/\/www.megastitch.eu\/wp-content\/uploads\/2024\/04\/4_seasons_wood_ss.jpg",810,1080,false],"thumbnail":["https:\/\/www.megastitch.eu\/wp-content\/uploads\/2024\/04\/4_seasons_wood_ss-150x150.jpg",150,150,true],"medium":["https:\/\/www.megastitch.eu\/wp-content\/uploads\/2024\/04\/4_seasons_wood_ss-225x300.jpg",225,300,true],"medium_large":["https:\/\/www.megastitch.eu\/wp-content\/uploads\/2024\/04\/4_seasons_wood_ss-768x1024.jpg",768,1024,true],"large":["https:\/\/www.megastitch.eu\/wp-content\/uploads\/2024\/04\/4_seasons_wood_ss-768x1024.jpg",768,1024,true],"1536x1536":["https:\/\/www.megastitch.eu\/wp-content\/uploads\/2024\/04\/4_seasons_wood_ss.jpg",810,1080,false],"2048x2048":["https:\/\/www.megastitch.eu\/wp-content\/uploads\/2024\/04\/4_seasons_wood_ss.jpg",810,1080,false],"ultp_layout_landscape_large":["https:\/\/www.megastitch.eu\/wp-content\/uploads\/2024\/04\/4_seasons_wood_ss-810x800.jpg",810,800,true],"ultp_layout_landscape":["https:\/\/www.megastitch.eu\/wp-content\/uploads\/2024\/04\/4_seasons_wood_ss-810x570.jpg",810,570,true],"ultp_layout_portrait":["https:\/\/www.megastitch.eu\/wp-content\/uploads\/2024\/04\/4_seasons_wood_ss-600x900.jpg",600,900,true],"ultp_layout_square":["https:\/\/www.megastitch.eu\/wp-content\/uploads\/2024\/04\/4_seasons_wood_ss-600x600.jpg",600,600,true],"molla_post-grid":["https:\/\/www.megastitch.eu\/wp-content\/uploads\/2024\/04\/4_seasons_wood_ss-400x267.jpg",400,267,true],"woocommerce_thumbnail":["https:\/\/www.megastitch.eu\/wp-content\/uploads\/2024\/04\/4_seasons_wood_ss-300x400.jpg",300,400,true],"woocommerce_single":["https:\/\/www.megastitch.eu\/wp-content\/uploads\/2024\/04\/4_seasons_wood_ss-600x800.jpg",600,800,true],"woocommerce_gallery_thumbnail":["https:\/\/www.megastitch.eu\/wp-content\/uploads\/2024\/04\/4_seasons_wood_ss-100x100.jpg",100,100,true]},"uagb_author_info":{"display_name":"erbenova","author_link":"https:\/\/www.megastitch.eu\/cs\/author\/"},"uagb_comment_info":5,"uagb_excerpt":"Dreven\u00fd podklad dod\u00e1 va\u0161ej v\u00fd\u0161ivke neodolate\u013en\u00fd \u0161arm a re\u00e1lny vzh\u013ead. Vy\u0161ite ob\u013e\u00faben\u00e9 predlohy puzzle 4 ro\u010dn\u00fdch obdob\u00ed na dreven\u00fd podklad a obdarujte t\u00fdmto netradi\u010dn\u00fdm, ru\u010dne vyroben\u00fdm dar\u010dekom niekoho zo svojich bl\u00edzkych. Po\u010det kr\u00ed\u017eikov: 75x75 Materi\u00e1l: preglejka 3 mm. Rozmery: 13.2 x 13.2 cm Zadn\u00e1 strana pre materi\u00e1l: pls\u0165 v zelenej a bordovej farbe. &nbsp;","_links":{"self":[{"href":"https:\/\/www.megastitch.eu\/cs\/wp-json\/wp\/v2\/product\/29036"}],"collection":[{"href":"https:\/\/www.megastitch.eu\/cs\/wp-json\/wp\/v2\/product"}],"about":[{"href":"https:\/\/www.megastitch.eu\/cs\/wp-json\/wp\/v2\/types\/product"}],"replies":[{"embeddable":true,"href":"https:\/\/www.megastitch.eu\/cs\/wp-json\/wp\/v2\/comments?post=29036"}],"wp:featuredmedia":[{"embeddable":true,"href":"https:\/\/www.megastitch.eu\/cs\/wp-json\/wp\/v2\/media\/29009"}],"wp:attachment":[{"href":"https:\/\/www.megastitch.eu\/cs\/wp-json\/wp\/v2\/media?parent=29036"}],"wp:term":[{"taxonomy":"product_cat","embeddable":true,"href":"https:\/\/www.megastitch.eu\/cs\/wp-json\/wp\/v2\/product_cat?post=29036"},{"taxonomy":"product_tag","embeddable":true,"href":"https:\/\/www.megastitch.eu\/cs\/wp-json\/wp\/v2\/product_tag?post=29036"}],"curies":[{"name":"wp","href":"https:\/\/api.w.org\/{rel}","templated":true}]}}