	{"id":29083,"date":"2024-06-03T23:16:01","date_gmt":"2024-06-03T21:16:01","guid":{"rendered":"https:\/\/www.megastitch.eu\/?post_type=product&#038;p=29083"},"modified":"2024-06-11T00:00:03","modified_gmt":"2024-06-10T22:00:03","slug":"dom-v-pupavach","status":"publish","type":"product","link":"https:\/\/www.megastitch.eu\/cs\/obchod\/predlohy-na-vysivanie\/stredne-predlohy\/dom-v-pupavach\/","title":{"rendered":"Dom v p\u00fapav\u00e1ch"},"content":{"rendered":"<div class=\"nolwrap\"><p>Objavte pr\u00edbeh rozko\u0161n\u00e9ho my\u0161ieho dom\u010deka a jeho malej obyvate\u013eky. H\u013eadajte pozorne! Dom je skryt\u00fd v z\u00e1plave rozkvitnut\u00fdch p\u00fapav.<\/p>\n<p>My\u0161ka u\u017e m\u00e1 na dnes hotovo. Vychutn\u00e1va si v\u00f4\u0148u rozkvitnut\u00fdch kvetov a osvie\u017eenie v podobe lahodn\u00e9ho \u010daju. Jej jemn\u00fd \u00fasmev prezr\u00e1dza spokojnos\u0165 po dobre odvedenej pr\u00e1ci. Na \u010dajovej p\u00e1rty ste v\u00edtan\u00ed aj vy. Sta\u010d\u00ed ihla, chu\u0165 vy\u0161\u00edva\u0165 a dobr\u00e1 n\u00e1lada.<\/p>\n<p>Kto odol\u00e1 takejto pohode?<\/p>\n<p>Zlomkov\u00e9 drobn\u00e9 ob\u0161\u00edvanie je len na my\u0161ke a \u010dajn\u00edku.<\/p>\n<p>Autor ilustr\u00e1cie: <a title=\"Nadezhda Shinkar\" href=\"https:\/\/www.instagram.com\/sheincar\/\">Nadezhda Shinkar<\/a><\/p>\n<p>Autorka predlohy: <strong>M\u00e1ria Erbenov\u00e1\u00a0<\/strong><\/p>\n<p><strong>Po\u010det kr\u00ed\u017eikov: 130 x 129<\/strong><br \/>\n<strong>Rozmer l\u00e1tky: 23.59 x 23.40 cm<\/strong><br \/>\n<strong>L\u00e1tka<\/strong>: 14 ct\u00a0 aida<br \/>\n<strong>Bavlnky: <\/strong>DMC<br \/>\n<strong>Po\u010det farieb: <\/strong>57 a 11 blendov<br \/>\n<strong>Pou\u017eit\u00e9 techniky: <\/strong>kr\u00ed\u017eiky, polkr\u00ed\u017eiky, zlomkov\u00e9 drobn\u00e9 ob\u0161\u00edvanie, \u00a0ob\u0161\u00edvanie, franc\u00fazske uzl\u00edky<\/p>\n<h4>S\u00fabory na stiahnutie:<\/h4>\n<ul>\n<li><strong>pdf s\u00fabor<\/strong>\n<ul>\n<li style=\"list-style-type: none\">\n<ul>\n<li>v \u010dierno-bielej verzii &#8211; s ob\u0161\u00edvan\u00edm a bez ob\u0161\u00edvania,<\/li>\n<\/ul>\n<\/li>\n<\/ul>\n<h4>Inform\u00e1cie o predlohe:<\/h4>\n<ul>\n<li>vo farebnej verzii &#8211; s ob\u0161\u00edvan\u00edm a bez ob\u0161\u00edvania<\/li>\n<\/ul>\n<\/li>\n<li><strong>cssaga s\u00fabor<\/strong><\/li>\n<\/ul>\n<\/div>","protected":false},"excerpt":{"rendered":"<p>Predloha na kr\u00ed\u017eikov\u00e9 vy\u0161\u00edvanie s mot\u00edvom dom\u010deka, skryt\u00e9ho v p\u00fapav\u00e1ch. Jeho obyvate\u013eka my\u0161 si vychutn\u00e1va prest\u00e1vku so \u0161\u00e1lkou v\u00fdborn\u00e9ho \u010daju.<\/p>\n<p><strong>Po\u010det kr\u00ed\u017eikov: 130 x 129<\/strong><br \/>\n<strong>Rozmer l\u00e1tky: 23.59 x 23.40 cm<\/strong><br \/>\n<strong>L\u00e1tka<\/strong>: 14 ct\u00a0 Aida<br \/>\n<strong>Bavlnky: <\/strong>DMC<br \/>\n<strong>Po\u010det farieb: <\/strong>57 + 11 blendov<br \/>\n<strong>Pou\u017eit\u00e9 techniky:<\/strong> kr\u00ed\u017eiky, polkr\u00ed\u017eiky, zlomkov\u00e9 drobn\u00e9 ob\u0161\u00edvanie, ob\u0161\u00edvanie,\u00a0franc\u00fazske uzl\u00edky<\/p>\n","protected":false},"featured_media":29086,"comment_status":"open","ping_status":"closed","template":"","meta":{"_uag_custom_page_level_css":"","ngg_post_thumbnail":0},"product_cat":[243,257,131,138],"product_tag":[152,318,139,48,338,151],"aioseo_notices":[],"featured_image_urls":{"full":["https:\/\/www.megastitch.eu\/wp-content\/uploads\/2024\/06\/dandelioin_house_frame.jpg",1088,1092,false],"thumbnail":["https:\/\/www.megastitch.eu\/wp-content\/uploads\/2024\/06\/dandelioin_house_frame-150x150.jpg",150,150,true],"medium":["https:\/\/www.megastitch.eu\/wp-content\/uploads\/2024\/06\/dandelioin_house_frame-300x300.jpg",300,300,true],"medium_large":["https:\/\/www.megastitch.eu\/wp-content\/uploads\/2024\/06\/dandelioin_house_frame-768x771.jpg",768,771,true],"large":["https:\/\/www.megastitch.eu\/wp-content\/uploads\/2024\/06\/dandelioin_house_frame-1020x1024.jpg",1020,1024,true],"1536x1536":["https:\/\/www.megastitch.eu\/wp-content\/uploads\/2024\/06\/dandelioin_house_frame.jpg",1088,1092,false],"2048x2048":["https:\/\/www.megastitch.eu\/wp-content\/uploads\/2024\/06\/dandelioin_house_frame.jpg",1088,1092,false],"ultp_layout_landscape_large":["https:\/\/www.megastitch.eu\/wp-content\/uploads\/2024\/06\/dandelioin_house_frame-1088x800.jpg",1088,800,true],"ultp_layout_landscape":["https:\/\/www.megastitch.eu\/wp-content\/uploads\/2024\/06\/dandelioin_house_frame-870x570.jpg",870,570,true],"ultp_layout_portrait":["https:\/\/www.megastitch.eu\/wp-content\/uploads\/2024\/06\/dandelioin_house_frame-600x900.jpg",600,900,true],"ultp_layout_square":["https:\/\/www.megastitch.eu\/wp-content\/uploads\/2024\/06\/dandelioin_house_frame-600x600.jpg",600,600,true],"molla_post-grid":["https:\/\/www.megastitch.eu\/wp-content\/uploads\/2024\/06\/dandelioin_house_frame-400x267.jpg",400,267,true],"woocommerce_thumbnail":["https:\/\/www.megastitch.eu\/wp-content\/uploads\/2024\/06\/dandelioin_house_frame-300x301.jpg",300,301,true],"woocommerce_single":["https:\/\/www.megastitch.eu\/wp-content\/uploads\/2024\/06\/dandelioin_house_frame-600x602.jpg",600,602,true],"woocommerce_gallery_thumbnail":["https:\/\/www.megastitch.eu\/wp-content\/uploads\/2024\/06\/dandelioin_house_frame-100x100.jpg",100,100,true]},"post_excerpt_stackable":"<p>Predloha na kr\u00ed\u017eikov\u00e9 vy\u0161\u00edvanie s mot\u00edvom dom\u010deka, skryt\u00e9ho v p\u00fapav\u00e1ch. Jeho obyvate\u013eka my\u0161 si vychutn\u00e1va prest\u00e1vku so \u0161\u00e1lkou v\u00fdborn\u00e9ho \u010daju.<\/p>\n<p><strong>Po\u010det kr\u00ed\u017eikov: 130 x 129<\/strong><br \/>\n<strong>Rozmer l\u00e1tky: 23.59 x 23.40 cm<\/strong><br \/>\n<strong>L\u00e1tka<\/strong>: 14 ct\u00a0 Aida<br \/>\n<strong>Bavlnky: <\/strong>DMC<br \/>\n<strong>Po\u010det farieb: <\/strong>57 + 11 blendov<br \/>\n<strong>Pou\u017eit\u00e9 techniky:<\/strong> kr\u00ed\u017eiky, polkr\u00ed\u017eiky, zlomkov\u00e9 drobn\u00e9 ob\u0161\u00edvanie, ob\u0161\u00edvanie,\u00a0franc\u00fazske uzl\u00edky<\/p>\n","category_list":"","author_info":{"name":"","url":""},"comments_num":"0 comments","featured_image_urls_v2":{"full":["https:\/\/www.megastitch.eu\/wp-content\/uploads\/2024\/06\/dandelioin_house_frame.jpg",1088,1092,false],"thumbnail":["https:\/\/www.megastitch.eu\/wp-content\/uploads\/2024\/06\/dandelioin_house_frame-150x150.jpg",150,150,true],"medium":["https:\/\/www.megastitch.eu\/wp-content\/uploads\/2024\/06\/dandelioin_house_frame-300x300.jpg",300,300,true],"medium_large":["https:\/\/www.megastitch.eu\/wp-content\/uploads\/2024\/06\/dandelioin_house_frame-768x771.jpg",768,771,true],"large":["https:\/\/www.megastitch.eu\/wp-content\/uploads\/2024\/06\/dandelioin_house_frame-1020x1024.jpg",1020,1024,true],"1536x1536":["https:\/\/www.megastitch.eu\/wp-content\/uploads\/2024\/06\/dandelioin_house_frame.jpg",1088,1092,false],"2048x2048":["https:\/\/www.megastitch.eu\/wp-content\/uploads\/2024\/06\/dandelioin_house_frame.jpg",1088,1092,false],"ultp_layout_landscape_large":["https:\/\/www.megastitch.eu\/wp-content\/uploads\/2024\/06\/dandelioin_house_frame-1088x800.jpg",1088,800,true],"ultp_layout_landscape":["https:\/\/www.megastitch.eu\/wp-content\/uploads\/2024\/06\/dandelioin_house_frame-870x570.jpg",870,570,true],"ultp_layout_portrait":["https:\/\/www.megastitch.eu\/wp-content\/uploads\/2024\/06\/dandelioin_house_frame-600x900.jpg",600,900,true],"ultp_layout_square":["https:\/\/www.megastitch.eu\/wp-content\/uploads\/2024\/06\/dandelioin_house_frame-600x600.jpg",600,600,true],"molla_post-grid":["https:\/\/www.megastitch.eu\/wp-content\/uploads\/2024\/06\/dandelioin_house_frame-400x267.jpg",400,267,true],"woocommerce_thumbnail":["https:\/\/www.megastitch.eu\/wp-content\/uploads\/2024\/06\/dandelioin_house_frame-300x301.jpg",300,301,true],"woocommerce_single":["https:\/\/www.megastitch.eu\/wp-content\/uploads\/2024\/06\/dandelioin_house_frame-600x602.jpg",600,602,true],"woocommerce_gallery_thumbnail":["https:\/\/www.megastitch.eu\/wp-content\/uploads\/2024\/06\/dandelioin_house_frame-100x100.jpg",100,100,true]},"post_excerpt_stackable_v2":"<p>Predloha na kr\u00ed\u017eikov\u00e9 vy\u0161\u00edvanie s mot\u00edvom dom\u010deka, skryt\u00e9ho v p\u00fapav\u00e1ch. Jeho obyvate\u013eka my\u0161 si vychutn\u00e1va prest\u00e1vku so \u0161\u00e1lkou v\u00fdborn\u00e9ho \u010daju.<\/p>\n<p><strong>Po\u010det kr\u00ed\u017eikov: 130 x 129<\/strong><br \/>\n<strong>Rozmer l\u00e1tky: 23.59 x 23.40 cm<\/strong><br \/>\n<strong>L\u00e1tka<\/strong>: 14 ct\u00a0 Aida<br \/>\n<strong>Bavlnky: <\/strong>DMC<br \/>\n<strong>Po\u010det farieb: <\/strong>57 + 11 blendov<br \/>\n<strong>Pou\u017eit\u00e9 techniky:<\/strong> kr\u00ed\u017eiky, polkr\u00ed\u017eiky, zlomkov\u00e9 drobn\u00e9 ob\u0161\u00edvanie, ob\u0161\u00edvanie,\u00a0franc\u00fazske uzl\u00edky<\/p>\n","category_list_v2":"","author_info_v2":{"name":"","url":""},"comments_num_v2":"0 comments","uagb_featured_image_src":{"full":["https:\/\/www.megastitch.eu\/wp-content\/uploads\/2024\/06\/dandelioin_house_frame.jpg",1088,1092,false],"thumbnail":["https:\/\/www.megastitch.eu\/wp-content\/uploads\/2024\/06\/dandelioin_house_frame-150x150.jpg",150,150,true],"medium":["https:\/\/www.megastitch.eu\/wp-content\/uploads\/2024\/06\/dandelioin_house_frame-300x300.jpg",300,300,true],"medium_large":["https:\/\/www.megastitch.eu\/wp-content\/uploads\/2024\/06\/dandelioin_house_frame-768x771.jpg",768,771,true],"large":["https:\/\/www.megastitch.eu\/wp-content\/uploads\/2024\/06\/dandelioin_house_frame-1020x1024.jpg",1020,1024,true],"1536x1536":["https:\/\/www.megastitch.eu\/wp-content\/uploads\/2024\/06\/dandelioin_house_frame.jpg",1088,1092,false],"2048x2048":["https:\/\/www.megastitch.eu\/wp-content\/uploads\/2024\/06\/dandelioin_house_frame.jpg",1088,1092,false],"ultp_layout_landscape_large":["https:\/\/www.megastitch.eu\/wp-content\/uploads\/2024\/06\/dandelioin_house_frame-1088x800.jpg",1088,800,true],"ultp_layout_landscape":["https:\/\/www.megastitch.eu\/wp-content\/uploads\/2024\/06\/dandelioin_house_frame-870x570.jpg",870,570,true],"ultp_layout_portrait":["https:\/\/www.megastitch.eu\/wp-content\/uploads\/2024\/06\/dandelioin_house_frame-600x900.jpg",600,900,true],"ultp_layout_square":["https:\/\/www.megastitch.eu\/wp-content\/uploads\/2024\/06\/dandelioin_house_frame-600x600.jpg",600,600,true],"molla_post-grid":["https:\/\/www.megastitch.eu\/wp-content\/uploads\/2024\/06\/dandelioin_house_frame-400x267.jpg",400,267,true],"woocommerce_thumbnail":["https:\/\/www.megastitch.eu\/wp-content\/uploads\/2024\/06\/dandelioin_house_frame-300x301.jpg",300,301,true],"woocommerce_single":["https:\/\/www.megastitch.eu\/wp-content\/uploads\/2024\/06\/dandelioin_house_frame-600x602.jpg",600,602,true],"woocommerce_gallery_thumbnail":["https:\/\/www.megastitch.eu\/wp-content\/uploads\/2024\/06\/dandelioin_house_frame-100x100.jpg",100,100,true]},"uagb_author_info":{"display_name":"pagacova","author_link":"https:\/\/www.megastitch.eu\/cs\/author\/"},"uagb_comment_info":0,"uagb_excerpt":"Predloha na kr\u00ed\u017eikov\u00e9 vy\u0161\u00edvanie s mot\u00edvom dom\u010deka, skryt\u00e9ho v p\u00fapav\u00e1ch. Jeho obyvate\u013eka my\u0161 si vychutn\u00e1va prest\u00e1vku so \u0161\u00e1lkou v\u00fdborn\u00e9ho \u010daju. Po\u010det kr\u00ed\u017eikov: 130 x 129 Rozmer l\u00e1tky: 23.59 x 23.40 cm L\u00e1tka: 14 ct\u00a0 Aida Bavlnky: DMC Po\u010det farieb: 57 + 11 blendov Pou\u017eit\u00e9 techniky: kr\u00ed\u017eiky, polkr\u00ed\u017eiky, zlomkov\u00e9 drobn\u00e9 ob\u0161\u00edvanie, ob\u0161\u00edvanie,\u00a0franc\u00fazske uzl\u00edky","_links":{"self":[{"href":"https:\/\/www.megastitch.eu\/cs\/wp-json\/wp\/v2\/product\/29083"}],"collection":[{"href":"https:\/\/www.megastitch.eu\/cs\/wp-json\/wp\/v2\/product"}],"about":[{"href":"https:\/\/www.megastitch.eu\/cs\/wp-json\/wp\/v2\/types\/product"}],"replies":[{"embeddable":true,"href":"https:\/\/www.megastitch.eu\/cs\/wp-json\/wp\/v2\/comments?post=29083"}],"wp:featuredmedia":[{"embeddable":true,"href":"https:\/\/www.megastitch.eu\/cs\/wp-json\/wp\/v2\/media\/29086"}],"wp:attachment":[{"href":"https:\/\/www.megastitch.eu\/cs\/wp-json\/wp\/v2\/media?parent=29083"}],"wp:term":[{"taxonomy":"product_cat","embeddable":true,"href":"https:\/\/www.megastitch.eu\/cs\/wp-json\/wp\/v2\/product_cat?post=29083"},{"taxonomy":"product_tag","embeddable":true,"href":"https:\/\/www.megastitch.eu\/cs\/wp-json\/wp\/v2\/product_tag?post=29083"}],"curies":[{"name":"wp","href":"https:\/\/api.w.org\/{rel}","templated":true}]}}