	{"id":29084,"date":"2024-06-03T23:37:36","date_gmt":"2024-06-03T21:37:36","guid":{"rendered":"https:\/\/www.megastitch.eu\/?post_type=product&#038;p=29084"},"modified":"2024-08-03T20:03:47","modified_gmt":"2024-08-03T18:03:47","slug":"praha","status":"publish","type":"product","link":"https:\/\/www.megastitch.eu\/cs\/obchod\/predlohy-na-vysivanie\/velke-predlohy\/praha\/","title":{"rendered":"Praha"},"content":{"rendered":"<div class=\"nolwrap\"><p>Objavte k\u00fazlo starobylej Prahy a nechajte sa zl\u00e1ka\u0165 na potulky po jej najikonickej\u0161\u00edch miestach. Zlat\u00e1 uli\u010dka a malebn\u00e9 dom\u010deky zo 16. storo\u010dia v nej, v\u00e1m odhalia pr\u00edbehy opraden\u00e9 k\u00fazlom d\u00e1vnych \u010dias. Odkryte poklady \u010desk\u00e9ho umenia a kult\u00fary v honosnej budove N\u00e1rodn\u00e9ho m\u00fazea. Obdivujte T\u00fdnsky chr\u00e1m a jeho gotick\u00e9 ve\u017ee, t\u00fd\u010diace sa k nebu. Nav\u0161t\u00edvte impozantn\u00fd hrad Karl\u0161tejn, ktor\u00fd skr\u00fdva nespo\u010detn\u00e9 legendy a pr\u00edbehy. Prejdite sa po majest\u00e1tnom Karlovom moste, nasajte jeho umeleck\u00fa atmosf\u00e9ru a pokochajte sa n\u00e1dhern\u00fdmi v\u00fdh\u013eadmi.<\/p>\n<p>S ihlou v ruke a obru\u010dou na kolen\u00e1ch si vychutn\u00e1vajte romantick\u00fa prech\u00e1dzku priamo z va\u0161ej ob\u00fdva\u010dky. Prostredn\u00edctvom v\u00fd\u0161ivky, kr\u00ed\u017eik po kr\u00ed\u017eiku, si prineste domov jesenn\u00fa esenciu tohto n\u00e1dhern\u00e9ho mesta.<\/p>\n<p>Autor ilustr\u00e1cie: <a title=\"Toma Mishukova\" href=\"https:\/\/www.instagram.com\/toma_reznichenk\/\">Toma Mishukova<\/a><\/p>\n<p>Autorka predlohy: <strong>M\u00e1ria Erbenov\u00e1\u00a0<\/strong><\/p>\n<p><strong>Po\u010det kr\u00ed\u017eikov: 138 x 207<\/strong><br \/>\n<strong>Rozmer l\u00e1tky: 25.04 x 37.56 cm<\/strong><br \/>\n<strong>L\u00e1tka<\/strong>: 14 ct\u00a0 aida<br \/>\n<strong>Bavlnky: <\/strong>DMC<br \/>\n<strong>Po\u010det farieb: <\/strong>60 a 10 blendov<br \/>\n<strong>Pou\u017eit\u00e9 techniky: <\/strong>kr\u00ed\u017eiky, polkr\u00ed\u017eiky, zlomkov\u00e9 drobn\u00e9 ob\u0161\u00edvanie, ob\u0161\u00edvanie, franc\u00fazske uzl\u00edky<\/p>\n<h4>S\u00fabory na stiahnutie:<\/h4>\n<ul>\n<li><strong>pdf s\u00fabor<\/strong>\n<ul>\n<li style=\"list-style-type: none\">\n<ul>\n<li>v \u010dierno-bielej verzii &#8211; s ob\u0161\u00edvan\u00edm a bez ob\u0161\u00edvania,<\/li>\n<\/ul>\n<\/li>\n<\/ul>\n<h4>Inform\u00e1cie o predlohe:<\/h4>\n<ul>\n<li>vo farebnej verzii &#8211; s ob\u0161\u00edvan\u00edm a bez ob\u0161\u00edvania<\/li>\n<\/ul>\n<\/li>\n<li><strong>cssaga s\u00fabor<\/strong><\/li>\n<\/ul>\n<\/div>","protected":false},"excerpt":{"rendered":"<p>Nad\u010dasov\u00e1 predloha na kr\u00ed\u017eikov\u00e9 vy\u0161\u00edvanie s mot\u00edvom jesennej Prahy. Zachyt\u00e1va zn\u00e1me miesta ako Karlov most, Zlat\u00e1 uli\u010dka, T\u00fdnsky chr\u00e1m, Karl\u0161tejn a N\u00e1rodn\u00e9 m\u00fazeum.<\/p>\n<p><strong>Po\u010det kr\u00ed\u017eikov: 138 x 207<\/strong><br \/>\n<strong>Rozmer l\u00e1tky: 25.04 x 37.56 cm<\/strong><br \/>\n<strong>L\u00e1tka<\/strong>: 14 ct\u00a0 Aida<br \/>\n<strong>Bavlnky: <\/strong>DMC<br \/>\n<strong>Po\u010det farieb: <\/strong>60 + 10 blendov<br \/>\n<strong>Pou\u017eit\u00e9 techniky:<\/strong> kr\u00ed\u017eiky, polkr\u00ed\u017eiky, zlomkov\u00e9 drobn\u00e9 ob\u0161\u00edvanie, ob\u0161\u00edvanie, franc\u00fazske uzl\u00edky<\/p>\n","protected":false},"featured_media":29092,"comment_status":"open","ping_status":"closed","template":"","meta":{"_uag_custom_page_level_css":"","ngg_post_thumbnail":0},"product_cat":[131,247],"product_tag":[289,318,250,48],"aioseo_notices":[],"featured_image_urls":{"full":["https:\/\/www.megastitch.eu\/wp-content\/uploads\/2024\/06\/Prague_frame.jpg",884,1196,false],"thumbnail":["https:\/\/www.megastitch.eu\/wp-content\/uploads\/2024\/06\/Prague_frame-150x150.jpg",150,150,true],"medium":["https:\/\/www.megastitch.eu\/wp-content\/uploads\/2024\/06\/Prague_frame-222x300.jpg",222,300,true],"medium_large":["https:\/\/www.megastitch.eu\/wp-content\/uploads\/2024\/06\/Prague_frame-768x1039.jpg",768,1039,true],"large":["https:\/\/www.megastitch.eu\/wp-content\/uploads\/2024\/06\/Prague_frame-757x1024.jpg",757,1024,true],"1536x1536":["https:\/\/www.megastitch.eu\/wp-content\/uploads\/2024\/06\/Prague_frame.jpg",884,1196,false],"2048x2048":["https:\/\/www.megastitch.eu\/wp-content\/uploads\/2024\/06\/Prague_frame.jpg",884,1196,false],"ultp_layout_landscape_large":["https:\/\/www.megastitch.eu\/wp-content\/uploads\/2024\/06\/Prague_frame-884x800.jpg",884,800,true],"ultp_layout_landscape":["https:\/\/www.megastitch.eu\/wp-content\/uploads\/2024\/06\/Prague_frame-870x570.jpg",870,570,true],"ultp_layout_portrait":["https:\/\/www.megastitch.eu\/wp-content\/uploads\/2024\/06\/Prague_frame-600x900.jpg",600,900,true],"ultp_layout_square":["https:\/\/www.megastitch.eu\/wp-content\/uploads\/2024\/06\/Prague_frame-600x600.jpg",600,600,true],"molla_post-grid":["https:\/\/www.megastitch.eu\/wp-content\/uploads\/2024\/06\/Prague_frame-400x267.jpg",400,267,true],"woocommerce_thumbnail":["https:\/\/www.megastitch.eu\/wp-content\/uploads\/2024\/06\/Prague_frame-300x406.jpg",300,406,true],"woocommerce_single":["https:\/\/www.megastitch.eu\/wp-content\/uploads\/2024\/06\/Prague_frame-600x812.jpg",600,812,true],"woocommerce_gallery_thumbnail":["https:\/\/www.megastitch.eu\/wp-content\/uploads\/2024\/06\/Prague_frame-100x100.jpg",100,100,true]},"post_excerpt_stackable":"<p>Nad\u010dasov\u00e1 predloha na kr\u00ed\u017eikov\u00e9 vy\u0161\u00edvanie s mot\u00edvom jesennej Prahy. Zachyt\u00e1va zn\u00e1me miesta ako Karlov most, Zlat\u00e1 uli\u010dka, T\u00fdnsky chr\u00e1m, Karl\u0161tejn a N\u00e1rodn\u00e9 m\u00fazeum.<\/p>\n<p><strong>Po\u010det kr\u00ed\u017eikov: 138 x 207<\/strong><br \/>\n<strong>Rozmer l\u00e1tky: 25.04 x 37.56 cm<\/strong><br \/>\n<strong>L\u00e1tka<\/strong>: 14 ct\u00a0 Aida<br \/>\n<strong>Bavlnky: <\/strong>DMC<br \/>\n<strong>Po\u010det farieb: <\/strong>60 + 10 blendov<br \/>\n<strong>Pou\u017eit\u00e9 techniky:<\/strong> kr\u00ed\u017eiky, polkr\u00ed\u017eiky, zlomkov\u00e9 drobn\u00e9 ob\u0161\u00edvanie, ob\u0161\u00edvanie, franc\u00fazske uzl\u00edky<\/p>\n","category_list":"","author_info":{"name":"","url":""},"comments_num":"0 comments","featured_image_urls_v2":{"full":["https:\/\/www.megastitch.eu\/wp-content\/uploads\/2024\/06\/Prague_frame.jpg",884,1196,false],"thumbnail":["https:\/\/www.megastitch.eu\/wp-content\/uploads\/2024\/06\/Prague_frame-150x150.jpg",150,150,true],"medium":["https:\/\/www.megastitch.eu\/wp-content\/uploads\/2024\/06\/Prague_frame-222x300.jpg",222,300,true],"medium_large":["https:\/\/www.megastitch.eu\/wp-content\/uploads\/2024\/06\/Prague_frame-768x1039.jpg",768,1039,true],"large":["https:\/\/www.megastitch.eu\/wp-content\/uploads\/2024\/06\/Prague_frame-757x1024.jpg",757,1024,true],"1536x1536":["https:\/\/www.megastitch.eu\/wp-content\/uploads\/2024\/06\/Prague_frame.jpg",884,1196,false],"2048x2048":["https:\/\/www.megastitch.eu\/wp-content\/uploads\/2024\/06\/Prague_frame.jpg",884,1196,false],"ultp_layout_landscape_large":["https:\/\/www.megastitch.eu\/wp-content\/uploads\/2024\/06\/Prague_frame-884x800.jpg",884,800,true],"ultp_layout_landscape":["https:\/\/www.megastitch.eu\/wp-content\/uploads\/2024\/06\/Prague_frame-870x570.jpg",870,570,true],"ultp_layout_portrait":["https:\/\/www.megastitch.eu\/wp-content\/uploads\/2024\/06\/Prague_frame-600x900.jpg",600,900,true],"ultp_layout_square":["https:\/\/www.megastitch.eu\/wp-content\/uploads\/2024\/06\/Prague_frame-600x600.jpg",600,600,true],"molla_post-grid":["https:\/\/www.megastitch.eu\/wp-content\/uploads\/2024\/06\/Prague_frame-400x267.jpg",400,267,true],"woocommerce_thumbnail":["https:\/\/www.megastitch.eu\/wp-content\/uploads\/2024\/06\/Prague_frame-300x406.jpg",300,406,true],"woocommerce_single":["https:\/\/www.megastitch.eu\/wp-content\/uploads\/2024\/06\/Prague_frame-600x812.jpg",600,812,true],"woocommerce_gallery_thumbnail":["https:\/\/www.megastitch.eu\/wp-content\/uploads\/2024\/06\/Prague_frame-100x100.jpg",100,100,true]},"post_excerpt_stackable_v2":"<p>Nad\u010dasov\u00e1 predloha na kr\u00ed\u017eikov\u00e9 vy\u0161\u00edvanie s mot\u00edvom jesennej Prahy. Zachyt\u00e1va zn\u00e1me miesta ako Karlov most, Zlat\u00e1 uli\u010dka, T\u00fdnsky chr\u00e1m, Karl\u0161tejn a N\u00e1rodn\u00e9 m\u00fazeum.<\/p>\n<p><strong>Po\u010det kr\u00ed\u017eikov: 138 x 207<\/strong><br \/>\n<strong>Rozmer l\u00e1tky: 25.04 x 37.56 cm<\/strong><br \/>\n<strong>L\u00e1tka<\/strong>: 14 ct\u00a0 Aida<br \/>\n<strong>Bavlnky: <\/strong>DMC<br \/>\n<strong>Po\u010det farieb: <\/strong>60 + 10 blendov<br \/>\n<strong>Pou\u017eit\u00e9 techniky:<\/strong> kr\u00ed\u017eiky, polkr\u00ed\u017eiky, zlomkov\u00e9 drobn\u00e9 ob\u0161\u00edvanie, ob\u0161\u00edvanie, franc\u00fazske uzl\u00edky<\/p>\n","category_list_v2":"","author_info_v2":{"name":"","url":""},"comments_num_v2":"0 comments","uagb_featured_image_src":{"full":["https:\/\/www.megastitch.eu\/wp-content\/uploads\/2024\/06\/Prague_frame.jpg",884,1196,false],"thumbnail":["https:\/\/www.megastitch.eu\/wp-content\/uploads\/2024\/06\/Prague_frame-150x150.jpg",150,150,true],"medium":["https:\/\/www.megastitch.eu\/wp-content\/uploads\/2024\/06\/Prague_frame-222x300.jpg",222,300,true],"medium_large":["https:\/\/www.megastitch.eu\/wp-content\/uploads\/2024\/06\/Prague_frame-768x1039.jpg",768,1039,true],"large":["https:\/\/www.megastitch.eu\/wp-content\/uploads\/2024\/06\/Prague_frame-757x1024.jpg",757,1024,true],"1536x1536":["https:\/\/www.megastitch.eu\/wp-content\/uploads\/2024\/06\/Prague_frame.jpg",884,1196,false],"2048x2048":["https:\/\/www.megastitch.eu\/wp-content\/uploads\/2024\/06\/Prague_frame.jpg",884,1196,false],"ultp_layout_landscape_large":["https:\/\/www.megastitch.eu\/wp-content\/uploads\/2024\/06\/Prague_frame-884x800.jpg",884,800,true],"ultp_layout_landscape":["https:\/\/www.megastitch.eu\/wp-content\/uploads\/2024\/06\/Prague_frame-870x570.jpg",870,570,true],"ultp_layout_portrait":["https:\/\/www.megastitch.eu\/wp-content\/uploads\/2024\/06\/Prague_frame-600x900.jpg",600,900,true],"ultp_layout_square":["https:\/\/www.megastitch.eu\/wp-content\/uploads\/2024\/06\/Prague_frame-600x600.jpg",600,600,true],"molla_post-grid":["https:\/\/www.megastitch.eu\/wp-content\/uploads\/2024\/06\/Prague_frame-400x267.jpg",400,267,true],"woocommerce_thumbnail":["https:\/\/www.megastitch.eu\/wp-content\/uploads\/2024\/06\/Prague_frame-300x406.jpg",300,406,true],"woocommerce_single":["https:\/\/www.megastitch.eu\/wp-content\/uploads\/2024\/06\/Prague_frame-600x812.jpg",600,812,true],"woocommerce_gallery_thumbnail":["https:\/\/www.megastitch.eu\/wp-content\/uploads\/2024\/06\/Prague_frame-100x100.jpg",100,100,true]},"uagb_author_info":{"display_name":"pagacova","author_link":"https:\/\/www.megastitch.eu\/cs\/author\/"},"uagb_comment_info":4,"uagb_excerpt":"Nad\u010dasov\u00e1 predloha na kr\u00ed\u017eikov\u00e9 vy\u0161\u00edvanie s mot\u00edvom jesennej Prahy. Zachyt\u00e1va zn\u00e1me miesta ako Karlov most, Zlat\u00e1 uli\u010dka, T\u00fdnsky chr\u00e1m, Karl\u0161tejn a N\u00e1rodn\u00e9 m\u00fazeum. Po\u010det kr\u00ed\u017eikov: 138 x 207 Rozmer l\u00e1tky: 25.04 x 37.56 cm L\u00e1tka: 14 ct\u00a0 Aida Bavlnky: DMC Po\u010det farieb: 60 + 10 blendov Pou\u017eit\u00e9 techniky: kr\u00ed\u017eiky, polkr\u00ed\u017eiky, zlomkov\u00e9 drobn\u00e9 ob\u0161\u00edvanie, ob\u0161\u00edvanie, franc\u00fazske&hellip;","_links":{"self":[{"href":"https:\/\/www.megastitch.eu\/cs\/wp-json\/wp\/v2\/product\/29084"}],"collection":[{"href":"https:\/\/www.megastitch.eu\/cs\/wp-json\/wp\/v2\/product"}],"about":[{"href":"https:\/\/www.megastitch.eu\/cs\/wp-json\/wp\/v2\/types\/product"}],"replies":[{"embeddable":true,"href":"https:\/\/www.megastitch.eu\/cs\/wp-json\/wp\/v2\/comments?post=29084"}],"wp:featuredmedia":[{"embeddable":true,"href":"https:\/\/www.megastitch.eu\/cs\/wp-json\/wp\/v2\/media\/29092"}],"wp:attachment":[{"href":"https:\/\/www.megastitch.eu\/cs\/wp-json\/wp\/v2\/media?parent=29084"}],"wp:term":[{"taxonomy":"product_cat","embeddable":true,"href":"https:\/\/www.megastitch.eu\/cs\/wp-json\/wp\/v2\/product_cat?post=29084"},{"taxonomy":"product_tag","embeddable":true,"href":"https:\/\/www.megastitch.eu\/cs\/wp-json\/wp\/v2\/product_tag?post=29084"}],"curies":[{"name":"wp","href":"https:\/\/api.w.org\/{rel}","templated":true}]}}