	{"id":29106,"date":"2024-06-13T05:29:18","date_gmt":"2024-06-13T03:29:18","guid":{"rendered":"https:\/\/www.megastitch.eu\/?post_type=product&#038;p=29106"},"modified":"2024-06-21T14:32:45","modified_gmt":"2024-06-21T12:32:45","slug":"majak-zalozka","status":"publish","type":"product","link":"https:\/\/www.megastitch.eu\/cs\/obchod\/predlohy-na-vysivanie\/male-predlohy\/majak-zalozka\/","title":{"rendered":"Maj\u00e1k z\u00e1lo\u017eka"},"content":{"rendered":"<div class=\"nolwrap\"><p>Maj\u00e1k je symbolom n\u00e1deje a pom\u00e1ha straten\u00fdm lodiam n\u00e1js\u0165 cestu sp\u00e4\u0165. Ak pos\u00e1dky lod\u00ed vidia v dia\u013eke jeho svetlo, vedia, \u017ee bud\u00fa u\u017e \u010doskoro doma.<\/p>\n<p>Z\u00e1lo\u017eka s mot\u00edvom maj\u00e1ka sa stane tich\u00fdm str\u00e1\u017ecom p\u00edsmen, ktor\u00e9 ste na chv\u00ed\u013eu opustili.<br \/>\nS rados\u0165ou v\u00e1m pripomenie, kde sa plavba v mori slov preru\u0161ila a vy s \u013eahkos\u0165ou nadvia\u017eete \u010falej bez toho, aby ste stratili smer.<\/p>\n<p><span style=\"font-weight: 400\">Vy\u0161ite si predlohu z\u00e1lo\u017eky maj\u00e1ka, aby v\u00e1m pripom\u00ednala<\/span><span style=\"font-weight: 400\">, \u017ee ka\u017ed\u00e1 prest\u00e1vka v \u010d\u00edtan\u00ed je len do\u010dasn\u00e1. Vy\u0161it\u00e1 na plastovej aide bude mil\u00fdm darom aj pre va\u0161ich bl\u00edzkych. <\/span><\/p>\n<p>Autor ilustr\u00e1cie: <a title=\"Natalya Goncharova\" href=\"https:\/\/www.instagram.com\/illustasha\/\">Natalya Goncharova<\/a><\/p>\n<p>Autorka predlohy: <strong>M\u00e1ria Erbenov\u00e1\u00a0<\/strong><\/p>\n<p><strong>Po\u010det kr\u00ed\u017eikov: 27 x 100<\/strong><br \/>\n<strong>Rozmer l\u00e1tky: 4.90 x 8.14 cm<\/strong><br \/>\n<strong>L\u00e1tka<\/strong>: 14 ct\u00a0 aida<br \/>\n<strong>Bavlnky: <\/strong>DMC<br \/>\n<strong>Po\u010det farieb: <\/strong>28 a 5 blendov<br \/>\n<strong>Pou\u017eit\u00e9 techniky: <\/strong>kr\u00ed\u017eiky, polkr\u00ed\u017eiky, \u00a0ob\u0161\u00edvanie<\/p>\n<h4>S\u00fabory na stiahnutie:<\/h4>\n<ul>\n<li><strong>pdf s\u00fabor<\/strong>\n<ul>\n<li style=\"list-style-type: none\">\n<ul>\n<li>v \u010dierno-bielej verzii &#8211; s ob\u0161\u00edvan\u00edm a bez ob\u0161\u00edvania,<\/li>\n<\/ul>\n<\/li>\n<\/ul>\n<h4>Inform\u00e1cie o predlohe:<\/h4>\n<ul>\n<li>vo farebnej verzii &#8211; s ob\u0161\u00edvan\u00edm a bez ob\u0161\u00edvania<\/li>\n<\/ul>\n<\/li>\n<li><strong>cssaga s\u00fabor<\/strong><\/li>\n<\/ul>\n<\/div>","protected":false},"excerpt":{"rendered":"<p><span style=\"font-weight: 400\">Rozpr\u00e1vkov\u00e1 predloha na kr\u00ed\u017eikov\u00e9 vy\u0161\u00edvanie s mot\u00edvom maj\u00e1ka, vhodn\u00e1 ako z\u00e1lo\u017eka do knihy.<\/span><\/p>\n<p><strong>Po\u010det kr\u00ed\u017eikov: 27 x 100<\/strong><br \/>\n<strong>Rozmer l\u00e1tky: 4.90 x 8.14 cm<\/strong><br \/>\n<strong>L\u00e1tka<\/strong>: 14 ct\u00a0 Aida<br \/>\n<strong>Bavlnky: <\/strong>DMC<br \/>\n<strong>Po\u010det farieb: <\/strong>28 + 5 blendov<br \/>\n<strong>Pou\u017eit\u00e9 techniky:<\/strong> kr\u00ed\u017eiky, polkr\u00ed\u017eiky, ob\u0161\u00edvanie<\/p>\n","protected":false},"featured_media":29107,"comment_status":"open","ping_status":"closed","template":"","meta":{"_uag_custom_page_level_css":"","ngg_post_thumbnail":0},"product_cat":[243,134,131],"product_tag":[289,318,291,248,370],"aioseo_notices":[],"featured_image_urls":{"full":["https:\/\/www.megastitch.eu\/wp-content\/uploads\/2024\/06\/lighthouse_bookmark_frame.jpg",585,1200,false],"thumbnail":["https:\/\/www.megastitch.eu\/wp-content\/uploads\/2024\/06\/lighthouse_bookmark_frame-150x150.jpg",150,150,true],"medium":["https:\/\/www.megastitch.eu\/wp-content\/uploads\/2024\/06\/lighthouse_bookmark_frame-146x300.jpg",146,300,true],"medium_large":["https:\/\/www.megastitch.eu\/wp-content\/uploads\/2024\/06\/lighthouse_bookmark_frame.jpg",585,1200,false],"large":["https:\/\/www.megastitch.eu\/wp-content\/uploads\/2024\/06\/lighthouse_bookmark_frame-499x1024.jpg",499,1024,true],"1536x1536":["https:\/\/www.megastitch.eu\/wp-content\/uploads\/2024\/06\/lighthouse_bookmark_frame.jpg",585,1200,false],"2048x2048":["https:\/\/www.megastitch.eu\/wp-content\/uploads\/2024\/06\/lighthouse_bookmark_frame.jpg",585,1200,false],"ultp_layout_landscape_large":["https:\/\/www.megastitch.eu\/wp-content\/uploads\/2024\/06\/lighthouse_bookmark_frame-585x800.jpg",585,800,true],"ultp_layout_landscape":["https:\/\/www.megastitch.eu\/wp-content\/uploads\/2024\/06\/lighthouse_bookmark_frame-585x570.jpg",585,570,true],"ultp_layout_portrait":["https:\/\/www.megastitch.eu\/wp-content\/uploads\/2024\/06\/lighthouse_bookmark_frame-585x900.jpg",585,900,true],"ultp_layout_square":["https:\/\/www.megastitch.eu\/wp-content\/uploads\/2024\/06\/lighthouse_bookmark_frame-585x600.jpg",585,600,true],"molla_post-grid":["https:\/\/www.megastitch.eu\/wp-content\/uploads\/2024\/06\/lighthouse_bookmark_frame-400x267.jpg",400,267,true],"woocommerce_thumbnail":["https:\/\/www.megastitch.eu\/wp-content\/uploads\/2024\/06\/lighthouse_bookmark_frame-300x615.jpg",300,615,true],"woocommerce_single":["https:\/\/www.megastitch.eu\/wp-content\/uploads\/2024\/06\/lighthouse_bookmark_frame.jpg",585,1200,false],"woocommerce_gallery_thumbnail":["https:\/\/www.megastitch.eu\/wp-content\/uploads\/2024\/06\/lighthouse_bookmark_frame-100x100.jpg",100,100,true]},"post_excerpt_stackable":"<p><span style=\"font-weight: 400\">Rozpr\u00e1vkov\u00e1 predloha na kr\u00ed\u017eikov\u00e9 vy\u0161\u00edvanie s mot\u00edvom maj\u00e1ka, vhodn\u00e1 ako z\u00e1lo\u017eka do knihy.<\/span><\/p>\n<p><strong>Po\u010det kr\u00ed\u017eikov: 27 x 100<\/strong><br \/>\n<strong>Rozmer l\u00e1tky: 4.90 x 8.14 cm<\/strong><br \/>\n<strong>L\u00e1tka<\/strong>: 14 ct\u00a0 Aida<br \/>\n<strong>Bavlnky: <\/strong>DMC<br \/>\n<strong>Po\u010det farieb: <\/strong>28 + 5 blendov<br \/>\n<strong>Pou\u017eit\u00e9 techniky:<\/strong> kr\u00ed\u017eiky, polkr\u00ed\u017eiky, ob\u0161\u00edvanie<\/p>\n","category_list":"","author_info":{"name":"","url":""},"comments_num":"0 comments","featured_image_urls_v2":{"full":["https:\/\/www.megastitch.eu\/wp-content\/uploads\/2024\/06\/lighthouse_bookmark_frame.jpg",585,1200,false],"thumbnail":["https:\/\/www.megastitch.eu\/wp-content\/uploads\/2024\/06\/lighthouse_bookmark_frame-150x150.jpg",150,150,true],"medium":["https:\/\/www.megastitch.eu\/wp-content\/uploads\/2024\/06\/lighthouse_bookmark_frame-146x300.jpg",146,300,true],"medium_large":["https:\/\/www.megastitch.eu\/wp-content\/uploads\/2024\/06\/lighthouse_bookmark_frame.jpg",585,1200,false],"large":["https:\/\/www.megastitch.eu\/wp-content\/uploads\/2024\/06\/lighthouse_bookmark_frame-499x1024.jpg",499,1024,true],"1536x1536":["https:\/\/www.megastitch.eu\/wp-content\/uploads\/2024\/06\/lighthouse_bookmark_frame.jpg",585,1200,false],"2048x2048":["https:\/\/www.megastitch.eu\/wp-content\/uploads\/2024\/06\/lighthouse_bookmark_frame.jpg",585,1200,false],"ultp_layout_landscape_large":["https:\/\/www.megastitch.eu\/wp-content\/uploads\/2024\/06\/lighthouse_bookmark_frame-585x800.jpg",585,800,true],"ultp_layout_landscape":["https:\/\/www.megastitch.eu\/wp-content\/uploads\/2024\/06\/lighthouse_bookmark_frame-585x570.jpg",585,570,true],"ultp_layout_portrait":["https:\/\/www.megastitch.eu\/wp-content\/uploads\/2024\/06\/lighthouse_bookmark_frame-585x900.jpg",585,900,true],"ultp_layout_square":["https:\/\/www.megastitch.eu\/wp-content\/uploads\/2024\/06\/lighthouse_bookmark_frame-585x600.jpg",585,600,true],"molla_post-grid":["https:\/\/www.megastitch.eu\/wp-content\/uploads\/2024\/06\/lighthouse_bookmark_frame-400x267.jpg",400,267,true],"woocommerce_thumbnail":["https:\/\/www.megastitch.eu\/wp-content\/uploads\/2024\/06\/lighthouse_bookmark_frame-300x615.jpg",300,615,true],"woocommerce_single":["https:\/\/www.megastitch.eu\/wp-content\/uploads\/2024\/06\/lighthouse_bookmark_frame.jpg",585,1200,false],"woocommerce_gallery_thumbnail":["https:\/\/www.megastitch.eu\/wp-content\/uploads\/2024\/06\/lighthouse_bookmark_frame-100x100.jpg",100,100,true]},"post_excerpt_stackable_v2":"<p><span style=\"font-weight: 400\">Rozpr\u00e1vkov\u00e1 predloha na kr\u00ed\u017eikov\u00e9 vy\u0161\u00edvanie s mot\u00edvom maj\u00e1ka, vhodn\u00e1 ako z\u00e1lo\u017eka do knihy.<\/span><\/p>\n<p><strong>Po\u010det kr\u00ed\u017eikov: 27 x 100<\/strong><br \/>\n<strong>Rozmer l\u00e1tky: 4.90 x 8.14 cm<\/strong><br \/>\n<strong>L\u00e1tka<\/strong>: 14 ct\u00a0 Aida<br \/>\n<strong>Bavlnky: <\/strong>DMC<br \/>\n<strong>Po\u010det farieb: <\/strong>28 + 5 blendov<br \/>\n<strong>Pou\u017eit\u00e9 techniky:<\/strong> kr\u00ed\u017eiky, polkr\u00ed\u017eiky, ob\u0161\u00edvanie<\/p>\n","category_list_v2":"","author_info_v2":{"name":"","url":""},"comments_num_v2":"0 comments","uagb_featured_image_src":{"full":["https:\/\/www.megastitch.eu\/wp-content\/uploads\/2024\/06\/lighthouse_bookmark_frame.jpg",585,1200,false],"thumbnail":["https:\/\/www.megastitch.eu\/wp-content\/uploads\/2024\/06\/lighthouse_bookmark_frame-150x150.jpg",150,150,true],"medium":["https:\/\/www.megastitch.eu\/wp-content\/uploads\/2024\/06\/lighthouse_bookmark_frame-146x300.jpg",146,300,true],"medium_large":["https:\/\/www.megastitch.eu\/wp-content\/uploads\/2024\/06\/lighthouse_bookmark_frame.jpg",585,1200,false],"large":["https:\/\/www.megastitch.eu\/wp-content\/uploads\/2024\/06\/lighthouse_bookmark_frame-499x1024.jpg",499,1024,true],"1536x1536":["https:\/\/www.megastitch.eu\/wp-content\/uploads\/2024\/06\/lighthouse_bookmark_frame.jpg",585,1200,false],"2048x2048":["https:\/\/www.megastitch.eu\/wp-content\/uploads\/2024\/06\/lighthouse_bookmark_frame.jpg",585,1200,false],"ultp_layout_landscape_large":["https:\/\/www.megastitch.eu\/wp-content\/uploads\/2024\/06\/lighthouse_bookmark_frame-585x800.jpg",585,800,true],"ultp_layout_landscape":["https:\/\/www.megastitch.eu\/wp-content\/uploads\/2024\/06\/lighthouse_bookmark_frame-585x570.jpg",585,570,true],"ultp_layout_portrait":["https:\/\/www.megastitch.eu\/wp-content\/uploads\/2024\/06\/lighthouse_bookmark_frame-585x900.jpg",585,900,true],"ultp_layout_square":["https:\/\/www.megastitch.eu\/wp-content\/uploads\/2024\/06\/lighthouse_bookmark_frame-585x600.jpg",585,600,true],"molla_post-grid":["https:\/\/www.megastitch.eu\/wp-content\/uploads\/2024\/06\/lighthouse_bookmark_frame-400x267.jpg",400,267,true],"woocommerce_thumbnail":["https:\/\/www.megastitch.eu\/wp-content\/uploads\/2024\/06\/lighthouse_bookmark_frame-300x615.jpg",300,615,true],"woocommerce_single":["https:\/\/www.megastitch.eu\/wp-content\/uploads\/2024\/06\/lighthouse_bookmark_frame.jpg",585,1200,false],"woocommerce_gallery_thumbnail":["https:\/\/www.megastitch.eu\/wp-content\/uploads\/2024\/06\/lighthouse_bookmark_frame-100x100.jpg",100,100,true]},"uagb_author_info":{"display_name":"pagacova","author_link":"https:\/\/www.megastitch.eu\/cs\/author\/"},"uagb_comment_info":3,"uagb_excerpt":"Rozpr\u00e1vkov\u00e1 predloha na kr\u00ed\u017eikov\u00e9 vy\u0161\u00edvanie s mot\u00edvom maj\u00e1ka, vhodn\u00e1 ako z\u00e1lo\u017eka do knihy. Po\u010det kr\u00ed\u017eikov: 27 x 100 Rozmer l\u00e1tky: 4.90 x 8.14 cm L\u00e1tka: 14 ct\u00a0 Aida Bavlnky: DMC Po\u010det farieb: 28 + 5 blendov Pou\u017eit\u00e9 techniky: kr\u00ed\u017eiky, polkr\u00ed\u017eiky, ob\u0161\u00edvanie","_links":{"self":[{"href":"https:\/\/www.megastitch.eu\/cs\/wp-json\/wp\/v2\/product\/29106"}],"collection":[{"href":"https:\/\/www.megastitch.eu\/cs\/wp-json\/wp\/v2\/product"}],"about":[{"href":"https:\/\/www.megastitch.eu\/cs\/wp-json\/wp\/v2\/types\/product"}],"replies":[{"embeddable":true,"href":"https:\/\/www.megastitch.eu\/cs\/wp-json\/wp\/v2\/comments?post=29106"}],"wp:featuredmedia":[{"embeddable":true,"href":"https:\/\/www.megastitch.eu\/cs\/wp-json\/wp\/v2\/media\/29107"}],"wp:attachment":[{"href":"https:\/\/www.megastitch.eu\/cs\/wp-json\/wp\/v2\/media?parent=29106"}],"wp:term":[{"taxonomy":"product_cat","embeddable":true,"href":"https:\/\/www.megastitch.eu\/cs\/wp-json\/wp\/v2\/product_cat?post=29106"},{"taxonomy":"product_tag","embeddable":true,"href":"https:\/\/www.megastitch.eu\/cs\/wp-json\/wp\/v2\/product_tag?post=29106"}],"curies":[{"name":"wp","href":"https:\/\/api.w.org\/{rel}","templated":true}]}}