	{"id":29161,"date":"2024-10-03T19:23:24","date_gmt":"2024-10-03T17:23:24","guid":{"rendered":"https:\/\/www.megastitch.eu\/?post_type=product&#038;p=29161"},"modified":"2024-10-03T19:38:51","modified_gmt":"2024-10-03T17:38:51","slug":"jesenny-jezko","status":"publish","type":"product","link":"https:\/\/www.megastitch.eu\/cs\/obchod\/predlohy-na-vysivanie\/male-predlohy\/jesenny-jezko\/","title":{"rendered":"Jesenn\u00fd je\u017eko"},"content":{"rendered":"<div class=\"nolwrap\"><p>Farebn\u00e1 jese\u0148 je tu, zima sa pomaly bl\u00ed\u017ei a z\u00e1hrada odovzd\u00e1va svoje bohatstvo v podobe dozretej \u00farody. Je\u017eko nezah\u00e1\u013ea a pozbiera v\u0161etko, \u010do mu pr\u00edde do cesty. Ma\u0165 z\u00e1soby na dlh\u00fa zimu je d\u00f4le\u017eit\u00e9. Zost\u00e1va u\u017e len navari\u0165 si chutn\u00fd \u0161\u00edpkov\u00fd \u010daj a vrhn\u00fa\u0165 sa na vy\u0161\u00edvanie.<\/p>\n<p>Pridajte si predlohu do va\u0161ich vy\u0161\u00edva\u010dsk\u00fdch z\u00e1sob. Je\u017eko sa ve\u013emi pote\u0161\u00ed. U\u017e nebude musie\u0165 prem\u00fd\u0161\u013ea\u0165, kde na zimu sklon\u00ed hlavu. Alebo si ho vy\u0161ite hne\u010f. Na plastovej Aide v\u00fd\u0161ivka skvelo zapadne do ka\u017edej jesennej v\u00fdzdoby.<\/p>\n<p>Autorka predlohy: <strong>M\u00e1ria Erbenov\u00e1\u00a0<\/strong><\/p>\n<p><strong>Po\u010det kr\u00ed\u017eikov: 59 x 76<\/strong><br \/>\n<strong>Rozmer l\u00e1tky: 10.70 x 13.79 cm<\/strong><br \/>\n<strong>L\u00e1tka<\/strong>: 14 ct\u00a0 aida<br \/>\n<strong>Bavlnky: <\/strong>DMC<br \/>\n<strong>Po\u010det farieb: <\/strong>25 a 2 blendy<br \/>\n<strong>Pou\u017eit\u00e9 techniky: <\/strong>kr\u00ed\u017eiky, ob\u0161\u00edvanie, franc\u00fazske uzl\u00edky<\/p>\n<h4>S\u00fabory na stiahnutie:<\/h4>\n<ul>\n<li><strong>pdf s\u00fabor<\/strong>\n<ul>\n<li style=\"list-style-type: none\">\n<ul>\n<li>v \u010dierno-bielej verzii &#8211; s ob\u0161\u00edvan\u00edm a bez ob\u0161\u00edvania,<\/li>\n<\/ul>\n<\/li>\n<\/ul>\n<h4>Inform\u00e1cie o predlohe:<\/h4>\n<ul>\n<li>vo farebnej verzii &#8211; s ob\u0161\u00edvan\u00edm a bez ob\u0161\u00edvania<\/li>\n<\/ul>\n<\/li>\n<li><strong>cssaga s\u00fabor<\/strong><\/li>\n<\/ul>\n<\/div>","protected":false},"excerpt":{"rendered":"<p><span style=\"font-weight: 400\">Rozko\u0161n\u00e1 predloha na kr\u00ed\u017eikov\u00e9 vy\u0161\u00edvanie v podobe je\u017eka, ktor\u00fd si nesie bohat\u00fa jesenn\u00fa \u00farodu.<\/span><\/p>\n<p><strong>Po\u010det kr\u00ed\u017eikov: 59 x 76<\/strong><br \/>\n<strong>Rozmer l\u00e1tky: 10.70 x 13.79 cm<\/strong><br \/>\n<strong>L\u00e1tka<\/strong>: 14 ct\u00a0 Aida<br \/>\n<strong>Bavlnky: <\/strong>DMC<br \/>\n<strong>Po\u010det farieb: <\/strong>25 + 2 blendy<br \/>\n<strong>Pou\u017eit\u00e9 techniky:<\/strong> kr\u00ed\u017eiky, ob\u0161\u00edvanie, franc\u00fazske uzl\u00edky<\/p>\n","protected":false},"featured_media":29162,"comment_status":"open","ping_status":"closed","template":"","meta":{"_uag_custom_page_level_css":"","ngg_post_thumbnail":0},"product_cat":[243,134,131],"product_tag":[319,250,291,248,370,151],"aioseo_notices":[],"featured_image_urls":{"full":["https:\/\/www.megastitch.eu\/wp-content\/uploads\/2024\/10\/autumn_hedgehog_frame_ss.jpg",1210,1379,false],"thumbnail":["https:\/\/www.megastitch.eu\/wp-content\/uploads\/2024\/10\/autumn_hedgehog_frame_ss-150x150.jpg",150,150,true],"medium":["https:\/\/www.megastitch.eu\/wp-content\/uploads\/2024\/10\/autumn_hedgehog_frame_ss-263x300.jpg",263,300,true],"medium_large":["https:\/\/www.megastitch.eu\/wp-content\/uploads\/2024\/10\/autumn_hedgehog_frame_ss-768x875.jpg",768,875,true],"large":["https:\/\/www.megastitch.eu\/wp-content\/uploads\/2024\/10\/autumn_hedgehog_frame_ss-899x1024.jpg",899,1024,true],"1536x1536":["https:\/\/www.megastitch.eu\/wp-content\/uploads\/2024\/10\/autumn_hedgehog_frame_ss.jpg",1210,1379,false],"2048x2048":["https:\/\/www.megastitch.eu\/wp-content\/uploads\/2024\/10\/autumn_hedgehog_frame_ss.jpg",1210,1379,false],"ultp_layout_landscape_large":["https:\/\/www.megastitch.eu\/wp-content\/uploads\/2024\/10\/autumn_hedgehog_frame_ss-1200x800.jpg",1200,800,true],"ultp_layout_landscape":["https:\/\/www.megastitch.eu\/wp-content\/uploads\/2024\/10\/autumn_hedgehog_frame_ss-870x570.jpg",870,570,true],"ultp_layout_portrait":["https:\/\/www.megastitch.eu\/wp-content\/uploads\/2024\/10\/autumn_hedgehog_frame_ss-600x900.jpg",600,900,true],"ultp_layout_square":["https:\/\/www.megastitch.eu\/wp-content\/uploads\/2024\/10\/autumn_hedgehog_frame_ss-600x600.jpg",600,600,true],"molla_post-grid":["https:\/\/www.megastitch.eu\/wp-content\/uploads\/2024\/10\/autumn_hedgehog_frame_ss-400x267.jpg",400,267,true],"woocommerce_thumbnail":["https:\/\/www.megastitch.eu\/wp-content\/uploads\/2024\/10\/autumn_hedgehog_frame_ss-300x342.jpg",300,342,true],"woocommerce_single":["https:\/\/www.megastitch.eu\/wp-content\/uploads\/2024\/10\/autumn_hedgehog_frame_ss-600x684.jpg",600,684,true],"woocommerce_gallery_thumbnail":["https:\/\/www.megastitch.eu\/wp-content\/uploads\/2024\/10\/autumn_hedgehog_frame_ss-100x100.jpg",100,100,true]},"post_excerpt_stackable":"<p><span style=\"font-weight: 400\">Rozko\u0161n\u00e1 predloha na kr\u00ed\u017eikov\u00e9 vy\u0161\u00edvanie v podobe je\u017eka, ktor\u00fd si nesie bohat\u00fa jesenn\u00fa \u00farodu.<\/span><\/p>\n<p><strong>Po\u010det kr\u00ed\u017eikov: 59 x 76<\/strong><br \/>\n<strong>Rozmer l\u00e1tky: 10.70 x 13.79 cm<\/strong><br \/>\n<strong>L\u00e1tka<\/strong>: 14 ct\u00a0 Aida<br \/>\n<strong>Bavlnky: <\/strong>DMC<br \/>\n<strong>Po\u010det farieb: <\/strong>25 + 2 blendy<br \/>\n<strong>Pou\u017eit\u00e9 techniky:<\/strong> kr\u00ed\u017eiky, ob\u0161\u00edvanie, franc\u00fazske uzl\u00edky<\/p>\n","category_list":"","author_info":{"name":"","url":""},"comments_num":"0 comments","featured_image_urls_v2":{"full":["https:\/\/www.megastitch.eu\/wp-content\/uploads\/2024\/10\/autumn_hedgehog_frame_ss.jpg",1210,1379,false],"thumbnail":["https:\/\/www.megastitch.eu\/wp-content\/uploads\/2024\/10\/autumn_hedgehog_frame_ss-150x150.jpg",150,150,true],"medium":["https:\/\/www.megastitch.eu\/wp-content\/uploads\/2024\/10\/autumn_hedgehog_frame_ss-263x300.jpg",263,300,true],"medium_large":["https:\/\/www.megastitch.eu\/wp-content\/uploads\/2024\/10\/autumn_hedgehog_frame_ss-768x875.jpg",768,875,true],"large":["https:\/\/www.megastitch.eu\/wp-content\/uploads\/2024\/10\/autumn_hedgehog_frame_ss-899x1024.jpg",899,1024,true],"1536x1536":["https:\/\/www.megastitch.eu\/wp-content\/uploads\/2024\/10\/autumn_hedgehog_frame_ss.jpg",1210,1379,false],"2048x2048":["https:\/\/www.megastitch.eu\/wp-content\/uploads\/2024\/10\/autumn_hedgehog_frame_ss.jpg",1210,1379,false],"ultp_layout_landscape_large":["https:\/\/www.megastitch.eu\/wp-content\/uploads\/2024\/10\/autumn_hedgehog_frame_ss-1200x800.jpg",1200,800,true],"ultp_layout_landscape":["https:\/\/www.megastitch.eu\/wp-content\/uploads\/2024\/10\/autumn_hedgehog_frame_ss-870x570.jpg",870,570,true],"ultp_layout_portrait":["https:\/\/www.megastitch.eu\/wp-content\/uploads\/2024\/10\/autumn_hedgehog_frame_ss-600x900.jpg",600,900,true],"ultp_layout_square":["https:\/\/www.megastitch.eu\/wp-content\/uploads\/2024\/10\/autumn_hedgehog_frame_ss-600x600.jpg",600,600,true],"molla_post-grid":["https:\/\/www.megastitch.eu\/wp-content\/uploads\/2024\/10\/autumn_hedgehog_frame_ss-400x267.jpg",400,267,true],"woocommerce_thumbnail":["https:\/\/www.megastitch.eu\/wp-content\/uploads\/2024\/10\/autumn_hedgehog_frame_ss-300x342.jpg",300,342,true],"woocommerce_single":["https:\/\/www.megastitch.eu\/wp-content\/uploads\/2024\/10\/autumn_hedgehog_frame_ss-600x684.jpg",600,684,true],"woocommerce_gallery_thumbnail":["https:\/\/www.megastitch.eu\/wp-content\/uploads\/2024\/10\/autumn_hedgehog_frame_ss-100x100.jpg",100,100,true]},"post_excerpt_stackable_v2":"<p><span style=\"font-weight: 400\">Rozko\u0161n\u00e1 predloha na kr\u00ed\u017eikov\u00e9 vy\u0161\u00edvanie v podobe je\u017eka, ktor\u00fd si nesie bohat\u00fa jesenn\u00fa \u00farodu.<\/span><\/p>\n<p><strong>Po\u010det kr\u00ed\u017eikov: 59 x 76<\/strong><br \/>\n<strong>Rozmer l\u00e1tky: 10.70 x 13.79 cm<\/strong><br \/>\n<strong>L\u00e1tka<\/strong>: 14 ct\u00a0 Aida<br \/>\n<strong>Bavlnky: <\/strong>DMC<br \/>\n<strong>Po\u010det farieb: <\/strong>25 + 2 blendy<br \/>\n<strong>Pou\u017eit\u00e9 techniky:<\/strong> kr\u00ed\u017eiky, ob\u0161\u00edvanie, franc\u00fazske uzl\u00edky<\/p>\n","category_list_v2":"","author_info_v2":{"name":"","url":""},"comments_num_v2":"0 comments","uagb_featured_image_src":{"full":["https:\/\/www.megastitch.eu\/wp-content\/uploads\/2024\/10\/autumn_hedgehog_frame_ss.jpg",1210,1379,false],"thumbnail":["https:\/\/www.megastitch.eu\/wp-content\/uploads\/2024\/10\/autumn_hedgehog_frame_ss-150x150.jpg",150,150,true],"medium":["https:\/\/www.megastitch.eu\/wp-content\/uploads\/2024\/10\/autumn_hedgehog_frame_ss-263x300.jpg",263,300,true],"medium_large":["https:\/\/www.megastitch.eu\/wp-content\/uploads\/2024\/10\/autumn_hedgehog_frame_ss-768x875.jpg",768,875,true],"large":["https:\/\/www.megastitch.eu\/wp-content\/uploads\/2024\/10\/autumn_hedgehog_frame_ss-899x1024.jpg",899,1024,true],"1536x1536":["https:\/\/www.megastitch.eu\/wp-content\/uploads\/2024\/10\/autumn_hedgehog_frame_ss.jpg",1210,1379,false],"2048x2048":["https:\/\/www.megastitch.eu\/wp-content\/uploads\/2024\/10\/autumn_hedgehog_frame_ss.jpg",1210,1379,false],"ultp_layout_landscape_large":["https:\/\/www.megastitch.eu\/wp-content\/uploads\/2024\/10\/autumn_hedgehog_frame_ss-1200x800.jpg",1200,800,true],"ultp_layout_landscape":["https:\/\/www.megastitch.eu\/wp-content\/uploads\/2024\/10\/autumn_hedgehog_frame_ss-870x570.jpg",870,570,true],"ultp_layout_portrait":["https:\/\/www.megastitch.eu\/wp-content\/uploads\/2024\/10\/autumn_hedgehog_frame_ss-600x900.jpg",600,900,true],"ultp_layout_square":["https:\/\/www.megastitch.eu\/wp-content\/uploads\/2024\/10\/autumn_hedgehog_frame_ss-600x600.jpg",600,600,true],"molla_post-grid":["https:\/\/www.megastitch.eu\/wp-content\/uploads\/2024\/10\/autumn_hedgehog_frame_ss-400x267.jpg",400,267,true],"woocommerce_thumbnail":["https:\/\/www.megastitch.eu\/wp-content\/uploads\/2024\/10\/autumn_hedgehog_frame_ss-300x342.jpg",300,342,true],"woocommerce_single":["https:\/\/www.megastitch.eu\/wp-content\/uploads\/2024\/10\/autumn_hedgehog_frame_ss-600x684.jpg",600,684,true],"woocommerce_gallery_thumbnail":["https:\/\/www.megastitch.eu\/wp-content\/uploads\/2024\/10\/autumn_hedgehog_frame_ss-100x100.jpg",100,100,true]},"uagb_author_info":{"display_name":"pagacova","author_link":"https:\/\/www.megastitch.eu\/cs\/author\/"},"uagb_comment_info":0,"uagb_excerpt":"Rozko\u0161n\u00e1 predloha na kr\u00ed\u017eikov\u00e9 vy\u0161\u00edvanie v podobe je\u017eka, ktor\u00fd si nesie bohat\u00fa jesenn\u00fa \u00farodu. Po\u010det kr\u00ed\u017eikov: 59 x 76 Rozmer l\u00e1tky: 10.70 x 13.79 cm L\u00e1tka: 14 ct\u00a0 Aida Bavlnky: DMC Po\u010det farieb: 25 + 2 blendy Pou\u017eit\u00e9 techniky: kr\u00ed\u017eiky, ob\u0161\u00edvanie, franc\u00fazske uzl\u00edky","_links":{"self":[{"href":"https:\/\/www.megastitch.eu\/cs\/wp-json\/wp\/v2\/product\/29161"}],"collection":[{"href":"https:\/\/www.megastitch.eu\/cs\/wp-json\/wp\/v2\/product"}],"about":[{"href":"https:\/\/www.megastitch.eu\/cs\/wp-json\/wp\/v2\/types\/product"}],"replies":[{"embeddable":true,"href":"https:\/\/www.megastitch.eu\/cs\/wp-json\/wp\/v2\/comments?post=29161"}],"wp:featuredmedia":[{"embeddable":true,"href":"https:\/\/www.megastitch.eu\/cs\/wp-json\/wp\/v2\/media\/29162"}],"wp:attachment":[{"href":"https:\/\/www.megastitch.eu\/cs\/wp-json\/wp\/v2\/media?parent=29161"}],"wp:term":[{"taxonomy":"product_cat","embeddable":true,"href":"https:\/\/www.megastitch.eu\/cs\/wp-json\/wp\/v2\/product_cat?post=29161"},{"taxonomy":"product_tag","embeddable":true,"href":"https:\/\/www.megastitch.eu\/cs\/wp-json\/wp\/v2\/product_tag?post=29161"}],"curies":[{"name":"wp","href":"https:\/\/api.w.org\/{rel}","templated":true}]}}