	{"id":29176,"date":"2024-11-19T11:22:53","date_gmt":"2024-11-19T10:22:53","guid":{"rendered":"https:\/\/www.megastitch.eu\/?post_type=product&#038;p=29176"},"modified":"2025-03-05T09:43:45","modified_gmt":"2025-03-05T08:43:45","slug":"den-na-vidieku","status":"publish","type":"product","link":"https:\/\/www.megastitch.eu\/cs\/obchod\/predlohy-na-vysivanie\/velke-predlohy\/den-na-vidieku\/","title":{"rendered":"De\u0148 na vidieku"},"content":{"rendered":"<div class=\"nolwrap\"><p>Ka\u017ed\u00fd kr\u00ed\u017eik vy\u0161it\u00fd na pl\u00e1tno v\u00e1s prenesie do malebn\u00e9ho vidieckeho prostredia. Za\u017eijete slne\u010dn\u00fd de\u0148 na farme, kde mama sliepka a ocko koh\u00fat u\u010dia mal\u00e9 kuriatko objavova\u0165 svet. U\u017eite si s nimi bezstarostn\u00e9 chv\u00edle na vidieku a zaspom\u00ednajte si na detstvo u star\u00fdch rodi\u010dov.<\/p>\n<p>Vezmite do r\u00fak ihlu, napnite pl\u00e1tno v r\u00e1me a vdychujte svie\u017eu v\u00f4nu letn\u00e9ho r\u00e1na.<\/p>\n<p>Autor ilustr\u00e1cie: <a title=\"Lyudmila Znameneva\" href=\"https:\/\/vk.com\/publicludasoft\">Lyudmila Znameneva<\/a><\/p>\n<p>Autorka predlohy: <strong>M\u00e1ria Erbenov\u00e1\u00a0<\/strong><\/p>\n<p><strong>Po\u010det kr\u00ed\u017eikov: 100 x 122<\/strong><br \/>\n<strong>Rozmer l\u00e1tky: 18.14 x 22.13 cm<\/strong><br \/>\n<strong>L\u00e1tka<\/strong>: 14 ct\u00a0 aida<br \/>\n<strong>Bavlnky: <\/strong>DMC<br \/>\n<strong>Po\u010det farieb: <\/strong>52 a 5 blendyov<br \/>\n<strong>Pou\u017eit\u00e9 techniky: <\/strong>kr\u00ed\u017eiky, polkr\u00ed\u017eiky, ob\u0161\u00edvanie, zlomkov\u00e9 drobn\u00e9 ob\u0161\u00edvanie, \u00a0franc\u00fazske uzl\u00edky<\/p>\n<h4>S\u00fabory na stiahnutie:<\/h4>\n<ul>\n<li><strong>pdf s\u00fabor<\/strong>\n<ul>\n<li style=\"list-style-type: none\">\n<ul>\n<li>v \u010dierno-bielej verzii &#8211; s ob\u0161\u00edvan\u00edm a bez ob\u0161\u00edvania,<\/li>\n<\/ul>\n<\/li>\n<\/ul>\n<h4>Inform\u00e1cie o predlohe:<\/h4>\n<ul>\n<li>vo farebnej verzii &#8211; s ob\u0161\u00edvan\u00edm a bez ob\u0161\u00edvania<\/li>\n<\/ul>\n<\/li>\n<li><strong>cssaga s\u00fabor<\/strong><\/li>\n<\/ul>\n<\/div>","protected":false},"excerpt":{"rendered":"<p> Predloha na kr\u00ed\u017eikov\u00e9 vy\u0161\u00edvanie, v tradi\u010dnom obd\u013a\u017enikovom dizajne, s mot\u00edvom vidieckeho dvora s farmou, s koh\u00fatom, sliepkou a kuriatkom na poliach. <\/p>\n<p><strong>Po\u010det kr\u00ed\u017eikov: 100 x 122<\/strong><br \/>\n<strong>Rozmer l\u00e1tky: 18.14 x 22.13 cm<\/strong><br \/>\n<strong>L\u00e1tka<\/strong>: 14 ct\u00a0 Aida<br \/>\n<strong>Bavlnky: <\/strong>DMC<br \/>\n<strong>Po\u010det farieb: <\/strong>52 + 5 blendoy<br \/>\n<strong>Pou\u017eit\u00e9 techniky:<\/strong> kr\u00ed\u017eiky, polkr\u00ed\u017eiky, zlomkov\u00e9 drobn\u00e9 ob\u0161\u00edvanie, ob\u0161\u00edvanie, franc\u00fazske uzl\u00edky<\/p>\n","protected":false},"featured_media":29463,"comment_status":"open","ping_status":"closed","template":"","meta":{"_uag_custom_page_level_css":"","ngg_post_thumbnail":0},"product_cat":[131,247],"product_tag":[256,291,48,151],"aioseo_notices":[],"featured_image_urls":{"full":["https:\/\/www.megastitch.eu\/wp-content\/uploads\/2024\/11\/A_day_in_the_countryside_frame_ss.jpg",1704,1967,false],"thumbnail":["https:\/\/www.megastitch.eu\/wp-content\/uploads\/2024\/11\/A_day_in_the_countryside_frame_ss-150x150.jpg",150,150,true],"medium":["https:\/\/www.megastitch.eu\/wp-content\/uploads\/2024\/11\/A_day_in_the_countryside_frame_ss-260x300.jpg",260,300,true],"medium_large":["https:\/\/www.megastitch.eu\/wp-content\/uploads\/2024\/11\/A_day_in_the_countryside_frame_ss-768x887.jpg",768,887,true],"large":["https:\/\/www.megastitch.eu\/wp-content\/uploads\/2024\/11\/A_day_in_the_countryside_frame_ss-887x1024.jpg",887,1024,true],"1536x1536":["https:\/\/www.megastitch.eu\/wp-content\/uploads\/2024\/11\/A_day_in_the_countryside_frame_ss-1331x1536.jpg",1331,1536,true],"2048x2048":["https:\/\/www.megastitch.eu\/wp-content\/uploads\/2024\/11\/A_day_in_the_countryside_frame_ss.jpg",1704,1967,false],"ultp_layout_landscape_large":["https:\/\/www.megastitch.eu\/wp-content\/uploads\/2024\/11\/A_day_in_the_countryside_frame_ss-1200x800.jpg",1200,800,true],"ultp_layout_landscape":["https:\/\/www.megastitch.eu\/wp-content\/uploads\/2024\/11\/A_day_in_the_countryside_frame_ss-870x570.jpg",870,570,true],"ultp_layout_portrait":["https:\/\/www.megastitch.eu\/wp-content\/uploads\/2024\/11\/A_day_in_the_countryside_frame_ss-600x900.jpg",600,900,true],"ultp_layout_square":["https:\/\/www.megastitch.eu\/wp-content\/uploads\/2024\/11\/A_day_in_the_countryside_frame_ss-600x600.jpg",600,600,true],"molla_post-grid":["https:\/\/www.megastitch.eu\/wp-content\/uploads\/2024\/11\/A_day_in_the_countryside_frame_ss-400x267.jpg",400,267,true],"woocommerce_thumbnail":["https:\/\/www.megastitch.eu\/wp-content\/uploads\/2024\/11\/A_day_in_the_countryside_frame_ss-300x346.jpg",300,346,true],"woocommerce_single":["https:\/\/www.megastitch.eu\/wp-content\/uploads\/2024\/11\/A_day_in_the_countryside_frame_ss-600x693.jpg",600,693,true],"woocommerce_gallery_thumbnail":["https:\/\/www.megastitch.eu\/wp-content\/uploads\/2024\/11\/A_day_in_the_countryside_frame_ss-100x100.jpg",100,100,true]},"post_excerpt_stackable":"<p> Predloha na kr\u00ed\u017eikov\u00e9 vy\u0161\u00edvanie, v tradi\u010dnom obd\u013a\u017enikovom dizajne, s mot\u00edvom vidieckeho dvora s farmou, s koh\u00fatom, sliepkou a kuriatkom na poliach. <\/p>\n<p><strong>Po\u010det kr\u00ed\u017eikov: 100 x 122<\/strong><br \/>\n<strong>Rozmer l\u00e1tky: 18.14 x 22.13 cm<\/strong><br \/>\n<strong>L\u00e1tka<\/strong>: 14 ct\u00a0 Aida<br \/>\n<strong>Bavlnky: <\/strong>DMC<br \/>\n<strong>Po\u010det farieb: <\/strong>52 + 5 blendoy<br \/>\n<strong>Pou\u017eit\u00e9 techniky:<\/strong> kr\u00ed\u017eiky, polkr\u00ed\u017eiky, zlomkov\u00e9 drobn\u00e9 ob\u0161\u00edvanie, ob\u0161\u00edvanie, franc\u00fazske uzl\u00edky<\/p>\n","category_list":"","author_info":{"name":"","url":""},"comments_num":"0 comments","featured_image_urls_v2":{"full":["https:\/\/www.megastitch.eu\/wp-content\/uploads\/2024\/11\/A_day_in_the_countryside_frame_ss.jpg",1704,1967,false],"thumbnail":["https:\/\/www.megastitch.eu\/wp-content\/uploads\/2024\/11\/A_day_in_the_countryside_frame_ss-150x150.jpg",150,150,true],"medium":["https:\/\/www.megastitch.eu\/wp-content\/uploads\/2024\/11\/A_day_in_the_countryside_frame_ss-260x300.jpg",260,300,true],"medium_large":["https:\/\/www.megastitch.eu\/wp-content\/uploads\/2024\/11\/A_day_in_the_countryside_frame_ss-768x887.jpg",768,887,true],"large":["https:\/\/www.megastitch.eu\/wp-content\/uploads\/2024\/11\/A_day_in_the_countryside_frame_ss-887x1024.jpg",887,1024,true],"1536x1536":["https:\/\/www.megastitch.eu\/wp-content\/uploads\/2024\/11\/A_day_in_the_countryside_frame_ss-1331x1536.jpg",1331,1536,true],"2048x2048":["https:\/\/www.megastitch.eu\/wp-content\/uploads\/2024\/11\/A_day_in_the_countryside_frame_ss.jpg",1704,1967,false],"ultp_layout_landscape_large":["https:\/\/www.megastitch.eu\/wp-content\/uploads\/2024\/11\/A_day_in_the_countryside_frame_ss-1200x800.jpg",1200,800,true],"ultp_layout_landscape":["https:\/\/www.megastitch.eu\/wp-content\/uploads\/2024\/11\/A_day_in_the_countryside_frame_ss-870x570.jpg",870,570,true],"ultp_layout_portrait":["https:\/\/www.megastitch.eu\/wp-content\/uploads\/2024\/11\/A_day_in_the_countryside_frame_ss-600x900.jpg",600,900,true],"ultp_layout_square":["https:\/\/www.megastitch.eu\/wp-content\/uploads\/2024\/11\/A_day_in_the_countryside_frame_ss-600x600.jpg",600,600,true],"molla_post-grid":["https:\/\/www.megastitch.eu\/wp-content\/uploads\/2024\/11\/A_day_in_the_countryside_frame_ss-400x267.jpg",400,267,true],"woocommerce_thumbnail":["https:\/\/www.megastitch.eu\/wp-content\/uploads\/2024\/11\/A_day_in_the_countryside_frame_ss-300x346.jpg",300,346,true],"woocommerce_single":["https:\/\/www.megastitch.eu\/wp-content\/uploads\/2024\/11\/A_day_in_the_countryside_frame_ss-600x693.jpg",600,693,true],"woocommerce_gallery_thumbnail":["https:\/\/www.megastitch.eu\/wp-content\/uploads\/2024\/11\/A_day_in_the_countryside_frame_ss-100x100.jpg",100,100,true]},"post_excerpt_stackable_v2":"<p> Predloha na kr\u00ed\u017eikov\u00e9 vy\u0161\u00edvanie, v tradi\u010dnom obd\u013a\u017enikovom dizajne, s mot\u00edvom vidieckeho dvora s farmou, s koh\u00fatom, sliepkou a kuriatkom na poliach. <\/p>\n<p><strong>Po\u010det kr\u00ed\u017eikov: 100 x 122<\/strong><br \/>\n<strong>Rozmer l\u00e1tky: 18.14 x 22.13 cm<\/strong><br \/>\n<strong>L\u00e1tka<\/strong>: 14 ct\u00a0 Aida<br \/>\n<strong>Bavlnky: <\/strong>DMC<br \/>\n<strong>Po\u010det farieb: <\/strong>52 + 5 blendoy<br \/>\n<strong>Pou\u017eit\u00e9 techniky:<\/strong> kr\u00ed\u017eiky, polkr\u00ed\u017eiky, zlomkov\u00e9 drobn\u00e9 ob\u0161\u00edvanie, ob\u0161\u00edvanie, franc\u00fazske uzl\u00edky<\/p>\n","category_list_v2":"","author_info_v2":{"name":"","url":""},"comments_num_v2":"0 comments","uagb_featured_image_src":{"full":["https:\/\/www.megastitch.eu\/wp-content\/uploads\/2024\/11\/A_day_in_the_countryside_frame_ss.jpg",1704,1967,false],"thumbnail":["https:\/\/www.megastitch.eu\/wp-content\/uploads\/2024\/11\/A_day_in_the_countryside_frame_ss-150x150.jpg",150,150,true],"medium":["https:\/\/www.megastitch.eu\/wp-content\/uploads\/2024\/11\/A_day_in_the_countryside_frame_ss-260x300.jpg",260,300,true],"medium_large":["https:\/\/www.megastitch.eu\/wp-content\/uploads\/2024\/11\/A_day_in_the_countryside_frame_ss-768x887.jpg",768,887,true],"large":["https:\/\/www.megastitch.eu\/wp-content\/uploads\/2024\/11\/A_day_in_the_countryside_frame_ss-887x1024.jpg",887,1024,true],"1536x1536":["https:\/\/www.megastitch.eu\/wp-content\/uploads\/2024\/11\/A_day_in_the_countryside_frame_ss-1331x1536.jpg",1331,1536,true],"2048x2048":["https:\/\/www.megastitch.eu\/wp-content\/uploads\/2024\/11\/A_day_in_the_countryside_frame_ss.jpg",1704,1967,false],"ultp_layout_landscape_large":["https:\/\/www.megastitch.eu\/wp-content\/uploads\/2024\/11\/A_day_in_the_countryside_frame_ss-1200x800.jpg",1200,800,true],"ultp_layout_landscape":["https:\/\/www.megastitch.eu\/wp-content\/uploads\/2024\/11\/A_day_in_the_countryside_frame_ss-870x570.jpg",870,570,true],"ultp_layout_portrait":["https:\/\/www.megastitch.eu\/wp-content\/uploads\/2024\/11\/A_day_in_the_countryside_frame_ss-600x900.jpg",600,900,true],"ultp_layout_square":["https:\/\/www.megastitch.eu\/wp-content\/uploads\/2024\/11\/A_day_in_the_countryside_frame_ss-600x600.jpg",600,600,true],"molla_post-grid":["https:\/\/www.megastitch.eu\/wp-content\/uploads\/2024\/11\/A_day_in_the_countryside_frame_ss-400x267.jpg",400,267,true],"woocommerce_thumbnail":["https:\/\/www.megastitch.eu\/wp-content\/uploads\/2024\/11\/A_day_in_the_countryside_frame_ss-300x346.jpg",300,346,true],"woocommerce_single":["https:\/\/www.megastitch.eu\/wp-content\/uploads\/2024\/11\/A_day_in_the_countryside_frame_ss-600x693.jpg",600,693,true],"woocommerce_gallery_thumbnail":["https:\/\/www.megastitch.eu\/wp-content\/uploads\/2024\/11\/A_day_in_the_countryside_frame_ss-100x100.jpg",100,100,true]},"uagb_author_info":{"display_name":"pagacova","author_link":"https:\/\/www.megastitch.eu\/cs\/author\/"},"uagb_comment_info":0,"uagb_excerpt":"Predloha na kr\u00ed\u017eikov\u00e9 vy\u0161\u00edvanie, v tradi\u010dnom obd\u013a\u017enikovom dizajne, s mot\u00edvom vidieckeho dvora s farmou, s koh\u00fatom, sliepkou a kuriatkom na poliach. Po\u010det kr\u00ed\u017eikov: 100 x 122 Rozmer l\u00e1tky: 18.14 x 22.13 cm L\u00e1tka: 14 ct\u00a0 Aida Bavlnky: DMC Po\u010det farieb: 52 + 5 blendoy Pou\u017eit\u00e9 techniky: kr\u00ed\u017eiky, polkr\u00ed\u017eiky, zlomkov\u00e9 drobn\u00e9 ob\u0161\u00edvanie, ob\u0161\u00edvanie, franc\u00fazske uzl\u00edky","_links":{"self":[{"href":"https:\/\/www.megastitch.eu\/cs\/wp-json\/wp\/v2\/product\/29176"}],"collection":[{"href":"https:\/\/www.megastitch.eu\/cs\/wp-json\/wp\/v2\/product"}],"about":[{"href":"https:\/\/www.megastitch.eu\/cs\/wp-json\/wp\/v2\/types\/product"}],"replies":[{"embeddable":true,"href":"https:\/\/www.megastitch.eu\/cs\/wp-json\/wp\/v2\/comments?post=29176"}],"wp:featuredmedia":[{"embeddable":true,"href":"https:\/\/www.megastitch.eu\/cs\/wp-json\/wp\/v2\/media\/29463"}],"wp:attachment":[{"href":"https:\/\/www.megastitch.eu\/cs\/wp-json\/wp\/v2\/media?parent=29176"}],"wp:term":[{"taxonomy":"product_cat","embeddable":true,"href":"https:\/\/www.megastitch.eu\/cs\/wp-json\/wp\/v2\/product_cat?post=29176"},{"taxonomy":"product_tag","embeddable":true,"href":"https:\/\/www.megastitch.eu\/cs\/wp-json\/wp\/v2\/product_tag?post=29176"}],"curies":[{"name":"wp","href":"https:\/\/api.w.org\/{rel}","templated":true}]}}