	{"id":29342,"date":"2024-12-20T17:32:28","date_gmt":"2024-12-20T16:32:28","guid":{"rendered":"https:\/\/www.megastitch.eu\/?post_type=product&#038;p=29342"},"modified":"2024-12-26T14:16:58","modified_gmt":"2024-12-26T13:16:58","slug":"divoky-zapad-kaktus","status":"publish","type":"product","link":"https:\/\/www.megastitch.eu\/cs\/obchod\/predlohy-na-vysivanie\/male-predlohy\/divoky-zapad-kaktus\/","title":{"rendered":"Divok\u00fd z\u00e1pad kaktus"},"content":{"rendered":"<div class=\"nolwrap\"><p>Preneste sa do \u010dias divok\u00e9ho z\u00e1padu s origin\u00e1lnou predlohou na kr\u00ed\u017eikov\u00e9 vy\u0161\u00edvanie Ka\u017ed\u00fd kr\u00ed\u017eik vyrozpr\u00e1va pr\u00edbehy nekone\u010dn\u00fdch horizontov, drsnej pr\u00edrody a ob\u00e1van\u00fdch banditov. Predloha je dokonal\u00e1 pre milovn\u00edkov kr\u00ed\u017eikov\u00e9ho vy\u0161\u00edvania a westernov. <\/p>\n<p>Preme\u0148te vo\u013en\u00e9 chv\u00edle na hru, vytiahnite Eso z ruk\u00e1va a  vy\u0161ite si dobrodru\u017estvo priamo na pl\u00e1tno. <\/p>\n<p>Autorka predlohy: <strong>M\u00e1ria Erbenov\u00e1\u00a0<\/strong><br \/>\n<strong>Po\u010det kr\u00ed\u017eikov: <\/strong>36 x 52<br \/>\n<strong>Rozmer l\u00e1tky: <\/strong>6.53 x 9.43 cm<br \/>\n<strong>L\u00e1tka<\/strong>: 14 ct\u00a0 aida<br \/>\n<strong>Bavlnky: <\/strong>DMC<br \/>\n<strong>Po\u010det farieb: <\/strong>22 a 3 blend<br \/>\n<strong>Pou\u017eit\u00e9 techniky: <\/strong>kr\u00ed\u017eiky, ob\u0161\u00edvanie<\/p>\n<h4>S\u00fabory na stiahnutie:<\/h4>\n<ul>\n<li><strong>pdf s\u00fabor<\/strong>\n<ul>\n<li style=\"list-style-type: none\">\n<ul>\n<li>v \u010dierno-bielej verzii &#8211; s ob\u0161\u00edvan\u00edm a bez ob\u0161\u00edvania,<\/li>\n<\/ul>\n<\/li>\n<\/ul>\n<h4>Inform\u00e1cie o predlohe:<\/h4>\n<ul>\n<li>vo farebnej verzii &#8211; s ob\u0161\u00edvan\u00edm a bez ob\u0161\u00edvania<\/li>\n<\/ul>\n<\/li>\n<li><strong>cssaga s\u00fabor<\/strong><\/li>\n<\/ul>\n<\/div>","protected":false},"excerpt":{"rendered":"<p>Predloha na kr\u00ed\u017eikov\u00e9 vy\u0161\u00edvanie v tvare hracej karty Eso, z ed\u00edcie Divok\u00fd z\u00e1pad, s mot\u00edvom kaktusu. <\/p>\n<p><strong>Po\u010det kr\u00ed\u017eikov: 36 x 52<\/strong><br \/>\n<strong>Rozmer l\u00e1tky: 6.53 x 9.43 cm<\/strong><br \/>\n<strong>L\u00e1tka<\/strong>: 14 ct\u00a0 Aida<br \/>\n<strong>Bavlnky: <\/strong>DMC<br \/>\n<strong>Po\u010det farieb: <\/strong>22 + 3 blendy<br \/>\n<strong>Pou\u017eit\u00e9 techniky:<\/strong> kr\u00ed\u017eiky, ob\u0161\u00edvanie<\/p>\n","protected":false},"featured_media":29343,"comment_status":"open","ping_status":"closed","template":"","meta":{"_uag_custom_page_level_css":"","ngg_post_thumbnail":0},"product_cat":[134,113,131],"product_tag":[319,374,375,48],"aioseo_notices":[],"featured_image_urls":{"full":["https:\/\/www.megastitch.eu\/wp-content\/uploads\/2024\/12\/wild_west_cactus_fr.jpg",944,1098,false],"thumbnail":["https:\/\/www.megastitch.eu\/wp-content\/uploads\/2024\/12\/wild_west_cactus_fr-150x150.jpg",150,150,true],"medium":["https:\/\/www.megastitch.eu\/wp-content\/uploads\/2024\/12\/wild_west_cactus_fr-258x300.jpg",258,300,true],"medium_large":["https:\/\/www.megastitch.eu\/wp-content\/uploads\/2024\/12\/wild_west_cactus_fr-768x893.jpg",768,893,true],"large":["https:\/\/www.megastitch.eu\/wp-content\/uploads\/2024\/12\/wild_west_cactus_fr-880x1024.jpg",880,1024,true],"1536x1536":["https:\/\/www.megastitch.eu\/wp-content\/uploads\/2024\/12\/wild_west_cactus_fr.jpg",944,1098,false],"2048x2048":["https:\/\/www.megastitch.eu\/wp-content\/uploads\/2024\/12\/wild_west_cactus_fr.jpg",944,1098,false],"ultp_layout_landscape_large":["https:\/\/www.megastitch.eu\/wp-content\/uploads\/2024\/12\/wild_west_cactus_fr-944x800.jpg",944,800,true],"ultp_layout_landscape":["https:\/\/www.megastitch.eu\/wp-content\/uploads\/2024\/12\/wild_west_cactus_fr-870x570.jpg",870,570,true],"ultp_layout_portrait":["https:\/\/www.megastitch.eu\/wp-content\/uploads\/2024\/12\/wild_west_cactus_fr-600x900.jpg",600,900,true],"ultp_layout_square":["https:\/\/www.megastitch.eu\/wp-content\/uploads\/2024\/12\/wild_west_cactus_fr-600x600.jpg",600,600,true],"molla_post-grid":["https:\/\/www.megastitch.eu\/wp-content\/uploads\/2024\/12\/wild_west_cactus_fr-400x267.jpg",400,267,true],"woocommerce_thumbnail":["https:\/\/www.megastitch.eu\/wp-content\/uploads\/2024\/12\/wild_west_cactus_fr-300x349.jpg",300,349,true],"woocommerce_single":["https:\/\/www.megastitch.eu\/wp-content\/uploads\/2024\/12\/wild_west_cactus_fr-600x698.jpg",600,698,true],"woocommerce_gallery_thumbnail":["https:\/\/www.megastitch.eu\/wp-content\/uploads\/2024\/12\/wild_west_cactus_fr-100x100.jpg",100,100,true]},"post_excerpt_stackable":"<p>Predloha na kr\u00ed\u017eikov\u00e9 vy\u0161\u00edvanie v tvare hracej karty Eso, z ed\u00edcie Divok\u00fd z\u00e1pad, s mot\u00edvom kaktusu. <\/p>\n<p><strong>Po\u010det kr\u00ed\u017eikov: 36 x 52<\/strong><br \/>\n<strong>Rozmer l\u00e1tky: 6.53 x 9.43 cm<\/strong><br \/>\n<strong>L\u00e1tka<\/strong>: 14 ct\u00a0 Aida<br \/>\n<strong>Bavlnky: <\/strong>DMC<br \/>\n<strong>Po\u010det farieb: <\/strong>22 + 3 blendy<br \/>\n<strong>Pou\u017eit\u00e9 techniky:<\/strong> kr\u00ed\u017eiky, ob\u0161\u00edvanie<\/p>\n","category_list":"","author_info":{"name":"","url":""},"comments_num":"0 comments","featured_image_urls_v2":{"full":["https:\/\/www.megastitch.eu\/wp-content\/uploads\/2024\/12\/wild_west_cactus_fr.jpg",944,1098,false],"thumbnail":["https:\/\/www.megastitch.eu\/wp-content\/uploads\/2024\/12\/wild_west_cactus_fr-150x150.jpg",150,150,true],"medium":["https:\/\/www.megastitch.eu\/wp-content\/uploads\/2024\/12\/wild_west_cactus_fr-258x300.jpg",258,300,true],"medium_large":["https:\/\/www.megastitch.eu\/wp-content\/uploads\/2024\/12\/wild_west_cactus_fr-768x893.jpg",768,893,true],"large":["https:\/\/www.megastitch.eu\/wp-content\/uploads\/2024\/12\/wild_west_cactus_fr-880x1024.jpg",880,1024,true],"1536x1536":["https:\/\/www.megastitch.eu\/wp-content\/uploads\/2024\/12\/wild_west_cactus_fr.jpg",944,1098,false],"2048x2048":["https:\/\/www.megastitch.eu\/wp-content\/uploads\/2024\/12\/wild_west_cactus_fr.jpg",944,1098,false],"ultp_layout_landscape_large":["https:\/\/www.megastitch.eu\/wp-content\/uploads\/2024\/12\/wild_west_cactus_fr-944x800.jpg",944,800,true],"ultp_layout_landscape":["https:\/\/www.megastitch.eu\/wp-content\/uploads\/2024\/12\/wild_west_cactus_fr-870x570.jpg",870,570,true],"ultp_layout_portrait":["https:\/\/www.megastitch.eu\/wp-content\/uploads\/2024\/12\/wild_west_cactus_fr-600x900.jpg",600,900,true],"ultp_layout_square":["https:\/\/www.megastitch.eu\/wp-content\/uploads\/2024\/12\/wild_west_cactus_fr-600x600.jpg",600,600,true],"molla_post-grid":["https:\/\/www.megastitch.eu\/wp-content\/uploads\/2024\/12\/wild_west_cactus_fr-400x267.jpg",400,267,true],"woocommerce_thumbnail":["https:\/\/www.megastitch.eu\/wp-content\/uploads\/2024\/12\/wild_west_cactus_fr-300x349.jpg",300,349,true],"woocommerce_single":["https:\/\/www.megastitch.eu\/wp-content\/uploads\/2024\/12\/wild_west_cactus_fr-600x698.jpg",600,698,true],"woocommerce_gallery_thumbnail":["https:\/\/www.megastitch.eu\/wp-content\/uploads\/2024\/12\/wild_west_cactus_fr-100x100.jpg",100,100,true]},"post_excerpt_stackable_v2":"<p>Predloha na kr\u00ed\u017eikov\u00e9 vy\u0161\u00edvanie v tvare hracej karty Eso, z ed\u00edcie Divok\u00fd z\u00e1pad, s mot\u00edvom kaktusu. <\/p>\n<p><strong>Po\u010det kr\u00ed\u017eikov: 36 x 52<\/strong><br \/>\n<strong>Rozmer l\u00e1tky: 6.53 x 9.43 cm<\/strong><br \/>\n<strong>L\u00e1tka<\/strong>: 14 ct\u00a0 Aida<br \/>\n<strong>Bavlnky: <\/strong>DMC<br \/>\n<strong>Po\u010det farieb: <\/strong>22 + 3 blendy<br \/>\n<strong>Pou\u017eit\u00e9 techniky:<\/strong> kr\u00ed\u017eiky, ob\u0161\u00edvanie<\/p>\n","category_list_v2":"","author_info_v2":{"name":"","url":""},"comments_num_v2":"0 comments","uagb_featured_image_src":{"full":["https:\/\/www.megastitch.eu\/wp-content\/uploads\/2024\/12\/wild_west_cactus_fr.jpg",944,1098,false],"thumbnail":["https:\/\/www.megastitch.eu\/wp-content\/uploads\/2024\/12\/wild_west_cactus_fr-150x150.jpg",150,150,true],"medium":["https:\/\/www.megastitch.eu\/wp-content\/uploads\/2024\/12\/wild_west_cactus_fr-258x300.jpg",258,300,true],"medium_large":["https:\/\/www.megastitch.eu\/wp-content\/uploads\/2024\/12\/wild_west_cactus_fr-768x893.jpg",768,893,true],"large":["https:\/\/www.megastitch.eu\/wp-content\/uploads\/2024\/12\/wild_west_cactus_fr-880x1024.jpg",880,1024,true],"1536x1536":["https:\/\/www.megastitch.eu\/wp-content\/uploads\/2024\/12\/wild_west_cactus_fr.jpg",944,1098,false],"2048x2048":["https:\/\/www.megastitch.eu\/wp-content\/uploads\/2024\/12\/wild_west_cactus_fr.jpg",944,1098,false],"ultp_layout_landscape_large":["https:\/\/www.megastitch.eu\/wp-content\/uploads\/2024\/12\/wild_west_cactus_fr-944x800.jpg",944,800,true],"ultp_layout_landscape":["https:\/\/www.megastitch.eu\/wp-content\/uploads\/2024\/12\/wild_west_cactus_fr-870x570.jpg",870,570,true],"ultp_layout_portrait":["https:\/\/www.megastitch.eu\/wp-content\/uploads\/2024\/12\/wild_west_cactus_fr-600x900.jpg",600,900,true],"ultp_layout_square":["https:\/\/www.megastitch.eu\/wp-content\/uploads\/2024\/12\/wild_west_cactus_fr-600x600.jpg",600,600,true],"molla_post-grid":["https:\/\/www.megastitch.eu\/wp-content\/uploads\/2024\/12\/wild_west_cactus_fr-400x267.jpg",400,267,true],"woocommerce_thumbnail":["https:\/\/www.megastitch.eu\/wp-content\/uploads\/2024\/12\/wild_west_cactus_fr-300x349.jpg",300,349,true],"woocommerce_single":["https:\/\/www.megastitch.eu\/wp-content\/uploads\/2024\/12\/wild_west_cactus_fr-600x698.jpg",600,698,true],"woocommerce_gallery_thumbnail":["https:\/\/www.megastitch.eu\/wp-content\/uploads\/2024\/12\/wild_west_cactus_fr-100x100.jpg",100,100,true]},"uagb_author_info":{"display_name":"pagacova","author_link":"https:\/\/www.megastitch.eu\/cs\/author\/"},"uagb_comment_info":0,"uagb_excerpt":"Predloha na kr\u00ed\u017eikov\u00e9 vy\u0161\u00edvanie v tvare hracej karty Eso, z ed\u00edcie Divok\u00fd z\u00e1pad, s mot\u00edvom kaktusu. Po\u010det kr\u00ed\u017eikov: 36 x 52 Rozmer l\u00e1tky: 6.53 x 9.43 cm L\u00e1tka: 14 ct\u00a0 Aida Bavlnky: DMC Po\u010det farieb: 22 + 3 blendy Pou\u017eit\u00e9 techniky: kr\u00ed\u017eiky, ob\u0161\u00edvanie","_links":{"self":[{"href":"https:\/\/www.megastitch.eu\/cs\/wp-json\/wp\/v2\/product\/29342"}],"collection":[{"href":"https:\/\/www.megastitch.eu\/cs\/wp-json\/wp\/v2\/product"}],"about":[{"href":"https:\/\/www.megastitch.eu\/cs\/wp-json\/wp\/v2\/types\/product"}],"replies":[{"embeddable":true,"href":"https:\/\/www.megastitch.eu\/cs\/wp-json\/wp\/v2\/comments?post=29342"}],"wp:featuredmedia":[{"embeddable":true,"href":"https:\/\/www.megastitch.eu\/cs\/wp-json\/wp\/v2\/media\/29343"}],"wp:attachment":[{"href":"https:\/\/www.megastitch.eu\/cs\/wp-json\/wp\/v2\/media?parent=29342"}],"wp:term":[{"taxonomy":"product_cat","embeddable":true,"href":"https:\/\/www.megastitch.eu\/cs\/wp-json\/wp\/v2\/product_cat?post=29342"},{"taxonomy":"product_tag","embeddable":true,"href":"https:\/\/www.megastitch.eu\/cs\/wp-json\/wp\/v2\/product_tag?post=29342"}],"curies":[{"name":"wp","href":"https:\/\/api.w.org\/{rel}","templated":true}]}}