	{"id":29350,"date":"2024-12-26T13:52:23","date_gmt":"2024-12-26T12:52:23","guid":{"rendered":"https:\/\/www.megastitch.eu\/?post_type=product&#038;p=29350"},"modified":"2024-12-26T19:02:30","modified_gmt":"2024-12-26T18:02:30","slug":"vianocny-dar","status":"publish","type":"product","link":"https:\/\/www.megastitch.eu\/cs\/obchod\/predlohy-na-vysivanie\/stredne-predlohy\/vianocny-dar\/","title":{"rendered":"Viano\u010dn\u00fd dar"},"content":{"rendered":"<div class=\"nolwrap\"><p>Mot\u00edv z viano\u010dnej predlohy na kr\u00ed\u017eikov\u00e9 vy\u0161\u00edvanie v podobe dar\u010deka, zelen\u00fdch vetvi\u010diek a roztomil\u00fdch pern\u00edkov\u00fdch jele\u0148ov v sebe sp\u00e1ja l\u00e1sku k trad\u00edci\u00e1m, v\u00f4\u0148u domova a rados\u0165 zo sviato\u010dn\u00fdch pr\u00edprav.<\/p>\n<p>Ka\u017ed\u00fd kr\u00ed\u017eik uroben\u00fd na predlohe je chv\u00ed\u013ekou pokoja, v ktorej m\u00f4\u017ee\u0161 vytvori\u0165 nie\u010do, \u010do bude zdobi\u0165 tvoj domov, sviato\u010dn\u00fd st\u00f4l alebo pote\u0161\u00ed milovan\u00fdch ako dar\u010dek z tvojich r\u00fak.<\/p>\n<p>Vytvor si sviato\u010dn\u00fa spomienku, ktor\u00e1 nikdy nevyprch\u00e1. <\/p>\n<p>Autorka predlohy: <strong>M\u00e1ria Erbenov\u00e1\u00a0<\/strong><br \/>\n<strong>Po\u010det kr\u00ed\u017eikov: <\/strong>127 x 59<br \/>\n<strong>Rozmer l\u00e1tky: <\/strong>23.04 x 10.70 cm<br \/>\n<strong>L\u00e1tka<\/strong>: 14 ct\u00a0 aida<br \/>\n<strong>Bavlnky: <\/strong>DMC<br \/>\n<strong>Po\u010det farieb: <\/strong>57 a 11 blend<br \/>\n<strong>Pou\u017eit\u00e9 techniky: <\/strong>kr\u00ed\u017eiky, polkr\u00ed\u017eiky, ob\u0161\u00edvanie<\/p>\n<h4>S\u00fabory na stiahnutie:<\/h4>\n<ul>\n<li><strong>pdf s\u00fabor<\/strong>\n<ul>\n<li style=\"list-style-type: none\">\n<ul>\n<li>v \u010dierno-bielej verzii &#8211; s ob\u0161\u00edvan\u00edm a bez ob\u0161\u00edvania,<\/li>\n<\/ul>\n<\/li>\n<\/ul>\n<h4>Inform\u00e1cie o predlohe:<\/h4>\n<ul>\n<li>vo farebnej verzii &#8211; s ob\u0161\u00edvan\u00edm a bez ob\u0161\u00edvania<\/li>\n<\/ul>\n<\/li>\n<li><strong>cssaga s\u00fabor<\/strong><\/li>\n<\/ul>\n<\/div>","protected":false},"excerpt":{"rendered":"<p>Predloha na kr\u00ed\u017eikov\u00e9 vy\u0161\u00edvanie s viano\u010dn\u00fdm mot\u00edvom dar\u010deka, zelen\u00fdch vetvi\u010diek, kor\u010d\u00fa\u013e a pern\u00edkov\u00fdch jele\u0148ov. <\/p>\n<p><strong>Po\u010det kr\u00ed\u017eikov: 127 x 59<\/strong><br \/>\n<strong>Rozmer l\u00e1tky: 23.04 x 10.70 cm<\/strong><br \/>\n<strong>L\u00e1tka<\/strong>: 14 ct\u00a0 Aida<br \/>\n<strong>Bavlnky: <\/strong>DMC<br \/>\n<strong>Po\u010det farieb: <\/strong>57 + 11 blend<br \/>\n<strong>Pou\u017eit\u00e9 techniky:<\/strong> kr\u00ed\u017eiky, polkr\u00ed\u017eiky, ob\u0161\u00edvanie<\/p>\n","protected":false},"featured_media":29351,"comment_status":"open","ping_status":"closed","template":"","meta":{"_uag_custom_page_level_css":"","ngg_post_thumbnail":0},"product_cat":[131,138,171],"product_tag":[376,245,46,254,151],"aioseo_notices":[],"featured_image_urls":{"full":["https:\/\/www.megastitch.eu\/wp-content\/uploads\/2024\/12\/christmas_gift_ss.jpg",2268,1452,false],"thumbnail":["https:\/\/www.megastitch.eu\/wp-content\/uploads\/2024\/12\/christmas_gift_ss-150x150.jpg",150,150,true],"medium":["https:\/\/www.megastitch.eu\/wp-content\/uploads\/2024\/12\/christmas_gift_ss-300x192.jpg",300,192,true],"medium_large":["https:\/\/www.megastitch.eu\/wp-content\/uploads\/2024\/12\/christmas_gift_ss-768x492.jpg",768,492,true],"large":["https:\/\/www.megastitch.eu\/wp-content\/uploads\/2024\/12\/christmas_gift_ss-1024x656.jpg",1024,656,true],"1536x1536":["https:\/\/www.megastitch.eu\/wp-content\/uploads\/2024\/12\/christmas_gift_ss-1536x983.jpg",1536,983,true],"2048x2048":["https:\/\/www.megastitch.eu\/wp-content\/uploads\/2024\/12\/christmas_gift_ss-2048x1311.jpg",2048,1311,true],"ultp_layout_landscape_large":["https:\/\/www.megastitch.eu\/wp-content\/uploads\/2024\/12\/christmas_gift_ss-1200x800.jpg",1200,800,true],"ultp_layout_landscape":["https:\/\/www.megastitch.eu\/wp-content\/uploads\/2024\/12\/christmas_gift_ss-870x570.jpg",870,570,true],"ultp_layout_portrait":["https:\/\/www.megastitch.eu\/wp-content\/uploads\/2024\/12\/christmas_gift_ss-600x900.jpg",600,900,true],"ultp_layout_square":["https:\/\/www.megastitch.eu\/wp-content\/uploads\/2024\/12\/christmas_gift_ss-600x600.jpg",600,600,true],"molla_post-grid":["https:\/\/www.megastitch.eu\/wp-content\/uploads\/2024\/12\/christmas_gift_ss-400x267.jpg",400,267,true],"woocommerce_thumbnail":["https:\/\/www.megastitch.eu\/wp-content\/uploads\/2024\/12\/christmas_gift_ss-300x192.jpg",300,192,true],"woocommerce_single":["https:\/\/www.megastitch.eu\/wp-content\/uploads\/2024\/12\/christmas_gift_ss-600x384.jpg",600,384,true],"woocommerce_gallery_thumbnail":["https:\/\/www.megastitch.eu\/wp-content\/uploads\/2024\/12\/christmas_gift_ss-100x100.jpg",100,100,true]},"post_excerpt_stackable":"<p>Predloha na kr\u00ed\u017eikov\u00e9 vy\u0161\u00edvanie s viano\u010dn\u00fdm mot\u00edvom dar\u010deka, zelen\u00fdch vetvi\u010diek, kor\u010d\u00fa\u013e a pern\u00edkov\u00fdch jele\u0148ov. <\/p>\n<p><strong>Po\u010det kr\u00ed\u017eikov: 127 x 59<\/strong><br \/>\n<strong>Rozmer l\u00e1tky: 23.04 x 10.70 cm<\/strong><br \/>\n<strong>L\u00e1tka<\/strong>: 14 ct\u00a0 Aida<br \/>\n<strong>Bavlnky: <\/strong>DMC<br \/>\n<strong>Po\u010det farieb: <\/strong>57 + 11 blend<br \/>\n<strong>Pou\u017eit\u00e9 techniky:<\/strong> kr\u00ed\u017eiky, polkr\u00ed\u017eiky, ob\u0161\u00edvanie<\/p>\n","category_list":"","author_info":{"name":"","url":""},"comments_num":"0 comments","featured_image_urls_v2":{"full":["https:\/\/www.megastitch.eu\/wp-content\/uploads\/2024\/12\/christmas_gift_ss.jpg",2268,1452,false],"thumbnail":["https:\/\/www.megastitch.eu\/wp-content\/uploads\/2024\/12\/christmas_gift_ss-150x150.jpg",150,150,true],"medium":["https:\/\/www.megastitch.eu\/wp-content\/uploads\/2024\/12\/christmas_gift_ss-300x192.jpg",300,192,true],"medium_large":["https:\/\/www.megastitch.eu\/wp-content\/uploads\/2024\/12\/christmas_gift_ss-768x492.jpg",768,492,true],"large":["https:\/\/www.megastitch.eu\/wp-content\/uploads\/2024\/12\/christmas_gift_ss-1024x656.jpg",1024,656,true],"1536x1536":["https:\/\/www.megastitch.eu\/wp-content\/uploads\/2024\/12\/christmas_gift_ss-1536x983.jpg",1536,983,true],"2048x2048":["https:\/\/www.megastitch.eu\/wp-content\/uploads\/2024\/12\/christmas_gift_ss-2048x1311.jpg",2048,1311,true],"ultp_layout_landscape_large":["https:\/\/www.megastitch.eu\/wp-content\/uploads\/2024\/12\/christmas_gift_ss-1200x800.jpg",1200,800,true],"ultp_layout_landscape":["https:\/\/www.megastitch.eu\/wp-content\/uploads\/2024\/12\/christmas_gift_ss-870x570.jpg",870,570,true],"ultp_layout_portrait":["https:\/\/www.megastitch.eu\/wp-content\/uploads\/2024\/12\/christmas_gift_ss-600x900.jpg",600,900,true],"ultp_layout_square":["https:\/\/www.megastitch.eu\/wp-content\/uploads\/2024\/12\/christmas_gift_ss-600x600.jpg",600,600,true],"molla_post-grid":["https:\/\/www.megastitch.eu\/wp-content\/uploads\/2024\/12\/christmas_gift_ss-400x267.jpg",400,267,true],"woocommerce_thumbnail":["https:\/\/www.megastitch.eu\/wp-content\/uploads\/2024\/12\/christmas_gift_ss-300x192.jpg",300,192,true],"woocommerce_single":["https:\/\/www.megastitch.eu\/wp-content\/uploads\/2024\/12\/christmas_gift_ss-600x384.jpg",600,384,true],"woocommerce_gallery_thumbnail":["https:\/\/www.megastitch.eu\/wp-content\/uploads\/2024\/12\/christmas_gift_ss-100x100.jpg",100,100,true]},"post_excerpt_stackable_v2":"<p>Predloha na kr\u00ed\u017eikov\u00e9 vy\u0161\u00edvanie s viano\u010dn\u00fdm mot\u00edvom dar\u010deka, zelen\u00fdch vetvi\u010diek, kor\u010d\u00fa\u013e a pern\u00edkov\u00fdch jele\u0148ov. <\/p>\n<p><strong>Po\u010det kr\u00ed\u017eikov: 127 x 59<\/strong><br \/>\n<strong>Rozmer l\u00e1tky: 23.04 x 10.70 cm<\/strong><br \/>\n<strong>L\u00e1tka<\/strong>: 14 ct\u00a0 Aida<br \/>\n<strong>Bavlnky: <\/strong>DMC<br \/>\n<strong>Po\u010det farieb: <\/strong>57 + 11 blend<br \/>\n<strong>Pou\u017eit\u00e9 techniky:<\/strong> kr\u00ed\u017eiky, polkr\u00ed\u017eiky, ob\u0161\u00edvanie<\/p>\n","category_list_v2":"","author_info_v2":{"name":"","url":""},"comments_num_v2":"0 comments","uagb_featured_image_src":{"full":["https:\/\/www.megastitch.eu\/wp-content\/uploads\/2024\/12\/christmas_gift_ss.jpg",2268,1452,false],"thumbnail":["https:\/\/www.megastitch.eu\/wp-content\/uploads\/2024\/12\/christmas_gift_ss-150x150.jpg",150,150,true],"medium":["https:\/\/www.megastitch.eu\/wp-content\/uploads\/2024\/12\/christmas_gift_ss-300x192.jpg",300,192,true],"medium_large":["https:\/\/www.megastitch.eu\/wp-content\/uploads\/2024\/12\/christmas_gift_ss-768x492.jpg",768,492,true],"large":["https:\/\/www.megastitch.eu\/wp-content\/uploads\/2024\/12\/christmas_gift_ss-1024x656.jpg",1024,656,true],"1536x1536":["https:\/\/www.megastitch.eu\/wp-content\/uploads\/2024\/12\/christmas_gift_ss-1536x983.jpg",1536,983,true],"2048x2048":["https:\/\/www.megastitch.eu\/wp-content\/uploads\/2024\/12\/christmas_gift_ss-2048x1311.jpg",2048,1311,true],"ultp_layout_landscape_large":["https:\/\/www.megastitch.eu\/wp-content\/uploads\/2024\/12\/christmas_gift_ss-1200x800.jpg",1200,800,true],"ultp_layout_landscape":["https:\/\/www.megastitch.eu\/wp-content\/uploads\/2024\/12\/christmas_gift_ss-870x570.jpg",870,570,true],"ultp_layout_portrait":["https:\/\/www.megastitch.eu\/wp-content\/uploads\/2024\/12\/christmas_gift_ss-600x900.jpg",600,900,true],"ultp_layout_square":["https:\/\/www.megastitch.eu\/wp-content\/uploads\/2024\/12\/christmas_gift_ss-600x600.jpg",600,600,true],"molla_post-grid":["https:\/\/www.megastitch.eu\/wp-content\/uploads\/2024\/12\/christmas_gift_ss-400x267.jpg",400,267,true],"woocommerce_thumbnail":["https:\/\/www.megastitch.eu\/wp-content\/uploads\/2024\/12\/christmas_gift_ss-300x192.jpg",300,192,true],"woocommerce_single":["https:\/\/www.megastitch.eu\/wp-content\/uploads\/2024\/12\/christmas_gift_ss-600x384.jpg",600,384,true],"woocommerce_gallery_thumbnail":["https:\/\/www.megastitch.eu\/wp-content\/uploads\/2024\/12\/christmas_gift_ss-100x100.jpg",100,100,true]},"uagb_author_info":{"display_name":"pagacova","author_link":"https:\/\/www.megastitch.eu\/cs\/author\/"},"uagb_comment_info":0,"uagb_excerpt":"Predloha na kr\u00ed\u017eikov\u00e9 vy\u0161\u00edvanie s viano\u010dn\u00fdm mot\u00edvom dar\u010deka, zelen\u00fdch vetvi\u010diek, kor\u010d\u00fa\u013e a pern\u00edkov\u00fdch jele\u0148ov. Po\u010det kr\u00ed\u017eikov: 127 x 59 Rozmer l\u00e1tky: 23.04 x 10.70 cm L\u00e1tka: 14 ct\u00a0 Aida Bavlnky: DMC Po\u010det farieb: 57 + 11 blend Pou\u017eit\u00e9 techniky: kr\u00ed\u017eiky, polkr\u00ed\u017eiky, ob\u0161\u00edvanie","_links":{"self":[{"href":"https:\/\/www.megastitch.eu\/cs\/wp-json\/wp\/v2\/product\/29350"}],"collection":[{"href":"https:\/\/www.megastitch.eu\/cs\/wp-json\/wp\/v2\/product"}],"about":[{"href":"https:\/\/www.megastitch.eu\/cs\/wp-json\/wp\/v2\/types\/product"}],"replies":[{"embeddable":true,"href":"https:\/\/www.megastitch.eu\/cs\/wp-json\/wp\/v2\/comments?post=29350"}],"wp:featuredmedia":[{"embeddable":true,"href":"https:\/\/www.megastitch.eu\/cs\/wp-json\/wp\/v2\/media\/29351"}],"wp:attachment":[{"href":"https:\/\/www.megastitch.eu\/cs\/wp-json\/wp\/v2\/media?parent=29350"}],"wp:term":[{"taxonomy":"product_cat","embeddable":true,"href":"https:\/\/www.megastitch.eu\/cs\/wp-json\/wp\/v2\/product_cat?post=29350"},{"taxonomy":"product_tag","embeddable":true,"href":"https:\/\/www.megastitch.eu\/cs\/wp-json\/wp\/v2\/product_tag?post=29350"}],"curies":[{"name":"wp","href":"https:\/\/api.w.org\/{rel}","templated":true}]}}