	{"id":29391,"date":"2025-02-13T18:05:21","date_gmt":"2025-02-13T17:05:21","guid":{"rendered":"https:\/\/www.megastitch.eu\/?post_type=product&#038;p=29391"},"modified":"2025-03-07T16:28:13","modified_gmt":"2025-03-07T15:28:13","slug":"zahrada","status":"publish","type":"product","link":"https:\/\/www.megastitch.eu\/cs\/obchod\/predlohy-na-vysivanie\/male-predlohy\/zahrada\/","title":{"rendered":"Z\u00e1hrada"},"content":{"rendered":"<div class=\"nolwrap\"><p>Jar je obdobie nov\u00fdch za\u010diatkov a pr\u00edbehov trpezlivosti. Drobn\u00e9 semienka ukryt\u00e9 v zemi sn\u00edvaj\u00fa o dni, kedy prerazia hlinu a ok\u00fapu sa v tepl\u00fdch l\u00fa\u010doch slnka.<\/p>\n<p>Vezmite do r\u00fak ihlu a tak ako semienka v kvetin\u00e1\u010di, nechajte r\u00e1s\u0165 aj svoju v\u00fd\u0161ivku. Ka\u017ed\u00fd kr\u00ed\u017eik je krokom k n\u00e1dhern\u00e9mu dielu a\u017e sa napokon odhal\u00ed v celej svojej kr\u00e1se. Vy\u0161ite si predlohu, ktor\u00e1 \u010dak\u00e1 na svoje rozkvitnutie.<\/p>\n<p>Na <a title=\"drevenom podklade\" href=\"https:\/\/www.megastitch.eu\/obchod\/podklady-na-vysivanie\/drevene-podklady-na-vysivanie\/podlozka-na-vysivanie-vzor-osmicka\/\" target=\"_blank\" rel=\"noopener\">drevenom podklade<\/a> alebo na plastovej <a title=\"Aide ct 14\" href=\"https:\/\/www.megastitch.eu\/kategoria-produktu\/podklady-na-vysivanie\/plastova-aida\/\" target=\"_blank\" rel=\"noopener\">Aide ct 14<\/a> sa z v\u00fd\u0161ivky stane dokonal\u00e1 dekor\u00e1cia.<\/p>\n<p><br style=\"font-weight: 400\" \/>Autorka predlohy: <strong>M\u00e1ria Erbenov\u00e1\u00a0<\/strong><\/p>\n<h4>Inform\u00e1cie o predlohe:<\/h4>\n<p><strong>Po\u010det kr\u00ed\u017eikov: 35 x 57<br \/>\n<\/strong><\/p>\n<p><strong>Rozmer l\u00e1tky: 6.35 x 10.34 cm<\/strong><br \/>\n<strong>L\u00e1tka<\/strong>: 14 ct\u00a0 aida<br \/>\n<strong>Bavlnky: <\/strong>DMC<br \/>\n<strong>Po\u010det farieb: <\/strong>18 a 1 blend<br \/>\n<strong>Pou\u017eit\u00e9 techniky:<\/strong> kr\u00ed\u017eiky, ob\u0161\u00edvanie, franc\u00fazske uzl\u00edky<\/p>\n<h4>S\u00fabory na stiahnutie:<\/h4>\n<ul>\n<li><strong>pdf s\u00fabor<\/strong>\n<ul>\n<li>v \u010dierno-bielej verzii &#8211; s ob\u0161\u00edvan\u00edm a bez ob\u0161\u00edvania,<\/li>\n<li>vo farebnej verzii &#8211; s ob\u0161\u00edvan\u00edm a bez ob\u0161\u00edvania<\/li>\n<\/ul>\n<\/li>\n<li><strong>cssaga s\u00fabor<\/strong><\/li>\n<\/ul>\n<\/div>","protected":false},"excerpt":{"rendered":"<h4><span style=\"font-weight: 400\">Predloha na kr\u00ed\u017eikov\u00e9 vy\u0161\u00edvanie v tvare 8, s mot\u00edvom jarnej z\u00e1hrady, kvetin\u00e1\u010da pln\u00e9ho zelen\u00fdch priesad a n\u00e1radia.<\/span><\/h4>\n<p><strong>Po\u010det kr\u00ed\u017eikov: 35 x 57<\/strong><br \/>\n<strong>Rozmer l\u00e1tky: 6.35 x 10.34 cm<\/strong><br \/>\n<strong>L\u00e1tka<\/strong>: 14 ct\u00a0 Aida<br \/>\n<strong>Bavlnky: <\/strong>DMC<br \/>\n<strong>Po\u010det farieb: <\/strong>18 + 1 blend<br \/>\n<strong>Pou\u017eit\u00e9 techniky:<\/strong> kr\u00ed\u017eiky, ob\u0161\u00edvanie, franc\u00fazske uzl\u00edky<\/p>\n","protected":false},"featured_media":29394,"comment_status":"open","ping_status":"closed","template":"","meta":{"_uag_custom_page_level_css":"","ngg_post_thumbnail":0},"product_cat":[257,134,131],"product_tag":[319,256,139,378,219],"aioseo_notices":[],"featured_image_urls":{"full":["https:\/\/www.megastitch.eu\/wp-content\/uploads\/2025\/02\/garden_frame.jpg",978,1194,false],"thumbnail":["https:\/\/www.megastitch.eu\/wp-content\/uploads\/2025\/02\/garden_frame-150x150.jpg",150,150,true],"medium":["https:\/\/www.megastitch.eu\/wp-content\/uploads\/2025\/02\/garden_frame-246x300.jpg",246,300,true],"medium_large":["https:\/\/www.megastitch.eu\/wp-content\/uploads\/2025\/02\/garden_frame-768x938.jpg",768,938,true],"large":["https:\/\/www.megastitch.eu\/wp-content\/uploads\/2025\/02\/garden_frame-839x1024.jpg",839,1024,true],"1536x1536":["https:\/\/www.megastitch.eu\/wp-content\/uploads\/2025\/02\/garden_frame.jpg",978,1194,false],"2048x2048":["https:\/\/www.megastitch.eu\/wp-content\/uploads\/2025\/02\/garden_frame.jpg",978,1194,false],"ultp_layout_landscape_large":["https:\/\/www.megastitch.eu\/wp-content\/uploads\/2025\/02\/garden_frame-978x800.jpg",978,800,true],"ultp_layout_landscape":["https:\/\/www.megastitch.eu\/wp-content\/uploads\/2025\/02\/garden_frame-870x570.jpg",870,570,true],"ultp_layout_portrait":["https:\/\/www.megastitch.eu\/wp-content\/uploads\/2025\/02\/garden_frame-600x900.jpg",600,900,true],"ultp_layout_square":["https:\/\/www.megastitch.eu\/wp-content\/uploads\/2025\/02\/garden_frame-600x600.jpg",600,600,true],"molla_post-grid":["https:\/\/www.megastitch.eu\/wp-content\/uploads\/2025\/02\/garden_frame-400x267.jpg",400,267,true],"woocommerce_thumbnail":["https:\/\/www.megastitch.eu\/wp-content\/uploads\/2025\/02\/garden_frame-300x366.jpg",300,366,true],"woocommerce_single":["https:\/\/www.megastitch.eu\/wp-content\/uploads\/2025\/02\/garden_frame-600x733.jpg",600,733,true],"woocommerce_gallery_thumbnail":["https:\/\/www.megastitch.eu\/wp-content\/uploads\/2025\/02\/garden_frame-100x100.jpg",100,100,true]},"post_excerpt_stackable":"<h4><span style=\"font-weight: 400\">Predloha na kr\u00ed\u017eikov\u00e9 vy\u0161\u00edvanie v tvare 8, s mot\u00edvom jarnej z\u00e1hrady, kvetin\u00e1\u010da pln\u00e9ho zelen\u00fdch priesad a n\u00e1radia.<\/span><\/h4>\n<p><strong>Po\u010det kr\u00ed\u017eikov: 35 x 57<\/strong><br \/>\n<strong>Rozmer l\u00e1tky: 6.35 x 10.34 cm<\/strong><br \/>\n<strong>L\u00e1tka<\/strong>: 14 ct\u00a0 Aida<br \/>\n<strong>Bavlnky: <\/strong>DMC<br \/>\n<strong>Po\u010det farieb: <\/strong>18 + 1 blend<br \/>\n<strong>Pou\u017eit\u00e9 techniky:<\/strong> kr\u00ed\u017eiky, ob\u0161\u00edvanie, franc\u00fazske uzl\u00edky<\/p>\n","category_list":"","author_info":{"name":"","url":""},"comments_num":"0 comments","featured_image_urls_v2":{"full":["https:\/\/www.megastitch.eu\/wp-content\/uploads\/2025\/02\/garden_frame.jpg",978,1194,false],"thumbnail":["https:\/\/www.megastitch.eu\/wp-content\/uploads\/2025\/02\/garden_frame-150x150.jpg",150,150,true],"medium":["https:\/\/www.megastitch.eu\/wp-content\/uploads\/2025\/02\/garden_frame-246x300.jpg",246,300,true],"medium_large":["https:\/\/www.megastitch.eu\/wp-content\/uploads\/2025\/02\/garden_frame-768x938.jpg",768,938,true],"large":["https:\/\/www.megastitch.eu\/wp-content\/uploads\/2025\/02\/garden_frame-839x1024.jpg",839,1024,true],"1536x1536":["https:\/\/www.megastitch.eu\/wp-content\/uploads\/2025\/02\/garden_frame.jpg",978,1194,false],"2048x2048":["https:\/\/www.megastitch.eu\/wp-content\/uploads\/2025\/02\/garden_frame.jpg",978,1194,false],"ultp_layout_landscape_large":["https:\/\/www.megastitch.eu\/wp-content\/uploads\/2025\/02\/garden_frame-978x800.jpg",978,800,true],"ultp_layout_landscape":["https:\/\/www.megastitch.eu\/wp-content\/uploads\/2025\/02\/garden_frame-870x570.jpg",870,570,true],"ultp_layout_portrait":["https:\/\/www.megastitch.eu\/wp-content\/uploads\/2025\/02\/garden_frame-600x900.jpg",600,900,true],"ultp_layout_square":["https:\/\/www.megastitch.eu\/wp-content\/uploads\/2025\/02\/garden_frame-600x600.jpg",600,600,true],"molla_post-grid":["https:\/\/www.megastitch.eu\/wp-content\/uploads\/2025\/02\/garden_frame-400x267.jpg",400,267,true],"woocommerce_thumbnail":["https:\/\/www.megastitch.eu\/wp-content\/uploads\/2025\/02\/garden_frame-300x366.jpg",300,366,true],"woocommerce_single":["https:\/\/www.megastitch.eu\/wp-content\/uploads\/2025\/02\/garden_frame-600x733.jpg",600,733,true],"woocommerce_gallery_thumbnail":["https:\/\/www.megastitch.eu\/wp-content\/uploads\/2025\/02\/garden_frame-100x100.jpg",100,100,true]},"post_excerpt_stackable_v2":"<h4><span style=\"font-weight: 400\">Predloha na kr\u00ed\u017eikov\u00e9 vy\u0161\u00edvanie v tvare 8, s mot\u00edvom jarnej z\u00e1hrady, kvetin\u00e1\u010da pln\u00e9ho zelen\u00fdch priesad a n\u00e1radia.<\/span><\/h4>\n<p><strong>Po\u010det kr\u00ed\u017eikov: 35 x 57<\/strong><br \/>\n<strong>Rozmer l\u00e1tky: 6.35 x 10.34 cm<\/strong><br \/>\n<strong>L\u00e1tka<\/strong>: 14 ct\u00a0 Aida<br \/>\n<strong>Bavlnky: <\/strong>DMC<br \/>\n<strong>Po\u010det farieb: <\/strong>18 + 1 blend<br \/>\n<strong>Pou\u017eit\u00e9 techniky:<\/strong> kr\u00ed\u017eiky, ob\u0161\u00edvanie, franc\u00fazske uzl\u00edky<\/p>\n","category_list_v2":"","author_info_v2":{"name":"","url":""},"comments_num_v2":"0 comments","uagb_featured_image_src":{"full":["https:\/\/www.megastitch.eu\/wp-content\/uploads\/2025\/02\/garden_frame.jpg",978,1194,false],"thumbnail":["https:\/\/www.megastitch.eu\/wp-content\/uploads\/2025\/02\/garden_frame-150x150.jpg",150,150,true],"medium":["https:\/\/www.megastitch.eu\/wp-content\/uploads\/2025\/02\/garden_frame-246x300.jpg",246,300,true],"medium_large":["https:\/\/www.megastitch.eu\/wp-content\/uploads\/2025\/02\/garden_frame-768x938.jpg",768,938,true],"large":["https:\/\/www.megastitch.eu\/wp-content\/uploads\/2025\/02\/garden_frame-839x1024.jpg",839,1024,true],"1536x1536":["https:\/\/www.megastitch.eu\/wp-content\/uploads\/2025\/02\/garden_frame.jpg",978,1194,false],"2048x2048":["https:\/\/www.megastitch.eu\/wp-content\/uploads\/2025\/02\/garden_frame.jpg",978,1194,false],"ultp_layout_landscape_large":["https:\/\/www.megastitch.eu\/wp-content\/uploads\/2025\/02\/garden_frame-978x800.jpg",978,800,true],"ultp_layout_landscape":["https:\/\/www.megastitch.eu\/wp-content\/uploads\/2025\/02\/garden_frame-870x570.jpg",870,570,true],"ultp_layout_portrait":["https:\/\/www.megastitch.eu\/wp-content\/uploads\/2025\/02\/garden_frame-600x900.jpg",600,900,true],"ultp_layout_square":["https:\/\/www.megastitch.eu\/wp-content\/uploads\/2025\/02\/garden_frame-600x600.jpg",600,600,true],"molla_post-grid":["https:\/\/www.megastitch.eu\/wp-content\/uploads\/2025\/02\/garden_frame-400x267.jpg",400,267,true],"woocommerce_thumbnail":["https:\/\/www.megastitch.eu\/wp-content\/uploads\/2025\/02\/garden_frame-300x366.jpg",300,366,true],"woocommerce_single":["https:\/\/www.megastitch.eu\/wp-content\/uploads\/2025\/02\/garden_frame-600x733.jpg",600,733,true],"woocommerce_gallery_thumbnail":["https:\/\/www.megastitch.eu\/wp-content\/uploads\/2025\/02\/garden_frame-100x100.jpg",100,100,true]},"uagb_author_info":{"display_name":"pagacova","author_link":"https:\/\/www.megastitch.eu\/cs\/author\/"},"uagb_comment_info":0,"uagb_excerpt":"Predloha na kr\u00ed\u017eikov\u00e9 vy\u0161\u00edvanie v tvare 8, s mot\u00edvom jarnej z\u00e1hrady, kvetin\u00e1\u010da pln\u00e9ho zelen\u00fdch priesad a n\u00e1radia. Po\u010det kr\u00ed\u017eikov: 35 x 57 Rozmer l\u00e1tky: 6.35 x 10.34 cm L\u00e1tka: 14 ct\u00a0 Aida Bavlnky: DMC Po\u010det farieb: 18 + 1 blend Pou\u017eit\u00e9 techniky: kr\u00ed\u017eiky, ob\u0161\u00edvanie, franc\u00fazske uzl\u00edky","_links":{"self":[{"href":"https:\/\/www.megastitch.eu\/cs\/wp-json\/wp\/v2\/product\/29391"}],"collection":[{"href":"https:\/\/www.megastitch.eu\/cs\/wp-json\/wp\/v2\/product"}],"about":[{"href":"https:\/\/www.megastitch.eu\/cs\/wp-json\/wp\/v2\/types\/product"}],"replies":[{"embeddable":true,"href":"https:\/\/www.megastitch.eu\/cs\/wp-json\/wp\/v2\/comments?post=29391"}],"wp:featuredmedia":[{"embeddable":true,"href":"https:\/\/www.megastitch.eu\/cs\/wp-json\/wp\/v2\/media\/29394"}],"wp:attachment":[{"href":"https:\/\/www.megastitch.eu\/cs\/wp-json\/wp\/v2\/media?parent=29391"}],"wp:term":[{"taxonomy":"product_cat","embeddable":true,"href":"https:\/\/www.megastitch.eu\/cs\/wp-json\/wp\/v2\/product_cat?post=29391"},{"taxonomy":"product_tag","embeddable":true,"href":"https:\/\/www.megastitch.eu\/cs\/wp-json\/wp\/v2\/product_tag?post=29391"}],"curies":[{"name":"wp","href":"https:\/\/api.w.org\/{rel}","templated":true}]}}