	{"id":29443,"date":"2025-02-17T04:40:32","date_gmt":"2025-02-17T03:40:32","guid":{"rendered":"https:\/\/www.megastitch.eu\/?post_type=product&#038;p=29443"},"modified":"2025-03-07T16:25:19","modified_gmt":"2025-03-07T15:25:19","slug":"auticko","status":"publish","type":"product","link":"https:\/\/www.megastitch.eu\/cs\/obchod\/predlohy-na-vysivanie\/male-predlohy\/auticko\/","title":{"rendered":"Aut\u00ed\u010dko"},"content":{"rendered":"<div class=\"nolwrap\"><p>V\u00fdlet snov na kr\u00ed\u017eikovej ceste sa pr\u00e1ve za\u010d\u00edna. Za ka\u017edou z\u00e1krutou na v\u00e1s \u010dak\u00e1 nov\u00e9 dobrodru\u017estvo. Nechajte ihlu nakresli\u0165 pr\u00edbeh, mal\u00e9ho \u010derven\u00e9ho aut\u00ed\u010dka s ktor\u00fdm sa m\u00f4\u017eete sta\u0165 \u010d\u00edmko\u013evek. Svet kr\u00ed\u017eikov\u00e9ho vy\u0161\u00edvania nepozn\u00e1 hranice. T\u00fa\u017eite by\u0165 pretek\u00e1rom, dobrodru\u017en\u00fdm objavite\u013eom alebo len tak bezcie\u013ene br\u00e1zdi\u0165 krajinu? <\/p>\n<p>Vy\u0161ite si predlohu na dreven\u00fd podklad alebo na plastovku. \u017diadny mal\u00fd z\u00e1vodn\u00edk jej neodol\u00e1. <\/p>\n<p>Na <a title=\"drevenom podklade\" href=\"https:\/\/www.megastitch.eu\/obchod\/podklady-na-vysivanie\/drevene-podklady-na-vysivanie\/podlozka-na-vysivanie-vzor-osmicka\/\" target=\"_blank\" rel=\"noopener\">drevenom podklade<\/a> alebo na plastovej <a title=\"Aide ct 14\" href=\"https:\/\/www.megastitch.eu\/kategoria-produktu\/podklady-na-vysivanie\/plastova-aida\/\" target=\"_blank\" rel=\"noopener\">Aide ct 14<\/a> sa z v\u00fd\u0161ivky stane dokonal\u00e1 dekor\u00e1cia.<\/p>\n<p><br style=\"font-weight: 400\" \/>Autorka predlohy: <strong>M\u00e1ria Erbenov\u00e1\u00a0<\/strong><\/p>\n<h4>Inform\u00e1cie o predlohe:<\/h4>\n<p><strong>Po\u010det kr\u00ed\u017eikov: 39 x 59<br \/>\n<strong>Rozmer l\u00e1tky: 7.08 x 10.70 cm<\/strong><br \/>\n<strong>L\u00e1tka<\/strong>: 14 ct\u00a0 aida<br \/>\n<strong>Bavlnky: <\/strong>DMC<br \/>\n<strong>Po\u010det farieb: <\/strong>20<br \/>\n<strong>Pou\u017eit\u00e9 techniky:<\/strong> kr\u00ed\u017eiky, ob\u0161\u00edvanie<\/p>\n<h4>S\u00fabory na stiahnutie:<\/h4>\n<ul>\n<li><strong>pdf s\u00fabor<\/strong>\n<ul>\n<li>v \u010dierno-bielej verzii &#8211; s ob\u0161\u00edvan\u00edm a bez ob\u0161\u00edvania,<\/li>\n<li>vo farebnej verzii &#8211; s ob\u0161\u00edvan\u00edm a bez ob\u0161\u00edvania<\/li>\n<\/ul>\n<\/li>\n<li><strong>cssaga s\u00fabor<\/strong><\/li>\n<\/ul>\n<\/div>","protected":false},"excerpt":{"rendered":"<h4><span style=\"font-weight: 400\">Detsk\u00e1 predloha na kr\u00ed\u017eikov\u00e9 vy\u0161\u00edvanie v tvare srdca s mot\u00edvom hrav\u00e9ho \u010derven\u00e9ho aut\u00ed\u010dka na ceste.<\/p>\n<p><\/span><\/h4>\n<p><strong>Po\u010det kr\u00ed\u017eikov: 39 x 59<\/strong><br \/>\n<strong>Rozmer l\u00e1tky: 7.08 x 10.70 cm<\/strong><br \/>\n<strong>L\u00e1tka<\/strong>: 14 ct\u00a0 Aida<br \/>\n<strong>Bavlnky: <\/strong>DMC<br \/>\n<strong>Po\u010det farieb: <\/strong>20<br \/>\n<strong>Pou\u017eit\u00e9 techniky:<\/strong> kr\u00ed\u017eiky, ob\u0161\u00edvanie<\/p>\n","protected":false},"featured_media":29444,"comment_status":"open","ping_status":"closed","template":"","meta":{"_uag_custom_page_level_css":"","ngg_post_thumbnail":0},"product_cat":[243,134,131,212],"product_tag":[319,336,377,303,208],"aioseo_notices":[],"featured_image_urls":{"full":["https:\/\/www.megastitch.eu\/wp-content\/uploads\/2025\/02\/little_car_frame_ss.jpg",1211,1452,false],"thumbnail":["https:\/\/www.megastitch.eu\/wp-content\/uploads\/2025\/02\/little_car_frame_ss-150x150.jpg",150,150,true],"medium":["https:\/\/www.megastitch.eu\/wp-content\/uploads\/2025\/02\/little_car_frame_ss-250x300.jpg",250,300,true],"medium_large":["https:\/\/www.megastitch.eu\/wp-content\/uploads\/2025\/02\/little_car_frame_ss-768x921.jpg",768,921,true],"large":["https:\/\/www.megastitch.eu\/wp-content\/uploads\/2025\/02\/little_car_frame_ss-854x1024.jpg",854,1024,true],"1536x1536":["https:\/\/www.megastitch.eu\/wp-content\/uploads\/2025\/02\/little_car_frame_ss.jpg",1211,1452,false],"2048x2048":["https:\/\/www.megastitch.eu\/wp-content\/uploads\/2025\/02\/little_car_frame_ss.jpg",1211,1452,false],"ultp_layout_landscape_large":["https:\/\/www.megastitch.eu\/wp-content\/uploads\/2025\/02\/little_car_frame_ss-1200x800.jpg",1200,800,true],"ultp_layout_landscape":["https:\/\/www.megastitch.eu\/wp-content\/uploads\/2025\/02\/little_car_frame_ss-870x570.jpg",870,570,true],"ultp_layout_portrait":["https:\/\/www.megastitch.eu\/wp-content\/uploads\/2025\/02\/little_car_frame_ss-600x900.jpg",600,900,true],"ultp_layout_square":["https:\/\/www.megastitch.eu\/wp-content\/uploads\/2025\/02\/little_car_frame_ss-600x600.jpg",600,600,true],"molla_post-grid":["https:\/\/www.megastitch.eu\/wp-content\/uploads\/2025\/02\/little_car_frame_ss-400x267.jpg",400,267,true],"woocommerce_thumbnail":["https:\/\/www.megastitch.eu\/wp-content\/uploads\/2025\/02\/little_car_frame_ss-300x360.jpg",300,360,true],"woocommerce_single":["https:\/\/www.megastitch.eu\/wp-content\/uploads\/2025\/02\/little_car_frame_ss-600x719.jpg",600,719,true],"woocommerce_gallery_thumbnail":["https:\/\/www.megastitch.eu\/wp-content\/uploads\/2025\/02\/little_car_frame_ss-100x100.jpg",100,100,true]},"post_excerpt_stackable":"<h4><span style=\"font-weight: 400\">Detsk\u00e1 predloha na kr\u00ed\u017eikov\u00e9 vy\u0161\u00edvanie v tvare srdca s mot\u00edvom hrav\u00e9ho \u010derven\u00e9ho aut\u00ed\u010dka na ceste.<\/p>\n<p><\/span><\/h4>\n<p><strong>Po\u010det kr\u00ed\u017eikov: 39 x 59<\/strong><br \/>\n<strong>Rozmer l\u00e1tky: 7.08 x 10.70 cm<\/strong><br \/>\n<strong>L\u00e1tka<\/strong>: 14 ct\u00a0 Aida<br \/>\n<strong>Bavlnky: <\/strong>DMC<br \/>\n<strong>Po\u010det farieb: <\/strong>20<br \/>\n<strong>Pou\u017eit\u00e9 techniky:<\/strong> kr\u00ed\u017eiky, ob\u0161\u00edvanie<\/p>\n","category_list":"","author_info":{"name":"","url":""},"comments_num":"0 comments","featured_image_urls_v2":{"full":["https:\/\/www.megastitch.eu\/wp-content\/uploads\/2025\/02\/little_car_frame_ss.jpg",1211,1452,false],"thumbnail":["https:\/\/www.megastitch.eu\/wp-content\/uploads\/2025\/02\/little_car_frame_ss-150x150.jpg",150,150,true],"medium":["https:\/\/www.megastitch.eu\/wp-content\/uploads\/2025\/02\/little_car_frame_ss-250x300.jpg",250,300,true],"medium_large":["https:\/\/www.megastitch.eu\/wp-content\/uploads\/2025\/02\/little_car_frame_ss-768x921.jpg",768,921,true],"large":["https:\/\/www.megastitch.eu\/wp-content\/uploads\/2025\/02\/little_car_frame_ss-854x1024.jpg",854,1024,true],"1536x1536":["https:\/\/www.megastitch.eu\/wp-content\/uploads\/2025\/02\/little_car_frame_ss.jpg",1211,1452,false],"2048x2048":["https:\/\/www.megastitch.eu\/wp-content\/uploads\/2025\/02\/little_car_frame_ss.jpg",1211,1452,false],"ultp_layout_landscape_large":["https:\/\/www.megastitch.eu\/wp-content\/uploads\/2025\/02\/little_car_frame_ss-1200x800.jpg",1200,800,true],"ultp_layout_landscape":["https:\/\/www.megastitch.eu\/wp-content\/uploads\/2025\/02\/little_car_frame_ss-870x570.jpg",870,570,true],"ultp_layout_portrait":["https:\/\/www.megastitch.eu\/wp-content\/uploads\/2025\/02\/little_car_frame_ss-600x900.jpg",600,900,true],"ultp_layout_square":["https:\/\/www.megastitch.eu\/wp-content\/uploads\/2025\/02\/little_car_frame_ss-600x600.jpg",600,600,true],"molla_post-grid":["https:\/\/www.megastitch.eu\/wp-content\/uploads\/2025\/02\/little_car_frame_ss-400x267.jpg",400,267,true],"woocommerce_thumbnail":["https:\/\/www.megastitch.eu\/wp-content\/uploads\/2025\/02\/little_car_frame_ss-300x360.jpg",300,360,true],"woocommerce_single":["https:\/\/www.megastitch.eu\/wp-content\/uploads\/2025\/02\/little_car_frame_ss-600x719.jpg",600,719,true],"woocommerce_gallery_thumbnail":["https:\/\/www.megastitch.eu\/wp-content\/uploads\/2025\/02\/little_car_frame_ss-100x100.jpg",100,100,true]},"post_excerpt_stackable_v2":"<h4><span style=\"font-weight: 400\">Detsk\u00e1 predloha na kr\u00ed\u017eikov\u00e9 vy\u0161\u00edvanie v tvare srdca s mot\u00edvom hrav\u00e9ho \u010derven\u00e9ho aut\u00ed\u010dka na ceste.<\/p>\n<p><\/span><\/h4>\n<p><strong>Po\u010det kr\u00ed\u017eikov: 39 x 59<\/strong><br \/>\n<strong>Rozmer l\u00e1tky: 7.08 x 10.70 cm<\/strong><br \/>\n<strong>L\u00e1tka<\/strong>: 14 ct\u00a0 Aida<br \/>\n<strong>Bavlnky: <\/strong>DMC<br \/>\n<strong>Po\u010det farieb: <\/strong>20<br \/>\n<strong>Pou\u017eit\u00e9 techniky:<\/strong> kr\u00ed\u017eiky, ob\u0161\u00edvanie<\/p>\n","category_list_v2":"","author_info_v2":{"name":"","url":""},"comments_num_v2":"0 comments","uagb_featured_image_src":{"full":["https:\/\/www.megastitch.eu\/wp-content\/uploads\/2025\/02\/little_car_frame_ss.jpg",1211,1452,false],"thumbnail":["https:\/\/www.megastitch.eu\/wp-content\/uploads\/2025\/02\/little_car_frame_ss-150x150.jpg",150,150,true],"medium":["https:\/\/www.megastitch.eu\/wp-content\/uploads\/2025\/02\/little_car_frame_ss-250x300.jpg",250,300,true],"medium_large":["https:\/\/www.megastitch.eu\/wp-content\/uploads\/2025\/02\/little_car_frame_ss-768x921.jpg",768,921,true],"large":["https:\/\/www.megastitch.eu\/wp-content\/uploads\/2025\/02\/little_car_frame_ss-854x1024.jpg",854,1024,true],"1536x1536":["https:\/\/www.megastitch.eu\/wp-content\/uploads\/2025\/02\/little_car_frame_ss.jpg",1211,1452,false],"2048x2048":["https:\/\/www.megastitch.eu\/wp-content\/uploads\/2025\/02\/little_car_frame_ss.jpg",1211,1452,false],"ultp_layout_landscape_large":["https:\/\/www.megastitch.eu\/wp-content\/uploads\/2025\/02\/little_car_frame_ss-1200x800.jpg",1200,800,true],"ultp_layout_landscape":["https:\/\/www.megastitch.eu\/wp-content\/uploads\/2025\/02\/little_car_frame_ss-870x570.jpg",870,570,true],"ultp_layout_portrait":["https:\/\/www.megastitch.eu\/wp-content\/uploads\/2025\/02\/little_car_frame_ss-600x900.jpg",600,900,true],"ultp_layout_square":["https:\/\/www.megastitch.eu\/wp-content\/uploads\/2025\/02\/little_car_frame_ss-600x600.jpg",600,600,true],"molla_post-grid":["https:\/\/www.megastitch.eu\/wp-content\/uploads\/2025\/02\/little_car_frame_ss-400x267.jpg",400,267,true],"woocommerce_thumbnail":["https:\/\/www.megastitch.eu\/wp-content\/uploads\/2025\/02\/little_car_frame_ss-300x360.jpg",300,360,true],"woocommerce_single":["https:\/\/www.megastitch.eu\/wp-content\/uploads\/2025\/02\/little_car_frame_ss-600x719.jpg",600,719,true],"woocommerce_gallery_thumbnail":["https:\/\/www.megastitch.eu\/wp-content\/uploads\/2025\/02\/little_car_frame_ss-100x100.jpg",100,100,true]},"uagb_author_info":{"display_name":"pagacova","author_link":"https:\/\/www.megastitch.eu\/cs\/author\/"},"uagb_comment_info":0,"uagb_excerpt":"Detsk\u00e1 predloha na kr\u00ed\u017eikov\u00e9 vy\u0161\u00edvanie v tvare srdca s mot\u00edvom hrav\u00e9ho \u010derven\u00e9ho aut\u00ed\u010dka na ceste. Po\u010det kr\u00ed\u017eikov: 39 x 59 Rozmer l\u00e1tky: 7.08 x 10.70 cm L\u00e1tka: 14 ct\u00a0 Aida Bavlnky: DMC Po\u010det farieb: 20 Pou\u017eit\u00e9 techniky: kr\u00ed\u017eiky, ob\u0161\u00edvanie","_links":{"self":[{"href":"https:\/\/www.megastitch.eu\/cs\/wp-json\/wp\/v2\/product\/29443"}],"collection":[{"href":"https:\/\/www.megastitch.eu\/cs\/wp-json\/wp\/v2\/product"}],"about":[{"href":"https:\/\/www.megastitch.eu\/cs\/wp-json\/wp\/v2\/types\/product"}],"replies":[{"embeddable":true,"href":"https:\/\/www.megastitch.eu\/cs\/wp-json\/wp\/v2\/comments?post=29443"}],"wp:featuredmedia":[{"embeddable":true,"href":"https:\/\/www.megastitch.eu\/cs\/wp-json\/wp\/v2\/media\/29444"}],"wp:attachment":[{"href":"https:\/\/www.megastitch.eu\/cs\/wp-json\/wp\/v2\/media?parent=29443"}],"wp:term":[{"taxonomy":"product_cat","embeddable":true,"href":"https:\/\/www.megastitch.eu\/cs\/wp-json\/wp\/v2\/product_cat?post=29443"},{"taxonomy":"product_tag","embeddable":true,"href":"https:\/\/www.megastitch.eu\/cs\/wp-json\/wp\/v2\/product_tag?post=29443"}],"curies":[{"name":"wp","href":"https:\/\/api.w.org\/{rel}","templated":true}]}}