	{"id":29537,"date":"2025-03-07T19:52:42","date_gmt":"2025-03-07T18:52:42","guid":{"rendered":"https:\/\/www.megastitch.eu\/?post_type=product&#038;p=29537"},"modified":"2025-03-07T20:30:35","modified_gmt":"2025-03-07T19:30:35","slug":"unavene-kuriatko","status":"publish","type":"product","link":"https:\/\/www.megastitch.eu\/cs\/obchod\/predlohy-na-vysivanie\/zadarmo-na-stiahnutie\/unavene-kuriatko\/","title":{"rendered":"Unaven\u00e9 kuriatko"},"content":{"rendered":"<div class=\"nolwrap\"><p>M\u00e1te pocit, \u017ee st\u00e1le beh\u00e1te ako spla\u0161en\u00e9 sliepky? Nemus\u00edte! Toto mal\u00e9 m\u00fadre kuriatko to u\u017e d\u00e1vno pochopilo a miesto stresu si dalo zasl\u00fa\u017een\u00fd \u0161lof\u00edk.<br \/>\nVy\u0161ite si t\u00fato predlohu ako pripomienku, \u017ee oddych je rovnako d\u00f4le\u017eit\u00fd ako akcia. Ke\u010f na \u0148u pozriete, spomeniete si, \u017ee je \u00faplne v poriadku na chv\u00ed\u013eu vypn\u00fa\u0165 a len tak si u\u017e\u00edva\u0165 pokoj.<\/p>\n<p>A ak h\u013ead\u00e1te origin\u00e1lny dar\u010dek, toto rozko\u0161n\u00e9 kur\u010da pote\u0161\u00ed ka\u017ed\u00e9ho knihomo\u013ea, workoholika \u010di milovn\u00edka sladk\u00e9ho ni\u010dnerobenia. Tak \u010do, n\u00e1jde u v\u00e1s svoje miesto?<\/p>\n<p>Autorka predlohy: <strong>M\u00e1ria Erbenov\u00e1\u00a0<\/strong><br \/>\n<strong>Po\u010det kr\u00ed\u017eikov: <\/strong>15 x 15<br \/>\n<strong>Rozmer l\u00e1tky: <\/strong>2.72 x 2.72 cm<br \/>\n<strong>L\u00e1tka<\/strong>: 14 ct\u00a0 aida<br \/>\n<strong>Bavlnky: <\/strong>DMC<br \/>\n<strong>Po\u010det farieb: <\/strong>8 a 1 blend<br \/>\n<strong>Pou\u017eit\u00e9 techniky: <\/strong>kr\u00ed\u017eiky, ob\u0161\u00edvanie<\/p>\n<h4>S\u00fabory na stiahnutie:<\/h4>\n<ul>\n<li><strong>pdf s\u00fabor<\/strong>\n<ul>\n<li style=\"list-style-type: none\">\n<ul>\n<li>v \u010dierno-bielej verzii &#8211; s ob\u0161\u00edvan\u00edm a bez ob\u0161\u00edvania,<\/li>\n<\/ul>\n<\/li>\n<\/ul>\n<h4>Inform\u00e1cie o predlohe:<\/h4>\n<ul>\n<li>vo farebnej verzii &#8211; s ob\u0161\u00edvan\u00edm a bez ob\u0161\u00edvania<\/li>\n<\/ul>\n<\/li>\n<li><strong>cssaga s\u00fabor<\/strong><\/li>\n<\/ul>\n<\/div>","protected":false},"excerpt":{"rendered":"<p>Predloha na kr\u00ed\u017eikov\u00e9 vy\u0161\u00edvanie s mot\u00edvom spiaceho kur\u010da\u0165a s otvorenou knihou na bruchu. <\/p>\n<p><strong>Po\u010det kr\u00ed\u017eikov: 15 x 15<\/strong><br \/>\n<strong>Rozmer l\u00e1tky: 2.72 x 2.72 cm<\/strong><br \/>\n<strong>L\u00e1tka<\/strong>: 14 ct\u00a0 Aida<br \/>\n<strong>Bavlnky: <\/strong>DMC<br \/>\n<strong>Po\u010det farieb: &lt;\/strong8 + 1 blend<br \/>\n<strong>Pou\u017eit\u00e9 techniky:<\/strong> kr\u00ed\u017eiky, ob\u0161\u00edvanie<\/p>\n","protected":false},"featured_media":29538,"comment_status":"open","ping_status":"closed","template":"","meta":{"_uag_custom_page_level_css":"","ngg_post_thumbnail":0},"product_cat":[131,141],"product_tag":[336,45,256,48,151],"aioseo_notices":[],"featured_image_urls":{"full":["https:\/\/www.megastitch.eu\/wp-content\/uploads\/2025\/03\/tired_chick_frame_ss.jpg",1134,1134,false],"thumbnail":["https:\/\/www.megastitch.eu\/wp-content\/uploads\/2025\/03\/tired_chick_frame_ss-150x150.jpg",150,150,true],"medium":["https:\/\/www.megastitch.eu\/wp-content\/uploads\/2025\/03\/tired_chick_frame_ss-300x300.jpg",300,300,true],"medium_large":["https:\/\/www.megastitch.eu\/wp-content\/uploads\/2025\/03\/tired_chick_frame_ss-768x768.jpg",768,768,true],"large":["https:\/\/www.megastitch.eu\/wp-content\/uploads\/2025\/03\/tired_chick_frame_ss-1024x1024.jpg",1024,1024,true],"1536x1536":["https:\/\/www.megastitch.eu\/wp-content\/uploads\/2025\/03\/tired_chick_frame_ss.jpg",1134,1134,false],"2048x2048":["https:\/\/www.megastitch.eu\/wp-content\/uploads\/2025\/03\/tired_chick_frame_ss.jpg",1134,1134,false],"ultp_layout_landscape_large":["https:\/\/www.megastitch.eu\/wp-content\/uploads\/2025\/03\/tired_chick_frame_ss-1134x800.jpg",1134,800,true],"ultp_layout_landscape":["https:\/\/www.megastitch.eu\/wp-content\/uploads\/2025\/03\/tired_chick_frame_ss-870x570.jpg",870,570,true],"ultp_layout_portrait":["https:\/\/www.megastitch.eu\/wp-content\/uploads\/2025\/03\/tired_chick_frame_ss-600x900.jpg",600,900,true],"ultp_layout_square":["https:\/\/www.megastitch.eu\/wp-content\/uploads\/2025\/03\/tired_chick_frame_ss-600x600.jpg",600,600,true],"molla_post-grid":["https:\/\/www.megastitch.eu\/wp-content\/uploads\/2025\/03\/tired_chick_frame_ss-400x267.jpg",400,267,true],"woocommerce_thumbnail":["https:\/\/www.megastitch.eu\/wp-content\/uploads\/2025\/03\/tired_chick_frame_ss-300x300.jpg",300,300,true],"woocommerce_single":["https:\/\/www.megastitch.eu\/wp-content\/uploads\/2025\/03\/tired_chick_frame_ss-600x600.jpg",600,600,true],"woocommerce_gallery_thumbnail":["https:\/\/www.megastitch.eu\/wp-content\/uploads\/2025\/03\/tired_chick_frame_ss-100x100.jpg",100,100,true]},"post_excerpt_stackable":"<p>Predloha na kr\u00ed\u017eikov\u00e9 vy\u0161\u00edvanie s mot\u00edvom spiaceho kur\u010da\u0165a s otvorenou knihou na bruchu. <\/p>\n<p><strong>Po\u010det kr\u00ed\u017eikov: 15 x 15<\/strong><br \/>\n<strong>Rozmer l\u00e1tky: 2.72 x 2.72 cm<\/strong><br \/>\n<strong>L\u00e1tka<\/strong>: 14 ct\u00a0 Aida<br \/>\n<strong>Bavlnky: <\/strong>DMC<br \/>\n<strong>Po\u010det farieb: &lt;\/strong8 + 1 blend<br \/>\n<strong>Pou\u017eit\u00e9 techniky:<\/strong> kr\u00ed\u017eiky, ob\u0161\u00edvanie<\/p>\n","category_list":"","author_info":{"name":"","url":""},"comments_num":"0 comments","featured_image_urls_v2":{"full":["https:\/\/www.megastitch.eu\/wp-content\/uploads\/2025\/03\/tired_chick_frame_ss.jpg",1134,1134,false],"thumbnail":["https:\/\/www.megastitch.eu\/wp-content\/uploads\/2025\/03\/tired_chick_frame_ss-150x150.jpg",150,150,true],"medium":["https:\/\/www.megastitch.eu\/wp-content\/uploads\/2025\/03\/tired_chick_frame_ss-300x300.jpg",300,300,true],"medium_large":["https:\/\/www.megastitch.eu\/wp-content\/uploads\/2025\/03\/tired_chick_frame_ss-768x768.jpg",768,768,true],"large":["https:\/\/www.megastitch.eu\/wp-content\/uploads\/2025\/03\/tired_chick_frame_ss-1024x1024.jpg",1024,1024,true],"1536x1536":["https:\/\/www.megastitch.eu\/wp-content\/uploads\/2025\/03\/tired_chick_frame_ss.jpg",1134,1134,false],"2048x2048":["https:\/\/www.megastitch.eu\/wp-content\/uploads\/2025\/03\/tired_chick_frame_ss.jpg",1134,1134,false],"ultp_layout_landscape_large":["https:\/\/www.megastitch.eu\/wp-content\/uploads\/2025\/03\/tired_chick_frame_ss-1134x800.jpg",1134,800,true],"ultp_layout_landscape":["https:\/\/www.megastitch.eu\/wp-content\/uploads\/2025\/03\/tired_chick_frame_ss-870x570.jpg",870,570,true],"ultp_layout_portrait":["https:\/\/www.megastitch.eu\/wp-content\/uploads\/2025\/03\/tired_chick_frame_ss-600x900.jpg",600,900,true],"ultp_layout_square":["https:\/\/www.megastitch.eu\/wp-content\/uploads\/2025\/03\/tired_chick_frame_ss-600x600.jpg",600,600,true],"molla_post-grid":["https:\/\/www.megastitch.eu\/wp-content\/uploads\/2025\/03\/tired_chick_frame_ss-400x267.jpg",400,267,true],"woocommerce_thumbnail":["https:\/\/www.megastitch.eu\/wp-content\/uploads\/2025\/03\/tired_chick_frame_ss-300x300.jpg",300,300,true],"woocommerce_single":["https:\/\/www.megastitch.eu\/wp-content\/uploads\/2025\/03\/tired_chick_frame_ss-600x600.jpg",600,600,true],"woocommerce_gallery_thumbnail":["https:\/\/www.megastitch.eu\/wp-content\/uploads\/2025\/03\/tired_chick_frame_ss-100x100.jpg",100,100,true]},"post_excerpt_stackable_v2":"<p>Predloha na kr\u00ed\u017eikov\u00e9 vy\u0161\u00edvanie s mot\u00edvom spiaceho kur\u010da\u0165a s otvorenou knihou na bruchu. <\/p>\n<p><strong>Po\u010det kr\u00ed\u017eikov: 15 x 15<\/strong><br \/>\n<strong>Rozmer l\u00e1tky: 2.72 x 2.72 cm<\/strong><br \/>\n<strong>L\u00e1tka<\/strong>: 14 ct\u00a0 Aida<br \/>\n<strong>Bavlnky: <\/strong>DMC<br \/>\n<strong>Po\u010det farieb: &lt;\/strong8 + 1 blend<br \/>\n<strong>Pou\u017eit\u00e9 techniky:<\/strong> kr\u00ed\u017eiky, ob\u0161\u00edvanie<\/p>\n","category_list_v2":"","author_info_v2":{"name":"","url":""},"comments_num_v2":"0 comments","uagb_featured_image_src":{"full":["https:\/\/www.megastitch.eu\/wp-content\/uploads\/2025\/03\/tired_chick_frame_ss.jpg",1134,1134,false],"thumbnail":["https:\/\/www.megastitch.eu\/wp-content\/uploads\/2025\/03\/tired_chick_frame_ss-150x150.jpg",150,150,true],"medium":["https:\/\/www.megastitch.eu\/wp-content\/uploads\/2025\/03\/tired_chick_frame_ss-300x300.jpg",300,300,true],"medium_large":["https:\/\/www.megastitch.eu\/wp-content\/uploads\/2025\/03\/tired_chick_frame_ss-768x768.jpg",768,768,true],"large":["https:\/\/www.megastitch.eu\/wp-content\/uploads\/2025\/03\/tired_chick_frame_ss-1024x1024.jpg",1024,1024,true],"1536x1536":["https:\/\/www.megastitch.eu\/wp-content\/uploads\/2025\/03\/tired_chick_frame_ss.jpg",1134,1134,false],"2048x2048":["https:\/\/www.megastitch.eu\/wp-content\/uploads\/2025\/03\/tired_chick_frame_ss.jpg",1134,1134,false],"ultp_layout_landscape_large":["https:\/\/www.megastitch.eu\/wp-content\/uploads\/2025\/03\/tired_chick_frame_ss-1134x800.jpg",1134,800,true],"ultp_layout_landscape":["https:\/\/www.megastitch.eu\/wp-content\/uploads\/2025\/03\/tired_chick_frame_ss-870x570.jpg",870,570,true],"ultp_layout_portrait":["https:\/\/www.megastitch.eu\/wp-content\/uploads\/2025\/03\/tired_chick_frame_ss-600x900.jpg",600,900,true],"ultp_layout_square":["https:\/\/www.megastitch.eu\/wp-content\/uploads\/2025\/03\/tired_chick_frame_ss-600x600.jpg",600,600,true],"molla_post-grid":["https:\/\/www.megastitch.eu\/wp-content\/uploads\/2025\/03\/tired_chick_frame_ss-400x267.jpg",400,267,true],"woocommerce_thumbnail":["https:\/\/www.megastitch.eu\/wp-content\/uploads\/2025\/03\/tired_chick_frame_ss-300x300.jpg",300,300,true],"woocommerce_single":["https:\/\/www.megastitch.eu\/wp-content\/uploads\/2025\/03\/tired_chick_frame_ss-600x600.jpg",600,600,true],"woocommerce_gallery_thumbnail":["https:\/\/www.megastitch.eu\/wp-content\/uploads\/2025\/03\/tired_chick_frame_ss-100x100.jpg",100,100,true]},"uagb_author_info":{"display_name":"pagacova","author_link":"https:\/\/www.megastitch.eu\/cs\/author\/"},"uagb_comment_info":0,"uagb_excerpt":"Predloha na kr\u00ed\u017eikov\u00e9 vy\u0161\u00edvanie s mot\u00edvom spiaceho kur\u010da\u0165a s otvorenou knihou na bruchu. Po\u010det kr\u00ed\u017eikov: 15 x 15 Rozmer l\u00e1tky: 2.72 x 2.72 cm L\u00e1tka: 14 ct\u00a0 Aida Bavlnky: DMC Po\u010det farieb: &lt;\/strong8 + 1 blend Pou\u017eit\u00e9 techniky: kr\u00ed\u017eiky, ob\u0161\u00edvanie","_links":{"self":[{"href":"https:\/\/www.megastitch.eu\/cs\/wp-json\/wp\/v2\/product\/29537"}],"collection":[{"href":"https:\/\/www.megastitch.eu\/cs\/wp-json\/wp\/v2\/product"}],"about":[{"href":"https:\/\/www.megastitch.eu\/cs\/wp-json\/wp\/v2\/types\/product"}],"replies":[{"embeddable":true,"href":"https:\/\/www.megastitch.eu\/cs\/wp-json\/wp\/v2\/comments?post=29537"}],"wp:featuredmedia":[{"embeddable":true,"href":"https:\/\/www.megastitch.eu\/cs\/wp-json\/wp\/v2\/media\/29538"}],"wp:attachment":[{"href":"https:\/\/www.megastitch.eu\/cs\/wp-json\/wp\/v2\/media?parent=29537"}],"wp:term":[{"taxonomy":"product_cat","embeddable":true,"href":"https:\/\/www.megastitch.eu\/cs\/wp-json\/wp\/v2\/product_cat?post=29537"},{"taxonomy":"product_tag","embeddable":true,"href":"https:\/\/www.megastitch.eu\/cs\/wp-json\/wp\/v2\/product_tag?post=29537"}],"curies":[{"name":"wp","href":"https:\/\/api.w.org\/{rel}","templated":true}]}}