	{"id":29547,"date":"2025-06-02T23:28:14","date_gmt":"2025-06-02T21:28:14","guid":{"rendered":"https:\/\/www.megastitch.eu\/?post_type=product&#038;p=29547"},"modified":"2025-06-03T00:56:20","modified_gmt":"2025-06-02T22:56:20","slug":"puzzle-farma","status":"publish","type":"product","link":"https:\/\/www.megastitch.eu\/cs\/obchod\/predlohy-na-vysivanie\/male-predlohy\/puzzle-farma\/","title":{"rendered":"Puzzle Farma"},"content":{"rendered":"<div class=\"nolwrap\"><p>\u0160tyri dieliky, \u0161tyri pr\u00edbehy pln\u00e9 farm\u00e1rskej pohody.  Ka\u017ed\u00fd dielik je samostatnou sc\u00e9nou, zachyt\u00e1vaj\u00facou pestr\u00fd \u017eivot na farme. Pohladkajte roztomil\u00fa kravu, osedlajte  majest\u00e1tneho ko\u0148a, vyplejte z\u00e1hony a u\u017e\u00edvajte si to ticho. Zhlboka d\u00fdchajte omamn\u00fa v\u00f4nu l\u00fa\u010dnych kvetov a \u013eahnite si do tr\u00e1vy. <\/p>\n<p>Sta\u010d\u00ed sledova\u0165 ihlu a ni\u0165. Kr\u00ed\u017eikov\u00e1 cesti\u010dka v\u00e1s povedie. Vy\u0161ite si predlohu ktor\u00e1 v\u00e1s prenesie priamo na vo\u0148av\u00e9 l\u00faky. <\/p>\n<p>Vy\u0161ite si predlohu na plastovku a pote\u0161\u00edte aj deti.<\/p>\n<p><br style=\"font-weight: 400\">Autorka predlohy: <strong>M\u00e1ria Erbenov\u00e1&nbsp;<\/strong><\/p>\n<h4>Inform\u00e1cie o predlohe:<\/h4>\n<p><strong>Po\u010det kr\u00ed\u017eikov: 75 x 75<\/strong><br \/>\n<strong>Rozmer l\u00e1tky: 13.61 x 13.61 cm<\/strong><br \/>\n<strong>L\u00e1tka<\/strong>: 14 ct&nbsp; aida<br \/>\n<strong>Bavlnky: <\/strong>DMC<br \/>\n<strong>Po\u010det farieb: <\/strong>43 a 6 blendov<br \/>\n<strong>Pou\u017eit\u00e9 techniky:<\/strong> kr\u00ed\u017eiky, ob\u0161\u00edvanie, franc\u00fazske uzl\u00edky<\/p>\n<h4>S\u00fabory na stiahnutie:<\/h4>\n<ul>\n<li><strong>pdf s\u00fabor<\/strong>\n<ul>\n<li>v \u010dierno-bielej verzii &#8211; s ob\u0161\u00edvan\u00edm a bez ob\u0161\u00edvania,<\/li>\n<li>vo farebnej verzii &#8211; s ob\u0161\u00edvan\u00edm a bez ob\u0161\u00edvania<\/li>\n<\/ul>\n<\/li>\n<li><strong>cssaga s\u00fabor<\/strong><\/li>\n<\/ul>\n<\/div>","protected":false},"excerpt":{"rendered":"<h4><span style=\"font-weight: 400\">Hrav\u00e1 predloha na kr\u00ed\u017eikov\u00e9 vy\u0161\u00edvanie s mot\u00edvom farmy, ko\u0148a, kravy  a rozkvitnutej l\u00faky, v tvare 4-dielneho puzzle. <\/span><\/h4>\n<p><strong>Po\u010det kr\u00ed\u017eikov: 75 x 75<\/strong><br \/>\n<strong>Rozmer l\u00e1tky: 13.61 x 13.61 cm<\/strong><br \/>\n<strong>L\u00e1tka<\/strong>: 14 ct&nbsp; Aida<br \/>\n<strong>Bavlnky: <\/strong>DMC<br \/>\n<strong>Po\u010det farieb: <\/strong>43 + 6 blend<br \/>\n<strong>Pou\u017eit\u00e9 techniky:<\/strong> kr\u00ed\u017eiky, ob\u0161\u00edvanie, franc\u00fazske uzl\u00edky<\/p>\n","protected":false},"featured_media":29548,"comment_status":"open","ping_status":"closed","template":"","meta":{"_uag_custom_page_level_css":"","ngg_post_thumbnail":0},"product_cat":[134,131],"product_tag":[319,256,291,48,151],"aioseo_notices":[],"featured_image_urls":{"full":["https:\/\/www.megastitch.eu\/wp-content\/uploads\/2025\/06\/my_farm_frame_ss.jpg",1098,1098,false],"thumbnail":["https:\/\/www.megastitch.eu\/wp-content\/uploads\/2025\/06\/my_farm_frame_ss-150x150.jpg",150,150,true],"medium":["https:\/\/www.megastitch.eu\/wp-content\/uploads\/2025\/06\/my_farm_frame_ss-300x300.jpg",300,300,true],"medium_large":["https:\/\/www.megastitch.eu\/wp-content\/uploads\/2025\/06\/my_farm_frame_ss-768x768.jpg",768,768,true],"large":["https:\/\/www.megastitch.eu\/wp-content\/uploads\/2025\/06\/my_farm_frame_ss-1024x1024.jpg",1024,1024,true],"1536x1536":["https:\/\/www.megastitch.eu\/wp-content\/uploads\/2025\/06\/my_farm_frame_ss.jpg",1098,1098,false],"2048x2048":["https:\/\/www.megastitch.eu\/wp-content\/uploads\/2025\/06\/my_farm_frame_ss.jpg",1098,1098,false],"ultp_layout_landscape_large":["https:\/\/www.megastitch.eu\/wp-content\/uploads\/2025\/06\/my_farm_frame_ss-1098x800.jpg",1098,800,true],"ultp_layout_landscape":["https:\/\/www.megastitch.eu\/wp-content\/uploads\/2025\/06\/my_farm_frame_ss-870x570.jpg",870,570,true],"ultp_layout_portrait":["https:\/\/www.megastitch.eu\/wp-content\/uploads\/2025\/06\/my_farm_frame_ss-600x900.jpg",600,900,true],"ultp_layout_square":["https:\/\/www.megastitch.eu\/wp-content\/uploads\/2025\/06\/my_farm_frame_ss-600x600.jpg",600,600,true],"molla_post-grid":["https:\/\/www.megastitch.eu\/wp-content\/uploads\/2025\/06\/my_farm_frame_ss-400x267.jpg",400,267,true],"woocommerce_thumbnail":["https:\/\/www.megastitch.eu\/wp-content\/uploads\/2025\/06\/my_farm_frame_ss-300x300.jpg",300,300,true],"woocommerce_single":["https:\/\/www.megastitch.eu\/wp-content\/uploads\/2025\/06\/my_farm_frame_ss-600x600.jpg",600,600,true],"woocommerce_gallery_thumbnail":["https:\/\/www.megastitch.eu\/wp-content\/uploads\/2025\/06\/my_farm_frame_ss-100x100.jpg",100,100,true]},"post_excerpt_stackable":"<h4><span style=\"font-weight: 400\">Hrav\u00e1 predloha na kr\u00ed\u017eikov\u00e9 vy\u0161\u00edvanie s mot\u00edvom farmy, ko\u0148a, kravy  a rozkvitnutej l\u00faky, v tvare 4-dielneho puzzle. <\/span><\/h4>\n<p><strong>Po\u010det kr\u00ed\u017eikov: 75 x 75<\/strong><br \/>\n<strong>Rozmer l\u00e1tky: 13.61 x 13.61 cm<\/strong><br \/>\n<strong>L\u00e1tka<\/strong>: 14 ct&nbsp; Aida<br \/>\n<strong>Bavlnky: <\/strong>DMC<br \/>\n<strong>Po\u010det farieb: <\/strong>43 + 6 blend<br \/>\n<strong>Pou\u017eit\u00e9 techniky:<\/strong> kr\u00ed\u017eiky, ob\u0161\u00edvanie, franc\u00fazske uzl\u00edky<\/p>\n","category_list":"","author_info":{"name":"","url":""},"comments_num":"0 comments","featured_image_urls_v2":{"full":["https:\/\/www.megastitch.eu\/wp-content\/uploads\/2025\/06\/my_farm_frame_ss.jpg",1098,1098,false],"thumbnail":["https:\/\/www.megastitch.eu\/wp-content\/uploads\/2025\/06\/my_farm_frame_ss-150x150.jpg",150,150,true],"medium":["https:\/\/www.megastitch.eu\/wp-content\/uploads\/2025\/06\/my_farm_frame_ss-300x300.jpg",300,300,true],"medium_large":["https:\/\/www.megastitch.eu\/wp-content\/uploads\/2025\/06\/my_farm_frame_ss-768x768.jpg",768,768,true],"large":["https:\/\/www.megastitch.eu\/wp-content\/uploads\/2025\/06\/my_farm_frame_ss-1024x1024.jpg",1024,1024,true],"1536x1536":["https:\/\/www.megastitch.eu\/wp-content\/uploads\/2025\/06\/my_farm_frame_ss.jpg",1098,1098,false],"2048x2048":["https:\/\/www.megastitch.eu\/wp-content\/uploads\/2025\/06\/my_farm_frame_ss.jpg",1098,1098,false],"ultp_layout_landscape_large":["https:\/\/www.megastitch.eu\/wp-content\/uploads\/2025\/06\/my_farm_frame_ss-1098x800.jpg",1098,800,true],"ultp_layout_landscape":["https:\/\/www.megastitch.eu\/wp-content\/uploads\/2025\/06\/my_farm_frame_ss-870x570.jpg",870,570,true],"ultp_layout_portrait":["https:\/\/www.megastitch.eu\/wp-content\/uploads\/2025\/06\/my_farm_frame_ss-600x900.jpg",600,900,true],"ultp_layout_square":["https:\/\/www.megastitch.eu\/wp-content\/uploads\/2025\/06\/my_farm_frame_ss-600x600.jpg",600,600,true],"molla_post-grid":["https:\/\/www.megastitch.eu\/wp-content\/uploads\/2025\/06\/my_farm_frame_ss-400x267.jpg",400,267,true],"woocommerce_thumbnail":["https:\/\/www.megastitch.eu\/wp-content\/uploads\/2025\/06\/my_farm_frame_ss-300x300.jpg",300,300,true],"woocommerce_single":["https:\/\/www.megastitch.eu\/wp-content\/uploads\/2025\/06\/my_farm_frame_ss-600x600.jpg",600,600,true],"woocommerce_gallery_thumbnail":["https:\/\/www.megastitch.eu\/wp-content\/uploads\/2025\/06\/my_farm_frame_ss-100x100.jpg",100,100,true]},"post_excerpt_stackable_v2":"<h4><span style=\"font-weight: 400\">Hrav\u00e1 predloha na kr\u00ed\u017eikov\u00e9 vy\u0161\u00edvanie s mot\u00edvom farmy, ko\u0148a, kravy  a rozkvitnutej l\u00faky, v tvare 4-dielneho puzzle. <\/span><\/h4>\n<p><strong>Po\u010det kr\u00ed\u017eikov: 75 x 75<\/strong><br \/>\n<strong>Rozmer l\u00e1tky: 13.61 x 13.61 cm<\/strong><br \/>\n<strong>L\u00e1tka<\/strong>: 14 ct&nbsp; Aida<br \/>\n<strong>Bavlnky: <\/strong>DMC<br \/>\n<strong>Po\u010det farieb: <\/strong>43 + 6 blend<br \/>\n<strong>Pou\u017eit\u00e9 techniky:<\/strong> kr\u00ed\u017eiky, ob\u0161\u00edvanie, franc\u00fazske uzl\u00edky<\/p>\n","category_list_v2":"","author_info_v2":{"name":"","url":""},"comments_num_v2":"0 comments","uagb_featured_image_src":{"full":["https:\/\/www.megastitch.eu\/wp-content\/uploads\/2025\/06\/my_farm_frame_ss.jpg",1098,1098,false],"thumbnail":["https:\/\/www.megastitch.eu\/wp-content\/uploads\/2025\/06\/my_farm_frame_ss-150x150.jpg",150,150,true],"medium":["https:\/\/www.megastitch.eu\/wp-content\/uploads\/2025\/06\/my_farm_frame_ss-300x300.jpg",300,300,true],"medium_large":["https:\/\/www.megastitch.eu\/wp-content\/uploads\/2025\/06\/my_farm_frame_ss-768x768.jpg",768,768,true],"large":["https:\/\/www.megastitch.eu\/wp-content\/uploads\/2025\/06\/my_farm_frame_ss-1024x1024.jpg",1024,1024,true],"1536x1536":["https:\/\/www.megastitch.eu\/wp-content\/uploads\/2025\/06\/my_farm_frame_ss.jpg",1098,1098,false],"2048x2048":["https:\/\/www.megastitch.eu\/wp-content\/uploads\/2025\/06\/my_farm_frame_ss.jpg",1098,1098,false],"ultp_layout_landscape_large":["https:\/\/www.megastitch.eu\/wp-content\/uploads\/2025\/06\/my_farm_frame_ss-1098x800.jpg",1098,800,true],"ultp_layout_landscape":["https:\/\/www.megastitch.eu\/wp-content\/uploads\/2025\/06\/my_farm_frame_ss-870x570.jpg",870,570,true],"ultp_layout_portrait":["https:\/\/www.megastitch.eu\/wp-content\/uploads\/2025\/06\/my_farm_frame_ss-600x900.jpg",600,900,true],"ultp_layout_square":["https:\/\/www.megastitch.eu\/wp-content\/uploads\/2025\/06\/my_farm_frame_ss-600x600.jpg",600,600,true],"molla_post-grid":["https:\/\/www.megastitch.eu\/wp-content\/uploads\/2025\/06\/my_farm_frame_ss-400x267.jpg",400,267,true],"woocommerce_thumbnail":["https:\/\/www.megastitch.eu\/wp-content\/uploads\/2025\/06\/my_farm_frame_ss-300x300.jpg",300,300,true],"woocommerce_single":["https:\/\/www.megastitch.eu\/wp-content\/uploads\/2025\/06\/my_farm_frame_ss-600x600.jpg",600,600,true],"woocommerce_gallery_thumbnail":["https:\/\/www.megastitch.eu\/wp-content\/uploads\/2025\/06\/my_farm_frame_ss-100x100.jpg",100,100,true]},"uagb_author_info":{"display_name":"pagacova","author_link":"https:\/\/www.megastitch.eu\/cs\/author\/"},"uagb_comment_info":0,"uagb_excerpt":"Hrav\u00e1 predloha na kr\u00ed\u017eikov\u00e9 vy\u0161\u00edvanie s mot\u00edvom farmy, ko\u0148a, kravy a rozkvitnutej l\u00faky, v tvare 4-dielneho puzzle. Po\u010det kr\u00ed\u017eikov: 75 x 75 Rozmer l\u00e1tky: 13.61 x 13.61 cm L\u00e1tka: 14 ct&nbsp; Aida Bavlnky: DMC Po\u010det farieb: 43 + 6 blend Pou\u017eit\u00e9 techniky: kr\u00ed\u017eiky, ob\u0161\u00edvanie, franc\u00fazske uzl\u00edky","_links":{"self":[{"href":"https:\/\/www.megastitch.eu\/cs\/wp-json\/wp\/v2\/product\/29547"}],"collection":[{"href":"https:\/\/www.megastitch.eu\/cs\/wp-json\/wp\/v2\/product"}],"about":[{"href":"https:\/\/www.megastitch.eu\/cs\/wp-json\/wp\/v2\/types\/product"}],"replies":[{"embeddable":true,"href":"https:\/\/www.megastitch.eu\/cs\/wp-json\/wp\/v2\/comments?post=29547"}],"wp:featuredmedia":[{"embeddable":true,"href":"https:\/\/www.megastitch.eu\/cs\/wp-json\/wp\/v2\/media\/29548"}],"wp:attachment":[{"href":"https:\/\/www.megastitch.eu\/cs\/wp-json\/wp\/v2\/media?parent=29547"}],"wp:term":[{"taxonomy":"product_cat","embeddable":true,"href":"https:\/\/www.megastitch.eu\/cs\/wp-json\/wp\/v2\/product_cat?post=29547"},{"taxonomy":"product_tag","embeddable":true,"href":"https:\/\/www.megastitch.eu\/cs\/wp-json\/wp\/v2\/product_tag?post=29547"}],"curies":[{"name":"wp","href":"https:\/\/api.w.org\/{rel}","templated":true}]}}