	{"id":29559,"date":"2025-06-04T23:54:54","date_gmt":"2025-06-04T21:54:54","guid":{"rendered":"https:\/\/www.megastitch.eu\/?post_type=product&#038;p=29559"},"modified":"2025-06-06T20:32:37","modified_gmt":"2025-06-06T18:32:37","slug":"ty-si-moje-svetlo","status":"publish","type":"product","link":"https:\/\/www.megastitch.eu\/cs\/obchod\/predlohy-na-vysivanie\/stredne-predlohy\/ty-si-moje-svetlo\/","title":{"rendered":"Ty si moje svetlo"},"content":{"rendered":"<div class=\"nolwrap\"><p>V podve\u010dernej z\u00e1hrade, sa mo\u017eno odohr\u00e1va nezvy\u010dajn\u00fd pr\u00edbeh o netradi\u010dnom priate\u013estve medzi l\u00ed\u0161kou a husou. Dozrieva postupne ako jahody v okol\u00ed. Kto povedal, \u017ee to nie je mo\u017ene? Ich poh\u013eady hovoria viac ne\u017e slov\u00e1. S\u00fa pln\u00e9 n\u00e1deje, prijatia, sily a jemnosti.<\/p>\n<p>T\u00e1to predloha na kr\u00ed\u017eikov\u00e9 vy\u0161\u00edvanie v sebe nesie aj mal\u00e9 posolstvo. Ka\u017ed\u00fd vy\u0161it\u00fd kr\u00ed\u017eik, je dotykom svetla, ktor\u00e9 si v sebe nos\u00edme a del\u00edme sa o\u0148 s t\u00fdmi, na ktor\u00fdch n\u00e1m z\u00e1le\u017e\u00ed. Vy\u0161ite si obraz pokoja, l\u00e1sky a ne\u010dakan\u00e9ho priate\u013estva. Tento v\u00fdnimo\u010dn\u00fd mot\u00edv sa hod\u00ed ako dar\u010dek pre niekoho, kto je va\u0161\u00edm svetlom.<\/p>\n<p>Autor ilustr\u00e1cie: <a title=\"Albina Statnykh\" href=\"https:\/\/vk.com\/astatnyh\">Albina Statnykh<\/a><\/p>\n<p>Autorka predlohy: <strong>M\u00e1ria Erbenov\u00e1\u00a0<\/strong><\/p>\n<p><strong>Po\u010det kr\u00ed\u017eikov: 77 x 84<\/strong><br \/>\n<strong>Rozmer l\u00e1tky: 13.97 x 15.24 cm<\/strong><br \/>\n<strong>L\u00e1tka<\/strong>: 14 ct\u00a0 aida<br \/>\n<strong>Bavlnky: <\/strong>DMC<br \/>\n<strong>Po\u010det farieb: <\/strong>43 a 8 blendyov<br \/>\n<strong>Pou\u017eit\u00e9 techniky: <\/strong>kr\u00ed\u017eiky, polkr\u00ed\u017eiky, 3\/4 kr\u00ed\u017eiky, ob\u0161\u00edvanie, franc\u00fazske uzl\u00edky<\/p>\n<h4>S\u00fabory na stiahnutie:<\/h4>\n<ul>\n<li><strong>pdf s\u00fabor<\/strong>\n<ul>\n<li style=\"list-style-type: none\">\n<ul>\n<li>v \u010dierno-bielej verzii &#8211; s ob\u0161\u00edvan\u00edm a bez ob\u0161\u00edvania,<\/li>\n<\/ul>\n<\/li>\n<\/ul>\n<h4>Inform\u00e1cie o predlohe:<\/h4>\n<ul>\n<li>vo farebnej verzii &#8211; s ob\u0161\u00edvan\u00edm a bez ob\u0161\u00edvania<\/li>\n<\/ul>\n<\/li>\n<li><strong>cssaga s\u00fabor<\/strong><\/li>\n<\/ul>\n<\/div>","protected":false},"excerpt":{"rendered":"<p>Predloha na kr\u00ed\u017eikov\u00e9 vy\u0161\u00edvanie v tvare venca so zvierac\u00edm mot\u00edvom, hus, l\u00ed\u0161ka, kvety a dozrievaj\u00face jahody.<\/p>\n<p><strong>Po\u010det kr\u00ed\u017eikov: 77 x 84<\/strong><br \/>\n<strong>Rozmer l\u00e1tky: 13.97 x 15.24 cm<\/strong><br \/>\n<strong>L\u00e1tka<\/strong>: 14 ct\u00a0 Aida<br \/>\n<strong>Bavlnky: <\/strong>DMC<br \/>\n<strong>Po\u010det farieb: <\/strong>43 + 8 blendoy<br \/>\n<strong>Pou\u017eit\u00e9 techniky:<\/strong> kr\u00ed\u017eiky, polkr\u00ed\u017eiky, 3\/4 kr\u00ed\u017eiky, ob\u0161\u00edvanie, franc\u00fazske uzl\u00edky<\/p>\n","protected":false},"featured_media":29560,"comment_status":"open","ping_status":"closed","template":"","meta":{"_uag_custom_page_level_css":"","ngg_post_thumbnail":0},"product_cat":[257,131,138],"product_tag":[318,256,291,48,151],"aioseo_notices":[],"featured_image_urls":{"full":["https:\/\/www.megastitch.eu\/wp-content\/uploads\/2025\/06\/you_are_my_light_frame_ss.jpg",1667,1751,false],"thumbnail":["https:\/\/www.megastitch.eu\/wp-content\/uploads\/2025\/06\/you_are_my_light_frame_ss-150x150.jpg",150,150,true],"medium":["https:\/\/www.megastitch.eu\/wp-content\/uploads\/2025\/06\/you_are_my_light_frame_ss-286x300.jpg",286,300,true],"medium_large":["https:\/\/www.megastitch.eu\/wp-content\/uploads\/2025\/06\/you_are_my_light_frame_ss-768x807.jpg",768,807,true],"large":["https:\/\/www.megastitch.eu\/wp-content\/uploads\/2025\/06\/you_are_my_light_frame_ss-975x1024.jpg",975,1024,true],"1536x1536":["https:\/\/www.megastitch.eu\/wp-content\/uploads\/2025\/06\/you_are_my_light_frame_ss-1462x1536.jpg",1462,1536,true],"2048x2048":["https:\/\/www.megastitch.eu\/wp-content\/uploads\/2025\/06\/you_are_my_light_frame_ss.jpg",1667,1751,false],"ultp_layout_landscape_large":["https:\/\/www.megastitch.eu\/wp-content\/uploads\/2025\/06\/you_are_my_light_frame_ss-1200x800.jpg",1200,800,true],"ultp_layout_landscape":["https:\/\/www.megastitch.eu\/wp-content\/uploads\/2025\/06\/you_are_my_light_frame_ss-870x570.jpg",870,570,true],"ultp_layout_portrait":["https:\/\/www.megastitch.eu\/wp-content\/uploads\/2025\/06\/you_are_my_light_frame_ss-600x900.jpg",600,900,true],"ultp_layout_square":["https:\/\/www.megastitch.eu\/wp-content\/uploads\/2025\/06\/you_are_my_light_frame_ss-600x600.jpg",600,600,true],"molla_post-grid":["https:\/\/www.megastitch.eu\/wp-content\/uploads\/2025\/06\/you_are_my_light_frame_ss-400x267.jpg",400,267,true],"woocommerce_thumbnail":["https:\/\/www.megastitch.eu\/wp-content\/uploads\/2025\/06\/you_are_my_light_frame_ss-300x315.jpg",300,315,true],"woocommerce_single":["https:\/\/www.megastitch.eu\/wp-content\/uploads\/2025\/06\/you_are_my_light_frame_ss-600x630.jpg",600,630,true],"woocommerce_gallery_thumbnail":["https:\/\/www.megastitch.eu\/wp-content\/uploads\/2025\/06\/you_are_my_light_frame_ss-100x100.jpg",100,100,true]},"post_excerpt_stackable":"<p>Predloha na kr\u00ed\u017eikov\u00e9 vy\u0161\u00edvanie v tvare venca so zvierac\u00edm mot\u00edvom, hus, l\u00ed\u0161ka, kvety a dozrievaj\u00face jahody.<\/p>\n<p><strong>Po\u010det kr\u00ed\u017eikov: 77 x 84<\/strong><br \/>\n<strong>Rozmer l\u00e1tky: 13.97 x 15.24 cm<\/strong><br \/>\n<strong>L\u00e1tka<\/strong>: 14 ct\u00a0 Aida<br \/>\n<strong>Bavlnky: <\/strong>DMC<br \/>\n<strong>Po\u010det farieb: <\/strong>43 + 8 blendoy<br \/>\n<strong>Pou\u017eit\u00e9 techniky:<\/strong> kr\u00ed\u017eiky, polkr\u00ed\u017eiky, 3\/4 kr\u00ed\u017eiky, ob\u0161\u00edvanie, franc\u00fazske uzl\u00edky<\/p>\n","category_list":"","author_info":{"name":"","url":""},"comments_num":"0 comments","featured_image_urls_v2":{"full":["https:\/\/www.megastitch.eu\/wp-content\/uploads\/2025\/06\/you_are_my_light_frame_ss.jpg",1667,1751,false],"thumbnail":["https:\/\/www.megastitch.eu\/wp-content\/uploads\/2025\/06\/you_are_my_light_frame_ss-150x150.jpg",150,150,true],"medium":["https:\/\/www.megastitch.eu\/wp-content\/uploads\/2025\/06\/you_are_my_light_frame_ss-286x300.jpg",286,300,true],"medium_large":["https:\/\/www.megastitch.eu\/wp-content\/uploads\/2025\/06\/you_are_my_light_frame_ss-768x807.jpg",768,807,true],"large":["https:\/\/www.megastitch.eu\/wp-content\/uploads\/2025\/06\/you_are_my_light_frame_ss-975x1024.jpg",975,1024,true],"1536x1536":["https:\/\/www.megastitch.eu\/wp-content\/uploads\/2025\/06\/you_are_my_light_frame_ss-1462x1536.jpg",1462,1536,true],"2048x2048":["https:\/\/www.megastitch.eu\/wp-content\/uploads\/2025\/06\/you_are_my_light_frame_ss.jpg",1667,1751,false],"ultp_layout_landscape_large":["https:\/\/www.megastitch.eu\/wp-content\/uploads\/2025\/06\/you_are_my_light_frame_ss-1200x800.jpg",1200,800,true],"ultp_layout_landscape":["https:\/\/www.megastitch.eu\/wp-content\/uploads\/2025\/06\/you_are_my_light_frame_ss-870x570.jpg",870,570,true],"ultp_layout_portrait":["https:\/\/www.megastitch.eu\/wp-content\/uploads\/2025\/06\/you_are_my_light_frame_ss-600x900.jpg",600,900,true],"ultp_layout_square":["https:\/\/www.megastitch.eu\/wp-content\/uploads\/2025\/06\/you_are_my_light_frame_ss-600x600.jpg",600,600,true],"molla_post-grid":["https:\/\/www.megastitch.eu\/wp-content\/uploads\/2025\/06\/you_are_my_light_frame_ss-400x267.jpg",400,267,true],"woocommerce_thumbnail":["https:\/\/www.megastitch.eu\/wp-content\/uploads\/2025\/06\/you_are_my_light_frame_ss-300x315.jpg",300,315,true],"woocommerce_single":["https:\/\/www.megastitch.eu\/wp-content\/uploads\/2025\/06\/you_are_my_light_frame_ss-600x630.jpg",600,630,true],"woocommerce_gallery_thumbnail":["https:\/\/www.megastitch.eu\/wp-content\/uploads\/2025\/06\/you_are_my_light_frame_ss-100x100.jpg",100,100,true]},"post_excerpt_stackable_v2":"<p>Predloha na kr\u00ed\u017eikov\u00e9 vy\u0161\u00edvanie v tvare venca so zvierac\u00edm mot\u00edvom, hus, l\u00ed\u0161ka, kvety a dozrievaj\u00face jahody.<\/p>\n<p><strong>Po\u010det kr\u00ed\u017eikov: 77 x 84<\/strong><br \/>\n<strong>Rozmer l\u00e1tky: 13.97 x 15.24 cm<\/strong><br \/>\n<strong>L\u00e1tka<\/strong>: 14 ct\u00a0 Aida<br \/>\n<strong>Bavlnky: <\/strong>DMC<br \/>\n<strong>Po\u010det farieb: <\/strong>43 + 8 blendoy<br \/>\n<strong>Pou\u017eit\u00e9 techniky:<\/strong> kr\u00ed\u017eiky, polkr\u00ed\u017eiky, 3\/4 kr\u00ed\u017eiky, ob\u0161\u00edvanie, franc\u00fazske uzl\u00edky<\/p>\n","category_list_v2":"","author_info_v2":{"name":"","url":""},"comments_num_v2":"0 comments","uagb_featured_image_src":{"full":["https:\/\/www.megastitch.eu\/wp-content\/uploads\/2025\/06\/you_are_my_light_frame_ss.jpg",1667,1751,false],"thumbnail":["https:\/\/www.megastitch.eu\/wp-content\/uploads\/2025\/06\/you_are_my_light_frame_ss-150x150.jpg",150,150,true],"medium":["https:\/\/www.megastitch.eu\/wp-content\/uploads\/2025\/06\/you_are_my_light_frame_ss-286x300.jpg",286,300,true],"medium_large":["https:\/\/www.megastitch.eu\/wp-content\/uploads\/2025\/06\/you_are_my_light_frame_ss-768x807.jpg",768,807,true],"large":["https:\/\/www.megastitch.eu\/wp-content\/uploads\/2025\/06\/you_are_my_light_frame_ss-975x1024.jpg",975,1024,true],"1536x1536":["https:\/\/www.megastitch.eu\/wp-content\/uploads\/2025\/06\/you_are_my_light_frame_ss-1462x1536.jpg",1462,1536,true],"2048x2048":["https:\/\/www.megastitch.eu\/wp-content\/uploads\/2025\/06\/you_are_my_light_frame_ss.jpg",1667,1751,false],"ultp_layout_landscape_large":["https:\/\/www.megastitch.eu\/wp-content\/uploads\/2025\/06\/you_are_my_light_frame_ss-1200x800.jpg",1200,800,true],"ultp_layout_landscape":["https:\/\/www.megastitch.eu\/wp-content\/uploads\/2025\/06\/you_are_my_light_frame_ss-870x570.jpg",870,570,true],"ultp_layout_portrait":["https:\/\/www.megastitch.eu\/wp-content\/uploads\/2025\/06\/you_are_my_light_frame_ss-600x900.jpg",600,900,true],"ultp_layout_square":["https:\/\/www.megastitch.eu\/wp-content\/uploads\/2025\/06\/you_are_my_light_frame_ss-600x600.jpg",600,600,true],"molla_post-grid":["https:\/\/www.megastitch.eu\/wp-content\/uploads\/2025\/06\/you_are_my_light_frame_ss-400x267.jpg",400,267,true],"woocommerce_thumbnail":["https:\/\/www.megastitch.eu\/wp-content\/uploads\/2025\/06\/you_are_my_light_frame_ss-300x315.jpg",300,315,true],"woocommerce_single":["https:\/\/www.megastitch.eu\/wp-content\/uploads\/2025\/06\/you_are_my_light_frame_ss-600x630.jpg",600,630,true],"woocommerce_gallery_thumbnail":["https:\/\/www.megastitch.eu\/wp-content\/uploads\/2025\/06\/you_are_my_light_frame_ss-100x100.jpg",100,100,true]},"uagb_author_info":{"display_name":"pagacova","author_link":"https:\/\/www.megastitch.eu\/cs\/author\/"},"uagb_comment_info":0,"uagb_excerpt":"Predloha na kr\u00ed\u017eikov\u00e9 vy\u0161\u00edvanie v tvare venca so zvierac\u00edm mot\u00edvom, hus, l\u00ed\u0161ka, kvety a dozrievaj\u00face jahody. Po\u010det kr\u00ed\u017eikov: 77 x 84 Rozmer l\u00e1tky: 13.97 x 15.24 cm L\u00e1tka: 14 ct\u00a0 Aida Bavlnky: DMC Po\u010det farieb: 43 + 8 blendoy Pou\u017eit\u00e9 techniky: kr\u00ed\u017eiky, polkr\u00ed\u017eiky, 3\/4 kr\u00ed\u017eiky, ob\u0161\u00edvanie, franc\u00fazske uzl\u00edky","_links":{"self":[{"href":"https:\/\/www.megastitch.eu\/cs\/wp-json\/wp\/v2\/product\/29559"}],"collection":[{"href":"https:\/\/www.megastitch.eu\/cs\/wp-json\/wp\/v2\/product"}],"about":[{"href":"https:\/\/www.megastitch.eu\/cs\/wp-json\/wp\/v2\/types\/product"}],"replies":[{"embeddable":true,"href":"https:\/\/www.megastitch.eu\/cs\/wp-json\/wp\/v2\/comments?post=29559"}],"wp:featuredmedia":[{"embeddable":true,"href":"https:\/\/www.megastitch.eu\/cs\/wp-json\/wp\/v2\/media\/29560"}],"wp:attachment":[{"href":"https:\/\/www.megastitch.eu\/cs\/wp-json\/wp\/v2\/media?parent=29559"}],"wp:term":[{"taxonomy":"product_cat","embeddable":true,"href":"https:\/\/www.megastitch.eu\/cs\/wp-json\/wp\/v2\/product_cat?post=29559"},{"taxonomy":"product_tag","embeddable":true,"href":"https:\/\/www.megastitch.eu\/cs\/wp-json\/wp\/v2\/product_tag?post=29559"}],"curies":[{"name":"wp","href":"https:\/\/api.w.org\/{rel}","templated":true}]}}