	{"id":29568,"date":"2025-06-06T20:20:13","date_gmt":"2025-06-06T18:20:13","guid":{"rendered":"https:\/\/www.megastitch.eu\/?post_type=product&#038;p=29568"},"modified":"2025-12-04T11:50:26","modified_gmt":"2025-12-04T10:50:26","slug":"lekna","status":"publish","type":"product","link":"https:\/\/www.megastitch.eu\/cs\/obchod\/predlohy-na-vysivanie\/stredne-predlohy\/lekna\/","title":{"rendered":"Lekn\u00e1"},"content":{"rendered":"<div class=\"nolwrap\"><p>In\u0161pirujte sa p\u00f4vabom a eleganciou lekien. Vyrastaj\u00fa z bahna, ale ich kvety hrdo kra\u013euj\u00fa na vodnej hladine. S\u00fa symbolom \u010distoty, sily, harm\u00f3nie a znovuzrodenia. Pripravte si ihly, nite, obru\u010d a pl\u00e1tno a dovo\u013ete im pod va\u0161imi rukami rozkvitn\u00fa\u0165.<\/p>\n<p>Darujte hotov\u00fa v\u00fd\u0161ivku ka\u017ed\u00e9mu, kto prech\u00e1dza zmenami, ako podporu v nov\u00fdch za\u010diatkoch.<\/p>\n<p>Autor ilustr\u00e1cie: <a title=\"Tatyana Ryzhikh\" href=\"https:\/\/vk.com\/ryzhikh_art\" target=\"_blank\" rel=\"noopener\">Tatyana Ryzhikh<\/a><\/p>\n<p>Autorka predlohy: <strong>M\u00e1ria Erbenov\u00e1\u00a0<\/strong><\/p>\n<p><strong>Po\u010det kr\u00ed\u017eikov: 89 x 91<\/strong><br \/>\n<strong>Rozmer l\u00e1tky: 16.15 x 16.51 cm<\/strong><br \/>\n<strong>L\u00e1tka<\/strong>: 14 ct\u00a0 aida<br \/>\n<strong>Bavlnky: <\/strong>DMC<br \/>\n<strong>Po\u010det farieb: <\/strong>58 a 5 blendov<br \/>\n<strong>Pou\u017eit\u00e9 techniky: <\/strong>kr\u00ed\u017eiky, ob\u0161\u00edvanie, franc\u00fazske uzl\u00edky<\/p>\n<h4>S\u00fabory na stiahnutie:<\/h4>\n<ul>\n<li><strong>pdf s\u00fabor<\/strong>\n<ul>\n<li style=\"list-style-type: none\">\n<ul>\n<li>v \u010dierno-bielej verzii &#8211; s ob\u0161\u00edvan\u00edm a bez ob\u0161\u00edvania,<\/li>\n<\/ul>\n<\/li>\n<\/ul>\n<h4>Inform\u00e1cie o predlohe:<\/h4>\n<ul>\n<li>vo farebnej verzii &#8211; s ob\u0161\u00edvan\u00edm a bez ob\u0161\u00edvania<\/li>\n<\/ul>\n<\/li>\n<li><strong>cssaga s\u00fabor<\/strong><\/li>\n<\/ul>\n<\/div>","protected":false},"excerpt":{"rendered":"<p>Dychber\u00face ru\u017eov\u00e9 lekn\u00e1 na zelen\u00fdch listoch ako predloha na kr\u00ed\u017eikov\u00e9 vy\u0161\u00edvanie.<\/p>\n<p><strong>Po\u010det kr\u00ed\u017eikov: 89 x 91<\/strong><br \/>\n<strong>Rozmer l\u00e1tky: 16.15 x 16.51 cm<\/strong><br \/>\n<strong>L\u00e1tka<\/strong>: 14 ct\u00a0 Aida<br \/>\n<strong>Bavlnky: <\/strong>DMC<br \/>\n<strong>Po\u010det farieb: <\/strong>58 + 5 blendoy<br \/>\n<strong>Pou\u017eit\u00e9 techniky:<\/strong> kr\u00ed\u017eiky, ob\u0161\u00edvanie, franc\u00fazske uzl\u00edky<\/p>\n","protected":false},"featured_media":29569,"comment_status":"open","ping_status":"closed","template":"","meta":{"_uag_custom_page_level_css":"","ngg_post_thumbnail":0},"product_cat":[257,131,138],"product_tag":[318,256,139,291,48,219],"aioseo_notices":[],"featured_image_urls":{"full":["https:\/\/www.megastitch.eu\/wp-content\/uploads\/2025\/06\/water_lilies_frame_ss_small.jpg",1000,1013,false],"thumbnail":["https:\/\/www.megastitch.eu\/wp-content\/uploads\/2025\/06\/water_lilies_frame_ss_small-150x150.jpg",150,150,true],"medium":["https:\/\/www.megastitch.eu\/wp-content\/uploads\/2025\/06\/water_lilies_frame_ss_small-296x300.jpg",296,300,true],"medium_large":["https:\/\/www.megastitch.eu\/wp-content\/uploads\/2025\/06\/water_lilies_frame_ss_small-768x778.jpg",768,778,true],"large":["https:\/\/www.megastitch.eu\/wp-content\/uploads\/2025\/06\/water_lilies_frame_ss_small.jpg",1000,1013,false],"1536x1536":["https:\/\/www.megastitch.eu\/wp-content\/uploads\/2025\/06\/water_lilies_frame_ss_small.jpg",1000,1013,false],"2048x2048":["https:\/\/www.megastitch.eu\/wp-content\/uploads\/2025\/06\/water_lilies_frame_ss_small.jpg",1000,1013,false],"ultp_layout_landscape_large":["https:\/\/www.megastitch.eu\/wp-content\/uploads\/2025\/06\/water_lilies_frame_ss_small-1000x800.jpg",1000,800,true],"ultp_layout_landscape":["https:\/\/www.megastitch.eu\/wp-content\/uploads\/2025\/06\/water_lilies_frame_ss_small-870x570.jpg",870,570,true],"ultp_layout_portrait":["https:\/\/www.megastitch.eu\/wp-content\/uploads\/2025\/06\/water_lilies_frame_ss_small-600x900.jpg",600,900,true],"ultp_layout_square":["https:\/\/www.megastitch.eu\/wp-content\/uploads\/2025\/06\/water_lilies_frame_ss_small-600x600.jpg",600,600,true],"molla_post-grid":["https:\/\/www.megastitch.eu\/wp-content\/uploads\/2025\/06\/water_lilies_frame_ss_small-400x267.jpg",400,267,true],"woocommerce_thumbnail":["https:\/\/www.megastitch.eu\/wp-content\/uploads\/2025\/06\/water_lilies_frame_ss_small-300x304.jpg",300,304,true],"woocommerce_single":["https:\/\/www.megastitch.eu\/wp-content\/uploads\/2025\/06\/water_lilies_frame_ss_small-600x608.jpg",600,608,true],"woocommerce_gallery_thumbnail":["https:\/\/www.megastitch.eu\/wp-content\/uploads\/2025\/06\/water_lilies_frame_ss_small-100x100.jpg",100,100,true]},"post_excerpt_stackable":"<p>Dychber\u00face ru\u017eov\u00e9 lekn\u00e1 na zelen\u00fdch listoch ako predloha na kr\u00ed\u017eikov\u00e9 vy\u0161\u00edvanie.<\/p>\n<p><strong>Po\u010det kr\u00ed\u017eikov: 89 x 91<\/strong><br \/>\n<strong>Rozmer l\u00e1tky: 16.15 x 16.51 cm<\/strong><br \/>\n<strong>L\u00e1tka<\/strong>: 14 ct\u00a0 Aida<br \/>\n<strong>Bavlnky: <\/strong>DMC<br \/>\n<strong>Po\u010det farieb: <\/strong>58 + 5 blendoy<br \/>\n<strong>Pou\u017eit\u00e9 techniky:<\/strong> kr\u00ed\u017eiky, ob\u0161\u00edvanie, franc\u00fazske uzl\u00edky<\/p>\n","category_list":"","author_info":{"name":"","url":""},"comments_num":"0 comments","featured_image_urls_v2":{"full":["https:\/\/www.megastitch.eu\/wp-content\/uploads\/2025\/06\/water_lilies_frame_ss_small.jpg",1000,1013,false],"thumbnail":["https:\/\/www.megastitch.eu\/wp-content\/uploads\/2025\/06\/water_lilies_frame_ss_small-150x150.jpg",150,150,true],"medium":["https:\/\/www.megastitch.eu\/wp-content\/uploads\/2025\/06\/water_lilies_frame_ss_small-296x300.jpg",296,300,true],"medium_large":["https:\/\/www.megastitch.eu\/wp-content\/uploads\/2025\/06\/water_lilies_frame_ss_small-768x778.jpg",768,778,true],"large":["https:\/\/www.megastitch.eu\/wp-content\/uploads\/2025\/06\/water_lilies_frame_ss_small.jpg",1000,1013,false],"1536x1536":["https:\/\/www.megastitch.eu\/wp-content\/uploads\/2025\/06\/water_lilies_frame_ss_small.jpg",1000,1013,false],"2048x2048":["https:\/\/www.megastitch.eu\/wp-content\/uploads\/2025\/06\/water_lilies_frame_ss_small.jpg",1000,1013,false],"ultp_layout_landscape_large":["https:\/\/www.megastitch.eu\/wp-content\/uploads\/2025\/06\/water_lilies_frame_ss_small-1000x800.jpg",1000,800,true],"ultp_layout_landscape":["https:\/\/www.megastitch.eu\/wp-content\/uploads\/2025\/06\/water_lilies_frame_ss_small-870x570.jpg",870,570,true],"ultp_layout_portrait":["https:\/\/www.megastitch.eu\/wp-content\/uploads\/2025\/06\/water_lilies_frame_ss_small-600x900.jpg",600,900,true],"ultp_layout_square":["https:\/\/www.megastitch.eu\/wp-content\/uploads\/2025\/06\/water_lilies_frame_ss_small-600x600.jpg",600,600,true],"molla_post-grid":["https:\/\/www.megastitch.eu\/wp-content\/uploads\/2025\/06\/water_lilies_frame_ss_small-400x267.jpg",400,267,true],"woocommerce_thumbnail":["https:\/\/www.megastitch.eu\/wp-content\/uploads\/2025\/06\/water_lilies_frame_ss_small-300x304.jpg",300,304,true],"woocommerce_single":["https:\/\/www.megastitch.eu\/wp-content\/uploads\/2025\/06\/water_lilies_frame_ss_small-600x608.jpg",600,608,true],"woocommerce_gallery_thumbnail":["https:\/\/www.megastitch.eu\/wp-content\/uploads\/2025\/06\/water_lilies_frame_ss_small-100x100.jpg",100,100,true]},"post_excerpt_stackable_v2":"<p>Dychber\u00face ru\u017eov\u00e9 lekn\u00e1 na zelen\u00fdch listoch ako predloha na kr\u00ed\u017eikov\u00e9 vy\u0161\u00edvanie.<\/p>\n<p><strong>Po\u010det kr\u00ed\u017eikov: 89 x 91<\/strong><br \/>\n<strong>Rozmer l\u00e1tky: 16.15 x 16.51 cm<\/strong><br \/>\n<strong>L\u00e1tka<\/strong>: 14 ct\u00a0 Aida<br \/>\n<strong>Bavlnky: <\/strong>DMC<br \/>\n<strong>Po\u010det farieb: <\/strong>58 + 5 blendoy<br \/>\n<strong>Pou\u017eit\u00e9 techniky:<\/strong> kr\u00ed\u017eiky, ob\u0161\u00edvanie, franc\u00fazske uzl\u00edky<\/p>\n","category_list_v2":"","author_info_v2":{"name":"","url":""},"comments_num_v2":"0 comments","uagb_featured_image_src":{"full":["https:\/\/www.megastitch.eu\/wp-content\/uploads\/2025\/06\/water_lilies_frame_ss_small.jpg",1000,1013,false],"thumbnail":["https:\/\/www.megastitch.eu\/wp-content\/uploads\/2025\/06\/water_lilies_frame_ss_small-150x150.jpg",150,150,true],"medium":["https:\/\/www.megastitch.eu\/wp-content\/uploads\/2025\/06\/water_lilies_frame_ss_small-296x300.jpg",296,300,true],"medium_large":["https:\/\/www.megastitch.eu\/wp-content\/uploads\/2025\/06\/water_lilies_frame_ss_small-768x778.jpg",768,778,true],"large":["https:\/\/www.megastitch.eu\/wp-content\/uploads\/2025\/06\/water_lilies_frame_ss_small.jpg",1000,1013,false],"1536x1536":["https:\/\/www.megastitch.eu\/wp-content\/uploads\/2025\/06\/water_lilies_frame_ss_small.jpg",1000,1013,false],"2048x2048":["https:\/\/www.megastitch.eu\/wp-content\/uploads\/2025\/06\/water_lilies_frame_ss_small.jpg",1000,1013,false],"ultp_layout_landscape_large":["https:\/\/www.megastitch.eu\/wp-content\/uploads\/2025\/06\/water_lilies_frame_ss_small-1000x800.jpg",1000,800,true],"ultp_layout_landscape":["https:\/\/www.megastitch.eu\/wp-content\/uploads\/2025\/06\/water_lilies_frame_ss_small-870x570.jpg",870,570,true],"ultp_layout_portrait":["https:\/\/www.megastitch.eu\/wp-content\/uploads\/2025\/06\/water_lilies_frame_ss_small-600x900.jpg",600,900,true],"ultp_layout_square":["https:\/\/www.megastitch.eu\/wp-content\/uploads\/2025\/06\/water_lilies_frame_ss_small-600x600.jpg",600,600,true],"molla_post-grid":["https:\/\/www.megastitch.eu\/wp-content\/uploads\/2025\/06\/water_lilies_frame_ss_small-400x267.jpg",400,267,true],"woocommerce_thumbnail":["https:\/\/www.megastitch.eu\/wp-content\/uploads\/2025\/06\/water_lilies_frame_ss_small-300x304.jpg",300,304,true],"woocommerce_single":["https:\/\/www.megastitch.eu\/wp-content\/uploads\/2025\/06\/water_lilies_frame_ss_small-600x608.jpg",600,608,true],"woocommerce_gallery_thumbnail":["https:\/\/www.megastitch.eu\/wp-content\/uploads\/2025\/06\/water_lilies_frame_ss_small-100x100.jpg",100,100,true]},"uagb_author_info":{"display_name":"pagacova","author_link":"https:\/\/www.megastitch.eu\/cs\/author\/"},"uagb_comment_info":0,"uagb_excerpt":"Dychber\u00face ru\u017eov\u00e9 lekn\u00e1 na zelen\u00fdch listoch ako predloha na kr\u00ed\u017eikov\u00e9 vy\u0161\u00edvanie. Po\u010det kr\u00ed\u017eikov: 89 x 91 Rozmer l\u00e1tky: 16.15 x 16.51 cm L\u00e1tka: 14 ct\u00a0 Aida Bavlnky: DMC Po\u010det farieb: 58 + 5 blendoy Pou\u017eit\u00e9 techniky: kr\u00ed\u017eiky, ob\u0161\u00edvanie, franc\u00fazske uzl\u00edky","_links":{"self":[{"href":"https:\/\/www.megastitch.eu\/cs\/wp-json\/wp\/v2\/product\/29568"}],"collection":[{"href":"https:\/\/www.megastitch.eu\/cs\/wp-json\/wp\/v2\/product"}],"about":[{"href":"https:\/\/www.megastitch.eu\/cs\/wp-json\/wp\/v2\/types\/product"}],"replies":[{"embeddable":true,"href":"https:\/\/www.megastitch.eu\/cs\/wp-json\/wp\/v2\/comments?post=29568"}],"wp:featuredmedia":[{"embeddable":true,"href":"https:\/\/www.megastitch.eu\/cs\/wp-json\/wp\/v2\/media\/29569"}],"wp:attachment":[{"href":"https:\/\/www.megastitch.eu\/cs\/wp-json\/wp\/v2\/media?parent=29568"}],"wp:term":[{"taxonomy":"product_cat","embeddable":true,"href":"https:\/\/www.megastitch.eu\/cs\/wp-json\/wp\/v2\/product_cat?post=29568"},{"taxonomy":"product_tag","embeddable":true,"href":"https:\/\/www.megastitch.eu\/cs\/wp-json\/wp\/v2\/product_tag?post=29568"}],"curies":[{"name":"wp","href":"https:\/\/api.w.org\/{rel}","templated":true}]}}