	{"id":29585,"date":"2025-08-26T14:35:19","date_gmt":"2025-08-26T12:35:19","guid":{"rendered":"https:\/\/www.megastitch.eu\/?post_type=product&#038;p=29585"},"modified":"2025-08-26T15:29:21","modified_gmt":"2025-08-26T13:29:21","slug":"stastny-pes","status":"publish","type":"product","link":"https:\/\/www.megastitch.eu\/cs\/obchod\/predlohy-na-vysivanie\/male-predlohy\/stastny-pes\/","title":{"rendered":"\u0160\u0165astn\u00fd pes"},"content":{"rendered":"<div class=\"nolwrap\"><p>Pozn\u00e1te ten moment, ke\u010f pr\u00eddete so svojim psom k jazeru a odopnete mu obojok? To\u013eko radosti, \u0161\u0165astia a nedo\u010dkavosti sa mie\u0161a v tej \u0161tvornohej bytosti. Potom sledujete ako sa rozbehne, sko\u010d\u00ed do vody a radostne \u0161pliecha okolo seba. Videli ste to u\u017e to\u013eko kr\u00e1t a st\u00e1le v\u00e1s ten obraz fascinuje. <\/p>\n<p>Presne tak\u00fdto je \u017eivot so \u0161tvornoh\u00fdm par\u0165\u00e1kom. Vy\u0161ite si predlohu. Ver\u00edm, \u017ee sa v\u017edy usmejete, ke\u010f po nej prejdete o\u010dami.<\/p>\n<p><br style=\"font-weight: 400\" \/>Autorka predlohy: <strong>M\u00e1ria Erbenov\u00e1\u00a0<\/strong><\/p>\n<h4>Inform\u00e1cie o predlohe:<\/h4>\n<p><strong>Po\u010det kr\u00ed\u017eikov: 40 x 36<br \/>\n<strong>Rozmer l\u00e1tky: 7.26 x 6.53 cm<\/strong><br \/>\n<strong>L\u00e1tka<\/strong>: 14 ct\u00a0 aida<br \/>\n<strong>Bavlnky: <\/strong>DMC<br \/>\n<strong>Po\u010det farieb: <\/strong>21 a 1 blend<br \/>\n<strong>Pou\u017eit\u00e9 techniky:<\/strong> kr\u00ed\u017eiky, ob\u0161\u00edvanie<\/p>\n<h4>S\u00fabory na stiahnutie:<\/h4>\n<ul>\n<li><strong>pdf s\u00fabor<\/strong>\n<ul>\n<li>v \u010dierno-bielej verzii &#8211; s ob\u0161\u00edvan\u00edm a bez ob\u0161\u00edvania,<\/li>\n<li>vo farebnej verzii &#8211; s ob\u0161\u00edvan\u00edm a bez ob\u0161\u00edvania<\/li>\n<\/ul>\n<\/li>\n<li><strong>cssaga s\u00fabor<\/strong><\/li>\n<\/ul>\n<\/div>","protected":false},"excerpt":{"rendered":"<h4><span style=\"font-weight: 400\">Predloha na kr\u00ed\u017eikov\u00e9 vy\u0161\u00edvanie v tvare hviezdy s mot\u00edvom psa, \u0161antiaceho vo vode so slnkom \u017eiariacim nad hladinou.<br \/>\n<\/span><\/h4>\n<p><strong>Po\u010det kr\u00ed\u017eikov: 40 x 36<\/strong><br \/>\n<strong>Rozmer l\u00e1tky: 7.26 x 6.53 cm<\/strong><br \/>\n<strong>L\u00e1tka<\/strong>: 14 ct\u00a0 Aida<br \/>\n<strong>Bavlnky: <\/strong>DMC<br \/>\n<strong>Po\u010det farieb: <\/strong>21 a 1 blend<br \/>\n<strong>Pou\u017eit\u00e9 techniky:<\/strong> kr\u00ed\u017eiky, ob\u0161\u00edvanie<\/p>\n","protected":false},"featured_media":29586,"comment_status":"open","ping_status":"closed","template":"","meta":{"_uag_custom_page_level_css":"","ngg_post_thumbnail":0},"product_cat":[243,134,131,212],"product_tag":[319,336,45,151],"aioseo_notices":[],"featured_image_urls":{"full":["https:\/\/www.megastitch.eu\/wp-content\/uploads\/2025\/08\/happy_dog_frame_logo.jpg",1191,1152,false],"thumbnail":["https:\/\/www.megastitch.eu\/wp-content\/uploads\/2025\/08\/happy_dog_frame_logo-150x150.jpg",150,150,true],"medium":["https:\/\/www.megastitch.eu\/wp-content\/uploads\/2025\/08\/happy_dog_frame_logo-300x290.jpg",300,290,true],"medium_large":["https:\/\/www.megastitch.eu\/wp-content\/uploads\/2025\/08\/happy_dog_frame_logo-768x743.jpg",768,743,true],"large":["https:\/\/www.megastitch.eu\/wp-content\/uploads\/2025\/08\/happy_dog_frame_logo-1024x990.jpg",1024,990,true],"1536x1536":["https:\/\/www.megastitch.eu\/wp-content\/uploads\/2025\/08\/happy_dog_frame_logo.jpg",1191,1152,false],"2048x2048":["https:\/\/www.megastitch.eu\/wp-content\/uploads\/2025\/08\/happy_dog_frame_logo.jpg",1191,1152,false],"ultp_layout_landscape_large":["https:\/\/www.megastitch.eu\/wp-content\/uploads\/2025\/08\/happy_dog_frame_logo-1191x800.jpg",1191,800,true],"ultp_layout_landscape":["https:\/\/www.megastitch.eu\/wp-content\/uploads\/2025\/08\/happy_dog_frame_logo-870x570.jpg",870,570,true],"ultp_layout_portrait":["https:\/\/www.megastitch.eu\/wp-content\/uploads\/2025\/08\/happy_dog_frame_logo-600x900.jpg",600,900,true],"ultp_layout_square":["https:\/\/www.megastitch.eu\/wp-content\/uploads\/2025\/08\/happy_dog_frame_logo-600x600.jpg",600,600,true],"molla_post-grid":["https:\/\/www.megastitch.eu\/wp-content\/uploads\/2025\/08\/happy_dog_frame_logo-400x267.jpg",400,267,true],"woocommerce_thumbnail":["https:\/\/www.megastitch.eu\/wp-content\/uploads\/2025\/08\/happy_dog_frame_logo-300x290.jpg",300,290,true],"woocommerce_single":["https:\/\/www.megastitch.eu\/wp-content\/uploads\/2025\/08\/happy_dog_frame_logo-600x580.jpg",600,580,true],"woocommerce_gallery_thumbnail":["https:\/\/www.megastitch.eu\/wp-content\/uploads\/2025\/08\/happy_dog_frame_logo-100x100.jpg",100,100,true]},"post_excerpt_stackable":"<h4><span style=\"font-weight: 400\">Predloha na kr\u00ed\u017eikov\u00e9 vy\u0161\u00edvanie v tvare hviezdy s mot\u00edvom psa, \u0161antiaceho vo vode so slnkom \u017eiariacim nad hladinou.<br \/>\n<\/span><\/h4>\n<p><strong>Po\u010det kr\u00ed\u017eikov: 40 x 36<\/strong><br \/>\n<strong>Rozmer l\u00e1tky: 7.26 x 6.53 cm<\/strong><br \/>\n<strong>L\u00e1tka<\/strong>: 14 ct\u00a0 Aida<br \/>\n<strong>Bavlnky: <\/strong>DMC<br \/>\n<strong>Po\u010det farieb: <\/strong>21 a 1 blend<br \/>\n<strong>Pou\u017eit\u00e9 techniky:<\/strong> kr\u00ed\u017eiky, ob\u0161\u00edvanie<\/p>\n","category_list":"","author_info":{"name":"","url":""},"comments_num":"0 comments","featured_image_urls_v2":{"full":["https:\/\/www.megastitch.eu\/wp-content\/uploads\/2025\/08\/happy_dog_frame_logo.jpg",1191,1152,false],"thumbnail":["https:\/\/www.megastitch.eu\/wp-content\/uploads\/2025\/08\/happy_dog_frame_logo-150x150.jpg",150,150,true],"medium":["https:\/\/www.megastitch.eu\/wp-content\/uploads\/2025\/08\/happy_dog_frame_logo-300x290.jpg",300,290,true],"medium_large":["https:\/\/www.megastitch.eu\/wp-content\/uploads\/2025\/08\/happy_dog_frame_logo-768x743.jpg",768,743,true],"large":["https:\/\/www.megastitch.eu\/wp-content\/uploads\/2025\/08\/happy_dog_frame_logo-1024x990.jpg",1024,990,true],"1536x1536":["https:\/\/www.megastitch.eu\/wp-content\/uploads\/2025\/08\/happy_dog_frame_logo.jpg",1191,1152,false],"2048x2048":["https:\/\/www.megastitch.eu\/wp-content\/uploads\/2025\/08\/happy_dog_frame_logo.jpg",1191,1152,false],"ultp_layout_landscape_large":["https:\/\/www.megastitch.eu\/wp-content\/uploads\/2025\/08\/happy_dog_frame_logo-1191x800.jpg",1191,800,true],"ultp_layout_landscape":["https:\/\/www.megastitch.eu\/wp-content\/uploads\/2025\/08\/happy_dog_frame_logo-870x570.jpg",870,570,true],"ultp_layout_portrait":["https:\/\/www.megastitch.eu\/wp-content\/uploads\/2025\/08\/happy_dog_frame_logo-600x900.jpg",600,900,true],"ultp_layout_square":["https:\/\/www.megastitch.eu\/wp-content\/uploads\/2025\/08\/happy_dog_frame_logo-600x600.jpg",600,600,true],"molla_post-grid":["https:\/\/www.megastitch.eu\/wp-content\/uploads\/2025\/08\/happy_dog_frame_logo-400x267.jpg",400,267,true],"woocommerce_thumbnail":["https:\/\/www.megastitch.eu\/wp-content\/uploads\/2025\/08\/happy_dog_frame_logo-300x290.jpg",300,290,true],"woocommerce_single":["https:\/\/www.megastitch.eu\/wp-content\/uploads\/2025\/08\/happy_dog_frame_logo-600x580.jpg",600,580,true],"woocommerce_gallery_thumbnail":["https:\/\/www.megastitch.eu\/wp-content\/uploads\/2025\/08\/happy_dog_frame_logo-100x100.jpg",100,100,true]},"post_excerpt_stackable_v2":"<h4><span style=\"font-weight: 400\">Predloha na kr\u00ed\u017eikov\u00e9 vy\u0161\u00edvanie v tvare hviezdy s mot\u00edvom psa, \u0161antiaceho vo vode so slnkom \u017eiariacim nad hladinou.<br \/>\n<\/span><\/h4>\n<p><strong>Po\u010det kr\u00ed\u017eikov: 40 x 36<\/strong><br \/>\n<strong>Rozmer l\u00e1tky: 7.26 x 6.53 cm<\/strong><br \/>\n<strong>L\u00e1tka<\/strong>: 14 ct\u00a0 Aida<br \/>\n<strong>Bavlnky: <\/strong>DMC<br \/>\n<strong>Po\u010det farieb: <\/strong>21 a 1 blend<br \/>\n<strong>Pou\u017eit\u00e9 techniky:<\/strong> kr\u00ed\u017eiky, ob\u0161\u00edvanie<\/p>\n","category_list_v2":"","author_info_v2":{"name":"","url":""},"comments_num_v2":"0 comments","uagb_featured_image_src":{"full":["https:\/\/www.megastitch.eu\/wp-content\/uploads\/2025\/08\/happy_dog_frame_logo.jpg",1191,1152,false],"thumbnail":["https:\/\/www.megastitch.eu\/wp-content\/uploads\/2025\/08\/happy_dog_frame_logo-150x150.jpg",150,150,true],"medium":["https:\/\/www.megastitch.eu\/wp-content\/uploads\/2025\/08\/happy_dog_frame_logo-300x290.jpg",300,290,true],"medium_large":["https:\/\/www.megastitch.eu\/wp-content\/uploads\/2025\/08\/happy_dog_frame_logo-768x743.jpg",768,743,true],"large":["https:\/\/www.megastitch.eu\/wp-content\/uploads\/2025\/08\/happy_dog_frame_logo-1024x990.jpg",1024,990,true],"1536x1536":["https:\/\/www.megastitch.eu\/wp-content\/uploads\/2025\/08\/happy_dog_frame_logo.jpg",1191,1152,false],"2048x2048":["https:\/\/www.megastitch.eu\/wp-content\/uploads\/2025\/08\/happy_dog_frame_logo.jpg",1191,1152,false],"ultp_layout_landscape_large":["https:\/\/www.megastitch.eu\/wp-content\/uploads\/2025\/08\/happy_dog_frame_logo-1191x800.jpg",1191,800,true],"ultp_layout_landscape":["https:\/\/www.megastitch.eu\/wp-content\/uploads\/2025\/08\/happy_dog_frame_logo-870x570.jpg",870,570,true],"ultp_layout_portrait":["https:\/\/www.megastitch.eu\/wp-content\/uploads\/2025\/08\/happy_dog_frame_logo-600x900.jpg",600,900,true],"ultp_layout_square":["https:\/\/www.megastitch.eu\/wp-content\/uploads\/2025\/08\/happy_dog_frame_logo-600x600.jpg",600,600,true],"molla_post-grid":["https:\/\/www.megastitch.eu\/wp-content\/uploads\/2025\/08\/happy_dog_frame_logo-400x267.jpg",400,267,true],"woocommerce_thumbnail":["https:\/\/www.megastitch.eu\/wp-content\/uploads\/2025\/08\/happy_dog_frame_logo-300x290.jpg",300,290,true],"woocommerce_single":["https:\/\/www.megastitch.eu\/wp-content\/uploads\/2025\/08\/happy_dog_frame_logo-600x580.jpg",600,580,true],"woocommerce_gallery_thumbnail":["https:\/\/www.megastitch.eu\/wp-content\/uploads\/2025\/08\/happy_dog_frame_logo-100x100.jpg",100,100,true]},"uagb_author_info":{"display_name":"pagacova","author_link":"https:\/\/www.megastitch.eu\/cs\/author\/"},"uagb_comment_info":0,"uagb_excerpt":"Predloha na kr\u00ed\u017eikov\u00e9 vy\u0161\u00edvanie v tvare hviezdy s mot\u00edvom psa, \u0161antiaceho vo vode so slnkom \u017eiariacim nad hladinou. Po\u010det kr\u00ed\u017eikov: 40 x 36 Rozmer l\u00e1tky: 7.26 x 6.53 cm L\u00e1tka: 14 ct\u00a0 Aida Bavlnky: DMC Po\u010det farieb: 21 a 1 blend Pou\u017eit\u00e9 techniky: kr\u00ed\u017eiky, ob\u0161\u00edvanie","_links":{"self":[{"href":"https:\/\/www.megastitch.eu\/cs\/wp-json\/wp\/v2\/product\/29585"}],"collection":[{"href":"https:\/\/www.megastitch.eu\/cs\/wp-json\/wp\/v2\/product"}],"about":[{"href":"https:\/\/www.megastitch.eu\/cs\/wp-json\/wp\/v2\/types\/product"}],"replies":[{"embeddable":true,"href":"https:\/\/www.megastitch.eu\/cs\/wp-json\/wp\/v2\/comments?post=29585"}],"wp:featuredmedia":[{"embeddable":true,"href":"https:\/\/www.megastitch.eu\/cs\/wp-json\/wp\/v2\/media\/29586"}],"wp:attachment":[{"href":"https:\/\/www.megastitch.eu\/cs\/wp-json\/wp\/v2\/media?parent=29585"}],"wp:term":[{"taxonomy":"product_cat","embeddable":true,"href":"https:\/\/www.megastitch.eu\/cs\/wp-json\/wp\/v2\/product_cat?post=29585"},{"taxonomy":"product_tag","embeddable":true,"href":"https:\/\/www.megastitch.eu\/cs\/wp-json\/wp\/v2\/product_tag?post=29585"}],"curies":[{"name":"wp","href":"https:\/\/api.w.org\/{rel}","templated":true}]}}