	{"id":29616,"date":"2025-08-26T15:30:10","date_gmt":"2025-08-26T13:30:10","guid":{"rendered":"https:\/\/www.megastitch.eu\/?post_type=product&#038;p=29616"},"modified":"2025-08-26T15:41:14","modified_gmt":"2025-08-26T13:41:14","slug":"trnovec-pestry","status":"publish","type":"product","link":"https:\/\/www.megastitch.eu\/cs\/obchod\/predlohy-na-vysivanie\/stredne-predlohy\/trnovec-pestry\/","title":{"rendered":"T\u0155\u0148ovec pestr\u00fd"},"content":{"rendered":"<div class=\"nolwrap\"><p>Ponorte sa do ticha oce\u00e1nu pomocou prec\u00edznej predlohy na kr\u00ed\u017eikov\u00e9 vy\u0161\u00edvanie. Spolu s elegantnou rybou v jej chrakteristick\u00fdch odtie\u0148och modrej a \u017eltej presk\u00famajte v\u0161etky z\u00e1kutia koralov\u00e9ho \u00fatesu. Ide\u00e1lna pre v\u0161etk\u00fdch, ktor\u00ed miluj\u00fa ru\u010dn\u00e9 pr\u00e1ce, pr\u00edrodu a pokoj vy\u0161\u00edvania.<\/p>\n<p>Vy\u0161ite si ju na plastov\u00fa Aidu ct 14. Je  ide\u00e1lna na tvorbu  3D projektov a dekor\u00e1ci\u00ed. <\/p>\n<p>Autorka predlohy: <strong>M\u00e1ria Erbenov\u00e1\u00a0<\/strong><\/p>\n<h4>Inform\u00e1cie o predlohe:<\/h4>\n<p><strong>Po\u010det kr\u00ed\u017eikov: 75 x 95<\/strong><br \/>\n<strong>Rozmer l\u00e1tky: 13.61 x 17.24 cm<\/strong><br \/>\n<strong>L\u00e1tka<\/strong>: 14 ct biela aida<br \/>\n<strong>Bavlnky: <\/strong>DMC<br \/>\n<strong>Po\u010det farieb: <\/strong>15<br \/>\n<strong>Pou\u017eit\u00e9 techniky:<\/strong> kr\u00ed\u017eiky, ob\u0161\u00edvanie, frac\u00fazske uzl\u00edky<\/p>\n<h4>S\u00fabory na stiahnutie:<\/h4>\n<ul>\n<li><strong>pdf s\u00fabor<\/strong>\n<ul>\n<li>v \u010dierno-bielej verzii &#8211; s ob\u0161\u00edvan\u00edm a bez ob\u0161\u00edvania,<\/li>\n<li>vo farebnej verzii &#8211; s ob\u0161\u00edvan\u00edm a bez ob\u0161\u00edvania<\/li>\n<\/ul>\n<\/li>\n<li><strong>cssaga s\u00fabor<\/strong><\/li>\n<\/ul>\n<\/div>","protected":false},"excerpt":{"rendered":"<p>Ryba T\u0155\u0148ovec pestr\u00fd ako predloha na kr\u00ed\u017eikov\u00e9 vy\u0161\u00edvanie zachyt\u00e1va jemn\u00e9 detaily a n\u00e1dhern\u00e9 farby, ak\u00e9 ma\u013euje len pr\u00edroda. <\/p>\n<h4>Inform\u00e1cie o predlohe:<\/h4>\n<p><strong>Po\u010det kr\u00ed\u017eikov: 75 x 95<\/strong><br \/>\n<strong>Rozmer l\u00e1tky: 13.61 x 17.24 cm<\/strong><br \/>\n<strong>L\u00e1tka<\/strong>: 14 ct biela Aida<br \/>\n<strong>Bavlnky: <\/strong>DMC<br \/>\n<strong>Po\u010det farieb: <\/strong>15<br \/>\n<strong>Pou\u017eit\u00e9 techniky:<\/strong> kr\u00ed\u017eiky, ob\u0161\u00edvanie, franc\u00fazske uzl\u00edky<\/p>\n","protected":false},"featured_media":29619,"comment_status":"open","ping_status":"closed","template":"","meta":{"_uag_custom_page_level_css":"","ngg_post_thumbnail":0},"product_cat":[131,138,141],"product_tag":[128,358],"aioseo_notices":[],"featured_image_urls":{"full":["https:\/\/www.megastitch.eu\/wp-content\/uploads\/2025\/08\/blue_tang_frame_ss_sm.jpg",990,1140,false],"thumbnail":["https:\/\/www.megastitch.eu\/wp-content\/uploads\/2025\/08\/blue_tang_frame_ss_sm-150x150.jpg",150,150,true],"medium":["https:\/\/www.megastitch.eu\/wp-content\/uploads\/2025\/08\/blue_tang_frame_ss_sm-261x300.jpg",261,300,true],"medium_large":["https:\/\/www.megastitch.eu\/wp-content\/uploads\/2025\/08\/blue_tang_frame_ss_sm-768x884.jpg",768,884,true],"large":["https:\/\/www.megastitch.eu\/wp-content\/uploads\/2025\/08\/blue_tang_frame_ss_sm-889x1024.jpg",889,1024,true],"1536x1536":["https:\/\/www.megastitch.eu\/wp-content\/uploads\/2025\/08\/blue_tang_frame_ss_sm.jpg",990,1140,false],"2048x2048":["https:\/\/www.megastitch.eu\/wp-content\/uploads\/2025\/08\/blue_tang_frame_ss_sm.jpg",990,1140,false],"ultp_layout_landscape_large":["https:\/\/www.megastitch.eu\/wp-content\/uploads\/2025\/08\/blue_tang_frame_ss_sm-990x800.jpg",990,800,true],"ultp_layout_landscape":["https:\/\/www.megastitch.eu\/wp-content\/uploads\/2025\/08\/blue_tang_frame_ss_sm-870x570.jpg",870,570,true],"ultp_layout_portrait":["https:\/\/www.megastitch.eu\/wp-content\/uploads\/2025\/08\/blue_tang_frame_ss_sm-600x900.jpg",600,900,true],"ultp_layout_square":["https:\/\/www.megastitch.eu\/wp-content\/uploads\/2025\/08\/blue_tang_frame_ss_sm-600x600.jpg",600,600,true],"molla_post-grid":["https:\/\/www.megastitch.eu\/wp-content\/uploads\/2025\/08\/blue_tang_frame_ss_sm-400x267.jpg",400,267,true],"woocommerce_thumbnail":["https:\/\/www.megastitch.eu\/wp-content\/uploads\/2025\/08\/blue_tang_frame_ss_sm-300x345.jpg",300,345,true],"woocommerce_single":["https:\/\/www.megastitch.eu\/wp-content\/uploads\/2025\/08\/blue_tang_frame_ss_sm-600x691.jpg",600,691,true],"woocommerce_gallery_thumbnail":["https:\/\/www.megastitch.eu\/wp-content\/uploads\/2025\/08\/blue_tang_frame_ss_sm-100x100.jpg",100,100,true]},"post_excerpt_stackable":"<p>Ryba T\u0155\u0148ovec pestr\u00fd ako predloha na kr\u00ed\u017eikov\u00e9 vy\u0161\u00edvanie zachyt\u00e1va jemn\u00e9 detaily a n\u00e1dhern\u00e9 farby, ak\u00e9 ma\u013euje len pr\u00edroda. <\/p>\n<h4>Inform\u00e1cie o predlohe:<\/h4>\n<p><strong>Po\u010det kr\u00ed\u017eikov: 75 x 95<\/strong><br \/>\n<strong>Rozmer l\u00e1tky: 13.61 x 17.24 cm<\/strong><br \/>\n<strong>L\u00e1tka<\/strong>: 14 ct biela Aida<br \/>\n<strong>Bavlnky: <\/strong>DMC<br \/>\n<strong>Po\u010det farieb: <\/strong>15<br \/>\n<strong>Pou\u017eit\u00e9 techniky:<\/strong> kr\u00ed\u017eiky, ob\u0161\u00edvanie, franc\u00fazske uzl\u00edky<\/p>\n","category_list":"","author_info":{"name":"","url":""},"comments_num":"0 comments","featured_image_urls_v2":{"full":["https:\/\/www.megastitch.eu\/wp-content\/uploads\/2025\/08\/blue_tang_frame_ss_sm.jpg",990,1140,false],"thumbnail":["https:\/\/www.megastitch.eu\/wp-content\/uploads\/2025\/08\/blue_tang_frame_ss_sm-150x150.jpg",150,150,true],"medium":["https:\/\/www.megastitch.eu\/wp-content\/uploads\/2025\/08\/blue_tang_frame_ss_sm-261x300.jpg",261,300,true],"medium_large":["https:\/\/www.megastitch.eu\/wp-content\/uploads\/2025\/08\/blue_tang_frame_ss_sm-768x884.jpg",768,884,true],"large":["https:\/\/www.megastitch.eu\/wp-content\/uploads\/2025\/08\/blue_tang_frame_ss_sm-889x1024.jpg",889,1024,true],"1536x1536":["https:\/\/www.megastitch.eu\/wp-content\/uploads\/2025\/08\/blue_tang_frame_ss_sm.jpg",990,1140,false],"2048x2048":["https:\/\/www.megastitch.eu\/wp-content\/uploads\/2025\/08\/blue_tang_frame_ss_sm.jpg",990,1140,false],"ultp_layout_landscape_large":["https:\/\/www.megastitch.eu\/wp-content\/uploads\/2025\/08\/blue_tang_frame_ss_sm-990x800.jpg",990,800,true],"ultp_layout_landscape":["https:\/\/www.megastitch.eu\/wp-content\/uploads\/2025\/08\/blue_tang_frame_ss_sm-870x570.jpg",870,570,true],"ultp_layout_portrait":["https:\/\/www.megastitch.eu\/wp-content\/uploads\/2025\/08\/blue_tang_frame_ss_sm-600x900.jpg",600,900,true],"ultp_layout_square":["https:\/\/www.megastitch.eu\/wp-content\/uploads\/2025\/08\/blue_tang_frame_ss_sm-600x600.jpg",600,600,true],"molla_post-grid":["https:\/\/www.megastitch.eu\/wp-content\/uploads\/2025\/08\/blue_tang_frame_ss_sm-400x267.jpg",400,267,true],"woocommerce_thumbnail":["https:\/\/www.megastitch.eu\/wp-content\/uploads\/2025\/08\/blue_tang_frame_ss_sm-300x345.jpg",300,345,true],"woocommerce_single":["https:\/\/www.megastitch.eu\/wp-content\/uploads\/2025\/08\/blue_tang_frame_ss_sm-600x691.jpg",600,691,true],"woocommerce_gallery_thumbnail":["https:\/\/www.megastitch.eu\/wp-content\/uploads\/2025\/08\/blue_tang_frame_ss_sm-100x100.jpg",100,100,true]},"post_excerpt_stackable_v2":"<p>Ryba T\u0155\u0148ovec pestr\u00fd ako predloha na kr\u00ed\u017eikov\u00e9 vy\u0161\u00edvanie zachyt\u00e1va jemn\u00e9 detaily a n\u00e1dhern\u00e9 farby, ak\u00e9 ma\u013euje len pr\u00edroda. <\/p>\n<h4>Inform\u00e1cie o predlohe:<\/h4>\n<p><strong>Po\u010det kr\u00ed\u017eikov: 75 x 95<\/strong><br \/>\n<strong>Rozmer l\u00e1tky: 13.61 x 17.24 cm<\/strong><br \/>\n<strong>L\u00e1tka<\/strong>: 14 ct biela Aida<br \/>\n<strong>Bavlnky: <\/strong>DMC<br \/>\n<strong>Po\u010det farieb: <\/strong>15<br \/>\n<strong>Pou\u017eit\u00e9 techniky:<\/strong> kr\u00ed\u017eiky, ob\u0161\u00edvanie, franc\u00fazske uzl\u00edky<\/p>\n","category_list_v2":"","author_info_v2":{"name":"","url":""},"comments_num_v2":"0 comments","uagb_featured_image_src":{"full":["https:\/\/www.megastitch.eu\/wp-content\/uploads\/2025\/08\/blue_tang_frame_ss_sm.jpg",990,1140,false],"thumbnail":["https:\/\/www.megastitch.eu\/wp-content\/uploads\/2025\/08\/blue_tang_frame_ss_sm-150x150.jpg",150,150,true],"medium":["https:\/\/www.megastitch.eu\/wp-content\/uploads\/2025\/08\/blue_tang_frame_ss_sm-261x300.jpg",261,300,true],"medium_large":["https:\/\/www.megastitch.eu\/wp-content\/uploads\/2025\/08\/blue_tang_frame_ss_sm-768x884.jpg",768,884,true],"large":["https:\/\/www.megastitch.eu\/wp-content\/uploads\/2025\/08\/blue_tang_frame_ss_sm-889x1024.jpg",889,1024,true],"1536x1536":["https:\/\/www.megastitch.eu\/wp-content\/uploads\/2025\/08\/blue_tang_frame_ss_sm.jpg",990,1140,false],"2048x2048":["https:\/\/www.megastitch.eu\/wp-content\/uploads\/2025\/08\/blue_tang_frame_ss_sm.jpg",990,1140,false],"ultp_layout_landscape_large":["https:\/\/www.megastitch.eu\/wp-content\/uploads\/2025\/08\/blue_tang_frame_ss_sm-990x800.jpg",990,800,true],"ultp_layout_landscape":["https:\/\/www.megastitch.eu\/wp-content\/uploads\/2025\/08\/blue_tang_frame_ss_sm-870x570.jpg",870,570,true],"ultp_layout_portrait":["https:\/\/www.megastitch.eu\/wp-content\/uploads\/2025\/08\/blue_tang_frame_ss_sm-600x900.jpg",600,900,true],"ultp_layout_square":["https:\/\/www.megastitch.eu\/wp-content\/uploads\/2025\/08\/blue_tang_frame_ss_sm-600x600.jpg",600,600,true],"molla_post-grid":["https:\/\/www.megastitch.eu\/wp-content\/uploads\/2025\/08\/blue_tang_frame_ss_sm-400x267.jpg",400,267,true],"woocommerce_thumbnail":["https:\/\/www.megastitch.eu\/wp-content\/uploads\/2025\/08\/blue_tang_frame_ss_sm-300x345.jpg",300,345,true],"woocommerce_single":["https:\/\/www.megastitch.eu\/wp-content\/uploads\/2025\/08\/blue_tang_frame_ss_sm-600x691.jpg",600,691,true],"woocommerce_gallery_thumbnail":["https:\/\/www.megastitch.eu\/wp-content\/uploads\/2025\/08\/blue_tang_frame_ss_sm-100x100.jpg",100,100,true]},"uagb_author_info":{"display_name":"pagacova","author_link":"https:\/\/www.megastitch.eu\/cs\/author\/"},"uagb_comment_info":0,"uagb_excerpt":"Ryba T\u0155\u0148ovec pestr\u00fd ako predloha na kr\u00ed\u017eikov\u00e9 vy\u0161\u00edvanie zachyt\u00e1va jemn\u00e9 detaily a n\u00e1dhern\u00e9 farby, ak\u00e9 ma\u013euje len pr\u00edroda. Inform\u00e1cie o predlohe: Po\u010det kr\u00ed\u017eikov: 75 x 95 Rozmer l\u00e1tky: 13.61 x 17.24 cm L\u00e1tka: 14 ct biela Aida Bavlnky: DMC Po\u010det farieb: 15 Pou\u017eit\u00e9 techniky: kr\u00ed\u017eiky, ob\u0161\u00edvanie, franc\u00fazske uzl\u00edky","_links":{"self":[{"href":"https:\/\/www.megastitch.eu\/cs\/wp-json\/wp\/v2\/product\/29616"}],"collection":[{"href":"https:\/\/www.megastitch.eu\/cs\/wp-json\/wp\/v2\/product"}],"about":[{"href":"https:\/\/www.megastitch.eu\/cs\/wp-json\/wp\/v2\/types\/product"}],"replies":[{"embeddable":true,"href":"https:\/\/www.megastitch.eu\/cs\/wp-json\/wp\/v2\/comments?post=29616"}],"wp:featuredmedia":[{"embeddable":true,"href":"https:\/\/www.megastitch.eu\/cs\/wp-json\/wp\/v2\/media\/29619"}],"wp:attachment":[{"href":"https:\/\/www.megastitch.eu\/cs\/wp-json\/wp\/v2\/media?parent=29616"}],"wp:term":[{"taxonomy":"product_cat","embeddable":true,"href":"https:\/\/www.megastitch.eu\/cs\/wp-json\/wp\/v2\/product_cat?post=29616"},{"taxonomy":"product_tag","embeddable":true,"href":"https:\/\/www.megastitch.eu\/cs\/wp-json\/wp\/v2\/product_tag?post=29616"}],"curies":[{"name":"wp","href":"https:\/\/api.w.org\/{rel}","templated":true}]}}