	{"id":29626,"date":"2025-09-01T23:29:08","date_gmt":"2025-09-01T21:29:08","guid":{"rendered":"https:\/\/www.megastitch.eu\/?post_type=product&#038;p=29626"},"modified":"2025-10-13T18:27:00","modified_gmt":"2025-10-13T16:27:00","slug":"kacka-na-jazere","status":"publish","type":"product","link":"https:\/\/www.megastitch.eu\/cs\/obchod\/predlohy-na-vysivanie\/male-predlohy\/kacka-na-jazere\/","title":{"rendered":"Ka\u010dka na jazere"},"content":{"rendered":"<div class=\"nolwrap\"><p>Vedeli ste, \u017ee div\u00e1 ka\u010dka je symbolom slobody, vytrvalosti a flexibility? M\u00e1 schopnos\u0165 prisp\u00f4sobi\u0165 sa rozmanit\u00e9mu prostrediu a prekon\u00e1va\u0165 prek\u00e1\u017eky. \u010casto sa vyskytuje v skupin\u00e1ch a vytv\u00e1ra siln\u00fa komunitu.<\/p>\n<p>Vy\u0161ite si predlohu ka\u010dky na <a title=\"plastov\u00e1 aida\" href=\"https:\/\/www.megastitch.eu\/kategoria-produktu\/podklady-na-vysivanie\/plastova-aida\/\">plastov\u00fa aidu<\/a>. Hotov\u00e1 v\u00fd\u0161ivka v\u00e1m bude pripom\u00edna\u0165 nutnos\u0165 neust\u00e1leho pohybu vpred a dod\u00e1 silu pre nov\u00e9 za\u010diatky.<\/p>\n<p><br style=\"font-weight: 400;\">Autorka predlohy: <strong>M\u00e1ria Erbenov\u00e1&nbsp;<\/strong><\/p>\n<h4>Inform\u00e1cie o predlohe:<\/h4>\n<p><strong>Po\u010det kr\u00ed\u017eikov: 40 x 40<br \/>\n<strong>Rozmer l\u00e1tky: 7.26 x 7.26 cm<\/strong><br \/>\n<strong>L\u00e1tka<\/strong>: 14 ct&nbsp; aida<br \/>\n<strong>Bavlnky: <\/strong>DMC<br \/>\n<strong>Po\u010det farieb: <\/strong>37 a 1 blend<br \/>\n<strong>Pou\u017eit\u00e9 techniky:<\/strong> kr\u00ed\u017eiky, ob\u0161\u00edvanie<\/strong><\/p>\n<h4>S\u00fabory na stiahnutie:<\/h4>\n<ul>\n<li><strong>pdf s\u00fabor<\/strong>\n<ul>\n<li>v \u010dierno-bielej verzii &#8211; s ob\u0161\u00edvan\u00edm a bez ob\u0161\u00edvania,<\/li>\n<li>vo farebnej verzii &#8211; s ob\u0161\u00edvan\u00edm a bez ob\u0161\u00edvania<\/li>\n<\/ul>\n<\/li>\n<li><strong>cssaga s\u00fabor<\/strong><\/li>\n<\/ul>\n<\/div>","protected":false},"excerpt":{"rendered":"<h4><span style=\"font-weight: 400;\">Predloha na kr\u00ed\u017eikov\u00e9 vy\u0161\u00edvanie v tvare ka\u010dky s mot\u00edvom ka\u010di\u010dky, \u0161antiacej vo vode na jazere.<br \/>\n<\/span><\/h4>\n<p><strong>Po\u010det kr\u00ed\u017eikov: 40 x 40<\/strong><br \/>\n<strong>Rozmer l\u00e1tky: 7.26 x 7.26 cm<\/strong><br \/>\n<strong>L\u00e1tka<\/strong>: 14 ct&nbsp; Aida<br \/>\n<strong>Bavlnky: <\/strong>DMC<br \/>\n<strong>Po\u010det farieb: <\/strong>37 a 1 blend<br \/>\n<strong>Pou\u017eit\u00e9 techniky:<\/strong> kr\u00ed\u017eiky, ob\u0161\u00edvanie<\/p>\n","protected":false},"featured_media":29631,"comment_status":"open","ping_status":"closed","template":"","meta":{"_uag_custom_page_level_css":"","ngg_post_thumbnail":0},"product_cat":[243,134,131],"product_tag":[319,336,45,143,151],"aioseo_notices":[],"featured_image_urls":{"full":["https:\/\/www.megastitch.eu\/wp-content\/uploads\/2025\/09\/duck_on_the_lake_frame.jpg",1148,1146,false],"thumbnail":["https:\/\/www.megastitch.eu\/wp-content\/uploads\/2025\/09\/duck_on_the_lake_frame-150x150.jpg",150,150,true],"medium":["https:\/\/www.megastitch.eu\/wp-content\/uploads\/2025\/09\/duck_on_the_lake_frame-300x300.jpg",300,300,true],"medium_large":["https:\/\/www.megastitch.eu\/wp-content\/uploads\/2025\/09\/duck_on_the_lake_frame-768x767.jpg",768,767,true],"large":["https:\/\/www.megastitch.eu\/wp-content\/uploads\/2025\/09\/duck_on_the_lake_frame-1024x1022.jpg",1024,1022,true],"1536x1536":["https:\/\/www.megastitch.eu\/wp-content\/uploads\/2025\/09\/duck_on_the_lake_frame.jpg",1148,1146,false],"2048x2048":["https:\/\/www.megastitch.eu\/wp-content\/uploads\/2025\/09\/duck_on_the_lake_frame.jpg",1148,1146,false],"ultp_layout_landscape_large":["https:\/\/www.megastitch.eu\/wp-content\/uploads\/2025\/09\/duck_on_the_lake_frame-1148x800.jpg",1148,800,true],"ultp_layout_landscape":["https:\/\/www.megastitch.eu\/wp-content\/uploads\/2025\/09\/duck_on_the_lake_frame-870x570.jpg",870,570,true],"ultp_layout_portrait":["https:\/\/www.megastitch.eu\/wp-content\/uploads\/2025\/09\/duck_on_the_lake_frame-600x900.jpg",600,900,true],"ultp_layout_square":["https:\/\/www.megastitch.eu\/wp-content\/uploads\/2025\/09\/duck_on_the_lake_frame-600x600.jpg",600,600,true],"molla_post-grid":["https:\/\/www.megastitch.eu\/wp-content\/uploads\/2025\/09\/duck_on_the_lake_frame-400x267.jpg",400,267,true],"woocommerce_thumbnail":["https:\/\/www.megastitch.eu\/wp-content\/uploads\/2025\/09\/duck_on_the_lake_frame-300x299.jpg",300,299,true],"woocommerce_single":["https:\/\/www.megastitch.eu\/wp-content\/uploads\/2025\/09\/duck_on_the_lake_frame-600x599.jpg",600,599,true],"woocommerce_gallery_thumbnail":["https:\/\/www.megastitch.eu\/wp-content\/uploads\/2025\/09\/duck_on_the_lake_frame-100x100.jpg",100,100,true]},"post_excerpt_stackable":"<h4><span style=\"font-weight: 400;\">Predloha na kr\u00ed\u017eikov\u00e9 vy\u0161\u00edvanie v tvare ka\u010dky s mot\u00edvom ka\u010di\u010dky, \u0161antiacej vo vode na jazere.<br \/>\n<\/span><\/h4>\n<p><strong>Po\u010det kr\u00ed\u017eikov: 40 x 40<\/strong><br \/>\n<strong>Rozmer l\u00e1tky: 7.26 x 7.26 cm<\/strong><br \/>\n<strong>L\u00e1tka<\/strong>: 14 ct&nbsp; Aida<br \/>\n<strong>Bavlnky: <\/strong>DMC<br \/>\n<strong>Po\u010det farieb: <\/strong>37 a 1 blend<br \/>\n<strong>Pou\u017eit\u00e9 techniky:<\/strong> kr\u00ed\u017eiky, ob\u0161\u00edvanie<\/p>\n","category_list":"","author_info":{"name":"","url":""},"comments_num":"0 comments","featured_image_urls_v2":{"full":["https:\/\/www.megastitch.eu\/wp-content\/uploads\/2025\/09\/duck_on_the_lake_frame.jpg",1148,1146,false],"thumbnail":["https:\/\/www.megastitch.eu\/wp-content\/uploads\/2025\/09\/duck_on_the_lake_frame-150x150.jpg",150,150,true],"medium":["https:\/\/www.megastitch.eu\/wp-content\/uploads\/2025\/09\/duck_on_the_lake_frame-300x300.jpg",300,300,true],"medium_large":["https:\/\/www.megastitch.eu\/wp-content\/uploads\/2025\/09\/duck_on_the_lake_frame-768x767.jpg",768,767,true],"large":["https:\/\/www.megastitch.eu\/wp-content\/uploads\/2025\/09\/duck_on_the_lake_frame-1024x1022.jpg",1024,1022,true],"1536x1536":["https:\/\/www.megastitch.eu\/wp-content\/uploads\/2025\/09\/duck_on_the_lake_frame.jpg",1148,1146,false],"2048x2048":["https:\/\/www.megastitch.eu\/wp-content\/uploads\/2025\/09\/duck_on_the_lake_frame.jpg",1148,1146,false],"ultp_layout_landscape_large":["https:\/\/www.megastitch.eu\/wp-content\/uploads\/2025\/09\/duck_on_the_lake_frame-1148x800.jpg",1148,800,true],"ultp_layout_landscape":["https:\/\/www.megastitch.eu\/wp-content\/uploads\/2025\/09\/duck_on_the_lake_frame-870x570.jpg",870,570,true],"ultp_layout_portrait":["https:\/\/www.megastitch.eu\/wp-content\/uploads\/2025\/09\/duck_on_the_lake_frame-600x900.jpg",600,900,true],"ultp_layout_square":["https:\/\/www.megastitch.eu\/wp-content\/uploads\/2025\/09\/duck_on_the_lake_frame-600x600.jpg",600,600,true],"molla_post-grid":["https:\/\/www.megastitch.eu\/wp-content\/uploads\/2025\/09\/duck_on_the_lake_frame-400x267.jpg",400,267,true],"woocommerce_thumbnail":["https:\/\/www.megastitch.eu\/wp-content\/uploads\/2025\/09\/duck_on_the_lake_frame-300x299.jpg",300,299,true],"woocommerce_single":["https:\/\/www.megastitch.eu\/wp-content\/uploads\/2025\/09\/duck_on_the_lake_frame-600x599.jpg",600,599,true],"woocommerce_gallery_thumbnail":["https:\/\/www.megastitch.eu\/wp-content\/uploads\/2025\/09\/duck_on_the_lake_frame-100x100.jpg",100,100,true]},"post_excerpt_stackable_v2":"<h4><span style=\"font-weight: 400;\">Predloha na kr\u00ed\u017eikov\u00e9 vy\u0161\u00edvanie v tvare ka\u010dky s mot\u00edvom ka\u010di\u010dky, \u0161antiacej vo vode na jazere.<br \/>\n<\/span><\/h4>\n<p><strong>Po\u010det kr\u00ed\u017eikov: 40 x 40<\/strong><br \/>\n<strong>Rozmer l\u00e1tky: 7.26 x 7.26 cm<\/strong><br \/>\n<strong>L\u00e1tka<\/strong>: 14 ct&nbsp; Aida<br \/>\n<strong>Bavlnky: <\/strong>DMC<br \/>\n<strong>Po\u010det farieb: <\/strong>37 a 1 blend<br \/>\n<strong>Pou\u017eit\u00e9 techniky:<\/strong> kr\u00ed\u017eiky, ob\u0161\u00edvanie<\/p>\n","category_list_v2":"","author_info_v2":{"name":"","url":""},"comments_num_v2":"0 comments","uagb_featured_image_src":{"full":["https:\/\/www.megastitch.eu\/wp-content\/uploads\/2025\/09\/duck_on_the_lake_frame.jpg",1148,1146,false],"thumbnail":["https:\/\/www.megastitch.eu\/wp-content\/uploads\/2025\/09\/duck_on_the_lake_frame-150x150.jpg",150,150,true],"medium":["https:\/\/www.megastitch.eu\/wp-content\/uploads\/2025\/09\/duck_on_the_lake_frame-300x300.jpg",300,300,true],"medium_large":["https:\/\/www.megastitch.eu\/wp-content\/uploads\/2025\/09\/duck_on_the_lake_frame-768x767.jpg",768,767,true],"large":["https:\/\/www.megastitch.eu\/wp-content\/uploads\/2025\/09\/duck_on_the_lake_frame-1024x1022.jpg",1024,1022,true],"1536x1536":["https:\/\/www.megastitch.eu\/wp-content\/uploads\/2025\/09\/duck_on_the_lake_frame.jpg",1148,1146,false],"2048x2048":["https:\/\/www.megastitch.eu\/wp-content\/uploads\/2025\/09\/duck_on_the_lake_frame.jpg",1148,1146,false],"ultp_layout_landscape_large":["https:\/\/www.megastitch.eu\/wp-content\/uploads\/2025\/09\/duck_on_the_lake_frame-1148x800.jpg",1148,800,true],"ultp_layout_landscape":["https:\/\/www.megastitch.eu\/wp-content\/uploads\/2025\/09\/duck_on_the_lake_frame-870x570.jpg",870,570,true],"ultp_layout_portrait":["https:\/\/www.megastitch.eu\/wp-content\/uploads\/2025\/09\/duck_on_the_lake_frame-600x900.jpg",600,900,true],"ultp_layout_square":["https:\/\/www.megastitch.eu\/wp-content\/uploads\/2025\/09\/duck_on_the_lake_frame-600x600.jpg",600,600,true],"molla_post-grid":["https:\/\/www.megastitch.eu\/wp-content\/uploads\/2025\/09\/duck_on_the_lake_frame-400x267.jpg",400,267,true],"woocommerce_thumbnail":["https:\/\/www.megastitch.eu\/wp-content\/uploads\/2025\/09\/duck_on_the_lake_frame-300x299.jpg",300,299,true],"woocommerce_single":["https:\/\/www.megastitch.eu\/wp-content\/uploads\/2025\/09\/duck_on_the_lake_frame-600x599.jpg",600,599,true],"woocommerce_gallery_thumbnail":["https:\/\/www.megastitch.eu\/wp-content\/uploads\/2025\/09\/duck_on_the_lake_frame-100x100.jpg",100,100,true]},"uagb_author_info":{"display_name":"pagacova","author_link":"https:\/\/www.megastitch.eu\/cs\/author\/"},"uagb_comment_info":0,"uagb_excerpt":"Predloha na kr\u00ed\u017eikov\u00e9 vy\u0161\u00edvanie v tvare ka\u010dky s mot\u00edvom ka\u010di\u010dky, \u0161antiacej vo vode na jazere. Po\u010det kr\u00ed\u017eikov: 40 x 40 Rozmer l\u00e1tky: 7.26 x 7.26 cm L\u00e1tka: 14 ct&nbsp; Aida Bavlnky: DMC Po\u010det farieb: 37 a 1 blend Pou\u017eit\u00e9 techniky: kr\u00ed\u017eiky, ob\u0161\u00edvanie","_links":{"self":[{"href":"https:\/\/www.megastitch.eu\/cs\/wp-json\/wp\/v2\/product\/29626"}],"collection":[{"href":"https:\/\/www.megastitch.eu\/cs\/wp-json\/wp\/v2\/product"}],"about":[{"href":"https:\/\/www.megastitch.eu\/cs\/wp-json\/wp\/v2\/types\/product"}],"replies":[{"embeddable":true,"href":"https:\/\/www.megastitch.eu\/cs\/wp-json\/wp\/v2\/comments?post=29626"}],"wp:featuredmedia":[{"embeddable":true,"href":"https:\/\/www.megastitch.eu\/cs\/wp-json\/wp\/v2\/media\/29631"}],"wp:attachment":[{"href":"https:\/\/www.megastitch.eu\/cs\/wp-json\/wp\/v2\/media?parent=29626"}],"wp:term":[{"taxonomy":"product_cat","embeddable":true,"href":"https:\/\/www.megastitch.eu\/cs\/wp-json\/wp\/v2\/product_cat?post=29626"},{"taxonomy":"product_tag","embeddable":true,"href":"https:\/\/www.megastitch.eu\/cs\/wp-json\/wp\/v2\/product_tag?post=29626"}],"curies":[{"name":"wp","href":"https:\/\/api.w.org\/{rel}","templated":true}]}}