	{"id":29637,"date":"2025-09-03T19:02:37","date_gmt":"2025-09-03T17:02:37","guid":{"rendered":"https:\/\/www.megastitch.eu\/?post_type=product&#038;p=29637"},"modified":"2025-09-03T19:18:01","modified_gmt":"2025-09-03T17:18:01","slug":"bocian-na-jezere","status":"publish","type":"product","link":"https:\/\/www.megastitch.eu\/cs\/obchod\/predlohy-na-vysivanie\/male-predlohy\/bocian-na-jezere\/","title":{"rendered":"Bocian na jezere"},"content":{"rendered":"<div class=\"nolwrap\"><p>Bocian je po st\u00e1ro\u010dia symbolom plodnosti a \u0161\u0165astia. V mnoh\u00fdch kult\u00farach tie\u017e chr\u00e1ni domov a prin\u00e1\u0161a pokoj. Jeden bocian pr\u00e1ve priletel k v\u00e1m. Pokojne stoj\u00ed v jazere, obklopen\u00fd kr\u00e1sou pr\u00edrody.<\/p>\n<p>Vy\u0161ite si predlohu bociana na <a title=\"plastov\u00e1 aida\" href=\"https:\/\/www.megastitch.eu\/kategoria-produktu\/podklady-na-vysivanie\/plastova-aida\/\">plastov\u00fa aidu<\/a> alebo <a title=\"l\u00e1tky na vy\u0161\u00edvanie\" href=\"https:\/\/www.megastitch.eu\/kategoria-produktu\/podklady-na-vysivanie\/latky-na-vysivanie\/\">klasick\u00e9 pl\u00e1tno<\/a>. Ktovie, mo\u017eno v\u00e1m hotov\u00e1 v\u00fd\u0161ivka a bocian v nej, naozaj prinesie \u0161\u0165astie. Vezmite do r\u00fak ihlu, vn\u00edmajte pokoj, ktor\u00fd si m\u00f4\u017eeme vytvori\u0165 aj uprostred ka\u017edodenn\u00e9ho zhonu.<\/p>\n<p><br style=\"font-weight: 400\" \/>Autorka predlohy: <strong>M\u00e1ria Erbenov\u00e1\u00a0<\/strong><\/p>\n<h4>Inform\u00e1cie o predlohe:<\/h4>\n<p><strong>Po\u010det kr\u00ed\u017eikov: 52 x 36<br \/>\n<strong>Rozmer l\u00e1tky: 9.43 x 6.53 cm<\/strong><br \/>\n<strong>L\u00e1tka<\/strong>: 14 ct\u00a0 aida<br \/>\n<strong>Bavlnky: <\/strong>DMC<br \/>\n<strong>Po\u010det farieb: <\/strong>26 a 4 blendy<br \/>\n<strong>Pou\u017eit\u00e9 techniky:<\/strong> kr\u00ed\u017eiky, ob\u0161\u00edvanie, franc\u00fazske uzl\u00edky<\/strong><\/p>\n<h4>S\u00fabory na stiahnutie:<\/h4>\n<ul>\n<li><strong>pdf s\u00fabor<\/strong>\n<ul>\n<li>v \u010dierno-bielej verzii &#8211; s ob\u0161\u00edvan\u00edm a bez ob\u0161\u00edvania,<\/li>\n<li>vo farebnej verzii &#8211; s ob\u0161\u00edvan\u00edm a bez ob\u0161\u00edvania<\/li>\n<\/ul>\n<\/li>\n<li><strong>cssaga s\u00fabor<\/strong><\/li>\n<\/ul>\n<\/div>","protected":false},"excerpt":{"rendered":"<h4><span style=\"font-weight: 400\">Malebn\u00e1 predloha na kr\u00ed\u017eikov\u00e9 vy\u0161\u00edvanie v tvare vt\u00e1ka, s mot\u00edvom bociana v jazere.<\/p>\n<p><\/span><\/h4>\n<p><strong>Po\u010det kr\u00ed\u017eikov: 52 x 36<\/strong><br \/>\n<strong>Rozmer l\u00e1tky: 9.43 x 6.53 cm<\/strong><br \/>\n<strong>L\u00e1tka<\/strong>: 14 ct\u00a0 Aida<br \/>\n<strong>Bavlnky: <\/strong>DMC<br \/>\n<strong>Po\u010det farieb: <\/strong>26 a 4 blendy<br \/>\n<strong>Pou\u017eit\u00e9 techniky:<\/strong> kr\u00ed\u017eiky, ob\u0161\u00edvanie, franc\u00fazske uzl\u00edky<\/p>\n","protected":false},"featured_media":29638,"comment_status":"open","ping_status":"closed","template":"","meta":{"_uag_custom_page_level_css":"","ngg_post_thumbnail":0},"product_cat":[243,134,131],"product_tag":[319,336,143,151],"aioseo_notices":[],"featured_image_urls":{"full":["https:\/\/www.megastitch.eu\/wp-content\/uploads\/2025\/09\/stork_on_the_lake_frame_ss.jpg",1595,1372,false],"thumbnail":["https:\/\/www.megastitch.eu\/wp-content\/uploads\/2025\/09\/stork_on_the_lake_frame_ss-150x150.jpg",150,150,true],"medium":["https:\/\/www.megastitch.eu\/wp-content\/uploads\/2025\/09\/stork_on_the_lake_frame_ss-300x258.jpg",300,258,true],"medium_large":["https:\/\/www.megastitch.eu\/wp-content\/uploads\/2025\/09\/stork_on_the_lake_frame_ss-768x661.jpg",768,661,true],"large":["https:\/\/www.megastitch.eu\/wp-content\/uploads\/2025\/09\/stork_on_the_lake_frame_ss-1024x881.jpg",1024,881,true],"1536x1536":["https:\/\/www.megastitch.eu\/wp-content\/uploads\/2025\/09\/stork_on_the_lake_frame_ss-1536x1321.jpg",1536,1321,true],"2048x2048":["https:\/\/www.megastitch.eu\/wp-content\/uploads\/2025\/09\/stork_on_the_lake_frame_ss.jpg",1595,1372,false],"ultp_layout_landscape_large":["https:\/\/www.megastitch.eu\/wp-content\/uploads\/2025\/09\/stork_on_the_lake_frame_ss-1200x800.jpg",1200,800,true],"ultp_layout_landscape":["https:\/\/www.megastitch.eu\/wp-content\/uploads\/2025\/09\/stork_on_the_lake_frame_ss-870x570.jpg",870,570,true],"ultp_layout_portrait":["https:\/\/www.megastitch.eu\/wp-content\/uploads\/2025\/09\/stork_on_the_lake_frame_ss-600x900.jpg",600,900,true],"ultp_layout_square":["https:\/\/www.megastitch.eu\/wp-content\/uploads\/2025\/09\/stork_on_the_lake_frame_ss-600x600.jpg",600,600,true],"molla_post-grid":["https:\/\/www.megastitch.eu\/wp-content\/uploads\/2025\/09\/stork_on_the_lake_frame_ss-400x267.jpg",400,267,true],"woocommerce_thumbnail":["https:\/\/www.megastitch.eu\/wp-content\/uploads\/2025\/09\/stork_on_the_lake_frame_ss-300x258.jpg",300,258,true],"woocommerce_single":["https:\/\/www.megastitch.eu\/wp-content\/uploads\/2025\/09\/stork_on_the_lake_frame_ss-600x516.jpg",600,516,true],"woocommerce_gallery_thumbnail":["https:\/\/www.megastitch.eu\/wp-content\/uploads\/2025\/09\/stork_on_the_lake_frame_ss-100x100.jpg",100,100,true]},"post_excerpt_stackable":"<h4><span style=\"font-weight: 400\">Malebn\u00e1 predloha na kr\u00ed\u017eikov\u00e9 vy\u0161\u00edvanie v tvare vt\u00e1ka, s mot\u00edvom bociana v jazere.<\/p>\n<p><\/span><\/h4>\n<p><strong>Po\u010det kr\u00ed\u017eikov: 52 x 36<\/strong><br \/>\n<strong>Rozmer l\u00e1tky: 9.43 x 6.53 cm<\/strong><br \/>\n<strong>L\u00e1tka<\/strong>: 14 ct\u00a0 Aida<br \/>\n<strong>Bavlnky: <\/strong>DMC<br \/>\n<strong>Po\u010det farieb: <\/strong>26 a 4 blendy<br \/>\n<strong>Pou\u017eit\u00e9 techniky:<\/strong> kr\u00ed\u017eiky, ob\u0161\u00edvanie, franc\u00fazske uzl\u00edky<\/p>\n","category_list":"","author_info":{"name":"","url":""},"comments_num":"0 comments","featured_image_urls_v2":{"full":["https:\/\/www.megastitch.eu\/wp-content\/uploads\/2025\/09\/stork_on_the_lake_frame_ss.jpg",1595,1372,false],"thumbnail":["https:\/\/www.megastitch.eu\/wp-content\/uploads\/2025\/09\/stork_on_the_lake_frame_ss-150x150.jpg",150,150,true],"medium":["https:\/\/www.megastitch.eu\/wp-content\/uploads\/2025\/09\/stork_on_the_lake_frame_ss-300x258.jpg",300,258,true],"medium_large":["https:\/\/www.megastitch.eu\/wp-content\/uploads\/2025\/09\/stork_on_the_lake_frame_ss-768x661.jpg",768,661,true],"large":["https:\/\/www.megastitch.eu\/wp-content\/uploads\/2025\/09\/stork_on_the_lake_frame_ss-1024x881.jpg",1024,881,true],"1536x1536":["https:\/\/www.megastitch.eu\/wp-content\/uploads\/2025\/09\/stork_on_the_lake_frame_ss-1536x1321.jpg",1536,1321,true],"2048x2048":["https:\/\/www.megastitch.eu\/wp-content\/uploads\/2025\/09\/stork_on_the_lake_frame_ss.jpg",1595,1372,false],"ultp_layout_landscape_large":["https:\/\/www.megastitch.eu\/wp-content\/uploads\/2025\/09\/stork_on_the_lake_frame_ss-1200x800.jpg",1200,800,true],"ultp_layout_landscape":["https:\/\/www.megastitch.eu\/wp-content\/uploads\/2025\/09\/stork_on_the_lake_frame_ss-870x570.jpg",870,570,true],"ultp_layout_portrait":["https:\/\/www.megastitch.eu\/wp-content\/uploads\/2025\/09\/stork_on_the_lake_frame_ss-600x900.jpg",600,900,true],"ultp_layout_square":["https:\/\/www.megastitch.eu\/wp-content\/uploads\/2025\/09\/stork_on_the_lake_frame_ss-600x600.jpg",600,600,true],"molla_post-grid":["https:\/\/www.megastitch.eu\/wp-content\/uploads\/2025\/09\/stork_on_the_lake_frame_ss-400x267.jpg",400,267,true],"woocommerce_thumbnail":["https:\/\/www.megastitch.eu\/wp-content\/uploads\/2025\/09\/stork_on_the_lake_frame_ss-300x258.jpg",300,258,true],"woocommerce_single":["https:\/\/www.megastitch.eu\/wp-content\/uploads\/2025\/09\/stork_on_the_lake_frame_ss-600x516.jpg",600,516,true],"woocommerce_gallery_thumbnail":["https:\/\/www.megastitch.eu\/wp-content\/uploads\/2025\/09\/stork_on_the_lake_frame_ss-100x100.jpg",100,100,true]},"post_excerpt_stackable_v2":"<h4><span style=\"font-weight: 400\">Malebn\u00e1 predloha na kr\u00ed\u017eikov\u00e9 vy\u0161\u00edvanie v tvare vt\u00e1ka, s mot\u00edvom bociana v jazere.<\/p>\n<p><\/span><\/h4>\n<p><strong>Po\u010det kr\u00ed\u017eikov: 52 x 36<\/strong><br \/>\n<strong>Rozmer l\u00e1tky: 9.43 x 6.53 cm<\/strong><br \/>\n<strong>L\u00e1tka<\/strong>: 14 ct\u00a0 Aida<br \/>\n<strong>Bavlnky: <\/strong>DMC<br \/>\n<strong>Po\u010det farieb: <\/strong>26 a 4 blendy<br \/>\n<strong>Pou\u017eit\u00e9 techniky:<\/strong> kr\u00ed\u017eiky, ob\u0161\u00edvanie, franc\u00fazske uzl\u00edky<\/p>\n","category_list_v2":"","author_info_v2":{"name":"","url":""},"comments_num_v2":"0 comments","uagb_featured_image_src":{"full":["https:\/\/www.megastitch.eu\/wp-content\/uploads\/2025\/09\/stork_on_the_lake_frame_ss.jpg",1595,1372,false],"thumbnail":["https:\/\/www.megastitch.eu\/wp-content\/uploads\/2025\/09\/stork_on_the_lake_frame_ss-150x150.jpg",150,150,true],"medium":["https:\/\/www.megastitch.eu\/wp-content\/uploads\/2025\/09\/stork_on_the_lake_frame_ss-300x258.jpg",300,258,true],"medium_large":["https:\/\/www.megastitch.eu\/wp-content\/uploads\/2025\/09\/stork_on_the_lake_frame_ss-768x661.jpg",768,661,true],"large":["https:\/\/www.megastitch.eu\/wp-content\/uploads\/2025\/09\/stork_on_the_lake_frame_ss-1024x881.jpg",1024,881,true],"1536x1536":["https:\/\/www.megastitch.eu\/wp-content\/uploads\/2025\/09\/stork_on_the_lake_frame_ss-1536x1321.jpg",1536,1321,true],"2048x2048":["https:\/\/www.megastitch.eu\/wp-content\/uploads\/2025\/09\/stork_on_the_lake_frame_ss.jpg",1595,1372,false],"ultp_layout_landscape_large":["https:\/\/www.megastitch.eu\/wp-content\/uploads\/2025\/09\/stork_on_the_lake_frame_ss-1200x800.jpg",1200,800,true],"ultp_layout_landscape":["https:\/\/www.megastitch.eu\/wp-content\/uploads\/2025\/09\/stork_on_the_lake_frame_ss-870x570.jpg",870,570,true],"ultp_layout_portrait":["https:\/\/www.megastitch.eu\/wp-content\/uploads\/2025\/09\/stork_on_the_lake_frame_ss-600x900.jpg",600,900,true],"ultp_layout_square":["https:\/\/www.megastitch.eu\/wp-content\/uploads\/2025\/09\/stork_on_the_lake_frame_ss-600x600.jpg",600,600,true],"molla_post-grid":["https:\/\/www.megastitch.eu\/wp-content\/uploads\/2025\/09\/stork_on_the_lake_frame_ss-400x267.jpg",400,267,true],"woocommerce_thumbnail":["https:\/\/www.megastitch.eu\/wp-content\/uploads\/2025\/09\/stork_on_the_lake_frame_ss-300x258.jpg",300,258,true],"woocommerce_single":["https:\/\/www.megastitch.eu\/wp-content\/uploads\/2025\/09\/stork_on_the_lake_frame_ss-600x516.jpg",600,516,true],"woocommerce_gallery_thumbnail":["https:\/\/www.megastitch.eu\/wp-content\/uploads\/2025\/09\/stork_on_the_lake_frame_ss-100x100.jpg",100,100,true]},"uagb_author_info":{"display_name":"pagacova","author_link":"https:\/\/www.megastitch.eu\/cs\/author\/"},"uagb_comment_info":0,"uagb_excerpt":"Malebn\u00e1 predloha na kr\u00ed\u017eikov\u00e9 vy\u0161\u00edvanie v tvare vt\u00e1ka, s mot\u00edvom bociana v jazere. Po\u010det kr\u00ed\u017eikov: 52 x 36 Rozmer l\u00e1tky: 9.43 x 6.53 cm L\u00e1tka: 14 ct\u00a0 Aida Bavlnky: DMC Po\u010det farieb: 26 a 4 blendy Pou\u017eit\u00e9 techniky: kr\u00ed\u017eiky, ob\u0161\u00edvanie, franc\u00fazske uzl\u00edky","_links":{"self":[{"href":"https:\/\/www.megastitch.eu\/cs\/wp-json\/wp\/v2\/product\/29637"}],"collection":[{"href":"https:\/\/www.megastitch.eu\/cs\/wp-json\/wp\/v2\/product"}],"about":[{"href":"https:\/\/www.megastitch.eu\/cs\/wp-json\/wp\/v2\/types\/product"}],"replies":[{"embeddable":true,"href":"https:\/\/www.megastitch.eu\/cs\/wp-json\/wp\/v2\/comments?post=29637"}],"wp:featuredmedia":[{"embeddable":true,"href":"https:\/\/www.megastitch.eu\/cs\/wp-json\/wp\/v2\/media\/29638"}],"wp:attachment":[{"href":"https:\/\/www.megastitch.eu\/cs\/wp-json\/wp\/v2\/media?parent=29637"}],"wp:term":[{"taxonomy":"product_cat","embeddable":true,"href":"https:\/\/www.megastitch.eu\/cs\/wp-json\/wp\/v2\/product_cat?post=29637"},{"taxonomy":"product_tag","embeddable":true,"href":"https:\/\/www.megastitch.eu\/cs\/wp-json\/wp\/v2\/product_tag?post=29637"}],"curies":[{"name":"wp","href":"https:\/\/api.w.org\/{rel}","templated":true}]}}