	{"id":29672,"date":"2025-09-16T13:07:48","date_gmt":"2025-09-16T11:07:48","guid":{"rendered":"https:\/\/www.megastitch.eu\/?post_type=product&#038;p=29672"},"modified":"2025-12-04T11:48:17","modified_gmt":"2025-12-04T10:48:17","slug":"priatelstvo-je-najviac","status":"publish","type":"product","link":"https:\/\/www.megastitch.eu\/cs\/obchod\/predlohy-na-vysivanie\/stredne-predlohy\/priatelstvo-je-najviac\/","title":{"rendered":"Priate\u013estvo je najviac"},"content":{"rendered":"<div class=\"nolwrap\"><p>Na zelenej l\u00fake sa pr\u00e1ve stretla nezvy\u010dajn\u00e1 dvojica &#8211; m\u00e4ku\u010dk\u00e1 ove\u010dka a bystr\u00e1 ma\u010dka. Ukazuj\u00fa n\u00e1m, ako jednoducho sa daj\u00fa spoji\u0165 dva odli\u0161n\u00e9 svety. Nezbedn\u00fd vietor sa hr\u00e1 s popadan\u00fdm l\u00edst\u00edm a sna\u017e\u00ed sa odhali\u0165 ich \u0161ibalsk\u00e9 pl\u00e1ny. Ony si v\u0161ak svoje tajomstvo dokonale str\u00e1\u017eia a dok\u00e1\u017eu sa dohodn\u00fa\u0165 aj bez slov.<\/p>\n<p>T\u00e1to predloha na kr\u00ed\u017eikov\u00e9 vy\u0161\u00edvanie prin\u00e1\u0161a nielen kr\u00e1sny obraz, ale aj posolstvo o priate\u013estve, ktor\u00e9 nemus\u00ed by\u0165 v\u017edy tradi\u010dn\u00e9. No o to viac hreje pri srdci. Vy\u0161ite si ju. Prinesie v\u00e1m nielen hodiny radostnej tvorby, ale aj obraz, ktor\u00fd zahreje du\u0161u. Hod\u00ed sa ako dar\u010dek pre t\u00fdch, ktor\u00fdch pr\u00edtomnos\u0165 rob\u00ed v\u00e1\u0161 \u017eivot vesel\u0161\u00edm a \u013eah\u0161\u00edm.<\/p>\n<p>Autor ilustr\u00e1cie: <a title=\"Elena Pozdeeva\" href=\"https:\/\/vk.com\/elenka.illustrator\" target=\"_blank\" rel=\"noopener\">Elena Pozdeeva<\/a><\/p>\n<p>Autorka predlohy: <strong>M\u00e1ria Erbenov\u00e1\u00a0<\/strong><\/p>\n<p><strong>Po\u010det kr\u00ed\u017eikov: 80 x 80<\/strong><br \/>\n<strong>Rozmer l\u00e1tky: 14.51 x 14.51 cm<\/strong><br \/>\n<strong>L\u00e1tka<\/strong>: 14 ct\u00a0 aida<br \/>\n<strong>Bavlnky: <\/strong>DMC<br \/>\n<strong>Po\u010det farieb: <\/strong>26 a 6 blendov<br \/>\n<strong>Pou\u017eit\u00e9 techniky: <\/strong>kr\u00ed\u017eiky, polkr\u00ed\u017eiky, ob\u0161\u00edvanie<\/p>\n<h4>S\u00fabory na stiahnutie:<\/h4>\n<ul>\n<li><strong>pdf s\u00fabor<\/strong>\n<ul>\n<li style=\"list-style-type: none\">\n<ul>\n<li>v \u010dierno-bielej verzii &#8211; s ob\u0161\u00edvan\u00edm a bez ob\u0161\u00edvania,<\/li>\n<\/ul>\n<\/li>\n<\/ul>\n<h4>Inform\u00e1cie o predlohe:<\/h4>\n<ul>\n<li>vo farebnej verzii &#8211; s ob\u0161\u00edvan\u00edm a bez ob\u0161\u00edvania<\/li>\n<\/ul>\n<\/li>\n<li><strong>cssaga s\u00fabor<\/strong><\/li>\n<\/ul>\n<\/div>","protected":false},"excerpt":{"rendered":"<p>Predloha na kr\u00ed\u017eikov\u00e9 vy\u0161\u00edvanie s\u00a0hrav\u00fdm mot\u00edvom zachyt\u00e1va netradi\u010dn\u00e9 priate\u013estvo, ma\u010dku a\u00a0dobrosrde\u010dn\u00fa ove\u010dku, ktor\u00e9 sa dohovoria bez slov.<\/p>\n<p><strong>Po\u010det kr\u00ed\u017eikov: 80 x 80<\/strong><br \/>\n<strong>Rozmer l\u00e1tky: 14.51 x 14.51 cm<\/strong><br \/>\n<strong>L\u00e1tka<\/strong>: 14 ct\u00a0 Aida<br \/>\n<strong>Bavlnky: <\/strong>DMC<br \/>\n<strong>Po\u010det farieb: 26<\/strong> + 6 blendoy<br \/>\n<strong>Pou\u017eit\u00e9 techniky:<\/strong> kr\u00ed\u017eiky, polkr\u00ed\u017eiky, ob\u0161\u00edvanie<\/p>\n","protected":false},"featured_media":29673,"comment_status":"open","ping_status":"closed","template":"","meta":{"_uag_custom_page_level_css":"","ngg_post_thumbnail":0},"product_cat":[131,138],"product_tag":[256,291,48,151],"aioseo_notices":[],"featured_image_urls":{"full":["https:\/\/www.megastitch.eu\/wp-content\/uploads\/2025\/09\/friendship_is_the_most_frame_ss.jpg",1197,1185,false],"thumbnail":["https:\/\/www.megastitch.eu\/wp-content\/uploads\/2025\/09\/friendship_is_the_most_frame_ss-150x150.jpg",150,150,true],"medium":["https:\/\/www.megastitch.eu\/wp-content\/uploads\/2025\/09\/friendship_is_the_most_frame_ss-300x297.jpg",300,297,true],"medium_large":["https:\/\/www.megastitch.eu\/wp-content\/uploads\/2025\/09\/friendship_is_the_most_frame_ss-768x760.jpg",768,760,true],"large":["https:\/\/www.megastitch.eu\/wp-content\/uploads\/2025\/09\/friendship_is_the_most_frame_ss-1024x1014.jpg",1024,1014,true],"1536x1536":["https:\/\/www.megastitch.eu\/wp-content\/uploads\/2025\/09\/friendship_is_the_most_frame_ss.jpg",1197,1185,false],"2048x2048":["https:\/\/www.megastitch.eu\/wp-content\/uploads\/2025\/09\/friendship_is_the_most_frame_ss.jpg",1197,1185,false],"ultp_layout_landscape_large":["https:\/\/www.megastitch.eu\/wp-content\/uploads\/2025\/09\/friendship_is_the_most_frame_ss-1197x800.jpg",1197,800,true],"ultp_layout_landscape":["https:\/\/www.megastitch.eu\/wp-content\/uploads\/2025\/09\/friendship_is_the_most_frame_ss-870x570.jpg",870,570,true],"ultp_layout_portrait":["https:\/\/www.megastitch.eu\/wp-content\/uploads\/2025\/09\/friendship_is_the_most_frame_ss-600x900.jpg",600,900,true],"ultp_layout_square":["https:\/\/www.megastitch.eu\/wp-content\/uploads\/2025\/09\/friendship_is_the_most_frame_ss-600x600.jpg",600,600,true],"molla_post-grid":["https:\/\/www.megastitch.eu\/wp-content\/uploads\/2025\/09\/friendship_is_the_most_frame_ss-400x267.jpg",400,267,true],"woocommerce_thumbnail":["https:\/\/www.megastitch.eu\/wp-content\/uploads\/2025\/09\/friendship_is_the_most_frame_ss-300x297.jpg",300,297,true],"woocommerce_single":["https:\/\/www.megastitch.eu\/wp-content\/uploads\/2025\/09\/friendship_is_the_most_frame_ss-600x594.jpg",600,594,true],"woocommerce_gallery_thumbnail":["https:\/\/www.megastitch.eu\/wp-content\/uploads\/2025\/09\/friendship_is_the_most_frame_ss-100x100.jpg",100,100,true]},"post_excerpt_stackable":"<p>Predloha na kr\u00ed\u017eikov\u00e9 vy\u0161\u00edvanie s\u00a0hrav\u00fdm mot\u00edvom zachyt\u00e1va netradi\u010dn\u00e9 priate\u013estvo, ma\u010dku a\u00a0dobrosrde\u010dn\u00fa ove\u010dku, ktor\u00e9 sa dohovoria bez slov.<\/p>\n<p><strong>Po\u010det kr\u00ed\u017eikov: 80 x 80<\/strong><br \/>\n<strong>Rozmer l\u00e1tky: 14.51 x 14.51 cm<\/strong><br \/>\n<strong>L\u00e1tka<\/strong>: 14 ct\u00a0 Aida<br \/>\n<strong>Bavlnky: <\/strong>DMC<br \/>\n<strong>Po\u010det farieb: 26<\/strong> + 6 blendoy<br \/>\n<strong>Pou\u017eit\u00e9 techniky:<\/strong> kr\u00ed\u017eiky, polkr\u00ed\u017eiky, ob\u0161\u00edvanie<\/p>\n","category_list":"","author_info":{"name":"","url":""},"comments_num":"0 comments","featured_image_urls_v2":{"full":["https:\/\/www.megastitch.eu\/wp-content\/uploads\/2025\/09\/friendship_is_the_most_frame_ss.jpg",1197,1185,false],"thumbnail":["https:\/\/www.megastitch.eu\/wp-content\/uploads\/2025\/09\/friendship_is_the_most_frame_ss-150x150.jpg",150,150,true],"medium":["https:\/\/www.megastitch.eu\/wp-content\/uploads\/2025\/09\/friendship_is_the_most_frame_ss-300x297.jpg",300,297,true],"medium_large":["https:\/\/www.megastitch.eu\/wp-content\/uploads\/2025\/09\/friendship_is_the_most_frame_ss-768x760.jpg",768,760,true],"large":["https:\/\/www.megastitch.eu\/wp-content\/uploads\/2025\/09\/friendship_is_the_most_frame_ss-1024x1014.jpg",1024,1014,true],"1536x1536":["https:\/\/www.megastitch.eu\/wp-content\/uploads\/2025\/09\/friendship_is_the_most_frame_ss.jpg",1197,1185,false],"2048x2048":["https:\/\/www.megastitch.eu\/wp-content\/uploads\/2025\/09\/friendship_is_the_most_frame_ss.jpg",1197,1185,false],"ultp_layout_landscape_large":["https:\/\/www.megastitch.eu\/wp-content\/uploads\/2025\/09\/friendship_is_the_most_frame_ss-1197x800.jpg",1197,800,true],"ultp_layout_landscape":["https:\/\/www.megastitch.eu\/wp-content\/uploads\/2025\/09\/friendship_is_the_most_frame_ss-870x570.jpg",870,570,true],"ultp_layout_portrait":["https:\/\/www.megastitch.eu\/wp-content\/uploads\/2025\/09\/friendship_is_the_most_frame_ss-600x900.jpg",600,900,true],"ultp_layout_square":["https:\/\/www.megastitch.eu\/wp-content\/uploads\/2025\/09\/friendship_is_the_most_frame_ss-600x600.jpg",600,600,true],"molla_post-grid":["https:\/\/www.megastitch.eu\/wp-content\/uploads\/2025\/09\/friendship_is_the_most_frame_ss-400x267.jpg",400,267,true],"woocommerce_thumbnail":["https:\/\/www.megastitch.eu\/wp-content\/uploads\/2025\/09\/friendship_is_the_most_frame_ss-300x297.jpg",300,297,true],"woocommerce_single":["https:\/\/www.megastitch.eu\/wp-content\/uploads\/2025\/09\/friendship_is_the_most_frame_ss-600x594.jpg",600,594,true],"woocommerce_gallery_thumbnail":["https:\/\/www.megastitch.eu\/wp-content\/uploads\/2025\/09\/friendship_is_the_most_frame_ss-100x100.jpg",100,100,true]},"post_excerpt_stackable_v2":"<p>Predloha na kr\u00ed\u017eikov\u00e9 vy\u0161\u00edvanie s\u00a0hrav\u00fdm mot\u00edvom zachyt\u00e1va netradi\u010dn\u00e9 priate\u013estvo, ma\u010dku a\u00a0dobrosrde\u010dn\u00fa ove\u010dku, ktor\u00e9 sa dohovoria bez slov.<\/p>\n<p><strong>Po\u010det kr\u00ed\u017eikov: 80 x 80<\/strong><br \/>\n<strong>Rozmer l\u00e1tky: 14.51 x 14.51 cm<\/strong><br \/>\n<strong>L\u00e1tka<\/strong>: 14 ct\u00a0 Aida<br \/>\n<strong>Bavlnky: <\/strong>DMC<br \/>\n<strong>Po\u010det farieb: 26<\/strong> + 6 blendoy<br \/>\n<strong>Pou\u017eit\u00e9 techniky:<\/strong> kr\u00ed\u017eiky, polkr\u00ed\u017eiky, ob\u0161\u00edvanie<\/p>\n","category_list_v2":"","author_info_v2":{"name":"","url":""},"comments_num_v2":"0 comments","uagb_featured_image_src":{"full":["https:\/\/www.megastitch.eu\/wp-content\/uploads\/2025\/09\/friendship_is_the_most_frame_ss.jpg",1197,1185,false],"thumbnail":["https:\/\/www.megastitch.eu\/wp-content\/uploads\/2025\/09\/friendship_is_the_most_frame_ss-150x150.jpg",150,150,true],"medium":["https:\/\/www.megastitch.eu\/wp-content\/uploads\/2025\/09\/friendship_is_the_most_frame_ss-300x297.jpg",300,297,true],"medium_large":["https:\/\/www.megastitch.eu\/wp-content\/uploads\/2025\/09\/friendship_is_the_most_frame_ss-768x760.jpg",768,760,true],"large":["https:\/\/www.megastitch.eu\/wp-content\/uploads\/2025\/09\/friendship_is_the_most_frame_ss-1024x1014.jpg",1024,1014,true],"1536x1536":["https:\/\/www.megastitch.eu\/wp-content\/uploads\/2025\/09\/friendship_is_the_most_frame_ss.jpg",1197,1185,false],"2048x2048":["https:\/\/www.megastitch.eu\/wp-content\/uploads\/2025\/09\/friendship_is_the_most_frame_ss.jpg",1197,1185,false],"ultp_layout_landscape_large":["https:\/\/www.megastitch.eu\/wp-content\/uploads\/2025\/09\/friendship_is_the_most_frame_ss-1197x800.jpg",1197,800,true],"ultp_layout_landscape":["https:\/\/www.megastitch.eu\/wp-content\/uploads\/2025\/09\/friendship_is_the_most_frame_ss-870x570.jpg",870,570,true],"ultp_layout_portrait":["https:\/\/www.megastitch.eu\/wp-content\/uploads\/2025\/09\/friendship_is_the_most_frame_ss-600x900.jpg",600,900,true],"ultp_layout_square":["https:\/\/www.megastitch.eu\/wp-content\/uploads\/2025\/09\/friendship_is_the_most_frame_ss-600x600.jpg",600,600,true],"molla_post-grid":["https:\/\/www.megastitch.eu\/wp-content\/uploads\/2025\/09\/friendship_is_the_most_frame_ss-400x267.jpg",400,267,true],"woocommerce_thumbnail":["https:\/\/www.megastitch.eu\/wp-content\/uploads\/2025\/09\/friendship_is_the_most_frame_ss-300x297.jpg",300,297,true],"woocommerce_single":["https:\/\/www.megastitch.eu\/wp-content\/uploads\/2025\/09\/friendship_is_the_most_frame_ss-600x594.jpg",600,594,true],"woocommerce_gallery_thumbnail":["https:\/\/www.megastitch.eu\/wp-content\/uploads\/2025\/09\/friendship_is_the_most_frame_ss-100x100.jpg",100,100,true]},"uagb_author_info":{"display_name":"pagacova","author_link":"https:\/\/www.megastitch.eu\/cs\/author\/"},"uagb_comment_info":0,"uagb_excerpt":"Predloha na kr\u00ed\u017eikov\u00e9 vy\u0161\u00edvanie s\u00a0hrav\u00fdm mot\u00edvom zachyt\u00e1va netradi\u010dn\u00e9 priate\u013estvo, ma\u010dku a\u00a0dobrosrde\u010dn\u00fa ove\u010dku, ktor\u00e9 sa dohovoria bez slov. Po\u010det kr\u00ed\u017eikov: 80 x 80 Rozmer l\u00e1tky: 14.51 x 14.51 cm L\u00e1tka: 14 ct\u00a0 Aida Bavlnky: DMC Po\u010det farieb: 26 + 6 blendoy Pou\u017eit\u00e9 techniky: kr\u00ed\u017eiky, polkr\u00ed\u017eiky, ob\u0161\u00edvanie","_links":{"self":[{"href":"https:\/\/www.megastitch.eu\/cs\/wp-json\/wp\/v2\/product\/29672"}],"collection":[{"href":"https:\/\/www.megastitch.eu\/cs\/wp-json\/wp\/v2\/product"}],"about":[{"href":"https:\/\/www.megastitch.eu\/cs\/wp-json\/wp\/v2\/types\/product"}],"replies":[{"embeddable":true,"href":"https:\/\/www.megastitch.eu\/cs\/wp-json\/wp\/v2\/comments?post=29672"}],"wp:featuredmedia":[{"embeddable":true,"href":"https:\/\/www.megastitch.eu\/cs\/wp-json\/wp\/v2\/media\/29673"}],"wp:attachment":[{"href":"https:\/\/www.megastitch.eu\/cs\/wp-json\/wp\/v2\/media?parent=29672"}],"wp:term":[{"taxonomy":"product_cat","embeddable":true,"href":"https:\/\/www.megastitch.eu\/cs\/wp-json\/wp\/v2\/product_cat?post=29672"},{"taxonomy":"product_tag","embeddable":true,"href":"https:\/\/www.megastitch.eu\/cs\/wp-json\/wp\/v2\/product_tag?post=29672"}],"curies":[{"name":"wp","href":"https:\/\/api.w.org\/{rel}","templated":true}]}}