	{"id":29702,"date":"2025-11-04T11:26:03","date_gmt":"2025-11-04T10:26:03","guid":{"rendered":"https:\/\/www.megastitch.eu\/?post_type=product&#038;p=29702"},"modified":"2025-11-04T12:18:32","modified_gmt":"2025-11-04T11:18:32","slug":"rybolov-pre-macky","status":"publish","type":"product","link":"https:\/\/www.megastitch.eu\/cs\/obchod\/predlohy-na-vysivanie\/male-predlohy\/rybolov-pre-macky\/","title":{"rendered":"Rybolov pre ma\u010dky"},"content":{"rendered":"<div class=\"nolwrap\"><p>Ma\u010dky len tak neoklame\u0161. Ke\u010f sa raz rozhodn\u00fa, \u017ee ryb\u00e1r\u010denie je ich hobby, tak sa ide lovi\u0165. Len tak sa nez\u013eakn\u00fa ani \u0161t\u00fadia. Ak chce\u0161 r\u00fdchly v\u00fdsledok s \u00fasmevom na tv\u00e1ri, vy\u0161ij si t\u00fato predlohu. Je vhodn\u00e1 ako dekor\u00e1cia, hra\u010dka, magnetka\u2026 vlastne na \u010doko\u013evek. Pri loven\u00ed r\u00fdb ma\u010dkami a vyu\u017eit\u00ed hotov\u00fdch v\u00fd\u0161iviek neexistuj\u00fa pravidl\u00e1.<\/p>\n<p>Niekedy sta\u010d\u00ed naozaj m\u00e1lo, p\u00e1r ve\u010derov, hebk\u00e1 <a href=\"https:\/\/www.megastitch.eu\/kategoria-produktu\/podklady-na-vysivanie\/latky-na-vysivanie\/\">kanava<\/a> alebo <a href=\"https:\/\/www.megastitch.eu\/kategoria-produktu\/podklady-na-vysivanie\/plastova-aida\/\">plastov\u00e1 aida<\/a>, a drobn\u00fd mot\u00edv, ktor\u00fd sa vy\u0161\u00edva s \u013eahkos\u0165ou.<\/p>\n<p><br style=\"font-weight: 400\" \/>Autorka predlohy: <strong>M\u00e1ria Erbenov\u00e1\u00a0<\/strong><\/p>\n<h4>Inform\u00e1cie o predlohe:<\/h4>\n<p><strong>Po\u010det kr\u00ed\u017eikov: 60 x 44<br \/>\n<strong>Rozmer l\u00e1tky: 10.89 x 7.98 cm<\/strong><br \/>\n<strong>L\u00e1tka<\/strong>: 14 ct\u00a0 aida<br \/>\n<strong>Bavlnky: <\/strong>DMC<br \/>\n<strong>Po\u010det farieb: <\/strong>24 a 3 blendy<br \/>\n<strong>Pou\u017eit\u00e9 techniky:<\/strong> kr\u00ed\u017eiky, polkr\u00ed\u017eiky, ob\u0161\u00edvanie, franc\u00fazske uzl\u00edky<\/strong><\/p>\n<h4>S\u00fabory na stiahnutie:<\/h4>\n<ul>\n<li><strong>pdf s\u00fabor<\/strong>\n<ul>\n<li>v \u010dierno-bielej verzii &#8211; s ob\u0161\u00edvan\u00edm a bez ob\u0161\u00edvania,<\/li>\n<li>vo farebnej verzii &#8211; s ob\u0161\u00edvan\u00edm a bez ob\u0161\u00edvania<\/li>\n<\/ul>\n<\/li>\n<li><strong>cssaga s\u00fabor<\/strong><\/li>\n<\/ul>\n<\/div>","protected":false},"excerpt":{"rendered":"<h4><\/h4>\n<p>R\u00fdchla a roztomil\u00e1 ma\u010dka s pr\u00edru\u010dkou rybolovu ako predloha na kr\u00ed\u017eikov\u00e9 vy\u0161\u00edvanie je mal\u00e1, origin\u00e1lna, a v hotovej v\u00fd\u0161ivke vyzer\u00e1 tot\u00e1lne cute.<\/p>\n<p><strong>Po\u010det kr\u00ed\u017eikov: 60 x 44<\/strong><br \/>\n<strong>Rozmer l\u00e1tky: 10.89 x 7.98 cm<\/strong><br \/>\n<strong>L\u00e1tka<\/strong>: 14 ct\u00a0 Aida<br \/>\n<strong>Bavlnky: <\/strong>DMC<br \/>\n<strong>Po\u010det farieb: <\/strong>24 a 3 blendy<br \/>\n<strong>Pou\u017eit\u00e9 techniky:<\/strong> kr\u00ed\u017eiky, polkr\u00ed\u017eiky, ob\u0161\u00edvanie, franc\u00fazske uzl\u00edky<\/p>\n","protected":false},"featured_media":29703,"comment_status":"open","ping_status":"closed","template":"","meta":{"_uag_custom_page_level_css":"","ngg_post_thumbnail":0},"product_cat":[243,134,131],"product_tag":[319,336,45,324,151],"aioseo_notices":[],"featured_image_urls":{"full":["https:\/\/www.megastitch.eu\/wp-content\/uploads\/2025\/11\/fishing_for_cats_frame.jpg",1463,1272,false],"thumbnail":["https:\/\/www.megastitch.eu\/wp-content\/uploads\/2025\/11\/fishing_for_cats_frame-150x150.jpg",150,150,true],"medium":["https:\/\/www.megastitch.eu\/wp-content\/uploads\/2025\/11\/fishing_for_cats_frame-300x261.jpg",300,261,true],"medium_large":["https:\/\/www.megastitch.eu\/wp-content\/uploads\/2025\/11\/fishing_for_cats_frame-768x668.jpg",768,668,true],"large":["https:\/\/www.megastitch.eu\/wp-content\/uploads\/2025\/11\/fishing_for_cats_frame-1024x890.jpg",1024,890,true],"1536x1536":["https:\/\/www.megastitch.eu\/wp-content\/uploads\/2025\/11\/fishing_for_cats_frame.jpg",1463,1272,false],"2048x2048":["https:\/\/www.megastitch.eu\/wp-content\/uploads\/2025\/11\/fishing_for_cats_frame.jpg",1463,1272,false],"ultp_layout_landscape_large":["https:\/\/www.megastitch.eu\/wp-content\/uploads\/2025\/11\/fishing_for_cats_frame-1200x800.jpg",1200,800,true],"ultp_layout_landscape":["https:\/\/www.megastitch.eu\/wp-content\/uploads\/2025\/11\/fishing_for_cats_frame-870x570.jpg",870,570,true],"ultp_layout_portrait":["https:\/\/www.megastitch.eu\/wp-content\/uploads\/2025\/11\/fishing_for_cats_frame-600x900.jpg",600,900,true],"ultp_layout_square":["https:\/\/www.megastitch.eu\/wp-content\/uploads\/2025\/11\/fishing_for_cats_frame-600x600.jpg",600,600,true],"molla_post-grid":["https:\/\/www.megastitch.eu\/wp-content\/uploads\/2025\/11\/fishing_for_cats_frame-400x267.jpg",400,267,true],"woocommerce_thumbnail":["https:\/\/www.megastitch.eu\/wp-content\/uploads\/2025\/11\/fishing_for_cats_frame-300x261.jpg",300,261,true],"woocommerce_single":["https:\/\/www.megastitch.eu\/wp-content\/uploads\/2025\/11\/fishing_for_cats_frame-600x522.jpg",600,522,true],"woocommerce_gallery_thumbnail":["https:\/\/www.megastitch.eu\/wp-content\/uploads\/2025\/11\/fishing_for_cats_frame-100x100.jpg",100,100,true]},"post_excerpt_stackable":"<h4><\/h4>\n<p>R\u00fdchla a roztomil\u00e1 ma\u010dka s pr\u00edru\u010dkou rybolovu ako predloha na kr\u00ed\u017eikov\u00e9 vy\u0161\u00edvanie je mal\u00e1, origin\u00e1lna, a v hotovej v\u00fd\u0161ivke vyzer\u00e1 tot\u00e1lne cute.<\/p>\n<p><strong>Po\u010det kr\u00ed\u017eikov: 60 x 44<\/strong><br \/>\n<strong>Rozmer l\u00e1tky: 10.89 x 7.98 cm<\/strong><br \/>\n<strong>L\u00e1tka<\/strong>: 14 ct\u00a0 Aida<br \/>\n<strong>Bavlnky: <\/strong>DMC<br \/>\n<strong>Po\u010det farieb: <\/strong>24 a 3 blendy<br \/>\n<strong>Pou\u017eit\u00e9 techniky:<\/strong> kr\u00ed\u017eiky, polkr\u00ed\u017eiky, ob\u0161\u00edvanie, franc\u00fazske uzl\u00edky<\/p>\n","category_list":"","author_info":{"name":"","url":""},"comments_num":"0 comments","featured_image_urls_v2":{"full":["https:\/\/www.megastitch.eu\/wp-content\/uploads\/2025\/11\/fishing_for_cats_frame.jpg",1463,1272,false],"thumbnail":["https:\/\/www.megastitch.eu\/wp-content\/uploads\/2025\/11\/fishing_for_cats_frame-150x150.jpg",150,150,true],"medium":["https:\/\/www.megastitch.eu\/wp-content\/uploads\/2025\/11\/fishing_for_cats_frame-300x261.jpg",300,261,true],"medium_large":["https:\/\/www.megastitch.eu\/wp-content\/uploads\/2025\/11\/fishing_for_cats_frame-768x668.jpg",768,668,true],"large":["https:\/\/www.megastitch.eu\/wp-content\/uploads\/2025\/11\/fishing_for_cats_frame-1024x890.jpg",1024,890,true],"1536x1536":["https:\/\/www.megastitch.eu\/wp-content\/uploads\/2025\/11\/fishing_for_cats_frame.jpg",1463,1272,false],"2048x2048":["https:\/\/www.megastitch.eu\/wp-content\/uploads\/2025\/11\/fishing_for_cats_frame.jpg",1463,1272,false],"ultp_layout_landscape_large":["https:\/\/www.megastitch.eu\/wp-content\/uploads\/2025\/11\/fishing_for_cats_frame-1200x800.jpg",1200,800,true],"ultp_layout_landscape":["https:\/\/www.megastitch.eu\/wp-content\/uploads\/2025\/11\/fishing_for_cats_frame-870x570.jpg",870,570,true],"ultp_layout_portrait":["https:\/\/www.megastitch.eu\/wp-content\/uploads\/2025\/11\/fishing_for_cats_frame-600x900.jpg",600,900,true],"ultp_layout_square":["https:\/\/www.megastitch.eu\/wp-content\/uploads\/2025\/11\/fishing_for_cats_frame-600x600.jpg",600,600,true],"molla_post-grid":["https:\/\/www.megastitch.eu\/wp-content\/uploads\/2025\/11\/fishing_for_cats_frame-400x267.jpg",400,267,true],"woocommerce_thumbnail":["https:\/\/www.megastitch.eu\/wp-content\/uploads\/2025\/11\/fishing_for_cats_frame-300x261.jpg",300,261,true],"woocommerce_single":["https:\/\/www.megastitch.eu\/wp-content\/uploads\/2025\/11\/fishing_for_cats_frame-600x522.jpg",600,522,true],"woocommerce_gallery_thumbnail":["https:\/\/www.megastitch.eu\/wp-content\/uploads\/2025\/11\/fishing_for_cats_frame-100x100.jpg",100,100,true]},"post_excerpt_stackable_v2":"<h4><\/h4>\n<p>R\u00fdchla a roztomil\u00e1 ma\u010dka s pr\u00edru\u010dkou rybolovu ako predloha na kr\u00ed\u017eikov\u00e9 vy\u0161\u00edvanie je mal\u00e1, origin\u00e1lna, a v hotovej v\u00fd\u0161ivke vyzer\u00e1 tot\u00e1lne cute.<\/p>\n<p><strong>Po\u010det kr\u00ed\u017eikov: 60 x 44<\/strong><br \/>\n<strong>Rozmer l\u00e1tky: 10.89 x 7.98 cm<\/strong><br \/>\n<strong>L\u00e1tka<\/strong>: 14 ct\u00a0 Aida<br \/>\n<strong>Bavlnky: <\/strong>DMC<br \/>\n<strong>Po\u010det farieb: <\/strong>24 a 3 blendy<br \/>\n<strong>Pou\u017eit\u00e9 techniky:<\/strong> kr\u00ed\u017eiky, polkr\u00ed\u017eiky, ob\u0161\u00edvanie, franc\u00fazske uzl\u00edky<\/p>\n","category_list_v2":"","author_info_v2":{"name":"","url":""},"comments_num_v2":"0 comments","uagb_featured_image_src":{"full":["https:\/\/www.megastitch.eu\/wp-content\/uploads\/2025\/11\/fishing_for_cats_frame.jpg",1463,1272,false],"thumbnail":["https:\/\/www.megastitch.eu\/wp-content\/uploads\/2025\/11\/fishing_for_cats_frame-150x150.jpg",150,150,true],"medium":["https:\/\/www.megastitch.eu\/wp-content\/uploads\/2025\/11\/fishing_for_cats_frame-300x261.jpg",300,261,true],"medium_large":["https:\/\/www.megastitch.eu\/wp-content\/uploads\/2025\/11\/fishing_for_cats_frame-768x668.jpg",768,668,true],"large":["https:\/\/www.megastitch.eu\/wp-content\/uploads\/2025\/11\/fishing_for_cats_frame-1024x890.jpg",1024,890,true],"1536x1536":["https:\/\/www.megastitch.eu\/wp-content\/uploads\/2025\/11\/fishing_for_cats_frame.jpg",1463,1272,false],"2048x2048":["https:\/\/www.megastitch.eu\/wp-content\/uploads\/2025\/11\/fishing_for_cats_frame.jpg",1463,1272,false],"ultp_layout_landscape_large":["https:\/\/www.megastitch.eu\/wp-content\/uploads\/2025\/11\/fishing_for_cats_frame-1200x800.jpg",1200,800,true],"ultp_layout_landscape":["https:\/\/www.megastitch.eu\/wp-content\/uploads\/2025\/11\/fishing_for_cats_frame-870x570.jpg",870,570,true],"ultp_layout_portrait":["https:\/\/www.megastitch.eu\/wp-content\/uploads\/2025\/11\/fishing_for_cats_frame-600x900.jpg",600,900,true],"ultp_layout_square":["https:\/\/www.megastitch.eu\/wp-content\/uploads\/2025\/11\/fishing_for_cats_frame-600x600.jpg",600,600,true],"molla_post-grid":["https:\/\/www.megastitch.eu\/wp-content\/uploads\/2025\/11\/fishing_for_cats_frame-400x267.jpg",400,267,true],"woocommerce_thumbnail":["https:\/\/www.megastitch.eu\/wp-content\/uploads\/2025\/11\/fishing_for_cats_frame-300x261.jpg",300,261,true],"woocommerce_single":["https:\/\/www.megastitch.eu\/wp-content\/uploads\/2025\/11\/fishing_for_cats_frame-600x522.jpg",600,522,true],"woocommerce_gallery_thumbnail":["https:\/\/www.megastitch.eu\/wp-content\/uploads\/2025\/11\/fishing_for_cats_frame-100x100.jpg",100,100,true]},"uagb_author_info":{"display_name":"pagacova","author_link":"https:\/\/www.megastitch.eu\/cs\/author\/"},"uagb_comment_info":0,"uagb_excerpt":"R\u00fdchla a roztomil\u00e1 ma\u010dka s pr\u00edru\u010dkou rybolovu ako predloha na kr\u00ed\u017eikov\u00e9 vy\u0161\u00edvanie je mal\u00e1, origin\u00e1lna, a v hotovej v\u00fd\u0161ivke vyzer\u00e1 tot\u00e1lne cute. Po\u010det kr\u00ed\u017eikov: 60 x 44 Rozmer l\u00e1tky: 10.89 x 7.98 cm L\u00e1tka: 14 ct\u00a0 Aida Bavlnky: DMC Po\u010det farieb: 24 a 3 blendy Pou\u017eit\u00e9 techniky: kr\u00ed\u017eiky, polkr\u00ed\u017eiky, ob\u0161\u00edvanie, franc\u00fazske uzl\u00edky","_links":{"self":[{"href":"https:\/\/www.megastitch.eu\/cs\/wp-json\/wp\/v2\/product\/29702"}],"collection":[{"href":"https:\/\/www.megastitch.eu\/cs\/wp-json\/wp\/v2\/product"}],"about":[{"href":"https:\/\/www.megastitch.eu\/cs\/wp-json\/wp\/v2\/types\/product"}],"replies":[{"embeddable":true,"href":"https:\/\/www.megastitch.eu\/cs\/wp-json\/wp\/v2\/comments?post=29702"}],"wp:featuredmedia":[{"embeddable":true,"href":"https:\/\/www.megastitch.eu\/cs\/wp-json\/wp\/v2\/media\/29703"}],"wp:attachment":[{"href":"https:\/\/www.megastitch.eu\/cs\/wp-json\/wp\/v2\/media?parent=29702"}],"wp:term":[{"taxonomy":"product_cat","embeddable":true,"href":"https:\/\/www.megastitch.eu\/cs\/wp-json\/wp\/v2\/product_cat?post=29702"},{"taxonomy":"product_tag","embeddable":true,"href":"https:\/\/www.megastitch.eu\/cs\/wp-json\/wp\/v2\/product_tag?post=29702"}],"curies":[{"name":"wp","href":"https:\/\/api.w.org\/{rel}","templated":true}]}}