	{"id":29711,"date":"2025-11-04T11:52:53","date_gmt":"2025-11-04T10:52:53","guid":{"rendered":"https:\/\/www.megastitch.eu\/?post_type=product&#038;p=29711"},"modified":"2025-11-07T19:11:01","modified_gmt":"2025-11-07T18:11:01","slug":"stastni-snehuliaci","status":"publish","type":"product","link":"https:\/\/www.megastitch.eu\/cs\/obchod\/predlohy-na-vysivanie\/stredne-predlohy\/stastni-snehuliaci\/","title":{"rendered":"\u0160\u0165astn\u00ed snehuliaci"},"content":{"rendered":"<div class=\"nolwrap\"><p>\u0160tyria rozko\u0161n\u00ed snehuliaci v retroPixelArt \u0161t\u00fdle o\u017eivia va\u0161u zimn\u00fa a viano\u010dn\u00fa v\u00fdzdobu! Ka\u017ed\u00fd z nich m\u00e1 svoju osobitos\u0165 a vlastn\u00e9 meno:<\/p>\n<p>\ud83c\udfa9 Oliver- elegantn\u00fd snehuliak s \u010diernym klob\u00fakom a \u0161\u00e1lom<br \/>\n\ud83e\udde3 Boris &#8211; mil\u00fd kamar\u00e1t so zelenou \u010diapkou a \u010derven\u00fdm \u0161\u00e1lom<br \/>\n\ud83c\udfa7 Milan &#8211; modern\u00fd snehuliak so sl\u00fachadlami a fialovou \u010diapkou<br \/>\n\ud83e\udde4 Zdeno &#8211; usmiaty priate\u013e s modr\u00fdmi rukavi\u010dkami<\/p>\n<p>\u010co s nimi m\u00f4\u017eete vytvori\u0165:<\/p>\n<ul>\n<li>Viano\u010dn\u00e9 ozdoby na strom\u010dek<\/li>\n<li>Magnetky na chladni\u010dku<\/li>\n<li>Bro\u0161ne alebo odznaky<\/li>\n<li>Dekor\u00e1cie do detskej izby<\/li>\n<li>Dar\u010dekov\u00e9 karti\u010dky<\/li>\n<li>Textiln\u00e9 hra\u010dky<\/li>\n<li>Vy\u0161\u00edvanie na plastovej kanve (plastovka)<\/li>\n<\/ul>\n<p>Detaily:<br \/>\n\u2728 4 r\u00f4zne dizajny v jednom bal\u00ed\u010dku<br \/>\n\u2728 Retro pixelov\u00fd \u0161t\u00fdl s n\u00e1dychom nostalgie<br \/>\n\u2728 Farebn\u00e9 detaily &#8211; \u010diapky, \u0161\u00e1le, doplnky<br \/>\n\u2728 Vhodn\u00e9 pre za\u010diato\u010dn\u00edkov aj pokro\u010dil\u00fdch<br \/>\n\u2728 Ide\u00e1lne na r\u00fdchle viano\u010dn\u00e9 projekty<br \/>\n\u2728 Perfektn\u00e9 aj na plastov\u00fa vy\u0161\u00edvaciu <a href=\"https:\/\/www.megastitch.eu\/kategoria-produktu\/podklady-na-vysivanie\/plastova-aida\/\">plastov\u00fa vy\u0161\u00edvaciu kanavu<\/a><\/p>\n<p><br style=\"font-weight: 400\" \/>Autorka predlohy: <strong>M\u00e1ria Erbenov\u00e1\u00a0<\/strong><\/p>\n<h4>Inform\u00e1cie o predlohe:<\/h4>\n<p><strong>Po\u010det kr\u00ed\u017eikov: 89 x 107<br \/>\n<strong>Rozmer l\u00e1tky: 16.15 x 19.41 cm<\/strong><br \/>\n<strong>L\u00e1tka<\/strong>: 14 ct\u00a0 aida<br \/>\n<strong>Bavlnky: <\/strong>DMC<br \/>\n<strong>Po\u010det farieb: 33<\/strong> a 7 blendy<br \/>\n<strong>Pou\u017eit\u00e9 techniky:<\/strong> kr\u00ed\u017eiky, \u00a0ob\u0161\u00edvanie, franc\u00fazske uzl\u00edky<\/strong><\/p>\n<h4>S\u00fabory na stiahnutie:<\/h4>\n<ul>\n<li><strong>pdf s\u00fabor<\/strong>\n<ul>\n<li>v \u010dierno-bielej verzii &#8211; s ob\u0161\u00edvan\u00edm a bez ob\u0161\u00edvania,<\/li>\n<li>vo farebnej verzii &#8211; s ob\u0161\u00edvan\u00edm a bez ob\u0161\u00edvania<\/li>\n<\/ul>\n<\/li>\n<li><strong>cssaga s\u00fabor<\/strong><\/li>\n<\/ul>\n<\/div>","protected":false},"excerpt":{"rendered":"<h4><\/h4>\n<p>Predloha na kr\u00ed\u017eikov\u00e9 vy\u0161\u00edvanie, 4 drobn\u00e9 predlohy snehuliakov v retro PixelArt \u0161t\u00fdle. Ide\u00e1lne pre r\u00fdchle zimn\u00e9 mini projekty aj na plastov\u00fa aidu.<\/p>\n<p><strong>Po\u010det kr\u00ed\u017eikov: 89 x 107<\/strong><br \/>\n<strong>Rozmer l\u00e1tky: 16.15 x 19.41 cm<\/strong><br \/>\n<strong>L\u00e1tka<\/strong>: 14 ct\u00a0 Aida<br \/>\n<strong>Bavlnky: <\/strong>DMC<br \/>\n<strong>Po\u010det farieb: <\/strong>33 a 7 blendy<br \/>\n<strong>Pou\u017eit\u00e9 techniky:<\/strong> kr\u00ed\u017eiky, ob\u0161\u00edvanie, franc\u00fazske uzl\u00edky<\/p>\n","protected":false},"featured_media":29712,"comment_status":"open","ping_status":"closed","template":"","meta":{"_uag_custom_page_level_css":"","ngg_post_thumbnail":0},"product_cat":[243,131,138,171],"product_tag":[319,336,245,46,254,122],"aioseo_notices":[],"featured_image_urls":{"full":["https:\/\/www.megastitch.eu\/wp-content\/uploads\/2025\/11\/happy_snowmen_ss.jpg",1404,1569,false],"thumbnail":["https:\/\/www.megastitch.eu\/wp-content\/uploads\/2025\/11\/happy_snowmen_ss-150x150.jpg",150,150,true],"medium":["https:\/\/www.megastitch.eu\/wp-content\/uploads\/2025\/11\/happy_snowmen_ss-268x300.jpg",268,300,true],"medium_large":["https:\/\/www.megastitch.eu\/wp-content\/uploads\/2025\/11\/happy_snowmen_ss-768x858.jpg",768,858,true],"large":["https:\/\/www.megastitch.eu\/wp-content\/uploads\/2025\/11\/happy_snowmen_ss-916x1024.jpg",916,1024,true],"1536x1536":["https:\/\/www.megastitch.eu\/wp-content\/uploads\/2025\/11\/happy_snowmen_ss-1374x1536.jpg",1374,1536,true],"2048x2048":["https:\/\/www.megastitch.eu\/wp-content\/uploads\/2025\/11\/happy_snowmen_ss.jpg",1404,1569,false],"ultp_layout_landscape_large":["https:\/\/www.megastitch.eu\/wp-content\/uploads\/2025\/11\/happy_snowmen_ss-1200x800.jpg",1200,800,true],"ultp_layout_landscape":["https:\/\/www.megastitch.eu\/wp-content\/uploads\/2025\/11\/happy_snowmen_ss-870x570.jpg",870,570,true],"ultp_layout_portrait":["https:\/\/www.megastitch.eu\/wp-content\/uploads\/2025\/11\/happy_snowmen_ss-600x900.jpg",600,900,true],"ultp_layout_square":["https:\/\/www.megastitch.eu\/wp-content\/uploads\/2025\/11\/happy_snowmen_ss-600x600.jpg",600,600,true],"molla_post-grid":["https:\/\/www.megastitch.eu\/wp-content\/uploads\/2025\/11\/happy_snowmen_ss-400x267.jpg",400,267,true],"woocommerce_thumbnail":["https:\/\/www.megastitch.eu\/wp-content\/uploads\/2025\/11\/happy_snowmen_ss-300x335.jpg",300,335,true],"woocommerce_single":["https:\/\/www.megastitch.eu\/wp-content\/uploads\/2025\/11\/happy_snowmen_ss-600x671.jpg",600,671,true],"woocommerce_gallery_thumbnail":["https:\/\/www.megastitch.eu\/wp-content\/uploads\/2025\/11\/happy_snowmen_ss-100x100.jpg",100,100,true]},"post_excerpt_stackable":"<h4><\/h4>\n<p>Predloha na kr\u00ed\u017eikov\u00e9 vy\u0161\u00edvanie, 4 drobn\u00e9 predlohy snehuliakov v retro PixelArt \u0161t\u00fdle. Ide\u00e1lne pre r\u00fdchle zimn\u00e9 mini projekty aj na plastov\u00fa aidu.<\/p>\n<p><strong>Po\u010det kr\u00ed\u017eikov: 89 x 107<\/strong><br \/>\n<strong>Rozmer l\u00e1tky: 16.15 x 19.41 cm<\/strong><br \/>\n<strong>L\u00e1tka<\/strong>: 14 ct\u00a0 Aida<br \/>\n<strong>Bavlnky: <\/strong>DMC<br \/>\n<strong>Po\u010det farieb: <\/strong>33 a 7 blendy<br \/>\n<strong>Pou\u017eit\u00e9 techniky:<\/strong> kr\u00ed\u017eiky, ob\u0161\u00edvanie, franc\u00fazske uzl\u00edky<\/p>\n","category_list":"","author_info":{"name":"","url":""},"comments_num":"0 comments","featured_image_urls_v2":{"full":["https:\/\/www.megastitch.eu\/wp-content\/uploads\/2025\/11\/happy_snowmen_ss.jpg",1404,1569,false],"thumbnail":["https:\/\/www.megastitch.eu\/wp-content\/uploads\/2025\/11\/happy_snowmen_ss-150x150.jpg",150,150,true],"medium":["https:\/\/www.megastitch.eu\/wp-content\/uploads\/2025\/11\/happy_snowmen_ss-268x300.jpg",268,300,true],"medium_large":["https:\/\/www.megastitch.eu\/wp-content\/uploads\/2025\/11\/happy_snowmen_ss-768x858.jpg",768,858,true],"large":["https:\/\/www.megastitch.eu\/wp-content\/uploads\/2025\/11\/happy_snowmen_ss-916x1024.jpg",916,1024,true],"1536x1536":["https:\/\/www.megastitch.eu\/wp-content\/uploads\/2025\/11\/happy_snowmen_ss-1374x1536.jpg",1374,1536,true],"2048x2048":["https:\/\/www.megastitch.eu\/wp-content\/uploads\/2025\/11\/happy_snowmen_ss.jpg",1404,1569,false],"ultp_layout_landscape_large":["https:\/\/www.megastitch.eu\/wp-content\/uploads\/2025\/11\/happy_snowmen_ss-1200x800.jpg",1200,800,true],"ultp_layout_landscape":["https:\/\/www.megastitch.eu\/wp-content\/uploads\/2025\/11\/happy_snowmen_ss-870x570.jpg",870,570,true],"ultp_layout_portrait":["https:\/\/www.megastitch.eu\/wp-content\/uploads\/2025\/11\/happy_snowmen_ss-600x900.jpg",600,900,true],"ultp_layout_square":["https:\/\/www.megastitch.eu\/wp-content\/uploads\/2025\/11\/happy_snowmen_ss-600x600.jpg",600,600,true],"molla_post-grid":["https:\/\/www.megastitch.eu\/wp-content\/uploads\/2025\/11\/happy_snowmen_ss-400x267.jpg",400,267,true],"woocommerce_thumbnail":["https:\/\/www.megastitch.eu\/wp-content\/uploads\/2025\/11\/happy_snowmen_ss-300x335.jpg",300,335,true],"woocommerce_single":["https:\/\/www.megastitch.eu\/wp-content\/uploads\/2025\/11\/happy_snowmen_ss-600x671.jpg",600,671,true],"woocommerce_gallery_thumbnail":["https:\/\/www.megastitch.eu\/wp-content\/uploads\/2025\/11\/happy_snowmen_ss-100x100.jpg",100,100,true]},"post_excerpt_stackable_v2":"<h4><\/h4>\n<p>Predloha na kr\u00ed\u017eikov\u00e9 vy\u0161\u00edvanie, 4 drobn\u00e9 predlohy snehuliakov v retro PixelArt \u0161t\u00fdle. Ide\u00e1lne pre r\u00fdchle zimn\u00e9 mini projekty aj na plastov\u00fa aidu.<\/p>\n<p><strong>Po\u010det kr\u00ed\u017eikov: 89 x 107<\/strong><br \/>\n<strong>Rozmer l\u00e1tky: 16.15 x 19.41 cm<\/strong><br \/>\n<strong>L\u00e1tka<\/strong>: 14 ct\u00a0 Aida<br \/>\n<strong>Bavlnky: <\/strong>DMC<br \/>\n<strong>Po\u010det farieb: <\/strong>33 a 7 blendy<br \/>\n<strong>Pou\u017eit\u00e9 techniky:<\/strong> kr\u00ed\u017eiky, ob\u0161\u00edvanie, franc\u00fazske uzl\u00edky<\/p>\n","category_list_v2":"","author_info_v2":{"name":"","url":""},"comments_num_v2":"0 comments","uagb_featured_image_src":{"full":["https:\/\/www.megastitch.eu\/wp-content\/uploads\/2025\/11\/happy_snowmen_ss.jpg",1404,1569,false],"thumbnail":["https:\/\/www.megastitch.eu\/wp-content\/uploads\/2025\/11\/happy_snowmen_ss-150x150.jpg",150,150,true],"medium":["https:\/\/www.megastitch.eu\/wp-content\/uploads\/2025\/11\/happy_snowmen_ss-268x300.jpg",268,300,true],"medium_large":["https:\/\/www.megastitch.eu\/wp-content\/uploads\/2025\/11\/happy_snowmen_ss-768x858.jpg",768,858,true],"large":["https:\/\/www.megastitch.eu\/wp-content\/uploads\/2025\/11\/happy_snowmen_ss-916x1024.jpg",916,1024,true],"1536x1536":["https:\/\/www.megastitch.eu\/wp-content\/uploads\/2025\/11\/happy_snowmen_ss-1374x1536.jpg",1374,1536,true],"2048x2048":["https:\/\/www.megastitch.eu\/wp-content\/uploads\/2025\/11\/happy_snowmen_ss.jpg",1404,1569,false],"ultp_layout_landscape_large":["https:\/\/www.megastitch.eu\/wp-content\/uploads\/2025\/11\/happy_snowmen_ss-1200x800.jpg",1200,800,true],"ultp_layout_landscape":["https:\/\/www.megastitch.eu\/wp-content\/uploads\/2025\/11\/happy_snowmen_ss-870x570.jpg",870,570,true],"ultp_layout_portrait":["https:\/\/www.megastitch.eu\/wp-content\/uploads\/2025\/11\/happy_snowmen_ss-600x900.jpg",600,900,true],"ultp_layout_square":["https:\/\/www.megastitch.eu\/wp-content\/uploads\/2025\/11\/happy_snowmen_ss-600x600.jpg",600,600,true],"molla_post-grid":["https:\/\/www.megastitch.eu\/wp-content\/uploads\/2025\/11\/happy_snowmen_ss-400x267.jpg",400,267,true],"woocommerce_thumbnail":["https:\/\/www.megastitch.eu\/wp-content\/uploads\/2025\/11\/happy_snowmen_ss-300x335.jpg",300,335,true],"woocommerce_single":["https:\/\/www.megastitch.eu\/wp-content\/uploads\/2025\/11\/happy_snowmen_ss-600x671.jpg",600,671,true],"woocommerce_gallery_thumbnail":["https:\/\/www.megastitch.eu\/wp-content\/uploads\/2025\/11\/happy_snowmen_ss-100x100.jpg",100,100,true]},"uagb_author_info":{"display_name":"pagacova","author_link":"https:\/\/www.megastitch.eu\/cs\/author\/"},"uagb_comment_info":0,"uagb_excerpt":"Predloha na kr\u00ed\u017eikov\u00e9 vy\u0161\u00edvanie, 4 drobn\u00e9 predlohy snehuliakov v retro PixelArt \u0161t\u00fdle. Ide\u00e1lne pre r\u00fdchle zimn\u00e9 mini projekty aj na plastov\u00fa aidu. Po\u010det kr\u00ed\u017eikov: 89 x 107 Rozmer l\u00e1tky: 16.15 x 19.41 cm L\u00e1tka: 14 ct\u00a0 Aida Bavlnky: DMC Po\u010det farieb: 33 a 7 blendy Pou\u017eit\u00e9 techniky: kr\u00ed\u017eiky, ob\u0161\u00edvanie, franc\u00fazske uzl\u00edky","_links":{"self":[{"href":"https:\/\/www.megastitch.eu\/cs\/wp-json\/wp\/v2\/product\/29711"}],"collection":[{"href":"https:\/\/www.megastitch.eu\/cs\/wp-json\/wp\/v2\/product"}],"about":[{"href":"https:\/\/www.megastitch.eu\/cs\/wp-json\/wp\/v2\/types\/product"}],"replies":[{"embeddable":true,"href":"https:\/\/www.megastitch.eu\/cs\/wp-json\/wp\/v2\/comments?post=29711"}],"wp:featuredmedia":[{"embeddable":true,"href":"https:\/\/www.megastitch.eu\/cs\/wp-json\/wp\/v2\/media\/29712"}],"wp:attachment":[{"href":"https:\/\/www.megastitch.eu\/cs\/wp-json\/wp\/v2\/media?parent=29711"}],"wp:term":[{"taxonomy":"product_cat","embeddable":true,"href":"https:\/\/www.megastitch.eu\/cs\/wp-json\/wp\/v2\/product_cat?post=29711"},{"taxonomy":"product_tag","embeddable":true,"href":"https:\/\/www.megastitch.eu\/cs\/wp-json\/wp\/v2\/product_tag?post=29711"}],"curies":[{"name":"wp","href":"https:\/\/api.w.org\/{rel}","templated":true}]}}