	{"id":29723,"date":"2025-11-04T12:42:32","date_gmt":"2025-11-04T11:42:32","guid":{"rendered":"https:\/\/www.megastitch.eu\/?post_type=product&#038;p=29723"},"modified":"2025-11-07T19:10:31","modified_gmt":"2025-11-07T18:10:31","slug":"snehuliak-milan","status":"publish","type":"product","link":"https:\/\/www.megastitch.eu\/cs\/obchod\/predlohy-na-vysivanie\/stredne-predlohy\/snehuliak-milan\/","title":{"rendered":"Snehuliak Milan"},"content":{"rendered":"<div class=\"nolwrap\"><p>Milan je cool a modern\u00fd , nikdy nevyjde von bez svojich sl\u00fachadiel a fialovej \u010diapky. Miluje beaty zimn\u00e9ho vetra a \u010dasto tancuje medzi vlo\u010dkami, ke\u010f si mysl\u00ed, \u017ee ho nikto nevid\u00ed. Vy\u0161i si ho a pridaj trochu hudby do svojej tvorby. Ka\u017ed\u00fd kr\u00ed\u017eik je ako rytmus jeho tane\u010dn\u00fdch pohybov, ktor\u00fd \u0165a nakopne a pobav\u00ed.<\/p>\n<p>\u010co s hotovou v\u00fd\u0161ivkou m\u00f4\u017eete vytvori\u0165:<\/p>\n<ul>\n<li style=\"list-style-type: none\">\n<ul>\n<li>Viano\u010dn\u00e9 ozdoby na strom\u010dek<\/li>\n<li>Magnetky na chladni\u010dku<\/li>\n<li>Bro\u0161ne alebo odznaky<\/li>\n<li>Dekor\u00e1cie do detskej izby<\/li>\n<li>Dar\u010dekov\u00e9 karti\u010dky<\/li>\n<li>Textiln\u00e9 hra\u010dky<\/li>\n<\/ul>\n<\/li>\n<\/ul>\n<p>Detaily:<br \/>\n\u2728 4 r\u00f4zne dizajny v jednom bal\u00ed\u010dku<br \/>\n\u2728 Retro pixelov\u00fd \u0161t\u00fdl s n\u00e1dychom nostalgie<br \/>\n\u2728 Farebn\u00e9 detaily &#8211; \u010diapky, \u0161\u00e1le, doplnky<br \/>\n\u2728 Vhodn\u00e9 pre za\u010diato\u010dn\u00edkov aj pokro\u010dil\u00fdch<br \/>\n\u2728 Ide\u00e1lne na r\u00fdchle viano\u010dn\u00e9 projekty<br \/>\n\u2728 Perfektn\u00e9 aj na plastov\u00fa vy\u0161\u00edvaciu <a href=\"https:\/\/www.megastitch.eu\/kategoria-produktu\/podklady-na-vysivanie\/plastova-aida\/\">plastov\u00fa vy\u0161\u00edvaciu kanavu<\/a><\/p>\n<p><br style=\"font-weight: 400\" \/>Autorka predlohy: <strong>M\u00e1ria Erbenov\u00e1\u00a0<\/strong><\/p>\n<h4>Inform\u00e1cie o predlohe:<\/h4>\n<p><strong>Po\u010det kr\u00ed\u017eikov: 38x 46<br \/>\n<strong>Rozmer l\u00e1tky: 6.89 x 8.35 cm<\/strong><br \/>\n<strong>L\u00e1tka<\/strong>: 14 ct\u00a0 aida<br \/>\n<strong>Bavlnky: <\/strong>DMC<br \/>\n<strong>Po\u010det farieb: 23<\/strong> a 5 blendov<br \/>\n<strong>Pou\u017eit\u00e9 techniky:<\/strong> kr\u00ed\u017eiky, \u00a0ob\u0161\u00edvanie, franc\u00fazske uzl\u00edky<\/strong><\/p>\n<h4>S\u00fabory na stiahnutie:<\/h4>\n<ul>\n<li><strong>pdf s\u00fabor<\/strong>\n<ul>\n<li>v \u010dierno-bielej verzii &#8211; s ob\u0161\u00edvan\u00edm a bez ob\u0161\u00edvania,<\/li>\n<li>vo farebnej verzii &#8211; s ob\u0161\u00edvan\u00edm a bez ob\u0161\u00edvania<\/li>\n<\/ul>\n<\/li>\n<li><strong>cssaga s\u00fabor<\/strong><\/li>\n<\/ul>\n<\/div>","protected":false},"excerpt":{"rendered":"<h4><\/h4>\n<p>Milan, modern\u00fd snehuliak so sl\u00fachadlami a fialovou \u010diapkou, ako predloha na kr\u00ed\u017eikov\u00e9 vy\u0161\u00edvanie . Drobn\u00fd, hrav\u00e1 v\u00fd\u0161ivka a skvel\u00e1 na zimn\u00e9 dekor\u00e1cie.<\/p>\n<p><strong>Po\u010det kr\u00ed\u017eikov: 38 x 46<\/strong><br \/>\n<strong>Rozmer l\u00e1tky: 6.89 x 8.35 cm<\/strong><br \/>\n<strong>L\u00e1tka<\/strong>: 14 ct\u00a0 Aida<br \/>\n<strong>Bavlnky: <\/strong>DMC<br \/>\n<strong>Po\u010det farieb: <\/strong>23 a 3 blendy<br \/>\n<strong>Pou\u017eit\u00e9 techniky:<\/strong> kr\u00ed\u017eiky, ob\u0161\u00edvanie, franc\u00fazske uzl\u00edky<\/p>\n","protected":false},"featured_media":29730,"comment_status":"open","ping_status":"closed","template":"","meta":{"_uag_custom_page_level_css":"","ngg_post_thumbnail":0},"product_cat":[243,131,138,171],"product_tag":[319,336,245,46,254,122],"aioseo_notices":[],"featured_image_urls":{"full":["https:\/\/www.megastitch.eu\/wp-content\/uploads\/2025\/11\/Snowman_2_Milan_frame_ss.jpg",1200,1295,false],"thumbnail":["https:\/\/www.megastitch.eu\/wp-content\/uploads\/2025\/11\/Snowman_2_Milan_frame_ss-150x150.jpg",150,150,true],"medium":["https:\/\/www.megastitch.eu\/wp-content\/uploads\/2025\/11\/Snowman_2_Milan_frame_ss-278x300.jpg",278,300,true],"medium_large":["https:\/\/www.megastitch.eu\/wp-content\/uploads\/2025\/11\/Snowman_2_Milan_frame_ss-768x829.jpg",768,829,true],"large":["https:\/\/www.megastitch.eu\/wp-content\/uploads\/2025\/11\/Snowman_2_Milan_frame_ss-949x1024.jpg",949,1024,true],"1536x1536":["https:\/\/www.megastitch.eu\/wp-content\/uploads\/2025\/11\/Snowman_2_Milan_frame_ss.jpg",1200,1295,false],"2048x2048":["https:\/\/www.megastitch.eu\/wp-content\/uploads\/2025\/11\/Snowman_2_Milan_frame_ss.jpg",1200,1295,false],"ultp_layout_landscape_large":["https:\/\/www.megastitch.eu\/wp-content\/uploads\/2025\/11\/Snowman_2_Milan_frame_ss-1200x800.jpg",1200,800,true],"ultp_layout_landscape":["https:\/\/www.megastitch.eu\/wp-content\/uploads\/2025\/11\/Snowman_2_Milan_frame_ss-870x570.jpg",870,570,true],"ultp_layout_portrait":["https:\/\/www.megastitch.eu\/wp-content\/uploads\/2025\/11\/Snowman_2_Milan_frame_ss-600x900.jpg",600,900,true],"ultp_layout_square":["https:\/\/www.megastitch.eu\/wp-content\/uploads\/2025\/11\/Snowman_2_Milan_frame_ss-600x600.jpg",600,600,true],"molla_post-grid":["https:\/\/www.megastitch.eu\/wp-content\/uploads\/2025\/11\/Snowman_2_Milan_frame_ss-400x267.jpg",400,267,true],"woocommerce_thumbnail":["https:\/\/www.megastitch.eu\/wp-content\/uploads\/2025\/11\/Snowman_2_Milan_frame_ss-300x324.jpg",300,324,true],"woocommerce_single":["https:\/\/www.megastitch.eu\/wp-content\/uploads\/2025\/11\/Snowman_2_Milan_frame_ss-600x648.jpg",600,648,true],"woocommerce_gallery_thumbnail":["https:\/\/www.megastitch.eu\/wp-content\/uploads\/2025\/11\/Snowman_2_Milan_frame_ss-100x100.jpg",100,100,true]},"post_excerpt_stackable":"<h4><\/h4>\n<p>Milan, modern\u00fd snehuliak so sl\u00fachadlami a fialovou \u010diapkou, ako predloha na kr\u00ed\u017eikov\u00e9 vy\u0161\u00edvanie . Drobn\u00fd, hrav\u00e1 v\u00fd\u0161ivka a skvel\u00e1 na zimn\u00e9 dekor\u00e1cie.<\/p>\n<p><strong>Po\u010det kr\u00ed\u017eikov: 38 x 46<\/strong><br \/>\n<strong>Rozmer l\u00e1tky: 6.89 x 8.35 cm<\/strong><br \/>\n<strong>L\u00e1tka<\/strong>: 14 ct\u00a0 Aida<br \/>\n<strong>Bavlnky: <\/strong>DMC<br \/>\n<strong>Po\u010det farieb: <\/strong>23 a 3 blendy<br \/>\n<strong>Pou\u017eit\u00e9 techniky:<\/strong> kr\u00ed\u017eiky, ob\u0161\u00edvanie, franc\u00fazske uzl\u00edky<\/p>\n","category_list":"","author_info":{"name":"","url":""},"comments_num":"0 comments","featured_image_urls_v2":{"full":["https:\/\/www.megastitch.eu\/wp-content\/uploads\/2025\/11\/Snowman_2_Milan_frame_ss.jpg",1200,1295,false],"thumbnail":["https:\/\/www.megastitch.eu\/wp-content\/uploads\/2025\/11\/Snowman_2_Milan_frame_ss-150x150.jpg",150,150,true],"medium":["https:\/\/www.megastitch.eu\/wp-content\/uploads\/2025\/11\/Snowman_2_Milan_frame_ss-278x300.jpg",278,300,true],"medium_large":["https:\/\/www.megastitch.eu\/wp-content\/uploads\/2025\/11\/Snowman_2_Milan_frame_ss-768x829.jpg",768,829,true],"large":["https:\/\/www.megastitch.eu\/wp-content\/uploads\/2025\/11\/Snowman_2_Milan_frame_ss-949x1024.jpg",949,1024,true],"1536x1536":["https:\/\/www.megastitch.eu\/wp-content\/uploads\/2025\/11\/Snowman_2_Milan_frame_ss.jpg",1200,1295,false],"2048x2048":["https:\/\/www.megastitch.eu\/wp-content\/uploads\/2025\/11\/Snowman_2_Milan_frame_ss.jpg",1200,1295,false],"ultp_layout_landscape_large":["https:\/\/www.megastitch.eu\/wp-content\/uploads\/2025\/11\/Snowman_2_Milan_frame_ss-1200x800.jpg",1200,800,true],"ultp_layout_landscape":["https:\/\/www.megastitch.eu\/wp-content\/uploads\/2025\/11\/Snowman_2_Milan_frame_ss-870x570.jpg",870,570,true],"ultp_layout_portrait":["https:\/\/www.megastitch.eu\/wp-content\/uploads\/2025\/11\/Snowman_2_Milan_frame_ss-600x900.jpg",600,900,true],"ultp_layout_square":["https:\/\/www.megastitch.eu\/wp-content\/uploads\/2025\/11\/Snowman_2_Milan_frame_ss-600x600.jpg",600,600,true],"molla_post-grid":["https:\/\/www.megastitch.eu\/wp-content\/uploads\/2025\/11\/Snowman_2_Milan_frame_ss-400x267.jpg",400,267,true],"woocommerce_thumbnail":["https:\/\/www.megastitch.eu\/wp-content\/uploads\/2025\/11\/Snowman_2_Milan_frame_ss-300x324.jpg",300,324,true],"woocommerce_single":["https:\/\/www.megastitch.eu\/wp-content\/uploads\/2025\/11\/Snowman_2_Milan_frame_ss-600x648.jpg",600,648,true],"woocommerce_gallery_thumbnail":["https:\/\/www.megastitch.eu\/wp-content\/uploads\/2025\/11\/Snowman_2_Milan_frame_ss-100x100.jpg",100,100,true]},"post_excerpt_stackable_v2":"<h4><\/h4>\n<p>Milan, modern\u00fd snehuliak so sl\u00fachadlami a fialovou \u010diapkou, ako predloha na kr\u00ed\u017eikov\u00e9 vy\u0161\u00edvanie . Drobn\u00fd, hrav\u00e1 v\u00fd\u0161ivka a skvel\u00e1 na zimn\u00e9 dekor\u00e1cie.<\/p>\n<p><strong>Po\u010det kr\u00ed\u017eikov: 38 x 46<\/strong><br \/>\n<strong>Rozmer l\u00e1tky: 6.89 x 8.35 cm<\/strong><br \/>\n<strong>L\u00e1tka<\/strong>: 14 ct\u00a0 Aida<br \/>\n<strong>Bavlnky: <\/strong>DMC<br \/>\n<strong>Po\u010det farieb: <\/strong>23 a 3 blendy<br \/>\n<strong>Pou\u017eit\u00e9 techniky:<\/strong> kr\u00ed\u017eiky, ob\u0161\u00edvanie, franc\u00fazske uzl\u00edky<\/p>\n","category_list_v2":"","author_info_v2":{"name":"","url":""},"comments_num_v2":"0 comments","uagb_featured_image_src":{"full":["https:\/\/www.megastitch.eu\/wp-content\/uploads\/2025\/11\/Snowman_2_Milan_frame_ss.jpg",1200,1295,false],"thumbnail":["https:\/\/www.megastitch.eu\/wp-content\/uploads\/2025\/11\/Snowman_2_Milan_frame_ss-150x150.jpg",150,150,true],"medium":["https:\/\/www.megastitch.eu\/wp-content\/uploads\/2025\/11\/Snowman_2_Milan_frame_ss-278x300.jpg",278,300,true],"medium_large":["https:\/\/www.megastitch.eu\/wp-content\/uploads\/2025\/11\/Snowman_2_Milan_frame_ss-768x829.jpg",768,829,true],"large":["https:\/\/www.megastitch.eu\/wp-content\/uploads\/2025\/11\/Snowman_2_Milan_frame_ss-949x1024.jpg",949,1024,true],"1536x1536":["https:\/\/www.megastitch.eu\/wp-content\/uploads\/2025\/11\/Snowman_2_Milan_frame_ss.jpg",1200,1295,false],"2048x2048":["https:\/\/www.megastitch.eu\/wp-content\/uploads\/2025\/11\/Snowman_2_Milan_frame_ss.jpg",1200,1295,false],"ultp_layout_landscape_large":["https:\/\/www.megastitch.eu\/wp-content\/uploads\/2025\/11\/Snowman_2_Milan_frame_ss-1200x800.jpg",1200,800,true],"ultp_layout_landscape":["https:\/\/www.megastitch.eu\/wp-content\/uploads\/2025\/11\/Snowman_2_Milan_frame_ss-870x570.jpg",870,570,true],"ultp_layout_portrait":["https:\/\/www.megastitch.eu\/wp-content\/uploads\/2025\/11\/Snowman_2_Milan_frame_ss-600x900.jpg",600,900,true],"ultp_layout_square":["https:\/\/www.megastitch.eu\/wp-content\/uploads\/2025\/11\/Snowman_2_Milan_frame_ss-600x600.jpg",600,600,true],"molla_post-grid":["https:\/\/www.megastitch.eu\/wp-content\/uploads\/2025\/11\/Snowman_2_Milan_frame_ss-400x267.jpg",400,267,true],"woocommerce_thumbnail":["https:\/\/www.megastitch.eu\/wp-content\/uploads\/2025\/11\/Snowman_2_Milan_frame_ss-300x324.jpg",300,324,true],"woocommerce_single":["https:\/\/www.megastitch.eu\/wp-content\/uploads\/2025\/11\/Snowman_2_Milan_frame_ss-600x648.jpg",600,648,true],"woocommerce_gallery_thumbnail":["https:\/\/www.megastitch.eu\/wp-content\/uploads\/2025\/11\/Snowman_2_Milan_frame_ss-100x100.jpg",100,100,true]},"uagb_author_info":{"display_name":"pagacova","author_link":"https:\/\/www.megastitch.eu\/cs\/author\/"},"uagb_comment_info":0,"uagb_excerpt":"Milan, modern\u00fd snehuliak so sl\u00fachadlami a fialovou \u010diapkou, ako predloha na kr\u00ed\u017eikov\u00e9 vy\u0161\u00edvanie . Drobn\u00fd, hrav\u00e1 v\u00fd\u0161ivka a skvel\u00e1 na zimn\u00e9 dekor\u00e1cie. Po\u010det kr\u00ed\u017eikov: 38 x 46 Rozmer l\u00e1tky: 6.89 x 8.35 cm L\u00e1tka: 14 ct\u00a0 Aida Bavlnky: DMC Po\u010det farieb: 23 a 3 blendy Pou\u017eit\u00e9 techniky: kr\u00ed\u017eiky, ob\u0161\u00edvanie, franc\u00fazske uzl\u00edky","_links":{"self":[{"href":"https:\/\/www.megastitch.eu\/cs\/wp-json\/wp\/v2\/product\/29723"}],"collection":[{"href":"https:\/\/www.megastitch.eu\/cs\/wp-json\/wp\/v2\/product"}],"about":[{"href":"https:\/\/www.megastitch.eu\/cs\/wp-json\/wp\/v2\/types\/product"}],"replies":[{"embeddable":true,"href":"https:\/\/www.megastitch.eu\/cs\/wp-json\/wp\/v2\/comments?post=29723"}],"wp:featuredmedia":[{"embeddable":true,"href":"https:\/\/www.megastitch.eu\/cs\/wp-json\/wp\/v2\/media\/29730"}],"wp:attachment":[{"href":"https:\/\/www.megastitch.eu\/cs\/wp-json\/wp\/v2\/media?parent=29723"}],"wp:term":[{"taxonomy":"product_cat","embeddable":true,"href":"https:\/\/www.megastitch.eu\/cs\/wp-json\/wp\/v2\/product_cat?post=29723"},{"taxonomy":"product_tag","embeddable":true,"href":"https:\/\/www.megastitch.eu\/cs\/wp-json\/wp\/v2\/product_tag?post=29723"}],"curies":[{"name":"wp","href":"https:\/\/api.w.org\/{rel}","templated":true}]}}