	{"id":29741,"date":"2025-11-04T14:36:27","date_gmt":"2025-11-04T13:36:27","guid":{"rendered":"https:\/\/www.megastitch.eu\/?post_type=product&#038;p=29741"},"modified":"2025-11-07T19:10:03","modified_gmt":"2025-11-07T18:10:03","slug":"snehuliak-oliver","status":"publish","type":"product","link":"https:\/\/www.megastitch.eu\/cs\/obchod\/predlohy-na-vysivanie\/stredne-predlohy\/snehuliak-oliver\/","title":{"rendered":"Snehuliak Oliver"},"content":{"rendered":"<div class=\"nolwrap\"><p>Oliver je gentleman nielen medzi snehuliakmi. V\u017edy elegantn\u00fd, nikdy nevyjde z m\u00f3dy a vie, \u017ee \u0161vih\u00e1cky klob\u00fak rob\u00ed divy. Miluje pokojn\u00e9 popoludnia, predstavenia tancuj\u00facich snehov\u00fdch vlo\u010diek a ob\u010das si tajne zahr\u00e1 \u0161ach s vetrom. Vy\u0161i si ho a poc\u00ed\u0165, ako sa pokoj, \u0161t\u00fdl a elegancia pren\u00e1\u0161aj\u00fa aj do tvojho vy\u0161\u00edvania.<\/p>\n<p>\u010co s hotovou v\u00fd\u0161ivkou m\u00f4\u017eete vytvori\u0165:<\/p>\n<ul>\n<li style=\"list-style-type: none\">\n<ul>\n<li>Viano\u010dn\u00e9 ozdoby na strom\u010dek<\/li>\n<li>Magnetky na chladni\u010dku<\/li>\n<li>Bro\u0161ne alebo odznaky<\/li>\n<li>Dekor\u00e1cie do detskej izby<\/li>\n<li>Dar\u010dekov\u00e9 karti\u010dky<\/li>\n<li>Textiln\u00e9 hra\u010dky<\/li>\n<\/ul>\n<\/li>\n<\/ul>\n<p>Detaily:<br \/>\n\u2728 4 r\u00f4zne dizajny v jednom bal\u00ed\u010dku<br \/>\n\u2728 Retro pixelov\u00fd \u0161t\u00fdl s n\u00e1dychom nostalgie<br \/>\n\u2728 Farebn\u00e9 detaily &#8211; \u010diapky, \u0161\u00e1le, doplnky<br \/>\n\u2728 Vhodn\u00e9 pre za\u010diato\u010dn\u00edkov aj pokro\u010dil\u00fdch<br \/>\n\u2728 Ide\u00e1lne na r\u00fdchle viano\u010dn\u00e9 projekty<br \/>\n\u2728 Perfektn\u00e9 aj na plastov\u00fa vy\u0161\u00edvaciu <a href=\"https:\/\/www.megastitch.eu\/kategoria-produktu\/podklady-na-vysivanie\/plastova-aida\/\">plastov\u00fa vy\u0161\u00edvaciu kanavu<\/a><\/p>\n<p><br style=\"font-weight: 400\" \/>Autorka predlohy: <strong>M\u00e1ria Erbenov\u00e1\u00a0<\/strong><\/p>\n<h4>Inform\u00e1cie o predlohe:<\/h4>\n<p><strong>Po\u010det kr\u00ed\u017eikov: 36x 53<br \/>\n<strong>Rozmer l\u00e1tky: 6.53 x 9.62 cm<\/strong><br \/>\n<strong>L\u00e1tka<\/strong>: 14 ct\u00a0 aida<br \/>\n<strong>Bavlnky: <\/strong>DMC<br \/>\n<strong>Po\u010det farieb: 24<\/strong> a 4 blendov<br \/>\n<strong>Pou\u017eit\u00e9 techniky:<\/strong> kr\u00ed\u017eiky, \u00a0ob\u0161\u00edvanie, franc\u00fazske uzl\u00edky<\/strong><\/p>\n<h4>S\u00fabory na stiahnutie:<\/h4>\n<ul>\n<li><strong>pdf s\u00fabor<\/strong>\n<ul>\n<li>v \u010dierno-bielej verzii &#8211; s ob\u0161\u00edvan\u00edm a bez ob\u0161\u00edvania,<\/li>\n<li>vo farebnej verzii &#8211; s ob\u0161\u00edvan\u00edm a bez ob\u0161\u00edvania<\/li>\n<\/ul>\n<\/li>\n<li><strong>cssaga s\u00fabor<\/strong><\/li>\n<\/ul>\n<\/div>","protected":false},"excerpt":{"rendered":"<h4><\/h4>\n<p>Oliver, elegantn\u00fd snehuliak s \u010diernym klob\u00fakom a \u0161\u00e1lom, ako predloha na kr\u00ed\u017eikov\u00e9 vy\u0161\u00edvanie. Mal\u00e1 v\u00fd\u0161ivka, ide\u00e1l pre zimn\u00e9 ve\u010deri a dekor\u00e1cie na plastovej aide.  <\/p>\n<p><strong>Po\u010det kr\u00ed\u017eikov: 36 x 53<\/strong><br \/>\n<strong>Rozmer l\u00e1tky: 6.53 x 9.62 cm<\/strong><br \/>\n<strong>L\u00e1tka<\/strong>: 14 ct\u00a0 Aida<br \/>\n<strong>Bavlnky: <\/strong>DMC<br \/>\n<strong>Po\u010det farieb: <\/strong>24 a 4 blendy<br \/>\n<strong>Pou\u017eit\u00e9 techniky:<\/strong> kr\u00ed\u017eiky, ob\u0161\u00edvanie, franc\u00fazske uzl\u00edky<\/p>\n","protected":false},"featured_media":29742,"comment_status":"open","ping_status":"closed","template":"","meta":{"_uag_custom_page_level_css":"","ngg_post_thumbnail":0},"product_cat":[243,131,138,171],"product_tag":[319,336,245,46,254,122],"aioseo_notices":[],"featured_image_urls":{"full":["https:\/\/www.megastitch.eu\/wp-content\/uploads\/2025\/11\/Snowman_3_Oliver_frame_ss.jpg",1176,1379,false],"thumbnail":["https:\/\/www.megastitch.eu\/wp-content\/uploads\/2025\/11\/Snowman_3_Oliver_frame_ss-150x150.jpg",150,150,true],"medium":["https:\/\/www.megastitch.eu\/wp-content\/uploads\/2025\/11\/Snowman_3_Oliver_frame_ss-256x300.jpg",256,300,true],"medium_large":["https:\/\/www.megastitch.eu\/wp-content\/uploads\/2025\/11\/Snowman_3_Oliver_frame_ss-768x901.jpg",768,901,true],"large":["https:\/\/www.megastitch.eu\/wp-content\/uploads\/2025\/11\/Snowman_3_Oliver_frame_ss-873x1024.jpg",873,1024,true],"1536x1536":["https:\/\/www.megastitch.eu\/wp-content\/uploads\/2025\/11\/Snowman_3_Oliver_frame_ss.jpg",1176,1379,false],"2048x2048":["https:\/\/www.megastitch.eu\/wp-content\/uploads\/2025\/11\/Snowman_3_Oliver_frame_ss.jpg",1176,1379,false],"ultp_layout_landscape_large":["https:\/\/www.megastitch.eu\/wp-content\/uploads\/2025\/11\/Snowman_3_Oliver_frame_ss-1176x800.jpg",1176,800,true],"ultp_layout_landscape":["https:\/\/www.megastitch.eu\/wp-content\/uploads\/2025\/11\/Snowman_3_Oliver_frame_ss-870x570.jpg",870,570,true],"ultp_layout_portrait":["https:\/\/www.megastitch.eu\/wp-content\/uploads\/2025\/11\/Snowman_3_Oliver_frame_ss-600x900.jpg",600,900,true],"ultp_layout_square":["https:\/\/www.megastitch.eu\/wp-content\/uploads\/2025\/11\/Snowman_3_Oliver_frame_ss-600x600.jpg",600,600,true],"molla_post-grid":["https:\/\/www.megastitch.eu\/wp-content\/uploads\/2025\/11\/Snowman_3_Oliver_frame_ss-400x267.jpg",400,267,true],"woocommerce_thumbnail":["https:\/\/www.megastitch.eu\/wp-content\/uploads\/2025\/11\/Snowman_3_Oliver_frame_ss-300x352.jpg",300,352,true],"woocommerce_single":["https:\/\/www.megastitch.eu\/wp-content\/uploads\/2025\/11\/Snowman_3_Oliver_frame_ss-600x704.jpg",600,704,true],"woocommerce_gallery_thumbnail":["https:\/\/www.megastitch.eu\/wp-content\/uploads\/2025\/11\/Snowman_3_Oliver_frame_ss-100x100.jpg",100,100,true]},"post_excerpt_stackable":"<h4><\/h4>\n<p>Oliver, elegantn\u00fd snehuliak s \u010diernym klob\u00fakom a \u0161\u00e1lom, ako predloha na kr\u00ed\u017eikov\u00e9 vy\u0161\u00edvanie. Mal\u00e1 v\u00fd\u0161ivka, ide\u00e1l pre zimn\u00e9 ve\u010deri a dekor\u00e1cie na plastovej aide.  <\/p>\n<p><strong>Po\u010det kr\u00ed\u017eikov: 36 x 53<\/strong><br \/>\n<strong>Rozmer l\u00e1tky: 6.53 x 9.62 cm<\/strong><br \/>\n<strong>L\u00e1tka<\/strong>: 14 ct\u00a0 Aida<br \/>\n<strong>Bavlnky: <\/strong>DMC<br \/>\n<strong>Po\u010det farieb: <\/strong>24 a 4 blendy<br \/>\n<strong>Pou\u017eit\u00e9 techniky:<\/strong> kr\u00ed\u017eiky, ob\u0161\u00edvanie, franc\u00fazske uzl\u00edky<\/p>\n","category_list":"","author_info":{"name":"","url":""},"comments_num":"0 comments","featured_image_urls_v2":{"full":["https:\/\/www.megastitch.eu\/wp-content\/uploads\/2025\/11\/Snowman_3_Oliver_frame_ss.jpg",1176,1379,false],"thumbnail":["https:\/\/www.megastitch.eu\/wp-content\/uploads\/2025\/11\/Snowman_3_Oliver_frame_ss-150x150.jpg",150,150,true],"medium":["https:\/\/www.megastitch.eu\/wp-content\/uploads\/2025\/11\/Snowman_3_Oliver_frame_ss-256x300.jpg",256,300,true],"medium_large":["https:\/\/www.megastitch.eu\/wp-content\/uploads\/2025\/11\/Snowman_3_Oliver_frame_ss-768x901.jpg",768,901,true],"large":["https:\/\/www.megastitch.eu\/wp-content\/uploads\/2025\/11\/Snowman_3_Oliver_frame_ss-873x1024.jpg",873,1024,true],"1536x1536":["https:\/\/www.megastitch.eu\/wp-content\/uploads\/2025\/11\/Snowman_3_Oliver_frame_ss.jpg",1176,1379,false],"2048x2048":["https:\/\/www.megastitch.eu\/wp-content\/uploads\/2025\/11\/Snowman_3_Oliver_frame_ss.jpg",1176,1379,false],"ultp_layout_landscape_large":["https:\/\/www.megastitch.eu\/wp-content\/uploads\/2025\/11\/Snowman_3_Oliver_frame_ss-1176x800.jpg",1176,800,true],"ultp_layout_landscape":["https:\/\/www.megastitch.eu\/wp-content\/uploads\/2025\/11\/Snowman_3_Oliver_frame_ss-870x570.jpg",870,570,true],"ultp_layout_portrait":["https:\/\/www.megastitch.eu\/wp-content\/uploads\/2025\/11\/Snowman_3_Oliver_frame_ss-600x900.jpg",600,900,true],"ultp_layout_square":["https:\/\/www.megastitch.eu\/wp-content\/uploads\/2025\/11\/Snowman_3_Oliver_frame_ss-600x600.jpg",600,600,true],"molla_post-grid":["https:\/\/www.megastitch.eu\/wp-content\/uploads\/2025\/11\/Snowman_3_Oliver_frame_ss-400x267.jpg",400,267,true],"woocommerce_thumbnail":["https:\/\/www.megastitch.eu\/wp-content\/uploads\/2025\/11\/Snowman_3_Oliver_frame_ss-300x352.jpg",300,352,true],"woocommerce_single":["https:\/\/www.megastitch.eu\/wp-content\/uploads\/2025\/11\/Snowman_3_Oliver_frame_ss-600x704.jpg",600,704,true],"woocommerce_gallery_thumbnail":["https:\/\/www.megastitch.eu\/wp-content\/uploads\/2025\/11\/Snowman_3_Oliver_frame_ss-100x100.jpg",100,100,true]},"post_excerpt_stackable_v2":"<h4><\/h4>\n<p>Oliver, elegantn\u00fd snehuliak s \u010diernym klob\u00fakom a \u0161\u00e1lom, ako predloha na kr\u00ed\u017eikov\u00e9 vy\u0161\u00edvanie. Mal\u00e1 v\u00fd\u0161ivka, ide\u00e1l pre zimn\u00e9 ve\u010deri a dekor\u00e1cie na plastovej aide.  <\/p>\n<p><strong>Po\u010det kr\u00ed\u017eikov: 36 x 53<\/strong><br \/>\n<strong>Rozmer l\u00e1tky: 6.53 x 9.62 cm<\/strong><br \/>\n<strong>L\u00e1tka<\/strong>: 14 ct\u00a0 Aida<br \/>\n<strong>Bavlnky: <\/strong>DMC<br \/>\n<strong>Po\u010det farieb: <\/strong>24 a 4 blendy<br \/>\n<strong>Pou\u017eit\u00e9 techniky:<\/strong> kr\u00ed\u017eiky, ob\u0161\u00edvanie, franc\u00fazske uzl\u00edky<\/p>\n","category_list_v2":"","author_info_v2":{"name":"","url":""},"comments_num_v2":"0 comments","uagb_featured_image_src":{"full":["https:\/\/www.megastitch.eu\/wp-content\/uploads\/2025\/11\/Snowman_3_Oliver_frame_ss.jpg",1176,1379,false],"thumbnail":["https:\/\/www.megastitch.eu\/wp-content\/uploads\/2025\/11\/Snowman_3_Oliver_frame_ss-150x150.jpg",150,150,true],"medium":["https:\/\/www.megastitch.eu\/wp-content\/uploads\/2025\/11\/Snowman_3_Oliver_frame_ss-256x300.jpg",256,300,true],"medium_large":["https:\/\/www.megastitch.eu\/wp-content\/uploads\/2025\/11\/Snowman_3_Oliver_frame_ss-768x901.jpg",768,901,true],"large":["https:\/\/www.megastitch.eu\/wp-content\/uploads\/2025\/11\/Snowman_3_Oliver_frame_ss-873x1024.jpg",873,1024,true],"1536x1536":["https:\/\/www.megastitch.eu\/wp-content\/uploads\/2025\/11\/Snowman_3_Oliver_frame_ss.jpg",1176,1379,false],"2048x2048":["https:\/\/www.megastitch.eu\/wp-content\/uploads\/2025\/11\/Snowman_3_Oliver_frame_ss.jpg",1176,1379,false],"ultp_layout_landscape_large":["https:\/\/www.megastitch.eu\/wp-content\/uploads\/2025\/11\/Snowman_3_Oliver_frame_ss-1176x800.jpg",1176,800,true],"ultp_layout_landscape":["https:\/\/www.megastitch.eu\/wp-content\/uploads\/2025\/11\/Snowman_3_Oliver_frame_ss-870x570.jpg",870,570,true],"ultp_layout_portrait":["https:\/\/www.megastitch.eu\/wp-content\/uploads\/2025\/11\/Snowman_3_Oliver_frame_ss-600x900.jpg",600,900,true],"ultp_layout_square":["https:\/\/www.megastitch.eu\/wp-content\/uploads\/2025\/11\/Snowman_3_Oliver_frame_ss-600x600.jpg",600,600,true],"molla_post-grid":["https:\/\/www.megastitch.eu\/wp-content\/uploads\/2025\/11\/Snowman_3_Oliver_frame_ss-400x267.jpg",400,267,true],"woocommerce_thumbnail":["https:\/\/www.megastitch.eu\/wp-content\/uploads\/2025\/11\/Snowman_3_Oliver_frame_ss-300x352.jpg",300,352,true],"woocommerce_single":["https:\/\/www.megastitch.eu\/wp-content\/uploads\/2025\/11\/Snowman_3_Oliver_frame_ss-600x704.jpg",600,704,true],"woocommerce_gallery_thumbnail":["https:\/\/www.megastitch.eu\/wp-content\/uploads\/2025\/11\/Snowman_3_Oliver_frame_ss-100x100.jpg",100,100,true]},"uagb_author_info":{"display_name":"pagacova","author_link":"https:\/\/www.megastitch.eu\/cs\/author\/"},"uagb_comment_info":0,"uagb_excerpt":"Oliver, elegantn\u00fd snehuliak s \u010diernym klob\u00fakom a \u0161\u00e1lom, ako predloha na kr\u00ed\u017eikov\u00e9 vy\u0161\u00edvanie. Mal\u00e1 v\u00fd\u0161ivka, ide\u00e1l pre zimn\u00e9 ve\u010deri a dekor\u00e1cie na plastovej aide. Po\u010det kr\u00ed\u017eikov: 36 x 53 Rozmer l\u00e1tky: 6.53 x 9.62 cm L\u00e1tka: 14 ct\u00a0 Aida Bavlnky: DMC Po\u010det farieb: 24 a 4 blendy Pou\u017eit\u00e9 techniky: kr\u00ed\u017eiky, ob\u0161\u00edvanie, franc\u00fazske uzl\u00edky","_links":{"self":[{"href":"https:\/\/www.megastitch.eu\/cs\/wp-json\/wp\/v2\/product\/29741"}],"collection":[{"href":"https:\/\/www.megastitch.eu\/cs\/wp-json\/wp\/v2\/product"}],"about":[{"href":"https:\/\/www.megastitch.eu\/cs\/wp-json\/wp\/v2\/types\/product"}],"replies":[{"embeddable":true,"href":"https:\/\/www.megastitch.eu\/cs\/wp-json\/wp\/v2\/comments?post=29741"}],"wp:featuredmedia":[{"embeddable":true,"href":"https:\/\/www.megastitch.eu\/cs\/wp-json\/wp\/v2\/media\/29742"}],"wp:attachment":[{"href":"https:\/\/www.megastitch.eu\/cs\/wp-json\/wp\/v2\/media?parent=29741"}],"wp:term":[{"taxonomy":"product_cat","embeddable":true,"href":"https:\/\/www.megastitch.eu\/cs\/wp-json\/wp\/v2\/product_cat?post=29741"},{"taxonomy":"product_tag","embeddable":true,"href":"https:\/\/www.megastitch.eu\/cs\/wp-json\/wp\/v2\/product_tag?post=29741"}],"curies":[{"name":"wp","href":"https:\/\/api.w.org\/{rel}","templated":true}]}}