	{"id":29781,"date":"2025-11-11T11:29:57","date_gmt":"2025-11-11T10:29:57","guid":{"rendered":"https:\/\/www.megastitch.eu\/?post_type=product&#038;p=29781"},"modified":"2025-11-11T11:46:23","modified_gmt":"2025-11-11T10:46:23","slug":"stromcek-s-iglu-a-medvedom","status":"publish","type":"product","link":"https:\/\/www.megastitch.eu\/cs\/obchod\/predlohy-na-vysivanie\/male-predlohy\/stromcek-s-iglu-a-medvedom\/","title":{"rendered":"Strom\u010dek s iglu a medve\u010fom"},"content":{"rendered":"<div class=\"nolwrap\"><p>Tento tich\u00fd vl\u00e1dca Arkt\u00eddy vn\u00e1\u0161a do v\u00e1\u0161ho domova pokoj, silu a \u010distotu zasne\u017een\u00fdch pl\u00e1n\u00ed. Je symbolom odvahy a ochrany, pripom\u00edna n\u00e1m, \u017ee aj v najchladnej\u0161\u00edch d\u0148och vieme n\u00e1js\u0165 teplo v bl\u00edzkosti t\u00fdch, ktor\u00fdch m\u00e1me radi. Ka\u017ed\u00fd kr\u00ed\u017eik na pl\u00e1tne je ako stopa v snehu, drobn\u00fd, no nezabudnute\u013en\u00fd.<\/p>\n<p>Vy\u0161ite si svojho medve\u010fa na <a href=\"https:\/\/www.megastitch.eu\/kategoria-produktu\/podklady-na-vysivanie\/plastova-aida\/\">plastov\u00fa aidu ct 14<\/a> a preme\u0148te ho na jedine\u010dn\u00fa viano\u010dn\u00fa ozdobu, ktor\u00e1 roz\u017eiari v\u00e1\u0161 strom\u010dek i zimn\u00fa atmosf\u00e9ru domova.<\/p>\n<p>Autorka predlohy: <strong>M\u00e1ria Erbenov\u00e1\u00a0<\/strong><\/p>\n<h4>Inform\u00e1cie o predlohe:<\/h4>\n<p><strong>Po\u010det kr\u00ed\u017eikov: 45 x 54<\/strong><br \/>\n<strong>Rozmer l\u00e1tky: 8.16 x 9.80 cm<\/strong><br \/>\n<strong>L\u00e1tka: <\/strong>14 ct aida<strong><br \/>\nBavlnky: <\/strong>DMC<br \/>\n<strong>Po\u010det farieb:<\/strong> 17 farieb<br \/>\n<strong>Pou\u017eit\u00e9 techniky:<\/strong> kr\u00ed\u017eiky, ob\u0161\u00edvanie, franc\u00fazske uzl\u00edky<\/p>\n<h4>S\u00fabory na stiahnutie:<\/h4>\n<ul>\n<li><strong>pdf s\u00fabor<\/strong>\n<ul>\n<li>v \u010dierno-bielej verzii &#8211; s ob\u0161\u00edvan\u00edm a bez ob\u0161\u00edvania,<\/li>\n<li>vo farebnej verzii &#8211; s ob\u0161\u00edvan\u00edm a bez ob\u0161\u00edvania,<\/li>\n<li>zoznam po\u010dtu pou\u017eit\u00fdch vl\u00e1kien<\/li>\n<\/ul>\n<\/li>\n<li><strong>cssaga s\u00fabor<\/strong><\/li>\n<\/ul>\n<\/div>","protected":false},"excerpt":{"rendered":"<p>Strom\u010dek s mot\u00edvom majest\u00e1tneho \u013eadov\u00e9ho medve\u010fa a iglu v zimnej krajine ako predloha na kr\u00ed\u017eikov\u00e9 vy\u0161\u00edvanie vhodn\u00e1 aj ako ozdoba.<\/p>\n<p><strong>Po\u010det kr\u00ed\u017eikov: 45 x 54<\/strong><br \/>\n<strong>Rozmer l\u00e1tky: 8.16 x 9.80 cm<\/strong><br \/>\n<strong>Po\u010det farieb:<\/strong> 17 farieb a 1 blend<br \/>\n<strong>Pou\u017eit\u00e9 techniky:<\/strong> kr\u00ed\u017eiky, ob\u0161\u00edvanie, franc\u00fazske uzl\u00edky<\/p>\n","protected":false},"featured_media":29782,"comment_status":"open","ping_status":"closed","template":"","meta":{"_uag_custom_page_level_css":"","ngg_post_thumbnail":0},"product_cat":[243,134,131,171],"product_tag":[319,48,46,254,151],"aioseo_notices":[],"featured_image_urls":{"full":["https:\/\/www.megastitch.eu\/wp-content\/uploads\/2025\/11\/igloo_with_bear_frame_logo.jpg",1284,1391,false],"thumbnail":["https:\/\/www.megastitch.eu\/wp-content\/uploads\/2025\/11\/igloo_with_bear_frame_logo-150x150.jpg",150,150,true],"medium":["https:\/\/www.megastitch.eu\/wp-content\/uploads\/2025\/11\/igloo_with_bear_frame_logo-277x300.jpg",277,300,true],"medium_large":["https:\/\/www.megastitch.eu\/wp-content\/uploads\/2025\/11\/igloo_with_bear_frame_logo-768x832.jpg",768,832,true],"large":["https:\/\/www.megastitch.eu\/wp-content\/uploads\/2025\/11\/igloo_with_bear_frame_logo-945x1024.jpg",945,1024,true],"1536x1536":["https:\/\/www.megastitch.eu\/wp-content\/uploads\/2025\/11\/igloo_with_bear_frame_logo.jpg",1284,1391,false],"2048x2048":["https:\/\/www.megastitch.eu\/wp-content\/uploads\/2025\/11\/igloo_with_bear_frame_logo.jpg",1284,1391,false],"ultp_layout_landscape_large":["https:\/\/www.megastitch.eu\/wp-content\/uploads\/2025\/11\/igloo_with_bear_frame_logo-1200x800.jpg",1200,800,true],"ultp_layout_landscape":["https:\/\/www.megastitch.eu\/wp-content\/uploads\/2025\/11\/igloo_with_bear_frame_logo-870x570.jpg",870,570,true],"ultp_layout_portrait":["https:\/\/www.megastitch.eu\/wp-content\/uploads\/2025\/11\/igloo_with_bear_frame_logo-600x900.jpg",600,900,true],"ultp_layout_square":["https:\/\/www.megastitch.eu\/wp-content\/uploads\/2025\/11\/igloo_with_bear_frame_logo-600x600.jpg",600,600,true],"molla_post-grid":["https:\/\/www.megastitch.eu\/wp-content\/uploads\/2025\/11\/igloo_with_bear_frame_logo-400x267.jpg",400,267,true],"woocommerce_thumbnail":["https:\/\/www.megastitch.eu\/wp-content\/uploads\/2025\/11\/igloo_with_bear_frame_logo-300x325.jpg",300,325,true],"woocommerce_single":["https:\/\/www.megastitch.eu\/wp-content\/uploads\/2025\/11\/igloo_with_bear_frame_logo-600x650.jpg",600,650,true],"woocommerce_gallery_thumbnail":["https:\/\/www.megastitch.eu\/wp-content\/uploads\/2025\/11\/igloo_with_bear_frame_logo-100x100.jpg",100,100,true]},"post_excerpt_stackable":"<p>Strom\u010dek s mot\u00edvom majest\u00e1tneho \u013eadov\u00e9ho medve\u010fa a iglu v zimnej krajine ako predloha na kr\u00ed\u017eikov\u00e9 vy\u0161\u00edvanie vhodn\u00e1 aj ako ozdoba.<\/p>\n<p><strong>Po\u010det kr\u00ed\u017eikov: 45 x 54<\/strong><br \/>\n<strong>Rozmer l\u00e1tky: 8.16 x 9.80 cm<\/strong><br \/>\n<strong>Po\u010det farieb:<\/strong> 17 farieb a 1 blend<br \/>\n<strong>Pou\u017eit\u00e9 techniky:<\/strong> kr\u00ed\u017eiky, ob\u0161\u00edvanie, franc\u00fazske uzl\u00edky<\/p>\n","category_list":"","author_info":{"name":"","url":""},"comments_num":"0 comments","featured_image_urls_v2":{"full":["https:\/\/www.megastitch.eu\/wp-content\/uploads\/2025\/11\/igloo_with_bear_frame_logo.jpg",1284,1391,false],"thumbnail":["https:\/\/www.megastitch.eu\/wp-content\/uploads\/2025\/11\/igloo_with_bear_frame_logo-150x150.jpg",150,150,true],"medium":["https:\/\/www.megastitch.eu\/wp-content\/uploads\/2025\/11\/igloo_with_bear_frame_logo-277x300.jpg",277,300,true],"medium_large":["https:\/\/www.megastitch.eu\/wp-content\/uploads\/2025\/11\/igloo_with_bear_frame_logo-768x832.jpg",768,832,true],"large":["https:\/\/www.megastitch.eu\/wp-content\/uploads\/2025\/11\/igloo_with_bear_frame_logo-945x1024.jpg",945,1024,true],"1536x1536":["https:\/\/www.megastitch.eu\/wp-content\/uploads\/2025\/11\/igloo_with_bear_frame_logo.jpg",1284,1391,false],"2048x2048":["https:\/\/www.megastitch.eu\/wp-content\/uploads\/2025\/11\/igloo_with_bear_frame_logo.jpg",1284,1391,false],"ultp_layout_landscape_large":["https:\/\/www.megastitch.eu\/wp-content\/uploads\/2025\/11\/igloo_with_bear_frame_logo-1200x800.jpg",1200,800,true],"ultp_layout_landscape":["https:\/\/www.megastitch.eu\/wp-content\/uploads\/2025\/11\/igloo_with_bear_frame_logo-870x570.jpg",870,570,true],"ultp_layout_portrait":["https:\/\/www.megastitch.eu\/wp-content\/uploads\/2025\/11\/igloo_with_bear_frame_logo-600x900.jpg",600,900,true],"ultp_layout_square":["https:\/\/www.megastitch.eu\/wp-content\/uploads\/2025\/11\/igloo_with_bear_frame_logo-600x600.jpg",600,600,true],"molla_post-grid":["https:\/\/www.megastitch.eu\/wp-content\/uploads\/2025\/11\/igloo_with_bear_frame_logo-400x267.jpg",400,267,true],"woocommerce_thumbnail":["https:\/\/www.megastitch.eu\/wp-content\/uploads\/2025\/11\/igloo_with_bear_frame_logo-300x325.jpg",300,325,true],"woocommerce_single":["https:\/\/www.megastitch.eu\/wp-content\/uploads\/2025\/11\/igloo_with_bear_frame_logo-600x650.jpg",600,650,true],"woocommerce_gallery_thumbnail":["https:\/\/www.megastitch.eu\/wp-content\/uploads\/2025\/11\/igloo_with_bear_frame_logo-100x100.jpg",100,100,true]},"post_excerpt_stackable_v2":"<p>Strom\u010dek s mot\u00edvom majest\u00e1tneho \u013eadov\u00e9ho medve\u010fa a iglu v zimnej krajine ako predloha na kr\u00ed\u017eikov\u00e9 vy\u0161\u00edvanie vhodn\u00e1 aj ako ozdoba.<\/p>\n<p><strong>Po\u010det kr\u00ed\u017eikov: 45 x 54<\/strong><br \/>\n<strong>Rozmer l\u00e1tky: 8.16 x 9.80 cm<\/strong><br \/>\n<strong>Po\u010det farieb:<\/strong> 17 farieb a 1 blend<br \/>\n<strong>Pou\u017eit\u00e9 techniky:<\/strong> kr\u00ed\u017eiky, ob\u0161\u00edvanie, franc\u00fazske uzl\u00edky<\/p>\n","category_list_v2":"","author_info_v2":{"name":"","url":""},"comments_num_v2":"0 comments","uagb_featured_image_src":{"full":["https:\/\/www.megastitch.eu\/wp-content\/uploads\/2025\/11\/igloo_with_bear_frame_logo.jpg",1284,1391,false],"thumbnail":["https:\/\/www.megastitch.eu\/wp-content\/uploads\/2025\/11\/igloo_with_bear_frame_logo-150x150.jpg",150,150,true],"medium":["https:\/\/www.megastitch.eu\/wp-content\/uploads\/2025\/11\/igloo_with_bear_frame_logo-277x300.jpg",277,300,true],"medium_large":["https:\/\/www.megastitch.eu\/wp-content\/uploads\/2025\/11\/igloo_with_bear_frame_logo-768x832.jpg",768,832,true],"large":["https:\/\/www.megastitch.eu\/wp-content\/uploads\/2025\/11\/igloo_with_bear_frame_logo-945x1024.jpg",945,1024,true],"1536x1536":["https:\/\/www.megastitch.eu\/wp-content\/uploads\/2025\/11\/igloo_with_bear_frame_logo.jpg",1284,1391,false],"2048x2048":["https:\/\/www.megastitch.eu\/wp-content\/uploads\/2025\/11\/igloo_with_bear_frame_logo.jpg",1284,1391,false],"ultp_layout_landscape_large":["https:\/\/www.megastitch.eu\/wp-content\/uploads\/2025\/11\/igloo_with_bear_frame_logo-1200x800.jpg",1200,800,true],"ultp_layout_landscape":["https:\/\/www.megastitch.eu\/wp-content\/uploads\/2025\/11\/igloo_with_bear_frame_logo-870x570.jpg",870,570,true],"ultp_layout_portrait":["https:\/\/www.megastitch.eu\/wp-content\/uploads\/2025\/11\/igloo_with_bear_frame_logo-600x900.jpg",600,900,true],"ultp_layout_square":["https:\/\/www.megastitch.eu\/wp-content\/uploads\/2025\/11\/igloo_with_bear_frame_logo-600x600.jpg",600,600,true],"molla_post-grid":["https:\/\/www.megastitch.eu\/wp-content\/uploads\/2025\/11\/igloo_with_bear_frame_logo-400x267.jpg",400,267,true],"woocommerce_thumbnail":["https:\/\/www.megastitch.eu\/wp-content\/uploads\/2025\/11\/igloo_with_bear_frame_logo-300x325.jpg",300,325,true],"woocommerce_single":["https:\/\/www.megastitch.eu\/wp-content\/uploads\/2025\/11\/igloo_with_bear_frame_logo-600x650.jpg",600,650,true],"woocommerce_gallery_thumbnail":["https:\/\/www.megastitch.eu\/wp-content\/uploads\/2025\/11\/igloo_with_bear_frame_logo-100x100.jpg",100,100,true]},"uagb_author_info":{"display_name":"pagacova","author_link":"https:\/\/www.megastitch.eu\/cs\/author\/"},"uagb_comment_info":0,"uagb_excerpt":"Strom\u010dek s mot\u00edvom majest\u00e1tneho \u013eadov\u00e9ho medve\u010fa a iglu v zimnej krajine ako predloha na kr\u00ed\u017eikov\u00e9 vy\u0161\u00edvanie vhodn\u00e1 aj ako ozdoba. Po\u010det kr\u00ed\u017eikov: 45 x 54 Rozmer l\u00e1tky: 8.16 x 9.80 cm Po\u010det farieb: 17 farieb a 1 blend Pou\u017eit\u00e9 techniky: kr\u00ed\u017eiky, ob\u0161\u00edvanie, franc\u00fazske uzl\u00edky","_links":{"self":[{"href":"https:\/\/www.megastitch.eu\/cs\/wp-json\/wp\/v2\/product\/29781"}],"collection":[{"href":"https:\/\/www.megastitch.eu\/cs\/wp-json\/wp\/v2\/product"}],"about":[{"href":"https:\/\/www.megastitch.eu\/cs\/wp-json\/wp\/v2\/types\/product"}],"replies":[{"embeddable":true,"href":"https:\/\/www.megastitch.eu\/cs\/wp-json\/wp\/v2\/comments?post=29781"}],"wp:featuredmedia":[{"embeddable":true,"href":"https:\/\/www.megastitch.eu\/cs\/wp-json\/wp\/v2\/media\/29782"}],"wp:attachment":[{"href":"https:\/\/www.megastitch.eu\/cs\/wp-json\/wp\/v2\/media?parent=29781"}],"wp:term":[{"taxonomy":"product_cat","embeddable":true,"href":"https:\/\/www.megastitch.eu\/cs\/wp-json\/wp\/v2\/product_cat?post=29781"},{"taxonomy":"product_tag","embeddable":true,"href":"https:\/\/www.megastitch.eu\/cs\/wp-json\/wp\/v2\/product_tag?post=29781"}],"curies":[{"name":"wp","href":"https:\/\/api.w.org\/{rel}","templated":true}]}}