	{"id":29828,"date":"2025-12-04T18:49:03","date_gmt":"2025-12-04T17:49:03","guid":{"rendered":"https:\/\/www.megastitch.eu\/?post_type=product&#038;p=29828"},"modified":"2025-12-12T12:13:59","modified_gmt":"2025-12-12T11:13:59","slug":"zimna-vyzva-krizom-krazom-krizikom-2025","status":"publish","type":"product","link":"https:\/\/www.megastitch.eu\/cs\/obchod\/predlohy-na-vysivanie\/vianocne-predlohy\/zimna-vyzva-krizom-krazom-krizikom-2025\/","title":{"rendered":"Zimn\u00e1 v\u00fdzva \u2013 kr\u00ed\u017eom kr\u00e1\u017eom kr\u00ed\u017eikom 2025"},"content":{"rendered":"<div class=\"nolwrap\"><h2>\u2728 Kr\u00ed\u017eom kr\u00e1\u017eom kr\u00ed\u017eikom 2025 \u2013 Zimn\u00e1 vy\u0161\u00edvacia v\u00fdzva! \u2744\ufe0f<\/h2>\n<p>Tri a pol mesiaca pln\u00e9 kreat\u00edvnej z\u00e1bavy, kr\u00e1snych predl\u00f4h a podpornej komunity vy\u0161\u00edva\u010diek! Za\u017ei zimu s ihlou v ruke a \u00fasmevom na tv\u00e1ri. \ud83e\uddf5\ud83d\udc99<\/p>\n<div id='gallery-1' class='gallery galleryid-29828 gallery-columns-6 gallery-size-thumbnail'><figure class='gallery-item'>\n\t\t\t<div class='gallery-icon portrait'>\n\t\t\t\t<a href='https:\/\/www.megastitch.eu\/wp-content\/uploads\/2025\/11\/ms-kkk-25-01.jpg'><img width=\"150\" height=\"150\" src=\"https:\/\/www.megastitch.eu\/wp-content\/uploads\/2025\/11\/ms-kkk-25-01-150x150.jpg\" class=\"attachment-thumbnail size-thumbnail\" alt=\"V\u00fdzva Kr\u00ed\u017eom kr\u00e1\u017eom kr\u00ed\u017eikom\" decoding=\"async\" aria-describedby=\"gallery-1-29928\" srcset=\"https:\/\/www.megastitch.eu\/wp-content\/uploads\/2025\/11\/ms-kkk-25-01-150x150.jpg 150w, https:\/\/www.megastitch.eu\/wp-content\/uploads\/2025\/11\/ms-kkk-25-01-600x600.jpg 600w, https:\/\/www.megastitch.eu\/wp-content\/uploads\/2025\/11\/ms-kkk-25-01-100x100.jpg 100w\" sizes=\"(max-width: 150px) 100vw, 150px\" \/><\/a>\n\t\t\t<\/div>\n\t\t\t\t<figcaption class='wp-caption-text gallery-caption' id='gallery-1-29928'>\n\t\t\t\tV\u00fdzva Kr\u00ed\u017eom kr\u00e1\u017eom kr\u00ed\u017eikom\n\t\t\t\t<\/figcaption><\/figure><figure class='gallery-item'>\n\t\t\t<div class='gallery-icon portrait'>\n\t\t\t\t<a href='https:\/\/www.megastitch.eu\/wp-content\/uploads\/2025\/11\/ms-kkk-25-02.jpg'><img width=\"150\" height=\"150\" src=\"https:\/\/www.megastitch.eu\/wp-content\/uploads\/2025\/11\/ms-kkk-25-02-150x150.jpg\" class=\"attachment-thumbnail size-thumbnail\" alt=\"V\u00fdzva Kr\u00ed\u017eom kr\u00e1\u017eom kr\u00ed\u017eikom\" decoding=\"async\" aria-describedby=\"gallery-1-29931\" srcset=\"https:\/\/www.megastitch.eu\/wp-content\/uploads\/2025\/11\/ms-kkk-25-02-150x150.jpg 150w, https:\/\/www.megastitch.eu\/wp-content\/uploads\/2025\/11\/ms-kkk-25-02-600x600.jpg 600w, https:\/\/www.megastitch.eu\/wp-content\/uploads\/2025\/11\/ms-kkk-25-02-100x100.jpg 100w\" sizes=\"(max-width: 150px) 100vw, 150px\" \/><\/a>\n\t\t\t<\/div>\n\t\t\t\t<figcaption class='wp-caption-text gallery-caption' id='gallery-1-29931'>\n\t\t\t\tV\u00fdzva Kr\u00ed\u017eom kr\u00e1\u017eom kr\u00ed\u017eikom viano\u010dn\u00e9 strom\u010deky a gule\n\t\t\t\t<\/figcaption><\/figure><figure class='gallery-item'>\n\t\t\t<div class='gallery-icon portrait'>\n\t\t\t\t<a href='https:\/\/www.megastitch.eu\/wp-content\/uploads\/2025\/11\/macko-iglu-elena-scaled.jpg'><img width=\"150\" height=\"150\" src=\"https:\/\/www.megastitch.eu\/wp-content\/uploads\/2025\/11\/macko-iglu-elena-150x150.jpg\" class=\"attachment-thumbnail size-thumbnail\" alt=\"Vy\u0161it\u00fd pol\u00e1rn\u00fd macko s igl\u00fa\" decoding=\"async\" aria-describedby=\"gallery-1-29934\" srcset=\"https:\/\/www.megastitch.eu\/wp-content\/uploads\/2025\/11\/macko-iglu-elena-150x150.jpg 150w, https:\/\/www.megastitch.eu\/wp-content\/uploads\/2025\/11\/macko-iglu-elena-600x600.jpg 600w, https:\/\/www.megastitch.eu\/wp-content\/uploads\/2025\/11\/macko-iglu-elena-100x100.jpg 100w\" sizes=\"(max-width: 150px) 100vw, 150px\" \/><\/a>\n\t\t\t<\/div>\n\t\t\t\t<figcaption class='wp-caption-text gallery-caption' id='gallery-1-29934'>\n\t\t\t\tVy\u0161it\u00fd pol\u00e1rn\u00fd macko s igl\u00fa\n\t\t\t\t<\/figcaption><\/figure><figure class='gallery-item'>\n\t\t\t<div class='gallery-icon landscape'>\n\t\t\t\t<a href='https:\/\/www.megastitch.eu\/wp-content\/uploads\/2025\/11\/blue_balls_all.jpg'><img width=\"150\" height=\"150\" src=\"https:\/\/www.megastitch.eu\/wp-content\/uploads\/2025\/11\/blue_balls_all-150x150.jpg\" class=\"attachment-thumbnail size-thumbnail\" alt=\"Vy\u0161it\u00e9 viano\u010dn\u00e9 gule\" decoding=\"async\" aria-describedby=\"gallery-1-29852\" srcset=\"https:\/\/www.megastitch.eu\/wp-content\/uploads\/2025\/11\/blue_balls_all-150x150.jpg 150w, https:\/\/www.megastitch.eu\/wp-content\/uploads\/2025\/11\/blue_balls_all-600x600.jpg 600w, https:\/\/www.megastitch.eu\/wp-content\/uploads\/2025\/11\/blue_balls_all-100x100.jpg 100w\" sizes=\"(max-width: 150px) 100vw, 150px\" \/><\/a>\n\t\t\t<\/div>\n\t\t\t\t<figcaption class='wp-caption-text gallery-caption' id='gallery-1-29852'>\n\t\t\t\tVy\u0161it\u00e9 viano\u010dn\u00e9 gule\n\t\t\t\t<\/figcaption><\/figure><figure class='gallery-item'>\n\t\t\t<div class='gallery-icon landscape'>\n\t\t\t\t<a href='https:\/\/www.megastitch.eu\/wp-content\/uploads\/2025\/11\/christmas_balls.jpg'><img width=\"150\" height=\"150\" src=\"https:\/\/www.megastitch.eu\/wp-content\/uploads\/2025\/11\/christmas_balls-150x150.jpg\" class=\"attachment-thumbnail size-thumbnail\" alt=\"\" decoding=\"async\" srcset=\"https:\/\/www.megastitch.eu\/wp-content\/uploads\/2025\/11\/christmas_balls-150x150.jpg 150w, https:\/\/www.megastitch.eu\/wp-content\/uploads\/2025\/11\/christmas_balls-100x100.jpg 100w\" sizes=\"(max-width: 150px) 100vw, 150px\" \/><\/a>\n\t\t\t<\/div><\/figure><figure class='gallery-item'>\n\t\t\t<div class='gallery-icon landscape'>\n\t\t\t\t<a href='https:\/\/www.megastitch.eu\/wp-content\/uploads\/2025\/11\/Vrecka.jpg'><img width=\"150\" height=\"150\" src=\"https:\/\/www.megastitch.eu\/wp-content\/uploads\/2025\/11\/Vrecka-150x150.jpg\" class=\"attachment-thumbnail size-thumbnail\" alt=\"Kr\u00ed\u017eom kr\u00e1\u017eom kr\u00ed\u017eikom dovy\u0161\u00edvaj\" decoding=\"async\" aria-describedby=\"gallery-1-29833\" srcset=\"https:\/\/www.megastitch.eu\/wp-content\/uploads\/2025\/11\/Vrecka-150x150.jpg 150w, https:\/\/www.megastitch.eu\/wp-content\/uploads\/2025\/11\/Vrecka-300x300.jpg 300w, https:\/\/www.megastitch.eu\/wp-content\/uploads\/2025\/11\/Vrecka-1024x1024.jpg 1024w, https:\/\/www.megastitch.eu\/wp-content\/uploads\/2025\/11\/Vrecka-768x768.jpg 768w, https:\/\/www.megastitch.eu\/wp-content\/uploads\/2025\/11\/Vrecka-600x600.jpg 600w, https:\/\/www.megastitch.eu\/wp-content\/uploads\/2025\/11\/Vrecka-100x100.jpg 100w, https:\/\/www.megastitch.eu\/wp-content\/uploads\/2025\/11\/Vrecka.jpg 1080w\" sizes=\"(max-width: 150px) 100vw, 150px\" \/><\/a>\n\t\t\t<\/div>\n\t\t\t\t<figcaption class='wp-caption-text gallery-caption' id='gallery-1-29833'>\n\t\t\t\tKr\u00ed\u017eom kr\u00e1\u017eom kr\u00ed\u017eikom dovy\u0161\u00edvaj\n\t\t\t\t<\/figcaption><\/figure>\n\t\t<\/div>\n\n<h3>\ud83c\udfaf Ako to funguje?<\/h3>\n<h4>1\ufe0f\u20e3 Vst\u00fap do v\u00fdzvy za 7 \u20ac t\u00fdm, \u017ee si zak\u00fapi\u0161 tento produkt.<\/h4>\n<ul>\n<li>Z\u00edska\u0161 pr\u00edstup k zimn\u00fdm vy\u0161\u00edvac\u00edm predloh\u00e1m.<\/li>\n<li>Vy\u0161\u00edvaj a\u017e do 31. 3. 2025 \u2013 cel\u00fdch 3,5 mesiaca!<\/li>\n<li>Emailom ti pr\u00edde odkaz na uzavret\u00fa fb skupinu &#8211; n\u00e1jde\u0161 tam info, podporu, in\u0161pir\u00e1ciu a albumy. Nezabudni si skontrolova\u0165 aj spam a hromadn\u00fa po\u0161tu.<\/li>\n<\/ul>\n<h3>2\ufe0f\u20e3 Vyber si svoju prv\u00fa predlohu.<\/h3>\n<ul>\n<li>Vy\u0161i ju a odfo\u0165 hotov\u00e9 dielo.&nbsp;<\/li>\n<li>Ja ti po\u0161lem \u010fal\u0161iu predlohu pod\u013ea tvojho v\u00fdberu.<\/li>\n<\/ul>\n<h4>3\ufe0f\u20e3 \u010c\u00edm viac vy\u0161ije\u0161, t\u00fdm viac z\u00edska\u0161.<\/h4>\n<ul>\n<li>Potenci\u00e1lna z\u013eava a\u017e 90 % na v\u0161etky predlohy, ktor\u00e9 stihne\u0161 vy\u0161i\u0165!<\/li>\n<li>\u017diadny stres, \u017eiadny tlak \u2013 vy\u0161\u00edvaj svoj\u00edm tempom. Zdie\u013eaj s nami svoje pokroky, in\u0161piruj ostatn\u00e9 a oslavuj ka\u017ed\u00fd mal\u00fd \u00faspech.<\/li>\n<\/ul>\n<p>Za\u017ei zimu a nov\u00fd rok pln\u00fd z\u00e1bavy. Pridaj sa k spolo\u010dn\u00e9mu vy\u0161\u00edvaniu zimn\u00fdch predl\u00f4h v spolo\u010dnom vy\u0161\u00edvan\u00ed Kr\u00ed\u017eom kr\u00e1\u017eom kr\u00ed\u017eikom 2025.<\/p>\n<p><span style=\"font-weight: 400;\">\ud83d\udc8c Ak nem\u00e1\u0161 Facebook, nevad\u00ed. Predlohy ti po\u0161lem e-mailom &#8211; sta\u010d\u00ed, ak mi nap\u00ed\u0161e\u0161 do emailu <a href=\"mailto:info@megastitch.eu\" target=\"_blank\" rel=\"noopener\">info@megastitch.eu<\/a> a m\u00f4\u017ee\u0161 sa tie\u017e z\u00fa\u010dastni\u0165.<\/span><\/p>\n<h3><strong>Akcia prebieha od 15.12.2025 do 31.3.2026<\/strong><\/h3>\n<h3><a href=\"https:\/\/www.megastitch.eu\/krizom-krazom-krizikom-2025\/\">Komplet info o spolo\u010dnom projekte Kr\u00ed\u017eom kr\u00e1\u017eom kr\u00ed\u017eikom 2025.<\/a><\/h3>\n<\/div>","protected":false},"excerpt":{"rendered":"<p>Zimn\u00e1 vy\u0161\u00edvacia v\u00fdzva pln\u00e1 in\u0161pir\u00e1cie a komunity! Za 7 \u20ac z\u00edska\u0161 pr\u00edstup k 27-mim zimn\u00fdm predloh\u00e1m, ktor\u00e9 m\u00f4\u017ee\u0161 vy\u0161\u00edva\u0165 vlastn\u00fdm tempom <strong>od 15. 12. 2025 do 31. 3. 2026<\/strong>.<\/p>\n<p>\ud83d\udc49 <strong><a class=\"underline\" href=\"https:\/\/www.megastitch.eu\/krizom-krazom-krizikom-2025\/\">Zisti v\u0161etky detaily tu<\/a><\/strong> \u2013 kompletn\u00fd n\u00e1vod, pravidl\u00e1 a in\u0161pir\u00e1cia u\u017e na teba \u010dakaj\u00fa!<\/p>\n","protected":false},"featured_media":29927,"comment_status":"closed","ping_status":"closed","template":"","meta":{"_uag_custom_page_level_css":"","ngg_post_thumbnail":0},"product_cat":[131,171],"product_tag":[258,319,46],"aioseo_notices":[],"featured_image_urls":{"full":["https:\/\/www.megastitch.eu\/wp-content\/uploads\/2025\/11\/ms-kkk-25-01.jpg",1080,1350,false],"thumbnail":["https:\/\/www.megastitch.eu\/wp-content\/uploads\/2025\/11\/ms-kkk-25-01-150x150.jpg",150,150,true],"medium":["https:\/\/www.megastitch.eu\/wp-content\/uploads\/2025\/11\/ms-kkk-25-01-240x300.jpg",240,300,true],"medium_large":["https:\/\/www.megastitch.eu\/wp-content\/uploads\/2025\/11\/ms-kkk-25-01-768x960.jpg",768,960,true],"large":["https:\/\/www.megastitch.eu\/wp-content\/uploads\/2025\/11\/ms-kkk-25-01-819x1024.jpg",819,1024,true],"1536x1536":["https:\/\/www.megastitch.eu\/wp-content\/uploads\/2025\/11\/ms-kkk-25-01.jpg",1080,1350,false],"2048x2048":["https:\/\/www.megastitch.eu\/wp-content\/uploads\/2025\/11\/ms-kkk-25-01.jpg",1080,1350,false],"ultp_layout_landscape_large":["https:\/\/www.megastitch.eu\/wp-content\/uploads\/2025\/11\/ms-kkk-25-01-1080x800.jpg",1080,800,true],"ultp_layout_landscape":["https:\/\/www.megastitch.eu\/wp-content\/uploads\/2025\/11\/ms-kkk-25-01-870x570.jpg",870,570,true],"ultp_layout_portrait":["https:\/\/www.megastitch.eu\/wp-content\/uploads\/2025\/11\/ms-kkk-25-01-600x900.jpg",600,900,true],"ultp_layout_square":["https:\/\/www.megastitch.eu\/wp-content\/uploads\/2025\/11\/ms-kkk-25-01-600x600.jpg",600,600,true],"molla_post-grid":["https:\/\/www.megastitch.eu\/wp-content\/uploads\/2025\/11\/ms-kkk-25-01-400x267.jpg",400,267,true],"woocommerce_thumbnail":["https:\/\/www.megastitch.eu\/wp-content\/uploads\/2025\/11\/ms-kkk-25-01-300x375.jpg",300,375,true],"woocommerce_single":["https:\/\/www.megastitch.eu\/wp-content\/uploads\/2025\/11\/ms-kkk-25-01-600x750.jpg",600,750,true],"woocommerce_gallery_thumbnail":["https:\/\/www.megastitch.eu\/wp-content\/uploads\/2025\/11\/ms-kkk-25-01-100x100.jpg",100,100,true]},"post_excerpt_stackable":"<p>Zimn\u00e1 vy\u0161\u00edvacia v\u00fdzva pln\u00e1 in\u0161pir\u00e1cie a komunity! Za 7 \u20ac z\u00edska\u0161 pr\u00edstup k 27-mim zimn\u00fdm predloh\u00e1m, ktor\u00e9 m\u00f4\u017ee\u0161 vy\u0161\u00edva\u0165 vlastn\u00fdm tempom <strong>od 15. 12. 2025 do 31. 3. 2026<\/strong>.<\/p>\n<p>\ud83d\udc49 <strong><a class=\"underline\" href=\"https:\/\/www.megastitch.eu\/krizom-krazom-krizikom-2025\/\">Zisti v\u0161etky detaily tu<\/a><\/strong> \u2013 kompletn\u00fd n\u00e1vod, pravidl\u00e1 a in\u0161pir\u00e1cia u\u017e na teba \u010dakaj\u00fa!<\/p>\n","category_list":"","author_info":{"name":"","url":""},"comments_num":"0 comments","featured_image_urls_v2":{"full":["https:\/\/www.megastitch.eu\/wp-content\/uploads\/2025\/11\/ms-kkk-25-01.jpg",1080,1350,false],"thumbnail":["https:\/\/www.megastitch.eu\/wp-content\/uploads\/2025\/11\/ms-kkk-25-01-150x150.jpg",150,150,true],"medium":["https:\/\/www.megastitch.eu\/wp-content\/uploads\/2025\/11\/ms-kkk-25-01-240x300.jpg",240,300,true],"medium_large":["https:\/\/www.megastitch.eu\/wp-content\/uploads\/2025\/11\/ms-kkk-25-01-768x960.jpg",768,960,true],"large":["https:\/\/www.megastitch.eu\/wp-content\/uploads\/2025\/11\/ms-kkk-25-01-819x1024.jpg",819,1024,true],"1536x1536":["https:\/\/www.megastitch.eu\/wp-content\/uploads\/2025\/11\/ms-kkk-25-01.jpg",1080,1350,false],"2048x2048":["https:\/\/www.megastitch.eu\/wp-content\/uploads\/2025\/11\/ms-kkk-25-01.jpg",1080,1350,false],"ultp_layout_landscape_large":["https:\/\/www.megastitch.eu\/wp-content\/uploads\/2025\/11\/ms-kkk-25-01-1080x800.jpg",1080,800,true],"ultp_layout_landscape":["https:\/\/www.megastitch.eu\/wp-content\/uploads\/2025\/11\/ms-kkk-25-01-870x570.jpg",870,570,true],"ultp_layout_portrait":["https:\/\/www.megastitch.eu\/wp-content\/uploads\/2025\/11\/ms-kkk-25-01-600x900.jpg",600,900,true],"ultp_layout_square":["https:\/\/www.megastitch.eu\/wp-content\/uploads\/2025\/11\/ms-kkk-25-01-600x600.jpg",600,600,true],"molla_post-grid":["https:\/\/www.megastitch.eu\/wp-content\/uploads\/2025\/11\/ms-kkk-25-01-400x267.jpg",400,267,true],"woocommerce_thumbnail":["https:\/\/www.megastitch.eu\/wp-content\/uploads\/2025\/11\/ms-kkk-25-01-300x375.jpg",300,375,true],"woocommerce_single":["https:\/\/www.megastitch.eu\/wp-content\/uploads\/2025\/11\/ms-kkk-25-01-600x750.jpg",600,750,true],"woocommerce_gallery_thumbnail":["https:\/\/www.megastitch.eu\/wp-content\/uploads\/2025\/11\/ms-kkk-25-01-100x100.jpg",100,100,true]},"post_excerpt_stackable_v2":"<p>Zimn\u00e1 vy\u0161\u00edvacia v\u00fdzva pln\u00e1 in\u0161pir\u00e1cie a komunity! Za 7 \u20ac z\u00edska\u0161 pr\u00edstup k 27-mim zimn\u00fdm predloh\u00e1m, ktor\u00e9 m\u00f4\u017ee\u0161 vy\u0161\u00edva\u0165 vlastn\u00fdm tempom <strong>od 15. 12. 2025 do 31. 3. 2026<\/strong>.<\/p>\n<p>\ud83d\udc49 <strong><a class=\"underline\" href=\"https:\/\/www.megastitch.eu\/krizom-krazom-krizikom-2025\/\">Zisti v\u0161etky detaily tu<\/a><\/strong> \u2013 kompletn\u00fd n\u00e1vod, pravidl\u00e1 a in\u0161pir\u00e1cia u\u017e na teba \u010dakaj\u00fa!<\/p>\n","category_list_v2":"","author_info_v2":{"name":"","url":""},"comments_num_v2":"0 comments","uagb_featured_image_src":{"full":["https:\/\/www.megastitch.eu\/wp-content\/uploads\/2025\/11\/ms-kkk-25-01.jpg",1080,1350,false],"thumbnail":["https:\/\/www.megastitch.eu\/wp-content\/uploads\/2025\/11\/ms-kkk-25-01-150x150.jpg",150,150,true],"medium":["https:\/\/www.megastitch.eu\/wp-content\/uploads\/2025\/11\/ms-kkk-25-01-240x300.jpg",240,300,true],"medium_large":["https:\/\/www.megastitch.eu\/wp-content\/uploads\/2025\/11\/ms-kkk-25-01-768x960.jpg",768,960,true],"large":["https:\/\/www.megastitch.eu\/wp-content\/uploads\/2025\/11\/ms-kkk-25-01-819x1024.jpg",819,1024,true],"1536x1536":["https:\/\/www.megastitch.eu\/wp-content\/uploads\/2025\/11\/ms-kkk-25-01.jpg",1080,1350,false],"2048x2048":["https:\/\/www.megastitch.eu\/wp-content\/uploads\/2025\/11\/ms-kkk-25-01.jpg",1080,1350,false],"ultp_layout_landscape_large":["https:\/\/www.megastitch.eu\/wp-content\/uploads\/2025\/11\/ms-kkk-25-01-1080x800.jpg",1080,800,true],"ultp_layout_landscape":["https:\/\/www.megastitch.eu\/wp-content\/uploads\/2025\/11\/ms-kkk-25-01-870x570.jpg",870,570,true],"ultp_layout_portrait":["https:\/\/www.megastitch.eu\/wp-content\/uploads\/2025\/11\/ms-kkk-25-01-600x900.jpg",600,900,true],"ultp_layout_square":["https:\/\/www.megastitch.eu\/wp-content\/uploads\/2025\/11\/ms-kkk-25-01-600x600.jpg",600,600,true],"molla_post-grid":["https:\/\/www.megastitch.eu\/wp-content\/uploads\/2025\/11\/ms-kkk-25-01-400x267.jpg",400,267,true],"woocommerce_thumbnail":["https:\/\/www.megastitch.eu\/wp-content\/uploads\/2025\/11\/ms-kkk-25-01-300x375.jpg",300,375,true],"woocommerce_single":["https:\/\/www.megastitch.eu\/wp-content\/uploads\/2025\/11\/ms-kkk-25-01-600x750.jpg",600,750,true],"woocommerce_gallery_thumbnail":["https:\/\/www.megastitch.eu\/wp-content\/uploads\/2025\/11\/ms-kkk-25-01-100x100.jpg",100,100,true]},"uagb_author_info":{"display_name":"monika","author_link":"https:\/\/www.megastitch.eu\/cs\/author\/"},"uagb_comment_info":0,"uagb_excerpt":"Zimn\u00e1 vy\u0161\u00edvacia v\u00fdzva pln\u00e1 in\u0161pir\u00e1cie a komunity! Za 7 \u20ac z\u00edska\u0161 pr\u00edstup k 27-mim zimn\u00fdm predloh\u00e1m, ktor\u00e9 m\u00f4\u017ee\u0161 vy\u0161\u00edva\u0165 vlastn\u00fdm tempom od 15. 12. 2025 do 31. 3. 2026. \ud83d\udc49 Zisti v\u0161etky detaily tu \u2013 kompletn\u00fd n\u00e1vod, pravidl\u00e1 a in\u0161pir\u00e1cia u\u017e na teba \u010dakaj\u00fa!","_links":{"self":[{"href":"https:\/\/www.megastitch.eu\/cs\/wp-json\/wp\/v2\/product\/29828"}],"collection":[{"href":"https:\/\/www.megastitch.eu\/cs\/wp-json\/wp\/v2\/product"}],"about":[{"href":"https:\/\/www.megastitch.eu\/cs\/wp-json\/wp\/v2\/types\/product"}],"replies":[{"embeddable":true,"href":"https:\/\/www.megastitch.eu\/cs\/wp-json\/wp\/v2\/comments?post=29828"}],"wp:featuredmedia":[{"embeddable":true,"href":"https:\/\/www.megastitch.eu\/cs\/wp-json\/wp\/v2\/media\/29927"}],"wp:attachment":[{"href":"https:\/\/www.megastitch.eu\/cs\/wp-json\/wp\/v2\/media?parent=29828"}],"wp:term":[{"taxonomy":"product_cat","embeddable":true,"href":"https:\/\/www.megastitch.eu\/cs\/wp-json\/wp\/v2\/product_cat?post=29828"},{"taxonomy":"product_tag","embeddable":true,"href":"https:\/\/www.megastitch.eu\/cs\/wp-json\/wp\/v2\/product_tag?post=29828"}],"curies":[{"name":"wp","href":"https:\/\/api.w.org\/{rel}","templated":true}]}}