	{"id":29880,"date":"2025-11-26T11:21:10","date_gmt":"2025-11-26T10:21:10","guid":{"rendered":"https:\/\/www.megastitch.eu\/?post_type=product&#038;p=29880"},"modified":"2025-12-08T00:01:31","modified_gmt":"2025-12-07T23:01:31","slug":"na-prechadzke","status":"publish","type":"product","link":"https:\/\/www.megastitch.eu\/cs\/obchod\/predlohy-na-vysivanie\/stredne-predlohy\/na-prechadzke\/","title":{"rendered":"Na prech\u00e1dzke"},"content":{"rendered":"<div class=\"nolwrap\"><p>Niekedy sta\u010d\u00ed len chv\u00ed\u013ea, p\u00e1r oto\u010den\u00ed ped\u00e1lov, tepl\u00fd vietor vo vlasoch a ko\u0161\u00edk pln\u00fd drobnost\u00ed, ktor\u00e9 k letu jednoducho patria. N\u00e1dhern\u00fd v\u00fdlet a zrazu m\u00e1\u0161 pocit, \u017ee cel\u00fd svet spomalil.<\/p>\n<p>Svetlo oblieva l\u00faky, kde sa \u017elt\u00e1 mie\u0161a so zelenou. V\u0161ade c\u00edti\u0165 v\u00f4\u0148u kvetov a po\u010du\u0165 bzukot hmyzu. Cesta sa tiahne k mal\u00e9mu dom\u010deku v dia\u013eke, akoby \u0165a poz\u00fdvala pokra\u010dova\u0165 a odpo\u010din\u00fa\u0165 si v \u0148om. Bicykel s ko\u0161\u00edkom pln\u00fdm ovocia, kvetov a l\u00e1tky pripom\u00edna, \u017ee aj oby\u010dajn\u00e9 dni m\u00f4\u017eu ma\u0165 svoje k\u00fazlo.<\/p>\n<p>Hotov\u00fd obr\u00e1zok m\u00f4\u017ee\u0161 zar\u00e1mova\u0165, polo\u017ei\u0165 na poli\u010dku alebo darova\u0165 ako mil\u00fa spomienku na leto. Vy\u0161i si ho. Je ide\u00e1lny pre chv\u00edle, ke\u010f chce\u0161 vypn\u00fa\u0165 hlavu a dopria\u0165 si relax, pri ktorom vznik\u00e1 nie\u010do kr\u00e1sne.<\/p>\n<p>Autor ilustr\u00e1cie: <a title=\"Anya Yakovleva\" href=\"https:\/\/vk.com\/anayakoo\" target=\"_blank\" rel=\"noopener\">Anya Yakovleva<\/a><\/p>\n<p>Autorka predlohy: <strong>M\u00e1ria Erbenov\u00e1&nbsp;<\/strong><\/p>\n<p><strong>Po\u010det kr\u00ed\u017eikov: 71 x 71<\/strong><br \/>\n<strong>Rozmer l\u00e1tky: 12.88 x 12.88 cm<\/strong><br \/>\n<strong>L\u00e1tka<\/strong>: 14 ct&nbsp; aida<br \/>\n<strong>Bavlnky: <\/strong>DMC<br \/>\n<strong>Po\u010det farieb: <\/strong>49&nbsp;a 6 blendov<br \/>\n<strong>Pou\u017eit\u00e9 techniky: <\/strong>kr\u00ed\u017eiky, polkr\u00ed\u017eiky, ob\u0161\u00edvanie, kor\u00e1lk<\/p>\n<h4>S\u00fabory na stiahnutie:<\/h4>\n<ul>\n<li><strong>pdf s\u00fabor<\/strong>\n<ul>\n<li style=\"list-style-type: none;\">\n<ul>\n<li>v \u010dierno-bielej verzii &#8211; s ob\u0161\u00edvan\u00edm a bez ob\u0161\u00edvania,<\/li>\n<\/ul>\n<\/li>\n<\/ul>\n<h4>Inform\u00e1cie o predlohe:<\/h4>\n<ul>\n<li>vo farebnej verzii &#8211; s ob\u0161\u00edvan\u00edm a bez ob\u0161\u00edvania<\/li>\n<\/ul>\n<\/li>\n<li><strong>cssaga s\u00fabor<\/strong><\/li>\n<\/ul>\n<\/div>","protected":false},"excerpt":{"rendered":"<p>Predloha na kr\u00ed\u017eikov\u00e9 vy\u0161\u00edvanie zachyt\u00e1va tich\u00fd moment pohody. Mot\u00edv bicykla s ko\u0161\u00edkom, l\u00fakou a domom v pozad\u00ed, napln\u00ed v\u00f4\u0148ou l\u00fa\u010dnych kvetov, ka\u017ed\u00fd domov.<\/p>\n<p><strong>Po\u010det kr\u00ed\u017eikov: 71 x 71<\/strong><br \/>\n<strong>Rozmer l\u00e1tky: 12.88 x 12.88 cm<\/strong><br \/>\n<strong>L\u00e1tka<\/strong>: 14 ct&nbsp; Aida<br \/>\n<strong>Bavlnky: <\/strong>DMC<br \/>\n<strong>Po\u010det farieb: 49<\/strong> + 6 blendoy<br \/>\n<strong>Pou\u017eit\u00e9 techniky:<\/strong> kr\u00ed\u017eiky, polkr\u00ed\u017eiky, ob\u0161\u00edvanie, kor\u00e1lky<\/p>\n","protected":false},"featured_media":29881,"comment_status":"open","ping_status":"closed","template":"","meta":{"_uag_custom_page_level_css":"","ngg_post_thumbnail":0},"product_cat":[131,138],"product_tag":[256,291,48],"aioseo_notices":[],"featured_image_urls":{"full":["https:\/\/www.megastitch.eu\/wp-content\/uploads\/2025\/11\/on-a-walk-frame_ss_web.jpg",1092,1095,false],"thumbnail":["https:\/\/www.megastitch.eu\/wp-content\/uploads\/2025\/11\/on-a-walk-frame_ss_web-150x150.jpg",150,150,true],"medium":["https:\/\/www.megastitch.eu\/wp-content\/uploads\/2025\/11\/on-a-walk-frame_ss_web-300x300.jpg",300,300,true],"medium_large":["https:\/\/www.megastitch.eu\/wp-content\/uploads\/2025\/11\/on-a-walk-frame_ss_web-768x770.jpg",768,770,true],"large":["https:\/\/www.megastitch.eu\/wp-content\/uploads\/2025\/11\/on-a-walk-frame_ss_web-1021x1024.jpg",1021,1024,true],"1536x1536":["https:\/\/www.megastitch.eu\/wp-content\/uploads\/2025\/11\/on-a-walk-frame_ss_web.jpg",1092,1095,false],"2048x2048":["https:\/\/www.megastitch.eu\/wp-content\/uploads\/2025\/11\/on-a-walk-frame_ss_web.jpg",1092,1095,false],"ultp_layout_landscape_large":["https:\/\/www.megastitch.eu\/wp-content\/uploads\/2025\/11\/on-a-walk-frame_ss_web-1092x800.jpg",1092,800,true],"ultp_layout_landscape":["https:\/\/www.megastitch.eu\/wp-content\/uploads\/2025\/11\/on-a-walk-frame_ss_web-870x570.jpg",870,570,true],"ultp_layout_portrait":["https:\/\/www.megastitch.eu\/wp-content\/uploads\/2025\/11\/on-a-walk-frame_ss_web-600x900.jpg",600,900,true],"ultp_layout_square":["https:\/\/www.megastitch.eu\/wp-content\/uploads\/2025\/11\/on-a-walk-frame_ss_web-600x600.jpg",600,600,true],"molla_post-grid":["https:\/\/www.megastitch.eu\/wp-content\/uploads\/2025\/11\/on-a-walk-frame_ss_web-400x267.jpg",400,267,true],"woocommerce_thumbnail":["https:\/\/www.megastitch.eu\/wp-content\/uploads\/2025\/11\/on-a-walk-frame_ss_web-300x301.jpg",300,301,true],"woocommerce_single":["https:\/\/www.megastitch.eu\/wp-content\/uploads\/2025\/11\/on-a-walk-frame_ss_web-600x602.jpg",600,602,true],"woocommerce_gallery_thumbnail":["https:\/\/www.megastitch.eu\/wp-content\/uploads\/2025\/11\/on-a-walk-frame_ss_web-100x100.jpg",100,100,true]},"post_excerpt_stackable":"<p>Predloha na kr\u00ed\u017eikov\u00e9 vy\u0161\u00edvanie zachyt\u00e1va tich\u00fd moment pohody. Mot\u00edv bicykla s ko\u0161\u00edkom, l\u00fakou a domom v pozad\u00ed, napln\u00ed v\u00f4\u0148ou l\u00fa\u010dnych kvetov, ka\u017ed\u00fd domov.<\/p>\n<p><strong>Po\u010det kr\u00ed\u017eikov: 71 x 71<\/strong><br \/>\n<strong>Rozmer l\u00e1tky: 12.88 x 12.88 cm<\/strong><br \/>\n<strong>L\u00e1tka<\/strong>: 14 ct&nbsp; Aida<br \/>\n<strong>Bavlnky: <\/strong>DMC<br \/>\n<strong>Po\u010det farieb: 49<\/strong> + 6 blendoy<br \/>\n<strong>Pou\u017eit\u00e9 techniky:<\/strong> kr\u00ed\u017eiky, polkr\u00ed\u017eiky, ob\u0161\u00edvanie, kor\u00e1lky<\/p>\n","category_list":"","author_info":{"name":"","url":""},"comments_num":"0 comments","featured_image_urls_v2":{"full":["https:\/\/www.megastitch.eu\/wp-content\/uploads\/2025\/11\/on-a-walk-frame_ss_web.jpg",1092,1095,false],"thumbnail":["https:\/\/www.megastitch.eu\/wp-content\/uploads\/2025\/11\/on-a-walk-frame_ss_web-150x150.jpg",150,150,true],"medium":["https:\/\/www.megastitch.eu\/wp-content\/uploads\/2025\/11\/on-a-walk-frame_ss_web-300x300.jpg",300,300,true],"medium_large":["https:\/\/www.megastitch.eu\/wp-content\/uploads\/2025\/11\/on-a-walk-frame_ss_web-768x770.jpg",768,770,true],"large":["https:\/\/www.megastitch.eu\/wp-content\/uploads\/2025\/11\/on-a-walk-frame_ss_web-1021x1024.jpg",1021,1024,true],"1536x1536":["https:\/\/www.megastitch.eu\/wp-content\/uploads\/2025\/11\/on-a-walk-frame_ss_web.jpg",1092,1095,false],"2048x2048":["https:\/\/www.megastitch.eu\/wp-content\/uploads\/2025\/11\/on-a-walk-frame_ss_web.jpg",1092,1095,false],"ultp_layout_landscape_large":["https:\/\/www.megastitch.eu\/wp-content\/uploads\/2025\/11\/on-a-walk-frame_ss_web-1092x800.jpg",1092,800,true],"ultp_layout_landscape":["https:\/\/www.megastitch.eu\/wp-content\/uploads\/2025\/11\/on-a-walk-frame_ss_web-870x570.jpg",870,570,true],"ultp_layout_portrait":["https:\/\/www.megastitch.eu\/wp-content\/uploads\/2025\/11\/on-a-walk-frame_ss_web-600x900.jpg",600,900,true],"ultp_layout_square":["https:\/\/www.megastitch.eu\/wp-content\/uploads\/2025\/11\/on-a-walk-frame_ss_web-600x600.jpg",600,600,true],"molla_post-grid":["https:\/\/www.megastitch.eu\/wp-content\/uploads\/2025\/11\/on-a-walk-frame_ss_web-400x267.jpg",400,267,true],"woocommerce_thumbnail":["https:\/\/www.megastitch.eu\/wp-content\/uploads\/2025\/11\/on-a-walk-frame_ss_web-300x301.jpg",300,301,true],"woocommerce_single":["https:\/\/www.megastitch.eu\/wp-content\/uploads\/2025\/11\/on-a-walk-frame_ss_web-600x602.jpg",600,602,true],"woocommerce_gallery_thumbnail":["https:\/\/www.megastitch.eu\/wp-content\/uploads\/2025\/11\/on-a-walk-frame_ss_web-100x100.jpg",100,100,true]},"post_excerpt_stackable_v2":"<p>Predloha na kr\u00ed\u017eikov\u00e9 vy\u0161\u00edvanie zachyt\u00e1va tich\u00fd moment pohody. Mot\u00edv bicykla s ko\u0161\u00edkom, l\u00fakou a domom v pozad\u00ed, napln\u00ed v\u00f4\u0148ou l\u00fa\u010dnych kvetov, ka\u017ed\u00fd domov.<\/p>\n<p><strong>Po\u010det kr\u00ed\u017eikov: 71 x 71<\/strong><br \/>\n<strong>Rozmer l\u00e1tky: 12.88 x 12.88 cm<\/strong><br \/>\n<strong>L\u00e1tka<\/strong>: 14 ct&nbsp; Aida<br \/>\n<strong>Bavlnky: <\/strong>DMC<br \/>\n<strong>Po\u010det farieb: 49<\/strong> + 6 blendoy<br \/>\n<strong>Pou\u017eit\u00e9 techniky:<\/strong> kr\u00ed\u017eiky, polkr\u00ed\u017eiky, ob\u0161\u00edvanie, kor\u00e1lky<\/p>\n","category_list_v2":"","author_info_v2":{"name":"","url":""},"comments_num_v2":"0 comments","uagb_featured_image_src":{"full":["https:\/\/www.megastitch.eu\/wp-content\/uploads\/2025\/11\/on-a-walk-frame_ss_web.jpg",1092,1095,false],"thumbnail":["https:\/\/www.megastitch.eu\/wp-content\/uploads\/2025\/11\/on-a-walk-frame_ss_web-150x150.jpg",150,150,true],"medium":["https:\/\/www.megastitch.eu\/wp-content\/uploads\/2025\/11\/on-a-walk-frame_ss_web-300x300.jpg",300,300,true],"medium_large":["https:\/\/www.megastitch.eu\/wp-content\/uploads\/2025\/11\/on-a-walk-frame_ss_web-768x770.jpg",768,770,true],"large":["https:\/\/www.megastitch.eu\/wp-content\/uploads\/2025\/11\/on-a-walk-frame_ss_web-1021x1024.jpg",1021,1024,true],"1536x1536":["https:\/\/www.megastitch.eu\/wp-content\/uploads\/2025\/11\/on-a-walk-frame_ss_web.jpg",1092,1095,false],"2048x2048":["https:\/\/www.megastitch.eu\/wp-content\/uploads\/2025\/11\/on-a-walk-frame_ss_web.jpg",1092,1095,false],"ultp_layout_landscape_large":["https:\/\/www.megastitch.eu\/wp-content\/uploads\/2025\/11\/on-a-walk-frame_ss_web-1092x800.jpg",1092,800,true],"ultp_layout_landscape":["https:\/\/www.megastitch.eu\/wp-content\/uploads\/2025\/11\/on-a-walk-frame_ss_web-870x570.jpg",870,570,true],"ultp_layout_portrait":["https:\/\/www.megastitch.eu\/wp-content\/uploads\/2025\/11\/on-a-walk-frame_ss_web-600x900.jpg",600,900,true],"ultp_layout_square":["https:\/\/www.megastitch.eu\/wp-content\/uploads\/2025\/11\/on-a-walk-frame_ss_web-600x600.jpg",600,600,true],"molla_post-grid":["https:\/\/www.megastitch.eu\/wp-content\/uploads\/2025\/11\/on-a-walk-frame_ss_web-400x267.jpg",400,267,true],"woocommerce_thumbnail":["https:\/\/www.megastitch.eu\/wp-content\/uploads\/2025\/11\/on-a-walk-frame_ss_web-300x301.jpg",300,301,true],"woocommerce_single":["https:\/\/www.megastitch.eu\/wp-content\/uploads\/2025\/11\/on-a-walk-frame_ss_web-600x602.jpg",600,602,true],"woocommerce_gallery_thumbnail":["https:\/\/www.megastitch.eu\/wp-content\/uploads\/2025\/11\/on-a-walk-frame_ss_web-100x100.jpg",100,100,true]},"uagb_author_info":{"display_name":"pagacova","author_link":"https:\/\/www.megastitch.eu\/cs\/author\/"},"uagb_comment_info":0,"uagb_excerpt":"Predloha na kr\u00ed\u017eikov\u00e9 vy\u0161\u00edvanie zachyt\u00e1va tich\u00fd moment pohody. Mot\u00edv bicykla s ko\u0161\u00edkom, l\u00fakou a domom v pozad\u00ed, napln\u00ed v\u00f4\u0148ou l\u00fa\u010dnych kvetov, ka\u017ed\u00fd domov. Po\u010det kr\u00ed\u017eikov: 71 x 71 Rozmer l\u00e1tky: 12.88 x 12.88 cm L\u00e1tka: 14 ct&nbsp; Aida Bavlnky: DMC Po\u010det farieb: 49 + 6 blendoy Pou\u017eit\u00e9 techniky: kr\u00ed\u017eiky, polkr\u00ed\u017eiky, ob\u0161\u00edvanie, kor\u00e1lky","_links":{"self":[{"href":"https:\/\/www.megastitch.eu\/cs\/wp-json\/wp\/v2\/product\/29880"}],"collection":[{"href":"https:\/\/www.megastitch.eu\/cs\/wp-json\/wp\/v2\/product"}],"about":[{"href":"https:\/\/www.megastitch.eu\/cs\/wp-json\/wp\/v2\/types\/product"}],"replies":[{"embeddable":true,"href":"https:\/\/www.megastitch.eu\/cs\/wp-json\/wp\/v2\/comments?post=29880"}],"wp:featuredmedia":[{"embeddable":true,"href":"https:\/\/www.megastitch.eu\/cs\/wp-json\/wp\/v2\/media\/29881"}],"wp:attachment":[{"href":"https:\/\/www.megastitch.eu\/cs\/wp-json\/wp\/v2\/media?parent=29880"}],"wp:term":[{"taxonomy":"product_cat","embeddable":true,"href":"https:\/\/www.megastitch.eu\/cs\/wp-json\/wp\/v2\/product_cat?post=29880"},{"taxonomy":"product_tag","embeddable":true,"href":"https:\/\/www.megastitch.eu\/cs\/wp-json\/wp\/v2\/product_tag?post=29880"}],"curies":[{"name":"wp","href":"https:\/\/api.w.org\/{rel}","templated":true}]}}