	{"id":29895,"date":"2025-11-26T11:39:15","date_gmt":"2025-11-26T10:39:15","guid":{"rendered":"https:\/\/www.megastitch.eu\/?post_type=product&#038;p=29895"},"modified":"2025-12-08T00:01:29","modified_gmt":"2025-12-07T23:01:29","slug":"uz-je-rano","status":"publish","type":"product","link":"https:\/\/www.megastitch.eu\/cs\/obchod\/predlohy-na-vysivanie\/stredne-predlohy\/uz-je-rano\/","title":{"rendered":"U\u017e je r\u00e1no"},"content":{"rendered":"<div class=\"nolwrap\"><p>Hotov\u00e1 v\u00fd\u0161ivka zachyt\u00e1va t\u00fa naj\u00faprimnej\u0161iu rann\u00fa sc\u00e9nu, chv\u00ed\u013eu, ke\u010f sa de\u0148 za\u010dne sk\u00f4r, ne\u017e by sme chceli. Rozstrapaten\u00fa l\u00ed\u0161ku, ktor\u00e1 pr\u00e1ve zis\u0165uje, \u017ee svet sa zobudil sk\u00f4r ako ona. Jej ve\u013ek\u00e9 o\u010di, padnut\u00e9 u\u0161k\u00e1 a drobn\u00fd \u00fasmev nes\u00fa zvl\u00e1\u0161tnu zmes humoru, jemnej bezmocnosti a roztomilej n\u00e1lady po prebdenej noci. Okolo nej sa rozprestiera mal\u00fd, mierne chaotick\u00fd svet: koh\u00fatik s poh\u00e1rom, slim\u00e1k s perlov\u00fdm n\u00e1hrdeln\u00edkom, popadan\u00e9 vaj\u00ed\u010dka aj f\u013ea\u0161ka na stole, len tak\u00e9 symboly dn\u00ed, ke\u010f sa rann\u00e1 realita mie\u0161a s kreativitou.<\/p>\n<p>V tomto mot\u00edve sa mie\u0161a jemn\u00e1 ir\u00f3nia, rann\u00fd chaos a roztomil\u00e1 neporiadnos\u0165, ktor\u00e1 rozosmeje pri ka\u017edom poh\u013eade. M\u00f4\u017ee\u0161 ho premeni\u0165 na vesel\u00fa dekor\u00e1ciu, dar\u010dek alebo ozdobu na plastovej aida kanave, ktor\u00e1 rozvesel\u00ed tvoju dom\u00e1cnos\u0165.<\/p>\n<p>T\u00e1to origin\u00e1lna sch\u00e9ma je ide\u00e1lna pre v\u0161etk\u00fdch, ktor\u00fd miluj\u00fa n\u00e1pady na vy\u0161\u00edvanie s pr\u00edbehom. Sta\u010d\u00ed len drobnos\u0165, vy\u0161i\u0165 si ho.<\/p>\n<p>Autor ilustr\u00e1cie: <a title=\"Viktoria Razinkova\" href=\"https:\/\/vk.com\/public200938627\" target=\"_blank\" rel=\"noopener\">Viktoria Razinkova<\/a><\/p>\n<p>Autorka predlohy: <strong>M\u00e1ria Erbenov\u00e1&nbsp;<\/strong><\/p>\n<p><strong>Po\u010det kr\u00ed\u017eikov: 90 x 90<\/strong><br \/>\n<strong>Rozmer l\u00e1tky: 16.33 x 16.33 cm<\/strong><br \/>\n<strong>L\u00e1tka<\/strong>: 14 ct&nbsp; aida<br \/>\n<strong>Bavlnky: <\/strong>DMC<br \/>\n<strong>Po\u010det farieb: <\/strong>54 a 4 blendov<br \/>\n<strong>Pou\u017eit\u00e9 techniky: <\/strong>kr\u00ed\u017eiky, polkr\u00ed\u017eiky, 3\/4 kr\u00ed\u017eiky &nbsp;ob\u0161\u00edvanie<\/p>\n<p>S\u00fabory na stiahnutie:<\/p>\n<ul>\n<li><strong>pdf s\u00fabor<\/strong>\n<ul>\n<li style=\"list-style-type: none;\">\n<ul>\n<li>v \u010dierno-bielej verzii &#8211; s ob\u0161\u00edvan\u00edm a bez ob\u0161\u00edvania,<\/li>\n<\/ul>\n<\/li>\n<\/ul>\n<h4>Inform\u00e1cie o predlohe:<\/h4>\n<ul>\n<li>vo farebnej verzii &#8211; s ob\u0161\u00edvan\u00edm a bez ob\u0161\u00edvania<\/li>\n<\/ul>\n<\/li>\n<li><strong>cssaga s\u00fabor<\/strong><\/li>\n<\/ul>\n<\/div>","protected":false},"excerpt":{"rendered":"<p>Rozcuchan\u00e1 l\u00ed\u0161ka a koh\u00fat prin\u00e1\u0161aj\u00fa humorn\u00fd moment, ktor\u00fd pozn\u00e1me v\u0161etci. Predloha na kr\u00ed\u017eikov\u00e9 vy\u0161\u00edvanie mie\u0161a ir\u00f3niu r\u00e1na, ktor\u00e1 rozosmeje pri ka\u017edom poh\u013eade.<\/p>\n<p><strong>Po\u010det kr\u00ed\u017eikov: 90 x 90<\/strong><br \/>\n<strong>Rozmer l\u00e1tky: 16.33 x 16.33 cm<\/strong><br \/>\n<strong>L\u00e1tka<\/strong>: 14 ct&nbsp; Aida<br \/>\n<strong>Bavlnky: <\/strong>DMC<br \/>\n<strong>Po\u010det farieb: 54<\/strong> + 4 blendoy<br \/>\n<strong>Pou\u017eit\u00e9 techniky:<\/strong> kr\u00ed\u017eiky, polkr\u00ed\u017eiky, 3\/4 kr\u00ed\u017eiky, ob\u0161\u00edvanie<\/p>\n","protected":false},"featured_media":29896,"comment_status":"open","ping_status":"closed","template":"","meta":{"_uag_custom_page_level_css":"","ngg_post_thumbnail":0},"product_cat":[131,138],"product_tag":[318,142,151],"aioseo_notices":[],"featured_image_urls":{"full":["https:\/\/www.megastitch.eu\/wp-content\/uploads\/2025\/11\/it-is-already-morning-frame-eyes-ss-web.jpg",1095,1098,false],"thumbnail":["https:\/\/www.megastitch.eu\/wp-content\/uploads\/2025\/11\/it-is-already-morning-frame-eyes-ss-web-150x150.jpg",150,150,true],"medium":["https:\/\/www.megastitch.eu\/wp-content\/uploads\/2025\/11\/it-is-already-morning-frame-eyes-ss-web-300x300.jpg",300,300,true],"medium_large":["https:\/\/www.megastitch.eu\/wp-content\/uploads\/2025\/11\/it-is-already-morning-frame-eyes-ss-web-768x770.jpg",768,770,true],"large":["https:\/\/www.megastitch.eu\/wp-content\/uploads\/2025\/11\/it-is-already-morning-frame-eyes-ss-web-1021x1024.jpg",1021,1024,true],"1536x1536":["https:\/\/www.megastitch.eu\/wp-content\/uploads\/2025\/11\/it-is-already-morning-frame-eyes-ss-web.jpg",1095,1098,false],"2048x2048":["https:\/\/www.megastitch.eu\/wp-content\/uploads\/2025\/11\/it-is-already-morning-frame-eyes-ss-web.jpg",1095,1098,false],"ultp_layout_landscape_large":["https:\/\/www.megastitch.eu\/wp-content\/uploads\/2025\/11\/it-is-already-morning-frame-eyes-ss-web-1095x800.jpg",1095,800,true],"ultp_layout_landscape":["https:\/\/www.megastitch.eu\/wp-content\/uploads\/2025\/11\/it-is-already-morning-frame-eyes-ss-web-870x570.jpg",870,570,true],"ultp_layout_portrait":["https:\/\/www.megastitch.eu\/wp-content\/uploads\/2025\/11\/it-is-already-morning-frame-eyes-ss-web-600x900.jpg",600,900,true],"ultp_layout_square":["https:\/\/www.megastitch.eu\/wp-content\/uploads\/2025\/11\/it-is-already-morning-frame-eyes-ss-web-600x600.jpg",600,600,true],"molla_post-grid":["https:\/\/www.megastitch.eu\/wp-content\/uploads\/2025\/11\/it-is-already-morning-frame-eyes-ss-web-400x267.jpg",400,267,true],"woocommerce_thumbnail":["https:\/\/www.megastitch.eu\/wp-content\/uploads\/2025\/11\/it-is-already-morning-frame-eyes-ss-web-300x301.jpg",300,301,true],"woocommerce_single":["https:\/\/www.megastitch.eu\/wp-content\/uploads\/2025\/11\/it-is-already-morning-frame-eyes-ss-web-600x602.jpg",600,602,true],"woocommerce_gallery_thumbnail":["https:\/\/www.megastitch.eu\/wp-content\/uploads\/2025\/11\/it-is-already-morning-frame-eyes-ss-web-100x100.jpg",100,100,true]},"post_excerpt_stackable":"<p>Rozcuchan\u00e1 l\u00ed\u0161ka a koh\u00fat prin\u00e1\u0161aj\u00fa humorn\u00fd moment, ktor\u00fd pozn\u00e1me v\u0161etci. Predloha na kr\u00ed\u017eikov\u00e9 vy\u0161\u00edvanie mie\u0161a ir\u00f3niu r\u00e1na, ktor\u00e1 rozosmeje pri ka\u017edom poh\u013eade.<\/p>\n<p><strong>Po\u010det kr\u00ed\u017eikov: 90 x 90<\/strong><br \/>\n<strong>Rozmer l\u00e1tky: 16.33 x 16.33 cm<\/strong><br \/>\n<strong>L\u00e1tka<\/strong>: 14 ct&nbsp; Aida<br \/>\n<strong>Bavlnky: <\/strong>DMC<br \/>\n<strong>Po\u010det farieb: 54<\/strong> + 4 blendoy<br \/>\n<strong>Pou\u017eit\u00e9 techniky:<\/strong> kr\u00ed\u017eiky, polkr\u00ed\u017eiky, 3\/4 kr\u00ed\u017eiky, ob\u0161\u00edvanie<\/p>\n","category_list":"","author_info":{"name":"","url":""},"comments_num":"0 comments","featured_image_urls_v2":{"full":["https:\/\/www.megastitch.eu\/wp-content\/uploads\/2025\/11\/it-is-already-morning-frame-eyes-ss-web.jpg",1095,1098,false],"thumbnail":["https:\/\/www.megastitch.eu\/wp-content\/uploads\/2025\/11\/it-is-already-morning-frame-eyes-ss-web-150x150.jpg",150,150,true],"medium":["https:\/\/www.megastitch.eu\/wp-content\/uploads\/2025\/11\/it-is-already-morning-frame-eyes-ss-web-300x300.jpg",300,300,true],"medium_large":["https:\/\/www.megastitch.eu\/wp-content\/uploads\/2025\/11\/it-is-already-morning-frame-eyes-ss-web-768x770.jpg",768,770,true],"large":["https:\/\/www.megastitch.eu\/wp-content\/uploads\/2025\/11\/it-is-already-morning-frame-eyes-ss-web-1021x1024.jpg",1021,1024,true],"1536x1536":["https:\/\/www.megastitch.eu\/wp-content\/uploads\/2025\/11\/it-is-already-morning-frame-eyes-ss-web.jpg",1095,1098,false],"2048x2048":["https:\/\/www.megastitch.eu\/wp-content\/uploads\/2025\/11\/it-is-already-morning-frame-eyes-ss-web.jpg",1095,1098,false],"ultp_layout_landscape_large":["https:\/\/www.megastitch.eu\/wp-content\/uploads\/2025\/11\/it-is-already-morning-frame-eyes-ss-web-1095x800.jpg",1095,800,true],"ultp_layout_landscape":["https:\/\/www.megastitch.eu\/wp-content\/uploads\/2025\/11\/it-is-already-morning-frame-eyes-ss-web-870x570.jpg",870,570,true],"ultp_layout_portrait":["https:\/\/www.megastitch.eu\/wp-content\/uploads\/2025\/11\/it-is-already-morning-frame-eyes-ss-web-600x900.jpg",600,900,true],"ultp_layout_square":["https:\/\/www.megastitch.eu\/wp-content\/uploads\/2025\/11\/it-is-already-morning-frame-eyes-ss-web-600x600.jpg",600,600,true],"molla_post-grid":["https:\/\/www.megastitch.eu\/wp-content\/uploads\/2025\/11\/it-is-already-morning-frame-eyes-ss-web-400x267.jpg",400,267,true],"woocommerce_thumbnail":["https:\/\/www.megastitch.eu\/wp-content\/uploads\/2025\/11\/it-is-already-morning-frame-eyes-ss-web-300x301.jpg",300,301,true],"woocommerce_single":["https:\/\/www.megastitch.eu\/wp-content\/uploads\/2025\/11\/it-is-already-morning-frame-eyes-ss-web-600x602.jpg",600,602,true],"woocommerce_gallery_thumbnail":["https:\/\/www.megastitch.eu\/wp-content\/uploads\/2025\/11\/it-is-already-morning-frame-eyes-ss-web-100x100.jpg",100,100,true]},"post_excerpt_stackable_v2":"<p>Rozcuchan\u00e1 l\u00ed\u0161ka a koh\u00fat prin\u00e1\u0161aj\u00fa humorn\u00fd moment, ktor\u00fd pozn\u00e1me v\u0161etci. Predloha na kr\u00ed\u017eikov\u00e9 vy\u0161\u00edvanie mie\u0161a ir\u00f3niu r\u00e1na, ktor\u00e1 rozosmeje pri ka\u017edom poh\u013eade.<\/p>\n<p><strong>Po\u010det kr\u00ed\u017eikov: 90 x 90<\/strong><br \/>\n<strong>Rozmer l\u00e1tky: 16.33 x 16.33 cm<\/strong><br \/>\n<strong>L\u00e1tka<\/strong>: 14 ct&nbsp; Aida<br \/>\n<strong>Bavlnky: <\/strong>DMC<br \/>\n<strong>Po\u010det farieb: 54<\/strong> + 4 blendoy<br \/>\n<strong>Pou\u017eit\u00e9 techniky:<\/strong> kr\u00ed\u017eiky, polkr\u00ed\u017eiky, 3\/4 kr\u00ed\u017eiky, ob\u0161\u00edvanie<\/p>\n","category_list_v2":"","author_info_v2":{"name":"","url":""},"comments_num_v2":"0 comments","uagb_featured_image_src":{"full":["https:\/\/www.megastitch.eu\/wp-content\/uploads\/2025\/11\/it-is-already-morning-frame-eyes-ss-web.jpg",1095,1098,false],"thumbnail":["https:\/\/www.megastitch.eu\/wp-content\/uploads\/2025\/11\/it-is-already-morning-frame-eyes-ss-web-150x150.jpg",150,150,true],"medium":["https:\/\/www.megastitch.eu\/wp-content\/uploads\/2025\/11\/it-is-already-morning-frame-eyes-ss-web-300x300.jpg",300,300,true],"medium_large":["https:\/\/www.megastitch.eu\/wp-content\/uploads\/2025\/11\/it-is-already-morning-frame-eyes-ss-web-768x770.jpg",768,770,true],"large":["https:\/\/www.megastitch.eu\/wp-content\/uploads\/2025\/11\/it-is-already-morning-frame-eyes-ss-web-1021x1024.jpg",1021,1024,true],"1536x1536":["https:\/\/www.megastitch.eu\/wp-content\/uploads\/2025\/11\/it-is-already-morning-frame-eyes-ss-web.jpg",1095,1098,false],"2048x2048":["https:\/\/www.megastitch.eu\/wp-content\/uploads\/2025\/11\/it-is-already-morning-frame-eyes-ss-web.jpg",1095,1098,false],"ultp_layout_landscape_large":["https:\/\/www.megastitch.eu\/wp-content\/uploads\/2025\/11\/it-is-already-morning-frame-eyes-ss-web-1095x800.jpg",1095,800,true],"ultp_layout_landscape":["https:\/\/www.megastitch.eu\/wp-content\/uploads\/2025\/11\/it-is-already-morning-frame-eyes-ss-web-870x570.jpg",870,570,true],"ultp_layout_portrait":["https:\/\/www.megastitch.eu\/wp-content\/uploads\/2025\/11\/it-is-already-morning-frame-eyes-ss-web-600x900.jpg",600,900,true],"ultp_layout_square":["https:\/\/www.megastitch.eu\/wp-content\/uploads\/2025\/11\/it-is-already-morning-frame-eyes-ss-web-600x600.jpg",600,600,true],"molla_post-grid":["https:\/\/www.megastitch.eu\/wp-content\/uploads\/2025\/11\/it-is-already-morning-frame-eyes-ss-web-400x267.jpg",400,267,true],"woocommerce_thumbnail":["https:\/\/www.megastitch.eu\/wp-content\/uploads\/2025\/11\/it-is-already-morning-frame-eyes-ss-web-300x301.jpg",300,301,true],"woocommerce_single":["https:\/\/www.megastitch.eu\/wp-content\/uploads\/2025\/11\/it-is-already-morning-frame-eyes-ss-web-600x602.jpg",600,602,true],"woocommerce_gallery_thumbnail":["https:\/\/www.megastitch.eu\/wp-content\/uploads\/2025\/11\/it-is-already-morning-frame-eyes-ss-web-100x100.jpg",100,100,true]},"uagb_author_info":{"display_name":"pagacova","author_link":"https:\/\/www.megastitch.eu\/cs\/author\/"},"uagb_comment_info":0,"uagb_excerpt":"Rozcuchan\u00e1 l\u00ed\u0161ka a koh\u00fat prin\u00e1\u0161aj\u00fa humorn\u00fd moment, ktor\u00fd pozn\u00e1me v\u0161etci. Predloha na kr\u00ed\u017eikov\u00e9 vy\u0161\u00edvanie mie\u0161a ir\u00f3niu r\u00e1na, ktor\u00e1 rozosmeje pri ka\u017edom poh\u013eade. Po\u010det kr\u00ed\u017eikov: 90 x 90 Rozmer l\u00e1tky: 16.33 x 16.33 cm L\u00e1tka: 14 ct&nbsp; Aida Bavlnky: DMC Po\u010det farieb: 54 + 4 blendoy Pou\u017eit\u00e9 techniky: kr\u00ed\u017eiky, polkr\u00ed\u017eiky, 3\/4 kr\u00ed\u017eiky, ob\u0161\u00edvanie","_links":{"self":[{"href":"https:\/\/www.megastitch.eu\/cs\/wp-json\/wp\/v2\/product\/29895"}],"collection":[{"href":"https:\/\/www.megastitch.eu\/cs\/wp-json\/wp\/v2\/product"}],"about":[{"href":"https:\/\/www.megastitch.eu\/cs\/wp-json\/wp\/v2\/types\/product"}],"replies":[{"embeddable":true,"href":"https:\/\/www.megastitch.eu\/cs\/wp-json\/wp\/v2\/comments?post=29895"}],"wp:featuredmedia":[{"embeddable":true,"href":"https:\/\/www.megastitch.eu\/cs\/wp-json\/wp\/v2\/media\/29896"}],"wp:attachment":[{"href":"https:\/\/www.megastitch.eu\/cs\/wp-json\/wp\/v2\/media?parent=29895"}],"wp:term":[{"taxonomy":"product_cat","embeddable":true,"href":"https:\/\/www.megastitch.eu\/cs\/wp-json\/wp\/v2\/product_cat?post=29895"},{"taxonomy":"product_tag","embeddable":true,"href":"https:\/\/www.megastitch.eu\/cs\/wp-json\/wp\/v2\/product_tag?post=29895"}],"curies":[{"name":"wp","href":"https:\/\/api.w.org\/{rel}","templated":true}]}}