	{"id":29905,"date":"2025-12-02T12:29:30","date_gmt":"2025-12-02T11:29:30","guid":{"rendered":"https:\/\/www.megastitch.eu\/?post_type=product&#038;p=29905"},"modified":"2025-12-14T00:02:24","modified_gmt":"2025-12-13T23:02:24","slug":"pikantna-jesen","status":"publish","type":"product","link":"https:\/\/www.megastitch.eu\/cs\/obchod\/predlohy-na-vysivanie\/velke-predlohy\/pikantna-jesen\/","title":{"rendered":"Pikantn\u00e1 jese\u0148"},"content":{"rendered":"<div class=\"nolwrap\"><p>Pozn\u00e1\u0161 ten pocit, ke\u010f jese\u0148 otv\u00e1ra dvere dokor\u00e1n a ty si vychutn\u00e1va\u0161 prv\u00e9 v\u00edno z novej \u00farody?<\/p>\n<p>Z\u00e1ti\u0161ie na predlohe, \u0165a nen\u00e1padne vtiahne do rytmu jesene, pomal\u00e9ho, hlbok\u00e9ho, pln\u00e9ho v\u010fa\u010dnosti. Je to ako sklada\u0165 si vlastn\u00fa jesenn\u00fa poh\u013eadnicu, kr\u00ed\u017eik po kr\u00ed\u017eiku. Niekedy sta\u010d\u00ed oby\u010dajn\u00fd moment, otvoren\u00e1 kniha, poh\u00e1r \u010derven\u00e9ho v\u00edna a misa ovocia, aby sa dom naplnil teplom.<\/p>\n<p>Vy\u0161\u00edvaj a nechaj kr\u00ed\u017eiky rozpr\u00e1va\u0165 vlastn\u00fdm tempom. Ka\u017ed\u00e1 farba je spomienka na \u0161\u0165avnat\u00fa \u00farodu, v\u00f4\u0148u kvetov, nov\u00fd kni\u017en\u00fd pr\u00edbeh, \u010di prvej svie\u010dku, zap\u00e1len\u00fa v skor\u00fd ve\u010der.<\/p>\n<p>Hotov\u00fd obraz sa kr\u00e1sne hod\u00ed na l\u00e1tkov\u00fa kanavu do r\u00e1m\u010deka, na vank\u00fa\u0161 alebo ako dar\u010dek pre t\u00fdch, \u010do maj\u00fa radi farby jesene, knihy a teplo domova. Sta\u010d\u00ed si sadn\u00fa\u0165, urobi\u0165 prv\u00fd kr\u00ed\u017eik a necha\u0165 jese\u0148 pr\u00eds\u0165 k v\u00e1m domov.<\/p>\n<p>Autor ilustr\u00e1cie: <a title=\"Elita Kim\" href=\"https:\/\/vk.com\/eliteartdesign\" target=\"_blank\" rel=\"noopener\">Elita Kim<\/a><\/p>\n<p>Autorka predlohy: <strong>M\u00e1ria Erbenov\u00e1&nbsp;<\/strong><\/p>\n<p><strong>Po\u010det kr\u00ed\u017eikov: 200 x 149<\/strong><br \/>\n<strong>Rozmer l\u00e1tky: 36.29 x 27.03 cm<\/strong><br \/>\n<strong>L\u00e1tka<\/strong>: 14 ct&nbsp; aida<br \/>\n<strong>Bavlnky: <\/strong>DMC<br \/>\n<strong>Po\u010det farieb: <\/strong>84 a 9 blendov<br \/>\n<strong>Pou\u017eit\u00e9 techniky: <\/strong>kr\u00ed\u017eiky, polkr\u00ed\u017eiky, ob\u0161\u00edvanie<\/p>\n<p>S\u00fabory na stiahnutie:<\/p>\n<ul>\n<li><strong>pdf s\u00fabor<\/strong>\n<ul>\n<li style=\"list-style-type: none;\">\n<ul>\n<li>v \u010dierno-bielej verzii &#8211; s ob\u0161\u00edvan\u00edm a bez ob\u0161\u00edvania,<\/li>\n<\/ul>\n<\/li>\n<\/ul>\n<h4>Inform\u00e1cie o predlohe:<\/h4>\n<ul>\n<li>vo farebnej verzii &#8211; s ob\u0161\u00edvan\u00edm a bez ob\u0161\u00edvania<\/li>\n<\/ul>\n<\/li>\n<li><strong>cssaga s\u00fabor<\/strong><\/li>\n<\/ul>\n<\/div>","protected":false},"excerpt":{"rendered":"<p>Predloha na kr\u00ed\u017eikov\u00e9 vy\u0161\u00edvanie uchov\u00e1va najkraj\u0161\u00ed moment jesene. Farby dozret\u00fdch plodov spl\u00fdvaj\u00fa s posledn\u00fdm z\u00e1vanom letn\u00fdch kvetov a domov sa nap\u013a\u0148a teplom.<\/p>\n<p><strong>Po\u010det kr\u00ed\u017eikov: 200 x 149<\/strong><br \/>\n<strong>Rozmer l\u00e1tky: 36.29 x 27.03 cm<\/strong><br \/>\n<strong>L\u00e1tka<\/strong>: 14 ct&nbsp; Aida<br \/>\n<strong>Bavlnky: <\/strong>DMC<br \/>\n<strong>Po\u010det farieb: 84<\/strong> + 9 blendoy<br \/>\n<strong>Pou\u017eit\u00e9 techniky:<\/strong> kr\u00ed\u017eiky, polkr\u00ed\u017eiky, ob\u0161\u00edvanie<\/p>\n","protected":false},"featured_media":29906,"comment_status":"open","ping_status":"closed","template":"","meta":{"_uag_custom_page_level_css":"","ngg_post_thumbnail":0},"product_cat":[257,131,247],"product_tag":[318,250,139,316,48],"aioseo_notices":[],"featured_image_urls":{"full":["https:\/\/www.megastitch.eu\/wp-content\/uploads\/2025\/12\/spicy-autumn-frame-ss-sm.jpg",1000,790,false],"thumbnail":["https:\/\/www.megastitch.eu\/wp-content\/uploads\/2025\/12\/spicy-autumn-frame-ss-sm-150x150.jpg",150,150,true],"medium":["https:\/\/www.megastitch.eu\/wp-content\/uploads\/2025\/12\/spicy-autumn-frame-ss-sm-300x237.jpg",300,237,true],"medium_large":["https:\/\/www.megastitch.eu\/wp-content\/uploads\/2025\/12\/spicy-autumn-frame-ss-sm-768x607.jpg",768,607,true],"large":["https:\/\/www.megastitch.eu\/wp-content\/uploads\/2025\/12\/spicy-autumn-frame-ss-sm.jpg",1000,790,false],"1536x1536":["https:\/\/www.megastitch.eu\/wp-content\/uploads\/2025\/12\/spicy-autumn-frame-ss-sm.jpg",1000,790,false],"2048x2048":["https:\/\/www.megastitch.eu\/wp-content\/uploads\/2025\/12\/spicy-autumn-frame-ss-sm.jpg",1000,790,false],"ultp_layout_landscape_large":["https:\/\/www.megastitch.eu\/wp-content\/uploads\/2025\/12\/spicy-autumn-frame-ss-sm.jpg",1000,790,false],"ultp_layout_landscape":["https:\/\/www.megastitch.eu\/wp-content\/uploads\/2025\/12\/spicy-autumn-frame-ss-sm-870x570.jpg",870,570,true],"ultp_layout_portrait":["https:\/\/www.megastitch.eu\/wp-content\/uploads\/2025\/12\/spicy-autumn-frame-ss-sm-600x790.jpg",600,790,true],"ultp_layout_square":["https:\/\/www.megastitch.eu\/wp-content\/uploads\/2025\/12\/spicy-autumn-frame-ss-sm-600x600.jpg",600,600,true],"molla_post-grid":["https:\/\/www.megastitch.eu\/wp-content\/uploads\/2025\/12\/spicy-autumn-frame-ss-sm-400x267.jpg",400,267,true],"woocommerce_thumbnail":["https:\/\/www.megastitch.eu\/wp-content\/uploads\/2025\/12\/spicy-autumn-frame-ss-sm-300x237.jpg",300,237,true],"woocommerce_single":["https:\/\/www.megastitch.eu\/wp-content\/uploads\/2025\/12\/spicy-autumn-frame-ss-sm-600x474.jpg",600,474,true],"woocommerce_gallery_thumbnail":["https:\/\/www.megastitch.eu\/wp-content\/uploads\/2025\/12\/spicy-autumn-frame-ss-sm-100x100.jpg",100,100,true]},"post_excerpt_stackable":"<p>Predloha na kr\u00ed\u017eikov\u00e9 vy\u0161\u00edvanie uchov\u00e1va najkraj\u0161\u00ed moment jesene. Farby dozret\u00fdch plodov spl\u00fdvaj\u00fa s posledn\u00fdm z\u00e1vanom letn\u00fdch kvetov a domov sa nap\u013a\u0148a teplom.<\/p>\n<p><strong>Po\u010det kr\u00ed\u017eikov: 200 x 149<\/strong><br \/>\n<strong>Rozmer l\u00e1tky: 36.29 x 27.03 cm<\/strong><br \/>\n<strong>L\u00e1tka<\/strong>: 14 ct&nbsp; Aida<br \/>\n<strong>Bavlnky: <\/strong>DMC<br \/>\n<strong>Po\u010det farieb: 84<\/strong> + 9 blendoy<br \/>\n<strong>Pou\u017eit\u00e9 techniky:<\/strong> kr\u00ed\u017eiky, polkr\u00ed\u017eiky, ob\u0161\u00edvanie<\/p>\n","category_list":"","author_info":{"name":"","url":""},"comments_num":"0 comments","featured_image_urls_v2":{"full":["https:\/\/www.megastitch.eu\/wp-content\/uploads\/2025\/12\/spicy-autumn-frame-ss-sm.jpg",1000,790,false],"thumbnail":["https:\/\/www.megastitch.eu\/wp-content\/uploads\/2025\/12\/spicy-autumn-frame-ss-sm-150x150.jpg",150,150,true],"medium":["https:\/\/www.megastitch.eu\/wp-content\/uploads\/2025\/12\/spicy-autumn-frame-ss-sm-300x237.jpg",300,237,true],"medium_large":["https:\/\/www.megastitch.eu\/wp-content\/uploads\/2025\/12\/spicy-autumn-frame-ss-sm-768x607.jpg",768,607,true],"large":["https:\/\/www.megastitch.eu\/wp-content\/uploads\/2025\/12\/spicy-autumn-frame-ss-sm.jpg",1000,790,false],"1536x1536":["https:\/\/www.megastitch.eu\/wp-content\/uploads\/2025\/12\/spicy-autumn-frame-ss-sm.jpg",1000,790,false],"2048x2048":["https:\/\/www.megastitch.eu\/wp-content\/uploads\/2025\/12\/spicy-autumn-frame-ss-sm.jpg",1000,790,false],"ultp_layout_landscape_large":["https:\/\/www.megastitch.eu\/wp-content\/uploads\/2025\/12\/spicy-autumn-frame-ss-sm.jpg",1000,790,false],"ultp_layout_landscape":["https:\/\/www.megastitch.eu\/wp-content\/uploads\/2025\/12\/spicy-autumn-frame-ss-sm-870x570.jpg",870,570,true],"ultp_layout_portrait":["https:\/\/www.megastitch.eu\/wp-content\/uploads\/2025\/12\/spicy-autumn-frame-ss-sm-600x790.jpg",600,790,true],"ultp_layout_square":["https:\/\/www.megastitch.eu\/wp-content\/uploads\/2025\/12\/spicy-autumn-frame-ss-sm-600x600.jpg",600,600,true],"molla_post-grid":["https:\/\/www.megastitch.eu\/wp-content\/uploads\/2025\/12\/spicy-autumn-frame-ss-sm-400x267.jpg",400,267,true],"woocommerce_thumbnail":["https:\/\/www.megastitch.eu\/wp-content\/uploads\/2025\/12\/spicy-autumn-frame-ss-sm-300x237.jpg",300,237,true],"woocommerce_single":["https:\/\/www.megastitch.eu\/wp-content\/uploads\/2025\/12\/spicy-autumn-frame-ss-sm-600x474.jpg",600,474,true],"woocommerce_gallery_thumbnail":["https:\/\/www.megastitch.eu\/wp-content\/uploads\/2025\/12\/spicy-autumn-frame-ss-sm-100x100.jpg",100,100,true]},"post_excerpt_stackable_v2":"<p>Predloha na kr\u00ed\u017eikov\u00e9 vy\u0161\u00edvanie uchov\u00e1va najkraj\u0161\u00ed moment jesene. Farby dozret\u00fdch plodov spl\u00fdvaj\u00fa s posledn\u00fdm z\u00e1vanom letn\u00fdch kvetov a domov sa nap\u013a\u0148a teplom.<\/p>\n<p><strong>Po\u010det kr\u00ed\u017eikov: 200 x 149<\/strong><br \/>\n<strong>Rozmer l\u00e1tky: 36.29 x 27.03 cm<\/strong><br \/>\n<strong>L\u00e1tka<\/strong>: 14 ct&nbsp; Aida<br \/>\n<strong>Bavlnky: <\/strong>DMC<br \/>\n<strong>Po\u010det farieb: 84<\/strong> + 9 blendoy<br \/>\n<strong>Pou\u017eit\u00e9 techniky:<\/strong> kr\u00ed\u017eiky, polkr\u00ed\u017eiky, ob\u0161\u00edvanie<\/p>\n","category_list_v2":"","author_info_v2":{"name":"","url":""},"comments_num_v2":"0 comments","uagb_featured_image_src":{"full":["https:\/\/www.megastitch.eu\/wp-content\/uploads\/2025\/12\/spicy-autumn-frame-ss-sm.jpg",1000,790,false],"thumbnail":["https:\/\/www.megastitch.eu\/wp-content\/uploads\/2025\/12\/spicy-autumn-frame-ss-sm-150x150.jpg",150,150,true],"medium":["https:\/\/www.megastitch.eu\/wp-content\/uploads\/2025\/12\/spicy-autumn-frame-ss-sm-300x237.jpg",300,237,true],"medium_large":["https:\/\/www.megastitch.eu\/wp-content\/uploads\/2025\/12\/spicy-autumn-frame-ss-sm-768x607.jpg",768,607,true],"large":["https:\/\/www.megastitch.eu\/wp-content\/uploads\/2025\/12\/spicy-autumn-frame-ss-sm.jpg",1000,790,false],"1536x1536":["https:\/\/www.megastitch.eu\/wp-content\/uploads\/2025\/12\/spicy-autumn-frame-ss-sm.jpg",1000,790,false],"2048x2048":["https:\/\/www.megastitch.eu\/wp-content\/uploads\/2025\/12\/spicy-autumn-frame-ss-sm.jpg",1000,790,false],"ultp_layout_landscape_large":["https:\/\/www.megastitch.eu\/wp-content\/uploads\/2025\/12\/spicy-autumn-frame-ss-sm.jpg",1000,790,false],"ultp_layout_landscape":["https:\/\/www.megastitch.eu\/wp-content\/uploads\/2025\/12\/spicy-autumn-frame-ss-sm-870x570.jpg",870,570,true],"ultp_layout_portrait":["https:\/\/www.megastitch.eu\/wp-content\/uploads\/2025\/12\/spicy-autumn-frame-ss-sm-600x790.jpg",600,790,true],"ultp_layout_square":["https:\/\/www.megastitch.eu\/wp-content\/uploads\/2025\/12\/spicy-autumn-frame-ss-sm-600x600.jpg",600,600,true],"molla_post-grid":["https:\/\/www.megastitch.eu\/wp-content\/uploads\/2025\/12\/spicy-autumn-frame-ss-sm-400x267.jpg",400,267,true],"woocommerce_thumbnail":["https:\/\/www.megastitch.eu\/wp-content\/uploads\/2025\/12\/spicy-autumn-frame-ss-sm-300x237.jpg",300,237,true],"woocommerce_single":["https:\/\/www.megastitch.eu\/wp-content\/uploads\/2025\/12\/spicy-autumn-frame-ss-sm-600x474.jpg",600,474,true],"woocommerce_gallery_thumbnail":["https:\/\/www.megastitch.eu\/wp-content\/uploads\/2025\/12\/spicy-autumn-frame-ss-sm-100x100.jpg",100,100,true]},"uagb_author_info":{"display_name":"pagacova","author_link":"https:\/\/www.megastitch.eu\/cs\/author\/"},"uagb_comment_info":0,"uagb_excerpt":"Predloha na kr\u00ed\u017eikov\u00e9 vy\u0161\u00edvanie uchov\u00e1va najkraj\u0161\u00ed moment jesene. Farby dozret\u00fdch plodov spl\u00fdvaj\u00fa s posledn\u00fdm z\u00e1vanom letn\u00fdch kvetov a domov sa nap\u013a\u0148a teplom. Po\u010det kr\u00ed\u017eikov: 200 x 149 Rozmer l\u00e1tky: 36.29 x 27.03 cm L\u00e1tka: 14 ct&nbsp; Aida Bavlnky: DMC Po\u010det farieb: 84 + 9 blendoy Pou\u017eit\u00e9 techniky: kr\u00ed\u017eiky, polkr\u00ed\u017eiky, ob\u0161\u00edvanie","_links":{"self":[{"href":"https:\/\/www.megastitch.eu\/cs\/wp-json\/wp\/v2\/product\/29905"}],"collection":[{"href":"https:\/\/www.megastitch.eu\/cs\/wp-json\/wp\/v2\/product"}],"about":[{"href":"https:\/\/www.megastitch.eu\/cs\/wp-json\/wp\/v2\/types\/product"}],"replies":[{"embeddable":true,"href":"https:\/\/www.megastitch.eu\/cs\/wp-json\/wp\/v2\/comments?post=29905"}],"wp:featuredmedia":[{"embeddable":true,"href":"https:\/\/www.megastitch.eu\/cs\/wp-json\/wp\/v2\/media\/29906"}],"wp:attachment":[{"href":"https:\/\/www.megastitch.eu\/cs\/wp-json\/wp\/v2\/media?parent=29905"}],"wp:term":[{"taxonomy":"product_cat","embeddable":true,"href":"https:\/\/www.megastitch.eu\/cs\/wp-json\/wp\/v2\/product_cat?post=29905"},{"taxonomy":"product_tag","embeddable":true,"href":"https:\/\/www.megastitch.eu\/cs\/wp-json\/wp\/v2\/product_tag?post=29905"}],"curies":[{"name":"wp","href":"https:\/\/api.w.org\/{rel}","templated":true}]}}