	{"id":30047,"date":"2026-01-06T14:47:09","date_gmt":"2026-01-06T13:47:09","guid":{"rendered":"https:\/\/www.megastitch.eu\/?post_type=product&#038;p=30047"},"modified":"2026-01-06T15:46:03","modified_gmt":"2026-01-06T14:46:03","slug":"pernicky","status":"publish","type":"product","link":"https:\/\/www.megastitch.eu\/cs\/obchod\/predlohy-na-vysivanie\/male-predlohy\/pernicky\/","title":{"rendered":"Pern\u00ed\u010dky"},"content":{"rendered":"<div class=\"nolwrap\"><p>Vneste do svojho vy\u0161\u00edvania \u010daro Vianoc s predlohou in\u0161pirovanou vo\u0148av\u00fdm viano\u010dn\u00fdm pe\u010den\u00edm. Nad\u010dasov\u00fd viano\u010dn\u00fd mot\u00edv zachyt\u00e1va pohodu, teplo domova a sladk\u00e9 spomienky na sviato\u010dn\u00e9 chv\u00edle. Kr\u00ed\u017eik po kr\u00ed\u017eiku vytvor\u00edte jedine\u010dn\u00fd k\u00fasok, ktor\u00fd prebud\u00ed v\u0161etky zmysly. Sta\u010d\u00ed sa na chv\u00ed\u013eu zastavi\u0165, zatvori\u0165 o\u010di a predstavi\u0165 si v\u00f4\u0148u \u0161korice, klin\u010dekov a vanilky.<\/p>\n<p>T\u00e1to predloha je ide\u00e1lna pre ka\u017ed\u00e9ho, kto si chce vy\u0161i\u0165 idylick\u00fa viano\u010dn\u00fa atmosf\u00e9ru a spravi\u0165 si z kr\u00ed\u017eikov\u00e9ho vy\u0161\u00edvania mal\u00fd sviato\u010dn\u00fd ritu\u00e1l. Perfektn\u00e1 vo\u013eba na zimn\u00e9 ve\u010dery, ako dekor\u00e1cia alebo dar\u010dek pre milovn\u00edkov kr\u00ed\u017eikov\u00e9ho vy\u0161\u00edvania.<\/p>\n<p>Autor ilustr\u00e1cie: <a title=\"Ilya Petruk\" href=\"https:\/\/www.instagram.com\/ilya_petruk\/\" target=\"_blank\" rel=\"noopener\">Ilya Petruk<\/a><\/p>\n<p>Autorka predlohy: <strong>M\u00e1ria Erbenov\u00e1\u00a0<\/strong><\/p>\n<p><strong>Po\u010det kr\u00ed\u017eikov: 61 x 59<\/strong><br \/>\n<strong>Rozmer l\u00e1tky: 11.07 x 10.74 cm<\/strong><br \/>\n<strong>L\u00e1tka<\/strong>: 14 ct\u00a0 aida<br \/>\n<strong>Bavlnky: <\/strong>DMC<br \/>\n<strong>Po\u010det farieb: <\/strong>10 a 1 blend<br \/>\n<strong>Pou\u017eit\u00e9 techniky: <\/strong>kr\u00ed\u017eiky, ob\u0161\u00edvanie<\/p>\n<p>S\u00fabory na stiahnutie:<\/p>\n<ul>\n<li><strong>pdf s\u00fabor<\/strong>\n<ul>\n<li style=\"list-style-type: none\">\n<ul>\n<li>v \u010dierno-bielej verzii &#8211; s ob\u0161\u00edvan\u00edm a bez ob\u0161\u00edvania,<\/li>\n<\/ul>\n<\/li>\n<\/ul>\n<h4>Inform\u00e1cie o predlohe:<\/h4>\n<ul>\n<li>vo farebnej verzii &#8211; s ob\u0161\u00edvan\u00edm a bez ob\u0161\u00edvania<\/li>\n<\/ul>\n<\/li>\n<li><strong>cssaga s\u00fabor<\/strong><\/li>\n<\/ul>\n<\/div>","protected":false},"excerpt":{"rendered":"<p> Predloha na kr\u00ed\u017eikov\u00e9 vy\u0161\u00edvanie s viano\u010dn\u00fdm mot\u00edvom vo\u0148av\u00fdch a nad\u00fdchan\u00fdch pern\u00ed\u010dkov. <\/p>\n<p><strong>Po\u010det kr\u00ed\u017eikov: 61 x 59<\/strong><br \/>\n<strong>Rozmer l\u00e1tky: 11.07 x 10.74 cm<\/strong><br \/>\n<strong>L\u00e1tka<\/strong>: 14 ct\u00a0 Aida<br \/>\n<strong>Bavlnky: <\/strong>DMC<br \/>\n<strong>Po\u010det farieb: 84<\/strong>10 + 1 blend<br \/>\n<strong>Pou\u017eit\u00e9 techniky:<\/strong> kr\u00ed\u017eiky, ob\u0161\u00edvanie<\/p>\n","protected":false},"featured_media":30048,"comment_status":"open","ping_status":"closed","template":"","meta":{"_uag_custom_page_level_css":"","ngg_post_thumbnail":0},"product_cat":[134,131,171],"product_tag":[46,254],"aioseo_notices":[],"featured_image_urls":{"full":["https:\/\/www.megastitch.eu\/wp-content\/uploads\/2026\/01\/gingerbread-frame-ss.jpg",1344,1344,false],"thumbnail":["https:\/\/www.megastitch.eu\/wp-content\/uploads\/2026\/01\/gingerbread-frame-ss-150x150.jpg",150,150,true],"medium":["https:\/\/www.megastitch.eu\/wp-content\/uploads\/2026\/01\/gingerbread-frame-ss-300x300.jpg",300,300,true],"medium_large":["https:\/\/www.megastitch.eu\/wp-content\/uploads\/2026\/01\/gingerbread-frame-ss-768x768.jpg",768,768,true],"large":["https:\/\/www.megastitch.eu\/wp-content\/uploads\/2026\/01\/gingerbread-frame-ss-1024x1024.jpg",1024,1024,true],"1536x1536":["https:\/\/www.megastitch.eu\/wp-content\/uploads\/2026\/01\/gingerbread-frame-ss.jpg",1344,1344,false],"2048x2048":["https:\/\/www.megastitch.eu\/wp-content\/uploads\/2026\/01\/gingerbread-frame-ss.jpg",1344,1344,false],"ultp_layout_landscape_large":["https:\/\/www.megastitch.eu\/wp-content\/uploads\/2026\/01\/gingerbread-frame-ss-1200x800.jpg",1200,800,true],"ultp_layout_landscape":["https:\/\/www.megastitch.eu\/wp-content\/uploads\/2026\/01\/gingerbread-frame-ss-870x570.jpg",870,570,true],"ultp_layout_portrait":["https:\/\/www.megastitch.eu\/wp-content\/uploads\/2026\/01\/gingerbread-frame-ss-600x900.jpg",600,900,true],"ultp_layout_square":["https:\/\/www.megastitch.eu\/wp-content\/uploads\/2026\/01\/gingerbread-frame-ss-600x600.jpg",600,600,true],"molla_post-grid":["https:\/\/www.megastitch.eu\/wp-content\/uploads\/2026\/01\/gingerbread-frame-ss-400x267.jpg",400,267,true],"woocommerce_thumbnail":["https:\/\/www.megastitch.eu\/wp-content\/uploads\/2026\/01\/gingerbread-frame-ss-300x300.jpg",300,300,true],"woocommerce_single":["https:\/\/www.megastitch.eu\/wp-content\/uploads\/2026\/01\/gingerbread-frame-ss-600x600.jpg",600,600,true],"woocommerce_gallery_thumbnail":["https:\/\/www.megastitch.eu\/wp-content\/uploads\/2026\/01\/gingerbread-frame-ss-100x100.jpg",100,100,true]},"post_excerpt_stackable":"<p> Predloha na kr\u00ed\u017eikov\u00e9 vy\u0161\u00edvanie s viano\u010dn\u00fdm mot\u00edvom vo\u0148av\u00fdch a nad\u00fdchan\u00fdch pern\u00ed\u010dkov. <\/p>\n<p><strong>Po\u010det kr\u00ed\u017eikov: 61 x 59<\/strong><br \/>\n<strong>Rozmer l\u00e1tky: 11.07 x 10.74 cm<\/strong><br \/>\n<strong>L\u00e1tka<\/strong>: 14 ct\u00a0 Aida<br \/>\n<strong>Bavlnky: <\/strong>DMC<br \/>\n<strong>Po\u010det farieb: 84<\/strong>10 + 1 blend<br \/>\n<strong>Pou\u017eit\u00e9 techniky:<\/strong> kr\u00ed\u017eiky, ob\u0161\u00edvanie<\/p>\n","category_list":"","author_info":{"name":"","url":""},"comments_num":"0 comments","featured_image_urls_v2":{"full":["https:\/\/www.megastitch.eu\/wp-content\/uploads\/2026\/01\/gingerbread-frame-ss.jpg",1344,1344,false],"thumbnail":["https:\/\/www.megastitch.eu\/wp-content\/uploads\/2026\/01\/gingerbread-frame-ss-150x150.jpg",150,150,true],"medium":["https:\/\/www.megastitch.eu\/wp-content\/uploads\/2026\/01\/gingerbread-frame-ss-300x300.jpg",300,300,true],"medium_large":["https:\/\/www.megastitch.eu\/wp-content\/uploads\/2026\/01\/gingerbread-frame-ss-768x768.jpg",768,768,true],"large":["https:\/\/www.megastitch.eu\/wp-content\/uploads\/2026\/01\/gingerbread-frame-ss-1024x1024.jpg",1024,1024,true],"1536x1536":["https:\/\/www.megastitch.eu\/wp-content\/uploads\/2026\/01\/gingerbread-frame-ss.jpg",1344,1344,false],"2048x2048":["https:\/\/www.megastitch.eu\/wp-content\/uploads\/2026\/01\/gingerbread-frame-ss.jpg",1344,1344,false],"ultp_layout_landscape_large":["https:\/\/www.megastitch.eu\/wp-content\/uploads\/2026\/01\/gingerbread-frame-ss-1200x800.jpg",1200,800,true],"ultp_layout_landscape":["https:\/\/www.megastitch.eu\/wp-content\/uploads\/2026\/01\/gingerbread-frame-ss-870x570.jpg",870,570,true],"ultp_layout_portrait":["https:\/\/www.megastitch.eu\/wp-content\/uploads\/2026\/01\/gingerbread-frame-ss-600x900.jpg",600,900,true],"ultp_layout_square":["https:\/\/www.megastitch.eu\/wp-content\/uploads\/2026\/01\/gingerbread-frame-ss-600x600.jpg",600,600,true],"molla_post-grid":["https:\/\/www.megastitch.eu\/wp-content\/uploads\/2026\/01\/gingerbread-frame-ss-400x267.jpg",400,267,true],"woocommerce_thumbnail":["https:\/\/www.megastitch.eu\/wp-content\/uploads\/2026\/01\/gingerbread-frame-ss-300x300.jpg",300,300,true],"woocommerce_single":["https:\/\/www.megastitch.eu\/wp-content\/uploads\/2026\/01\/gingerbread-frame-ss-600x600.jpg",600,600,true],"woocommerce_gallery_thumbnail":["https:\/\/www.megastitch.eu\/wp-content\/uploads\/2026\/01\/gingerbread-frame-ss-100x100.jpg",100,100,true]},"post_excerpt_stackable_v2":"<p> Predloha na kr\u00ed\u017eikov\u00e9 vy\u0161\u00edvanie s viano\u010dn\u00fdm mot\u00edvom vo\u0148av\u00fdch a nad\u00fdchan\u00fdch pern\u00ed\u010dkov. <\/p>\n<p><strong>Po\u010det kr\u00ed\u017eikov: 61 x 59<\/strong><br \/>\n<strong>Rozmer l\u00e1tky: 11.07 x 10.74 cm<\/strong><br \/>\n<strong>L\u00e1tka<\/strong>: 14 ct\u00a0 Aida<br \/>\n<strong>Bavlnky: <\/strong>DMC<br \/>\n<strong>Po\u010det farieb: 84<\/strong>10 + 1 blend<br \/>\n<strong>Pou\u017eit\u00e9 techniky:<\/strong> kr\u00ed\u017eiky, ob\u0161\u00edvanie<\/p>\n","category_list_v2":"","author_info_v2":{"name":"","url":""},"comments_num_v2":"0 comments","uagb_featured_image_src":{"full":["https:\/\/www.megastitch.eu\/wp-content\/uploads\/2026\/01\/gingerbread-frame-ss.jpg",1344,1344,false],"thumbnail":["https:\/\/www.megastitch.eu\/wp-content\/uploads\/2026\/01\/gingerbread-frame-ss-150x150.jpg",150,150,true],"medium":["https:\/\/www.megastitch.eu\/wp-content\/uploads\/2026\/01\/gingerbread-frame-ss-300x300.jpg",300,300,true],"medium_large":["https:\/\/www.megastitch.eu\/wp-content\/uploads\/2026\/01\/gingerbread-frame-ss-768x768.jpg",768,768,true],"large":["https:\/\/www.megastitch.eu\/wp-content\/uploads\/2026\/01\/gingerbread-frame-ss-1024x1024.jpg",1024,1024,true],"1536x1536":["https:\/\/www.megastitch.eu\/wp-content\/uploads\/2026\/01\/gingerbread-frame-ss.jpg",1344,1344,false],"2048x2048":["https:\/\/www.megastitch.eu\/wp-content\/uploads\/2026\/01\/gingerbread-frame-ss.jpg",1344,1344,false],"ultp_layout_landscape_large":["https:\/\/www.megastitch.eu\/wp-content\/uploads\/2026\/01\/gingerbread-frame-ss-1200x800.jpg",1200,800,true],"ultp_layout_landscape":["https:\/\/www.megastitch.eu\/wp-content\/uploads\/2026\/01\/gingerbread-frame-ss-870x570.jpg",870,570,true],"ultp_layout_portrait":["https:\/\/www.megastitch.eu\/wp-content\/uploads\/2026\/01\/gingerbread-frame-ss-600x900.jpg",600,900,true],"ultp_layout_square":["https:\/\/www.megastitch.eu\/wp-content\/uploads\/2026\/01\/gingerbread-frame-ss-600x600.jpg",600,600,true],"molla_post-grid":["https:\/\/www.megastitch.eu\/wp-content\/uploads\/2026\/01\/gingerbread-frame-ss-400x267.jpg",400,267,true],"woocommerce_thumbnail":["https:\/\/www.megastitch.eu\/wp-content\/uploads\/2026\/01\/gingerbread-frame-ss-300x300.jpg",300,300,true],"woocommerce_single":["https:\/\/www.megastitch.eu\/wp-content\/uploads\/2026\/01\/gingerbread-frame-ss-600x600.jpg",600,600,true],"woocommerce_gallery_thumbnail":["https:\/\/www.megastitch.eu\/wp-content\/uploads\/2026\/01\/gingerbread-frame-ss-100x100.jpg",100,100,true]},"uagb_author_info":{"display_name":"pagacova","author_link":"https:\/\/www.megastitch.eu\/cs\/author\/"},"uagb_comment_info":0,"uagb_excerpt":"Predloha na kr\u00ed\u017eikov\u00e9 vy\u0161\u00edvanie s viano\u010dn\u00fdm mot\u00edvom vo\u0148av\u00fdch a nad\u00fdchan\u00fdch pern\u00ed\u010dkov. Po\u010det kr\u00ed\u017eikov: 61 x 59 Rozmer l\u00e1tky: 11.07 x 10.74 cm L\u00e1tka: 14 ct\u00a0 Aida Bavlnky: DMC Po\u010det farieb: 8410 + 1 blend Pou\u017eit\u00e9 techniky: kr\u00ed\u017eiky, ob\u0161\u00edvanie","_links":{"self":[{"href":"https:\/\/www.megastitch.eu\/cs\/wp-json\/wp\/v2\/product\/30047"}],"collection":[{"href":"https:\/\/www.megastitch.eu\/cs\/wp-json\/wp\/v2\/product"}],"about":[{"href":"https:\/\/www.megastitch.eu\/cs\/wp-json\/wp\/v2\/types\/product"}],"replies":[{"embeddable":true,"href":"https:\/\/www.megastitch.eu\/cs\/wp-json\/wp\/v2\/comments?post=30047"}],"wp:featuredmedia":[{"embeddable":true,"href":"https:\/\/www.megastitch.eu\/cs\/wp-json\/wp\/v2\/media\/30048"}],"wp:attachment":[{"href":"https:\/\/www.megastitch.eu\/cs\/wp-json\/wp\/v2\/media?parent=30047"}],"wp:term":[{"taxonomy":"product_cat","embeddable":true,"href":"https:\/\/www.megastitch.eu\/cs\/wp-json\/wp\/v2\/product_cat?post=30047"},{"taxonomy":"product_tag","embeddable":true,"href":"https:\/\/www.megastitch.eu\/cs\/wp-json\/wp\/v2\/product_tag?post=30047"}],"curies":[{"name":"wp","href":"https:\/\/api.w.org\/{rel}","templated":true}]}}