	{"id":30058,"date":"2026-01-06T15:02:29","date_gmt":"2026-01-06T14:02:29","guid":{"rendered":"https:\/\/www.megastitch.eu\/?post_type=product&#038;p=30058"},"modified":"2026-01-07T11:33:16","modified_gmt":"2026-01-07T10:33:16","slug":"iskriva-geometria","status":"publish","type":"product","link":"https:\/\/www.megastitch.eu\/cs\/obchod\/predlohy-na-vysivanie\/male-predlohy\/iskriva-geometria\/","title":{"rendered":"Snehov\u00e1 vlo\u010dka"},"content":{"rendered":"<div class=\"nolwrap\"><p>Sch\u00e9ma Iskriv\u00e1 geometria sp\u00e1ja klasick\u00fa kr\u00ed\u017eikov\u00fa v\u00fd\u0161ivku s vy\u0161\u00edvan\u00edm kor\u00e1lkami, v\u010faka \u010domu vznik\u00e1 p\u00f4sobiv\u00fd a \u017eiariv\u00fd 3D efekt. Pou\u017eit\u00e9 gu\u013eat\u00e9 a dlh\u00e9 kor\u00e1lky dod\u00e1vaj\u00fa v\u00fd\u0161ivke jemn\u00fd lesk a zv\u00fdraz\u0148uj\u00fa detaily snehovej vlo\u010dky.Kr\u00ed\u017eik po kr\u00ed\u017eiku vytvor\u00edte prec\u00edzny a elegantn\u00fd k\u00fasok, ktor\u00fd vynikne ako zimn\u00e1 dekor\u00e1cia alebo sez\u00f3nny doplnok do interi\u00e9ru. <\/p>\n<p>Vy\u0161\u00edvanie je pr\u00edjemn\u00fdm sp\u00f4sobom, ako si dopria\u0165 chv\u00ed\u013eu pokoja a s\u00fastredenia po\u010das dlh\u00fdch zimn\u00fdch ve\u010derov. Pripravte si ihly, nite, kor\u00e1lky, obru\u010d, pl\u00e1tno a nechajte snehov\u00fa vlo\u010dku o\u017ei\u0165 pod va\u0161imi rukami. Hotov\u00e1 v\u00fd\u0161ivka je kr\u00e1snym dar\u010dekom pre milovn\u00edkov zimn\u00fdch mot\u00edvov, kr\u00ed\u017eikov\u00e9ho vy\u0161\u00edvania a prec\u00edznej ru\u010dnej pr\u00e1ce.<\/p>\n<p>Autorka predlohy: <strong>M\u00e1ria Erbenov\u00e1\u00a0<\/strong><\/p>\n<p><strong>Po\u010det kr\u00ed\u017eikov: 50 x 50<\/strong><br \/>\n<strong>Rozmer l\u00e1tky: 9.07 x 9.07 cm<\/strong><br \/>\n<strong>L\u00e1tka<\/strong>: 14 ct\u00a0 aida<br \/>\n<strong>Bavlnky: <\/strong>DMC<br \/>\n<strong>Po\u010det farieb: <\/strong>3 a 4 farby kor\u00e1lok<br \/>\n<strong>Pou\u017eit\u00e9 techniky: <\/strong>kr\u00ed\u017eiky, ob\u0161\u00edvanie, kor\u00e1lky<\/p>\n<p>S\u00fabory na stiahnutie:<\/p>\n<ul>\n<li><strong>pdf s\u00fabor<\/strong>\n<ul>\n<li style=\"list-style-type: none\">\n<ul>\n<li>v \u010dierno-bielej verzii &#8211; s ob\u0161\u00edvan\u00edm a bez ob\u0161\u00edvania,<\/li>\n<\/ul>\n<\/li>\n<\/ul>\n<h4>Inform\u00e1cie o predlohe:<\/h4>\n<ul>\n<li>vo farebnej verzii &#8211; s ob\u0161\u00edvan\u00edm a bez ob\u0161\u00edvania<\/li>\n<\/ul>\n<\/li>\n<li><strong>cssaga s\u00fabor<\/strong><\/li>\n<\/ul>\n<\/div>","protected":false},"excerpt":{"rendered":"<p> Snehov\u00e1 vlo\u010dka ako jemn\u00e1 a detailn\u00e1 predloha na kr\u00ed\u017eikov\u00e9 vy\u0161\u00edvanie kombinovan\u00e1 s kor\u00e1lkovou v\u00fd\u0161ivkou, v elegantn\u00fdch odtie\u0148och fialovej, \u017eltej a neutr\u00e1lnej sivej.<\/p>\n<p><strong>Po\u010det kr\u00ed\u017eikov: 50 x 50<\/strong><br \/>\n<strong>Rozmer l\u00e1tky: 9.07 x 9.07 cm<\/strong><br \/>\n<strong>L\u00e1tka<\/strong>: 14 ct\u00a0 Aida<br \/>\n<strong>Bavlnky: <\/strong>DMC<br \/>\n<strong>Po\u010det farieb: 84<\/strong>3 + 4 blkor\u00e1zky<br \/>\n<strong>Pou\u017eit\u00e9 techniky:<\/strong> kr\u00ed\u017eiky, ob\u0161\u00edvanie, kor\u00e1lky<\/p>\n","protected":false},"featured_media":30059,"comment_status":"open","ping_status":"closed","template":"","meta":{"_uag_custom_page_level_css":"","ngg_post_thumbnail":0},"product_cat":[134,131,171],"product_tag":[46,254],"aioseo_notices":[],"featured_image_urls":{"full":["https:\/\/www.megastitch.eu\/wp-content\/uploads\/2026\/01\/sparkling-geometry-frame-blue-ss.jpg",1344,1344,false],"thumbnail":["https:\/\/www.megastitch.eu\/wp-content\/uploads\/2026\/01\/sparkling-geometry-frame-blue-ss-150x150.jpg",150,150,true],"medium":["https:\/\/www.megastitch.eu\/wp-content\/uploads\/2026\/01\/sparkling-geometry-frame-blue-ss-300x300.jpg",300,300,true],"medium_large":["https:\/\/www.megastitch.eu\/wp-content\/uploads\/2026\/01\/sparkling-geometry-frame-blue-ss-768x768.jpg",768,768,true],"large":["https:\/\/www.megastitch.eu\/wp-content\/uploads\/2026\/01\/sparkling-geometry-frame-blue-ss-1024x1024.jpg",1024,1024,true],"1536x1536":["https:\/\/www.megastitch.eu\/wp-content\/uploads\/2026\/01\/sparkling-geometry-frame-blue-ss.jpg",1344,1344,false],"2048x2048":["https:\/\/www.megastitch.eu\/wp-content\/uploads\/2026\/01\/sparkling-geometry-frame-blue-ss.jpg",1344,1344,false],"ultp_layout_landscape_large":["https:\/\/www.megastitch.eu\/wp-content\/uploads\/2026\/01\/sparkling-geometry-frame-blue-ss-1200x800.jpg",1200,800,true],"ultp_layout_landscape":["https:\/\/www.megastitch.eu\/wp-content\/uploads\/2026\/01\/sparkling-geometry-frame-blue-ss-870x570.jpg",870,570,true],"ultp_layout_portrait":["https:\/\/www.megastitch.eu\/wp-content\/uploads\/2026\/01\/sparkling-geometry-frame-blue-ss-600x900.jpg",600,900,true],"ultp_layout_square":["https:\/\/www.megastitch.eu\/wp-content\/uploads\/2026\/01\/sparkling-geometry-frame-blue-ss-600x600.jpg",600,600,true],"molla_post-grid":["https:\/\/www.megastitch.eu\/wp-content\/uploads\/2026\/01\/sparkling-geometry-frame-blue-ss-400x267.jpg",400,267,true],"woocommerce_thumbnail":["https:\/\/www.megastitch.eu\/wp-content\/uploads\/2026\/01\/sparkling-geometry-frame-blue-ss-300x300.jpg",300,300,true],"woocommerce_single":["https:\/\/www.megastitch.eu\/wp-content\/uploads\/2026\/01\/sparkling-geometry-frame-blue-ss-600x600.jpg",600,600,true],"woocommerce_gallery_thumbnail":["https:\/\/www.megastitch.eu\/wp-content\/uploads\/2026\/01\/sparkling-geometry-frame-blue-ss-100x100.jpg",100,100,true]},"post_excerpt_stackable":"<p> Snehov\u00e1 vlo\u010dka ako jemn\u00e1 a detailn\u00e1 predloha na kr\u00ed\u017eikov\u00e9 vy\u0161\u00edvanie kombinovan\u00e1 s kor\u00e1lkovou v\u00fd\u0161ivkou, v elegantn\u00fdch odtie\u0148och fialovej, \u017eltej a neutr\u00e1lnej sivej.<\/p>\n<p><strong>Po\u010det kr\u00ed\u017eikov: 50 x 50<\/strong><br \/>\n<strong>Rozmer l\u00e1tky: 9.07 x 9.07 cm<\/strong><br \/>\n<strong>L\u00e1tka<\/strong>: 14 ct\u00a0 Aida<br \/>\n<strong>Bavlnky: <\/strong>DMC<br \/>\n<strong>Po\u010det farieb: 84<\/strong>3 + 4 blkor\u00e1zky<br \/>\n<strong>Pou\u017eit\u00e9 techniky:<\/strong> kr\u00ed\u017eiky, ob\u0161\u00edvanie, kor\u00e1lky<\/p>\n","category_list":"","author_info":{"name":"","url":""},"comments_num":"0 comments","featured_image_urls_v2":{"full":["https:\/\/www.megastitch.eu\/wp-content\/uploads\/2026\/01\/sparkling-geometry-frame-blue-ss.jpg",1344,1344,false],"thumbnail":["https:\/\/www.megastitch.eu\/wp-content\/uploads\/2026\/01\/sparkling-geometry-frame-blue-ss-150x150.jpg",150,150,true],"medium":["https:\/\/www.megastitch.eu\/wp-content\/uploads\/2026\/01\/sparkling-geometry-frame-blue-ss-300x300.jpg",300,300,true],"medium_large":["https:\/\/www.megastitch.eu\/wp-content\/uploads\/2026\/01\/sparkling-geometry-frame-blue-ss-768x768.jpg",768,768,true],"large":["https:\/\/www.megastitch.eu\/wp-content\/uploads\/2026\/01\/sparkling-geometry-frame-blue-ss-1024x1024.jpg",1024,1024,true],"1536x1536":["https:\/\/www.megastitch.eu\/wp-content\/uploads\/2026\/01\/sparkling-geometry-frame-blue-ss.jpg",1344,1344,false],"2048x2048":["https:\/\/www.megastitch.eu\/wp-content\/uploads\/2026\/01\/sparkling-geometry-frame-blue-ss.jpg",1344,1344,false],"ultp_layout_landscape_large":["https:\/\/www.megastitch.eu\/wp-content\/uploads\/2026\/01\/sparkling-geometry-frame-blue-ss-1200x800.jpg",1200,800,true],"ultp_layout_landscape":["https:\/\/www.megastitch.eu\/wp-content\/uploads\/2026\/01\/sparkling-geometry-frame-blue-ss-870x570.jpg",870,570,true],"ultp_layout_portrait":["https:\/\/www.megastitch.eu\/wp-content\/uploads\/2026\/01\/sparkling-geometry-frame-blue-ss-600x900.jpg",600,900,true],"ultp_layout_square":["https:\/\/www.megastitch.eu\/wp-content\/uploads\/2026\/01\/sparkling-geometry-frame-blue-ss-600x600.jpg",600,600,true],"molla_post-grid":["https:\/\/www.megastitch.eu\/wp-content\/uploads\/2026\/01\/sparkling-geometry-frame-blue-ss-400x267.jpg",400,267,true],"woocommerce_thumbnail":["https:\/\/www.megastitch.eu\/wp-content\/uploads\/2026\/01\/sparkling-geometry-frame-blue-ss-300x300.jpg",300,300,true],"woocommerce_single":["https:\/\/www.megastitch.eu\/wp-content\/uploads\/2026\/01\/sparkling-geometry-frame-blue-ss-600x600.jpg",600,600,true],"woocommerce_gallery_thumbnail":["https:\/\/www.megastitch.eu\/wp-content\/uploads\/2026\/01\/sparkling-geometry-frame-blue-ss-100x100.jpg",100,100,true]},"post_excerpt_stackable_v2":"<p> Snehov\u00e1 vlo\u010dka ako jemn\u00e1 a detailn\u00e1 predloha na kr\u00ed\u017eikov\u00e9 vy\u0161\u00edvanie kombinovan\u00e1 s kor\u00e1lkovou v\u00fd\u0161ivkou, v elegantn\u00fdch odtie\u0148och fialovej, \u017eltej a neutr\u00e1lnej sivej.<\/p>\n<p><strong>Po\u010det kr\u00ed\u017eikov: 50 x 50<\/strong><br \/>\n<strong>Rozmer l\u00e1tky: 9.07 x 9.07 cm<\/strong><br \/>\n<strong>L\u00e1tka<\/strong>: 14 ct\u00a0 Aida<br \/>\n<strong>Bavlnky: <\/strong>DMC<br \/>\n<strong>Po\u010det farieb: 84<\/strong>3 + 4 blkor\u00e1zky<br \/>\n<strong>Pou\u017eit\u00e9 techniky:<\/strong> kr\u00ed\u017eiky, ob\u0161\u00edvanie, kor\u00e1lky<\/p>\n","category_list_v2":"","author_info_v2":{"name":"","url":""},"comments_num_v2":"0 comments","uagb_featured_image_src":{"full":["https:\/\/www.megastitch.eu\/wp-content\/uploads\/2026\/01\/sparkling-geometry-frame-blue-ss.jpg",1344,1344,false],"thumbnail":["https:\/\/www.megastitch.eu\/wp-content\/uploads\/2026\/01\/sparkling-geometry-frame-blue-ss-150x150.jpg",150,150,true],"medium":["https:\/\/www.megastitch.eu\/wp-content\/uploads\/2026\/01\/sparkling-geometry-frame-blue-ss-300x300.jpg",300,300,true],"medium_large":["https:\/\/www.megastitch.eu\/wp-content\/uploads\/2026\/01\/sparkling-geometry-frame-blue-ss-768x768.jpg",768,768,true],"large":["https:\/\/www.megastitch.eu\/wp-content\/uploads\/2026\/01\/sparkling-geometry-frame-blue-ss-1024x1024.jpg",1024,1024,true],"1536x1536":["https:\/\/www.megastitch.eu\/wp-content\/uploads\/2026\/01\/sparkling-geometry-frame-blue-ss.jpg",1344,1344,false],"2048x2048":["https:\/\/www.megastitch.eu\/wp-content\/uploads\/2026\/01\/sparkling-geometry-frame-blue-ss.jpg",1344,1344,false],"ultp_layout_landscape_large":["https:\/\/www.megastitch.eu\/wp-content\/uploads\/2026\/01\/sparkling-geometry-frame-blue-ss-1200x800.jpg",1200,800,true],"ultp_layout_landscape":["https:\/\/www.megastitch.eu\/wp-content\/uploads\/2026\/01\/sparkling-geometry-frame-blue-ss-870x570.jpg",870,570,true],"ultp_layout_portrait":["https:\/\/www.megastitch.eu\/wp-content\/uploads\/2026\/01\/sparkling-geometry-frame-blue-ss-600x900.jpg",600,900,true],"ultp_layout_square":["https:\/\/www.megastitch.eu\/wp-content\/uploads\/2026\/01\/sparkling-geometry-frame-blue-ss-600x600.jpg",600,600,true],"molla_post-grid":["https:\/\/www.megastitch.eu\/wp-content\/uploads\/2026\/01\/sparkling-geometry-frame-blue-ss-400x267.jpg",400,267,true],"woocommerce_thumbnail":["https:\/\/www.megastitch.eu\/wp-content\/uploads\/2026\/01\/sparkling-geometry-frame-blue-ss-300x300.jpg",300,300,true],"woocommerce_single":["https:\/\/www.megastitch.eu\/wp-content\/uploads\/2026\/01\/sparkling-geometry-frame-blue-ss-600x600.jpg",600,600,true],"woocommerce_gallery_thumbnail":["https:\/\/www.megastitch.eu\/wp-content\/uploads\/2026\/01\/sparkling-geometry-frame-blue-ss-100x100.jpg",100,100,true]},"uagb_author_info":{"display_name":"pagacova","author_link":"https:\/\/www.megastitch.eu\/cs\/author\/"},"uagb_comment_info":0,"uagb_excerpt":"Snehov\u00e1 vlo\u010dka ako jemn\u00e1 a detailn\u00e1 predloha na kr\u00ed\u017eikov\u00e9 vy\u0161\u00edvanie kombinovan\u00e1 s kor\u00e1lkovou v\u00fd\u0161ivkou, v elegantn\u00fdch odtie\u0148och fialovej, \u017eltej a neutr\u00e1lnej sivej. Po\u010det kr\u00ed\u017eikov: 50 x 50 Rozmer l\u00e1tky: 9.07 x 9.07 cm L\u00e1tka: 14 ct\u00a0 Aida Bavlnky: DMC Po\u010det farieb: 843 + 4 blkor\u00e1zky Pou\u017eit\u00e9 techniky: kr\u00ed\u017eiky, ob\u0161\u00edvanie, kor\u00e1lky","_links":{"self":[{"href":"https:\/\/www.megastitch.eu\/cs\/wp-json\/wp\/v2\/product\/30058"}],"collection":[{"href":"https:\/\/www.megastitch.eu\/cs\/wp-json\/wp\/v2\/product"}],"about":[{"href":"https:\/\/www.megastitch.eu\/cs\/wp-json\/wp\/v2\/types\/product"}],"replies":[{"embeddable":true,"href":"https:\/\/www.megastitch.eu\/cs\/wp-json\/wp\/v2\/comments?post=30058"}],"wp:featuredmedia":[{"embeddable":true,"href":"https:\/\/www.megastitch.eu\/cs\/wp-json\/wp\/v2\/media\/30059"}],"wp:attachment":[{"href":"https:\/\/www.megastitch.eu\/cs\/wp-json\/wp\/v2\/media?parent=30058"}],"wp:term":[{"taxonomy":"product_cat","embeddable":true,"href":"https:\/\/www.megastitch.eu\/cs\/wp-json\/wp\/v2\/product_cat?post=30058"},{"taxonomy":"product_tag","embeddable":true,"href":"https:\/\/www.megastitch.eu\/cs\/wp-json\/wp\/v2\/product_tag?post=30058"}],"curies":[{"name":"wp","href":"https:\/\/api.w.org\/{rel}","templated":true}]}}