	{"id":4951,"date":"2021-05-20T09:58:33","date_gmt":"2021-05-20T07:58:33","guid":{"rendered":"https:\/\/www.megastitch.eu\/?post_type=product&#038;p=4951"},"modified":"2022-11-30T13:39:51","modified_gmt":"2022-11-30T12:39:51","slug":"vtacik-robin","status":"publish","type":"product","link":"https:\/\/www.megastitch.eu\/cs\/obchod\/predlohy-na-vysivanie\/stredne-predlohy\/vtacik-robin\/","title":{"rendered":"Vt\u00e1\u010dik Robin"},"content":{"rendered":"<div class=\"nolwrap\"><p data-pm-slice=\"1 1 []\">Ak m\u00e1te radi v\u00fdzvy, tak ste pr\u00e1ve natrafili na tu spr\u00e1vnu predlohu. Vt\u00e1\u010dik Robin je uroben\u00fd pod\u013ea fotografie. T\u00e1to realistick\u00e1 predloha je sama o sebe n\u00e1ro\u010dnej\u0161ia, po\u010dtom farieb aj ob\u0161\u00edvania. Nebojte sa, neulet\u00ed v\u00e1m, aj ke\u010f vyzer\u00e1 ako \u017eiv\u00fd.<\/p>\n<p>Autorka predlohy: <strong>M\u00e1ria Erbenov\u00e1\u00a0<\/strong><\/p>\n<div class=\"css-xu5cua\" data-automation-id=\"message-bubble\">\n<div class=\"css-1b9qk2a\">\n<div id=\"mid.$cAAAAAAvHZ8B_1MXzn15o4Cn-qJQ1\" class=\"message-bubble-container css-qxtrfg\" aria-label=\"Bublina spr\u00e1vy. Ak chcete otvori\u0165 kontextov\u00fa ponuku, stla\u010dte kl\u00e1vesy Shift a F10.\">\n<div class=\"css-xu5cua\">\n<div class=\"css-kqrvku\">\n<div class=\"css-1j21uwg\" tabindex=\"-1\" data-is-focusable=\"false\">\n<div class=\"css-1dxyla2\" tabindex=\"0\" data-is-focusable=\"true\">\n<div id=\"mid.$cAAAAAAvHZ8B_1MXzn15o4Cn-qJQ1\" class=\"css-ahf2sj\" dir=\"auto\">Predloha bola roben\u00e1 na <a href=\"https:\/\/education.realstitch.ru\/\">kurze realistickej predlohy z fotografie<\/a>. \u010eakujem za vedenie <a href=\"https:\/\/www.instagram.com\/lyuba_vodenikova\/\">Lyube Vodenikovej.<\/a><\/div>\n<\/div>\n<div class=\"css-16visdl\"><\/div>\n<\/div>\n<\/div>\n<\/div>\n<\/div>\n<div class=\"css-xacoxn\">Inform\u00e1cie o predlohe:<\/div>\n<\/div>\n<\/div>\n<p><strong>Po\u010det kr\u00ed\u017eikov: 161 x 14 0<\/strong><br \/>\n<strong>Rozmer l\u00e1tky: 29.21 x 25.40 cm<\/strong><br \/>\n<strong>L\u00e1tka:<\/strong> 14 ct aida<strong><br \/>\nBavlnky: DMC<\/strong><br \/>\n<strong>Po\u010det farieb:<\/strong> 50 + 16 blendov, 24 farieb ob\u0161\u00edvania<br \/>\n<strong>Pou\u017eit\u00e9 techniky:<\/strong> kr\u00ed\u017eiky, polkr\u00ed\u017eiky, ob\u0161\u00edvanie<\/p>\n<h4>S\u00fabory na stiahnutie:<\/h4>\n<ul>\n<li><strong>pdf s\u00fabor<\/strong>\n<ul>\n<li>v \u010dierno-bielej verzii &#8211; s ob\u0161\u00edvan\u00edm a bez ob\u0161\u00edvania,<\/li>\n<li>vo farebnej verzii &#8211; s ob\u0161\u00edvan\u00edm a bez ob\u0161\u00edvania<\/li>\n<\/ul>\n<\/li>\n<li><strong>cssaga s\u00fabor<\/strong><\/li>\n<\/ul>\n<p data-pm-slice=\"1 1 []\">\n<\/div>","protected":false},"excerpt":{"rendered":"<p>Ur\u010dite ste sa u\u017e niekedy stretli s ma\u013ebou, ktor\u00e1 vyzerala ako fotografia. Vedeli ste, \u017ee takto m\u00f4\u017ee vyzera\u0165 aj v\u00fd\u0161ivka? Kr\u00e1sne uhladen\u00e9 farby, dokonal\u00e9 \u0165ahy \u0161tetcom. Nem\u00e1te pocit u\u017e len pri poh\u013eade na tohto robina, \u017ee \u010dochv\u00ed\u013ea za\u010dne \u0161tebota\u0165? Ak ste milovn\u00edkom pr\u00edrody, vt\u00e1ctva, \u010derstv\u00e9ho vzduchu a v\u00f4ne lesa, t\u00e1to v\u00fd\u0161ivka je pre v\u00e1s ako stvoren\u00e1.<\/p>\n<p><strong>Po\u010det kr\u00ed\u017eikov: 161 x 14 0<\/strong><br \/>\n<strong>Rozmer l\u00e1tky: 29.21 x 25.40 cm<\/strong><br \/>\n<strong>Po\u010det farieb:<\/strong> 50 + 16 blendov, 24 farieb ob\u0161\u00edvania<\/p>\n<p>&nbsp;<\/p>\n<p>&nbsp;<\/p>\n","protected":false},"featured_media":26320,"comment_status":"open","ping_status":"closed","template":"","meta":{"_uag_custom_page_level_css":"","ngg_post_thumbnail":0},"product_cat":[131,138],"product_tag":[250,48,143,151],"aioseo_notices":[],"featured_image_urls":{"full":["https:\/\/www.megastitch.eu\/wp-content\/uploads\/2020\/07\/robin_frame_ss.jpg",2423,2171,false],"thumbnail":["https:\/\/www.megastitch.eu\/wp-content\/uploads\/2020\/07\/robin_frame_ss-150x150.jpg",150,150,true],"medium":["https:\/\/www.megastitch.eu\/wp-content\/uploads\/2020\/07\/robin_frame_ss-300x269.jpg",300,269,true],"medium_large":["https:\/\/www.megastitch.eu\/wp-content\/uploads\/2020\/07\/robin_frame_ss-768x688.jpg",768,688,true],"large":["https:\/\/www.megastitch.eu\/wp-content\/uploads\/2020\/07\/robin_frame_ss-1024x918.jpg",1024,918,true],"1536x1536":["https:\/\/www.megastitch.eu\/wp-content\/uploads\/2020\/07\/robin_frame_ss-1536x1376.jpg",1536,1376,true],"2048x2048":["https:\/\/www.megastitch.eu\/wp-content\/uploads\/2020\/07\/robin_frame_ss-2048x1835.jpg",2048,1835,true],"ultp_layout_landscape_large":["https:\/\/www.megastitch.eu\/wp-content\/uploads\/2020\/07\/robin_frame_ss-1200x800.jpg",1200,800,true],"ultp_layout_landscape":["https:\/\/www.megastitch.eu\/wp-content\/uploads\/2020\/07\/robin_frame_ss-870x570.jpg",870,570,true],"ultp_layout_portrait":["https:\/\/www.megastitch.eu\/wp-content\/uploads\/2020\/07\/robin_frame_ss-600x900.jpg",600,900,true],"ultp_layout_square":["https:\/\/www.megastitch.eu\/wp-content\/uploads\/2020\/07\/robin_frame_ss-600x600.jpg",600,600,true],"molla_post-grid":["https:\/\/www.megastitch.eu\/wp-content\/uploads\/2020\/07\/robin_frame_ss-400x267.jpg",400,267,true],"woocommerce_thumbnail":["https:\/\/www.megastitch.eu\/wp-content\/uploads\/2020\/07\/robin_frame_ss-300x269.jpg",300,269,true],"woocommerce_single":["https:\/\/www.megastitch.eu\/wp-content\/uploads\/2020\/07\/robin_frame_ss-600x538.jpg",600,538,true],"woocommerce_gallery_thumbnail":["https:\/\/www.megastitch.eu\/wp-content\/uploads\/2020\/07\/robin_frame_ss-100x100.jpg",100,100,true]},"post_excerpt_stackable":"<p>Ur\u010dite ste sa u\u017e niekedy stretli s ma\u013ebou, ktor\u00e1 vyzerala ako fotografia. Vedeli ste, \u017ee takto m\u00f4\u017ee vyzera\u0165 aj v\u00fd\u0161ivka? Kr\u00e1sne uhladen\u00e9 farby, dokonal\u00e9 \u0165ahy \u0161tetcom. Nem\u00e1te pocit u\u017e len pri poh\u013eade na tohto robina, \u017ee \u010dochv\u00ed\u013ea za\u010dne \u0161tebota\u0165? Ak ste milovn\u00edkom pr\u00edrody, vt\u00e1ctva, \u010derstv\u00e9ho vzduchu a v\u00f4ne lesa, t\u00e1to v\u00fd\u0161ivka je pre v\u00e1s ako stvoren\u00e1.<\/p>\n<p><strong>Po\u010det kr\u00ed\u017eikov: 161 x 14 0<\/strong><br \/>\n<strong>Rozmer l\u00e1tky: 29.21 x 25.40 cm<\/strong><br \/>\n<strong>Po\u010det farieb:<\/strong> 50 + 16 blendov, 24 farieb ob\u0161\u00edvania<\/p>\n<p>&nbsp;<\/p>\n<p>&nbsp;<\/p>\n","category_list":"","author_info":{"name":"","url":""},"comments_num":"0 comments","featured_image_urls_v2":{"full":["https:\/\/www.megastitch.eu\/wp-content\/uploads\/2020\/07\/robin_frame_ss.jpg",2423,2171,false],"thumbnail":["https:\/\/www.megastitch.eu\/wp-content\/uploads\/2020\/07\/robin_frame_ss-150x150.jpg",150,150,true],"medium":["https:\/\/www.megastitch.eu\/wp-content\/uploads\/2020\/07\/robin_frame_ss-300x269.jpg",300,269,true],"medium_large":["https:\/\/www.megastitch.eu\/wp-content\/uploads\/2020\/07\/robin_frame_ss-768x688.jpg",768,688,true],"large":["https:\/\/www.megastitch.eu\/wp-content\/uploads\/2020\/07\/robin_frame_ss-1024x918.jpg",1024,918,true],"1536x1536":["https:\/\/www.megastitch.eu\/wp-content\/uploads\/2020\/07\/robin_frame_ss-1536x1376.jpg",1536,1376,true],"2048x2048":["https:\/\/www.megastitch.eu\/wp-content\/uploads\/2020\/07\/robin_frame_ss-2048x1835.jpg",2048,1835,true],"ultp_layout_landscape_large":["https:\/\/www.megastitch.eu\/wp-content\/uploads\/2020\/07\/robin_frame_ss-1200x800.jpg",1200,800,true],"ultp_layout_landscape":["https:\/\/www.megastitch.eu\/wp-content\/uploads\/2020\/07\/robin_frame_ss-870x570.jpg",870,570,true],"ultp_layout_portrait":["https:\/\/www.megastitch.eu\/wp-content\/uploads\/2020\/07\/robin_frame_ss-600x900.jpg",600,900,true],"ultp_layout_square":["https:\/\/www.megastitch.eu\/wp-content\/uploads\/2020\/07\/robin_frame_ss-600x600.jpg",600,600,true],"molla_post-grid":["https:\/\/www.megastitch.eu\/wp-content\/uploads\/2020\/07\/robin_frame_ss-400x267.jpg",400,267,true],"woocommerce_thumbnail":["https:\/\/www.megastitch.eu\/wp-content\/uploads\/2020\/07\/robin_frame_ss-300x269.jpg",300,269,true],"woocommerce_single":["https:\/\/www.megastitch.eu\/wp-content\/uploads\/2020\/07\/robin_frame_ss-600x538.jpg",600,538,true],"woocommerce_gallery_thumbnail":["https:\/\/www.megastitch.eu\/wp-content\/uploads\/2020\/07\/robin_frame_ss-100x100.jpg",100,100,true]},"post_excerpt_stackable_v2":"<p>Ur\u010dite ste sa u\u017e niekedy stretli s ma\u013ebou, ktor\u00e1 vyzerala ako fotografia. Vedeli ste, \u017ee takto m\u00f4\u017ee vyzera\u0165 aj v\u00fd\u0161ivka? Kr\u00e1sne uhladen\u00e9 farby, dokonal\u00e9 \u0165ahy \u0161tetcom. Nem\u00e1te pocit u\u017e len pri poh\u013eade na tohto robina, \u017ee \u010dochv\u00ed\u013ea za\u010dne \u0161tebota\u0165? Ak ste milovn\u00edkom pr\u00edrody, vt\u00e1ctva, \u010derstv\u00e9ho vzduchu a v\u00f4ne lesa, t\u00e1to v\u00fd\u0161ivka je pre v\u00e1s ako stvoren\u00e1.<\/p>\n<p><strong>Po\u010det kr\u00ed\u017eikov: 161 x 14 0<\/strong><br \/>\n<strong>Rozmer l\u00e1tky: 29.21 x 25.40 cm<\/strong><br \/>\n<strong>Po\u010det farieb:<\/strong> 50 + 16 blendov, 24 farieb ob\u0161\u00edvania<\/p>\n<p>&nbsp;<\/p>\n<p>&nbsp;<\/p>\n","category_list_v2":"","author_info_v2":{"name":"","url":""},"comments_num_v2":"0 comments","uagb_featured_image_src":{"full":["https:\/\/www.megastitch.eu\/wp-content\/uploads\/2020\/07\/robin_frame_ss.jpg",2423,2171,false],"thumbnail":["https:\/\/www.megastitch.eu\/wp-content\/uploads\/2020\/07\/robin_frame_ss-150x150.jpg",150,150,true],"medium":["https:\/\/www.megastitch.eu\/wp-content\/uploads\/2020\/07\/robin_frame_ss-300x269.jpg",300,269,true],"medium_large":["https:\/\/www.megastitch.eu\/wp-content\/uploads\/2020\/07\/robin_frame_ss-768x688.jpg",768,688,true],"large":["https:\/\/www.megastitch.eu\/wp-content\/uploads\/2020\/07\/robin_frame_ss-1024x918.jpg",1024,918,true],"1536x1536":["https:\/\/www.megastitch.eu\/wp-content\/uploads\/2020\/07\/robin_frame_ss-1536x1376.jpg",1536,1376,true],"2048x2048":["https:\/\/www.megastitch.eu\/wp-content\/uploads\/2020\/07\/robin_frame_ss-2048x1835.jpg",2048,1835,true],"ultp_layout_landscape_large":["https:\/\/www.megastitch.eu\/wp-content\/uploads\/2020\/07\/robin_frame_ss-1200x800.jpg",1200,800,true],"ultp_layout_landscape":["https:\/\/www.megastitch.eu\/wp-content\/uploads\/2020\/07\/robin_frame_ss-870x570.jpg",870,570,true],"ultp_layout_portrait":["https:\/\/www.megastitch.eu\/wp-content\/uploads\/2020\/07\/robin_frame_ss-600x900.jpg",600,900,true],"ultp_layout_square":["https:\/\/www.megastitch.eu\/wp-content\/uploads\/2020\/07\/robin_frame_ss-600x600.jpg",600,600,true],"molla_post-grid":["https:\/\/www.megastitch.eu\/wp-content\/uploads\/2020\/07\/robin_frame_ss-400x267.jpg",400,267,true],"woocommerce_thumbnail":["https:\/\/www.megastitch.eu\/wp-content\/uploads\/2020\/07\/robin_frame_ss-300x269.jpg",300,269,true],"woocommerce_single":["https:\/\/www.megastitch.eu\/wp-content\/uploads\/2020\/07\/robin_frame_ss-600x538.jpg",600,538,true],"woocommerce_gallery_thumbnail":["https:\/\/www.megastitch.eu\/wp-content\/uploads\/2020\/07\/robin_frame_ss-100x100.jpg",100,100,true]},"uagb_author_info":{"display_name":"monika","author_link":"https:\/\/www.megastitch.eu\/cs\/author\/"},"uagb_comment_info":0,"uagb_excerpt":"Ur\u010dite ste sa u\u017e niekedy stretli s ma\u013ebou, ktor\u00e1 vyzerala ako fotografia. Vedeli ste, \u017ee takto m\u00f4\u017ee vyzera\u0165 aj v\u00fd\u0161ivka? Kr\u00e1sne uhladen\u00e9 farby, dokonal\u00e9 \u0165ahy \u0161tetcom. Nem\u00e1te pocit u\u017e len pri poh\u013eade na tohto robina, \u017ee \u010dochv\u00ed\u013ea za\u010dne \u0161tebota\u0165? Ak ste milovn\u00edkom pr\u00edrody, vt\u00e1ctva, \u010derstv\u00e9ho vzduchu a v\u00f4ne lesa, t\u00e1to v\u00fd\u0161ivka je pre v\u00e1s ako&hellip;","_links":{"self":[{"href":"https:\/\/www.megastitch.eu\/cs\/wp-json\/wp\/v2\/product\/4951"}],"collection":[{"href":"https:\/\/www.megastitch.eu\/cs\/wp-json\/wp\/v2\/product"}],"about":[{"href":"https:\/\/www.megastitch.eu\/cs\/wp-json\/wp\/v2\/types\/product"}],"replies":[{"embeddable":true,"href":"https:\/\/www.megastitch.eu\/cs\/wp-json\/wp\/v2\/comments?post=4951"}],"wp:featuredmedia":[{"embeddable":true,"href":"https:\/\/www.megastitch.eu\/cs\/wp-json\/wp\/v2\/media\/26320"}],"wp:attachment":[{"href":"https:\/\/www.megastitch.eu\/cs\/wp-json\/wp\/v2\/media?parent=4951"}],"wp:term":[{"taxonomy":"product_cat","embeddable":true,"href":"https:\/\/www.megastitch.eu\/cs\/wp-json\/wp\/v2\/product_cat?post=4951"},{"taxonomy":"product_tag","embeddable":true,"href":"https:\/\/www.megastitch.eu\/cs\/wp-json\/wp\/v2\/product_tag?post=4951"}],"curies":[{"name":"wp","href":"https:\/\/api.w.org\/{rel}","templated":true}]}}